{"id":3405,"date":"2025-04-15T07:30:38","date_gmt":"2025-04-15T07:30:38","guid":{"rendered":"https:\/\/babypillowwholesale.com\/?post_type=product&#038;p=3405"},"modified":"2025-06-08T07:52:07","modified_gmt":"2025-06-08T07:52:07","slug":"little-raccoon-infant-contour-pillow","status":"publish","type":"product","link":"https:\/\/babypillowwholesale.com\/fi\/product\/little-raccoon-infant-contour-pillow\/","title":{"rendered":"Pikku pesukarhu vauvan kontuurityyny"},"content":{"rendered":"<div class=\"auto-hide-last-sibling-br paragraph-qzbcQC paragraph-element br-paragraph-space\" data-immersive-translate-walked=\"8e61f2e7-6af2-46e5-9672-3b9e4f4033d9\" data-immersive-translate-paragraph=\"1\">\n<div class=\"auto-hide-last-sibling-br paragraph-qzbcQC paragraph-element br-paragraph-space\">\n<div class=\"auto-hide-last-sibling-br paragraph-qzbcQC paragraph-element br-paragraph-space\">\n<div class=\"auto-hide-last-sibling-br paragraph-qzbcQC paragraph-element br-paragraph-space\">\n<div class=\"auto-hide-last-sibling-br paragraph-qzbcQC paragraph-element br-paragraph-space\">\n<div class=\"auto-hide-last-sibling-br paragraph-qzbcQC paragraph-element br-paragraph-space\">\n<div class=\"inter-wlTS5w\">\n<div class=\"container-QE4ayg\">\n<div class=\"item-jU10IN\">\n<div class=\"container-jODEnh chrome70-container\">\n<div class=\"inner-eE95c9 inner-item-aL3Ui_\" data-target-id=\"message-box-target-id\" data-testid=\"union_message\">\n<div class=\"message-block-container-liuetz\" data-testid=\"message-block-container\">\n<div class=\"message-box-ZWbBdF\" data-testid=\"receive_message\">\n<div class=\"message-box-content-wrapper-srHdUj\">\n<div class=\"message-content message-box-content-otxGGw receive-message-box-content-_lREFj samantha-message-box-content-Qjmpja\" data-testid=\"message_content\">\n<div class=\"container-hfX5E8 flow-markdown-body theme-samantha-yJEgBp\" dir=\"ltr\" data-testid=\"message_text_content\" data-show-indicator=\"false\">\n<div class=\"auto-hide-last-sibling-br paragraph-qzbcQC paragraph-element br-paragraph-space\">\n<div class=\"auto-hide-last-sibling-br paragraph-qzbcQC paragraph-element br-paragraph-space\">Esittelyss\u00e4 Little Raccoon Infant Contour -tyyny, ihastuttava ja t\u00e4rke\u00e4 unikaveri 1-3-vuotiaille lapsille. Huolellisesti suunniteltu ja ergonomisesti muotoiltu tyyny tarjoaa hell\u00e4varaisen mutta kiinte\u00e4n syleilyn pikkuisen p\u00e4\u00e4h\u00e4n ja niskaan, mik\u00e4 takaa terveen ja mukavan nukkumisasennon y\u00f6st\u00e4 toiseen.<\/div>\n<p>&nbsp;<\/p>\n<div class=\"auto-hide-last-sibling-br paragraph-qzbcQC paragraph-element br-paragraph-space\">Tyynyn pinta on vieh\u00e4tt\u00e4v\u00e4 kangas, jota koristaa herttainen pienen pesukarhun kuva. S\u00f6p\u00f6\u00f6n asuun pukeutunut pesukarhu, jota ymp\u00e4r\u00f6iv\u00e4t oudot t\u00e4hdet ja taikasauva, tuo tyynyyn ripauksen fantasiaa ja leikkisyytt\u00e4. Pehme\u00e4n v\u00e4rist\u00e4 taustaa vasten, joka on saatavana joko rauhoittavana vaaleanpunaisena tai rauhoittavana sinisen\u00e4, se luo visuaalisesti houkuttelevan ja seesteisen estetiikan, joka vetoaa nuorten mielikuvitukseen.<\/div>\n<p>&nbsp;<\/p>\n<div class=\"auto-hide-last-sibling-br paragraph-qzbcQC paragraph-element br-paragraph-space\">Mittaus 43*<em>26*<\/em>3 cm, se on t\u00e4ydellisen kokoinen lapsesi uneen, ja siin\u00e4 on runsaasti tilaa, jotta h\u00e4nen p\u00e4\u00e4ns\u00e4 voi lev\u00e4t\u00e4 mukavasti. Se on valmistettu eritt\u00e4in pehmeist\u00e4 materiaaleista ja tarjoaa samettisen pehme\u00e4n kosketuksen, joka on kuin hell\u00e4varainen kehtolaulu ja kutsuu lapsesi vaipumaan rauhalliseen uneen.<\/div>\n<p>&nbsp;<\/p>\n<div class=\"auto-hide-last-sibling-br paragraph-qzbcQC paragraph-element br-paragraph-space\">T\u00e4m\u00e4 tyyny ei ole vain nukkumaanmenoa varten. P\u00e4ivisin siit\u00e4 voi tulla mielikuvitusleikkien rekvisiitta, kun lapsesi teeskentelee pesukarhun olevan maagisella seikkailulla. Tai se voi toimia pehme\u00e4n\u00e4 ja lohdullisena yst\u00e4v\u00e4n\u00e4 levottomuuden hetkin\u00e4.<\/div>\n<p>&nbsp;<\/p>\n<div class=\"auto-hide-last-sibling-br paragraph-qzbcQC paragraph-element br-paragraph-space\">Vanhemmat ovat olleet tyytyv\u00e4isi\u00e4 t\u00e4h\u00e4n tuotteeseen. \"Minun 2 -vuotias lapseni ihailee Pikku Pesukarhu -tyyny\u00e4! Se on niin pehme\u00e4, ja sen muotoilu on aivan ihana. Se on tehnyt nukkumaanmenosta helppoa\", er\u00e4s onnellinen \u00e4iti kertoi. Er\u00e4s is\u00e4 lis\u00e4si: \"Rakastamme sit\u00e4, miten siin\u00e4 yhdistyv\u00e4t mukavuus ja s\u00f6p\u00f6 muotoilu. Se on kest\u00e4nyt hyvin pesut ja halaukset. Loistava ostos pikkuisemme nukkumiseen ja leikkimiseen.\"<\/div>\n<p>&nbsp;<\/p>\n<div class=\"auto-hide-last-sibling-br paragraph-qzbcQC paragraph-element br-paragraph-space\">Little Raccoon Infant Contour Pillow on pohjimmiltaan sopusointuinen sekoitus mukavuutta, s\u00f6p\u00f6ytt\u00e4 ja toimivuutta. Se ei ole pelkk\u00e4 vuodevaate, vaan arvostettu osa lapsesi jokap\u00e4iv\u00e4ist\u00e4 el\u00e4m\u00e4\u00e4, joka tuo jokaiseen hetkeen ripauksen pesukarhun inspiroimaa taikaa.<\/div>\n<\/div>\n<\/div>\n<\/div>\n<\/div>\n<\/div>\n<\/div>\n<\/div>\n<\/div>\n<\/div>\n<\/div>\n<\/div>\n<\/div>\n<\/div>\n<\/div>\n<\/div>\n<\/div>\n<\/div>","protected":false},"excerpt":{"rendered":"<p>Little Raccoon Infant Contour -tyyny on ihanteellinen nukkumistarvike 1-3-vuotiaille lapsille. Sen \u00e4\u00e4riviivatyyny on muotoiltu ergonomisesti siten, ett\u00e4 se tukee optimaalisesti p\u00e4\u00e4t\u00e4 ja niskaa ja edist\u00e4\u00e4 tervett\u00e4 nukkumisasentoa. Tyynyss\u00e4 on herttainen pikku pesukarhun kuva pehme\u00e4ll\u00e4 v\u00e4rillisell\u00e4 pohjalla, mik\u00e4 tuo tyynyyn s\u00f6p\u00f6ytt\u00e4. Se on saatavana vaaleanpunaisena ja sinisen\u00e4, joten se sopii erilaisiin mieltymyksiin. Mitat 43*<em>26*<\/em>3CM, se tarjoaa mukavan koon pienille. Se on valmistettu pehmeist\u00e4 materiaaleista ja takaa mukavan ja levollisen unen, joten se on loistava lis\u00e4 jokaisen lapsen nukkumaanmenoaikaan tarvittaviin tarvikkeisiin.<\/p>","protected":false},"featured_media":3406,"comment_status":"open","ping_status":"closed","template":"","meta":{"_uag_custom_page_level_css":"","site-sidebar-layout":"default","site-content-layout":"","ast-site-content-layout":"default","site-content-style":"default","site-sidebar-style":"default","ast-global-header-display":"","ast-banner-title-visibility":"","ast-main-header-display":"","ast-hfb-above-header-display":"","ast-hfb-below-header-display":"","ast-hfb-mobile-header-display":"","site-post-title":"","ast-breadcrumbs-content":"","ast-featured-img":"","footer-sml-layout":"","ast-disable-related-posts":"","theme-transparent-header-meta":"default","adv-header-id-meta":"","stick-header-meta":"","header-above-stick-meta":"","header-main-stick-meta":"","header-below-stick-meta":"","astra-migrate-meta-layouts":"set","ast-page-background-enabled":"default","ast-page-background-meta":{"desktop":{"background-color":"","background-image":"","background-repeat":"repeat","background-position":"center center","background-size":"auto","background-attachment":"scroll","background-type":"","background-media":"","overlay-type":"","overlay-color":"","overlay-opacity":"","overlay-gradient":""},"tablet":{"background-color":"","background-image":"","background-repeat":"repeat","background-position":"center center","background-size":"auto","background-attachment":"scroll","background-type":"","background-media":"","overlay-type":"","overlay-color":"","overlay-opacity":"","overlay-gradient":""},"mobile":{"background-color":"","background-image":"","background-repeat":"repeat","background-position":"center center","background-size":"auto","background-attachment":"scroll","background-type":"","background-media":"","overlay-type":"","overlay-color":"","overlay-opacity":"","overlay-gradient":""}},"ast-content-background-meta":{"desktop":{"background-color":"var(--ast-global-color-5)","background-image":"","background-repeat":"repeat","background-position":"center center","background-size":"auto","background-attachment":"scroll","background-type":"","background-media":"","overlay-type":"","overlay-color":"","overlay-opacity":"","overlay-gradient":""},"tablet":{"background-color":"var(--ast-global-color-5)","background-image":"","background-repeat":"repeat","background-position":"center center","background-size":"auto","background-attachment":"scroll","background-type":"","background-media":"","overlay-type":"","overlay-color":"","overlay-opacity":"","overlay-gradient":""},"mobile":{"background-color":"var(--ast-global-color-5)","background-image":"","background-repeat":"repeat","background-position":"center center","background-size":"auto","background-attachment":"scroll","background-type":"","background-media":"","overlay-type":"","overlay-color":"","overlay-opacity":"","overlay-gradient":""}}},"product_brand":[],"product_cat":[56,42],"product_tag":[70,68,71,69],"class_list":{"0":"post-3405","1":"product","2":"type-product","3":"status-publish","4":"has-post-thumbnail","6":"product_cat-1-to-3-years","7":"product_cat-merchandise","8":"product_tag-babypillow","9":"product_tag-cuteanimalpillow","10":"product_tag-headshapesupport","11":"product_tag-kouniushapingpillow","12":"desktop-align-left","13":"tablet-align-left","14":"mobile-align-left","16":"first","17":"instock","18":"shipping-taxable","19":"product-type-simple"},"aioseo_notices":[],"uagb_featured_image_src":{"full":["https:\/\/babypillowwholesale.com\/wp-content\/uploads\/2025\/04\/1707.jpg",1000,1000,false],"thumbnail":["https:\/\/babypillowwholesale.com\/wp-content\/uploads\/2025\/04\/1707-150x150.jpg",150,150,true],"medium":["https:\/\/babypillowwholesale.com\/wp-content\/uploads\/2025\/04\/1707-300x300.jpg",300,300,true],"medium_large":["https:\/\/babypillowwholesale.com\/wp-content\/uploads\/2025\/04\/1707-768x768.jpg",768,768,true],"large":["https:\/\/babypillowwholesale.com\/wp-content\/uploads\/2025\/04\/1707.jpg",1000,1000,false],"1536x1536":["https:\/\/babypillowwholesale.com\/wp-content\/uploads\/2025\/04\/1707.jpg",1000,1000,false],"2048x2048":["https:\/\/babypillowwholesale.com\/wp-content\/uploads\/2025\/04\/1707.jpg",1000,1000,false],"trp-custom-language-flag":["https:\/\/babypillowwholesale.com\/wp-content\/uploads\/2025\/04\/1707.jpg",12,12,false],"woocommerce_thumbnail":["https:\/\/babypillowwholesale.com\/wp-content\/uploads\/2025\/04\/1707-300x300.jpg",300,300,true],"woocommerce_single":["https:\/\/babypillowwholesale.com\/wp-content\/uploads\/2025\/04\/1707-600x600.jpg",600,600,true],"woocommerce_gallery_thumbnail":["https:\/\/babypillowwholesale.com\/wp-content\/uploads\/2025\/04\/1707-100x100.jpg",100,100,true]},"uagb_author_info":{"display_name":"Etnen zhong","author_link":"https:\/\/babypillowwholesale.com\/fi\/author\/"},"uagb_comment_info":0,"uagb_excerpt":"The Little Raccoon Infant Contour Pillow is an ideal sleep accessory for children aged 1 - 3 years. Its contour design is ergonomically crafted to provide optimal support for the head and neck, promoting a healthy sleeping posture. The pillow features an endearing little raccoon illustration on a soft - colored background, adding a touch&hellip;","jetpack_sharing_enabled":true,"_links":{"self":[{"href":"https:\/\/babypillowwholesale.com\/fi\/wp-json\/wp\/v2\/product\/3405","targetHints":{"allow":["GET"]}}],"collection":[{"href":"https:\/\/babypillowwholesale.com\/fi\/wp-json\/wp\/v2\/product"}],"about":[{"href":"https:\/\/babypillowwholesale.com\/fi\/wp-json\/wp\/v2\/types\/product"}],"replies":[{"embeddable":true,"href":"https:\/\/babypillowwholesale.com\/fi\/wp-json\/wp\/v2\/comments?post=3405"}],"wp:featuredmedia":[{"embeddable":true,"href":"https:\/\/babypillowwholesale.com\/fi\/wp-json\/wp\/v2\/media\/3406"}],"wp:attachment":[{"href":"https:\/\/babypillowwholesale.com\/fi\/wp-json\/wp\/v2\/media?parent=3405"}],"wp:term":[{"taxonomy":"product_brand","embeddable":true,"href":"https:\/\/babypillowwholesale.com\/fi\/wp-json\/wp\/v2\/product_brand?post=3405"},{"taxonomy":"product_cat","embeddable":true,"href":"https:\/\/babypillowwholesale.com\/fi\/wp-json\/wp\/v2\/product_cat?post=3405"},{"taxonomy":"product_tag","embeddable":true,"href":"https:\/\/babypillowwholesale.com\/fi\/wp-json\/wp\/v2\/product_tag?post=3405"}],"curies":[{"name":"wp","href":"https:\/\/api.w.org\/{rel}","templated":true}]}}