{"id":3389,"date":"2025-04-11T08:14:21","date_gmt":"2025-04-11T08:14:21","guid":{"rendered":"https:\/\/babypillowwholesale.com\/?post_type=product&#038;p=3389"},"modified":"2025-06-08T08:00:10","modified_gmt":"2025-06-08T08:00:10","slug":"heart-printed-shaping-pillow","status":"publish","type":"product","link":"https:\/\/babypillowwholesale.com\/fi\/product\/heart-printed-shaping-pillow\/","title":{"rendered":"Syd\u00e4n - painettu muotoilutyyny"},"content":{"rendered":"<div class=\"auto-hide-last-sibling-br paragraph-qzbcQC paragraph-element br-paragraph-space\" data-immersive-translate-walked=\"8e61f2e7-6af2-46e5-9672-3b9e4f4033d9\" data-immersive-translate-paragraph=\"1\">\n<div class=\"auto-hide-last-sibling-br paragraph-qzbcQC paragraph-element br-paragraph-space\">\n<div class=\"auto-hide-last-sibling-br paragraph-qzbcQC paragraph-element br-paragraph-space\">\n<div class=\"auto-hide-last-sibling-br paragraph-qzbcQC paragraph-element br-paragraph-space\">\n<div class=\"auto-hide-last-sibling-br paragraph-qzbcQC paragraph-element br-paragraph-space\">\n<div class=\"auto-hide-last-sibling-br paragraph-qzbcQC paragraph-element br-paragraph-space\">Esittelyss\u00e4 Heart - Printed Shaping Pillow, joka on 0-6 kuukauden ik\u00e4isille vauvoille r\u00e4\u00e4t\u00e4l\u00f6ity kiehtova ja t\u00e4rke\u00e4 unikaveri. T\u00e4m\u00e4 tyyny on harmoninen yhdistelm\u00e4 kauneutta ja toiminnallisuutta, ja sen pinta toimii kankaana ihastuttavalle valikoimalle satunnaisia painatuksia. Herk\u00e4t syd\u00e4met, lepattavat linnut ja sirot kukkaelementit tanssivat kankaan p\u00e4\u00e4ll\u00e4 luoden visuaalisen sinfonian, joka rauhoittaa aisteja ja her\u00e4tt\u00e4\u00e4 l\u00e4mp\u00f6\u00e4 ja hellyytt\u00e4.<\/div>\n<p>&nbsp;<\/p>\n<div class=\"auto-hide-last-sibling-br paragraph-qzbcQC paragraph-element br-paragraph-space\">Huolellisesti muotoiltu tyyny tarjoaa lempe\u00e4n mutta lujan tuen, joka on ratkaisevan t\u00e4rke\u00e4 vauvan p\u00e4\u00e4n muotoilussa ja s\u00e4ilytt\u00e4misess\u00e4 t\u00e4rkein\u00e4 ensimm\u00e4isin\u00e4 kuukausina. Mitat 27*<em>26*<\/em>2,5 cm, se asettuu mukavasti vauvan pinnas\u00e4nkyyn ja tarjoaa pienelle lapsellesi viihtyis\u00e4n ja turvallisen turvapaikan.<\/div>\n<p>&nbsp;<\/p>\n<div class=\"auto-hide-last-sibling-br paragraph-qzbcQC paragraph-element br-paragraph-space\">Kuvittele kallisarvoinen vauvasi, joka makaa pinnas\u00e4ngyss\u00e4\u00e4n, ja h\u00e4nen p\u00e4\u00e4ns\u00e4 on mukavasti t\u00e4m\u00e4n tyynyn alla. P\u00e4iv\u00e4unien aikana siit\u00e4 tulee pehme\u00e4, kutsuva lepopaikka, kun taas y\u00f6ll\u00e4 se tarjoaa turvallisuuden tunnetta ja auttaa vauvaa vaipumaan rauhalliseen uneen. Se tuo my\u00f6s ripauksen charmia lastenhuoneeseen ja muuttaa tilan kutsuvammaksi ja syd\u00e4nt\u00e4 l\u00e4mmitt\u00e4v\u00e4mm\u00e4ksi ymp\u00e4rist\u00f6ksi.<\/div>\n<p>&nbsp;<\/p>\n<div class=\"auto-hide-last-sibling-br paragraph-qzbcQC paragraph-element br-paragraph-space\">Vanhemmat ovat ylist\u00e4neet t\u00e4t\u00e4 tuotetta vuolaasti. \"Olen aivan rakastunut Heart - Printed Shaping Pillow -tyynyyn! Se ei ole vain ihastuttava, vaan se tuntuu my\u00f6s pit\u00e4v\u00e4n vauvani niin mukavana. Painatukset ovat niin suloisia, ja rakastan sit\u00e4, ett\u00e4 se auttaa p\u00e4\u00e4n muotoilussa\", er\u00e4s tuore \u00e4iti hehkutti. Er\u00e4s is\u00e4 lis\u00e4si: \"Olemme huomanneet todellisen eron vauvamme unessa sen j\u00e4lkeen, kun aloimme k\u00e4ytt\u00e4\u00e4 t\u00e4t\u00e4 tyyny\u00e4. Se on hyvin tehty, ja sen muotoilu sopii t\u00e4ydellisesti lastenhuoneeseemme. Loistava l\u00f6yt\u00f6!\"<\/div>\n<p>&nbsp;<\/p>\n<div class=\"auto-hide-last-sibling-br paragraph-qzbcQC paragraph-element br-paragraph-space\">Pohjimmiltaan Heart - Printed Shaping Pillow on enemm\u00e4n kuin pelkk\u00e4 vuodevaatteet; se on vauvasi varhaisen el\u00e4m\u00e4n arvostettu osa, joka antaa jokaiselle unen t\u00e4ytt\u00e4m\u00e4lle hetkelle mukavuutta, s\u00f6p\u00f6ytt\u00e4 ja turvallisuuden tunnetta.<\/div>\n<\/div>\n<\/div>\n<\/div>\n<\/div>\n<\/div>","protected":false},"excerpt":{"rendered":"<p>Heart - Printed Shaping Pillow on vieh\u00e4tt\u00e4v\u00e4 ja toimiva unen apuv\u00e4line, joka on suunniteltu 0-6 kuukauden ik\u00e4isille vauvoille. Sen pintaa koristavat ihanat satunnaiset syd\u00e4mi\u00e4, lintuja ja kukkaelementtej\u00e4 sis\u00e4lt\u00e4v\u00e4t painatukset, jotka luovat suloisen ja rauhoittavan visuaalisen ilmeen. Huolella valmistettu tyyny tarjoaa lempe\u00e4\u00e4 tukea, joka auttaa muokkaamaan ja yll\u00e4pit\u00e4m\u00e4\u00e4n vauvan p\u00e4\u00e4t\u00e4. Mitat 27*<em>26*<\/em>2.5CM, se mahtuu mukavasti vauvan pinnas\u00e4nkyyn. T\u00e4m\u00e4 tyyny ei ainoastaan tarjoa vauvalle pehme\u00e4\u00e4 ja viihtyis\u00e4\u00e4 lepopaikkaa, vaan se my\u00f6s tuo lastenhuoneeseen ripauksen l\u00e4mp\u00f6\u00e4 ja s\u00f6p\u00f6ytt\u00e4, mik\u00e4 tekee siit\u00e4 ihanteellisen valinnan rauhallisen nukkumisymp\u00e4rist\u00f6n takaamiseksi pienokaisellesi.<\/p>","protected":false},"featured_media":3390,"comment_status":"open","ping_status":"closed","template":"","meta":{"_uag_custom_page_level_css":"","site-sidebar-layout":"default","site-content-layout":"","ast-site-content-layout":"default","site-content-style":"default","site-sidebar-style":"default","ast-global-header-display":"","ast-banner-title-visibility":"","ast-main-header-display":"","ast-hfb-above-header-display":"","ast-hfb-below-header-display":"","ast-hfb-mobile-header-display":"","site-post-title":"","ast-breadcrumbs-content":"","ast-featured-img":"","footer-sml-layout":"","ast-disable-related-posts":"","theme-transparent-header-meta":"default","adv-header-id-meta":"","stick-header-meta":"","header-above-stick-meta":"","header-main-stick-meta":"","header-below-stick-meta":"","astra-migrate-meta-layouts":"set","ast-page-background-enabled":"default","ast-page-background-meta":{"desktop":{"background-color":"","background-image":"","background-repeat":"repeat","background-position":"center center","background-size":"auto","background-attachment":"scroll","background-type":"","background-media":"","overlay-type":"","overlay-color":"","overlay-opacity":"","overlay-gradient":""},"tablet":{"background-color":"","background-image":"","background-repeat":"repeat","background-position":"center center","background-size":"auto","background-attachment":"scroll","background-type":"","background-media":"","overlay-type":"","overlay-color":"","overlay-opacity":"","overlay-gradient":""},"mobile":{"background-color":"","background-image":"","background-repeat":"repeat","background-position":"center center","background-size":"auto","background-attachment":"scroll","background-type":"","background-media":"","overlay-type":"","overlay-color":"","overlay-opacity":"","overlay-gradient":""}},"ast-content-background-meta":{"desktop":{"background-color":"var(--ast-global-color-5)","background-image":"","background-repeat":"repeat","background-position":"center center","background-size":"auto","background-attachment":"scroll","background-type":"","background-media":"","overlay-type":"","overlay-color":"","overlay-opacity":"","overlay-gradient":""},"tablet":{"background-color":"var(--ast-global-color-5)","background-image":"","background-repeat":"repeat","background-position":"center center","background-size":"auto","background-attachment":"scroll","background-type":"","background-media":"","overlay-type":"","overlay-color":"","overlay-opacity":"","overlay-gradient":""},"mobile":{"background-color":"var(--ast-global-color-5)","background-image":"","background-repeat":"repeat","background-position":"center center","background-size":"auto","background-attachment":"scroll","background-type":"","background-media":"","overlay-type":"","overlay-color":"","overlay-opacity":"","overlay-gradient":""}}},"product_brand":[],"product_cat":[54,42],"product_tag":[70,68,71,69],"class_list":{"0":"post-3389","1":"product","2":"type-product","3":"status-publish","4":"has-post-thumbnail","6":"product_cat-0-to-6months","7":"product_cat-merchandise","8":"product_tag-babypillow","9":"product_tag-cuteanimalpillow","10":"product_tag-headshapesupport","11":"product_tag-kouniushapingpillow","12":"desktop-align-left","13":"tablet-align-left","14":"mobile-align-left","16":"first","17":"instock","18":"shipping-taxable","19":"product-type-simple"},"aioseo_notices":[],"uagb_featured_image_src":{"full":["https:\/\/babypillowwholesale.com\/wp-content\/uploads\/2025\/04\/1009.jpg",1000,1000,false],"thumbnail":["https:\/\/babypillowwholesale.com\/wp-content\/uploads\/2025\/04\/1009-150x150.jpg",150,150,true],"medium":["https:\/\/babypillowwholesale.com\/wp-content\/uploads\/2025\/04\/1009-300x300.jpg",300,300,true],"medium_large":["https:\/\/babypillowwholesale.com\/wp-content\/uploads\/2025\/04\/1009-768x768.jpg",768,768,true],"large":["https:\/\/babypillowwholesale.com\/wp-content\/uploads\/2025\/04\/1009.jpg",1000,1000,false],"1536x1536":["https:\/\/babypillowwholesale.com\/wp-content\/uploads\/2025\/04\/1009.jpg",1000,1000,false],"2048x2048":["https:\/\/babypillowwholesale.com\/wp-content\/uploads\/2025\/04\/1009.jpg",1000,1000,false],"trp-custom-language-flag":["https:\/\/babypillowwholesale.com\/wp-content\/uploads\/2025\/04\/1009.jpg",12,12,false],"woocommerce_thumbnail":["https:\/\/babypillowwholesale.com\/wp-content\/uploads\/2025\/04\/1009-300x300.jpg",300,300,true],"woocommerce_single":["https:\/\/babypillowwholesale.com\/wp-content\/uploads\/2025\/04\/1009-600x600.jpg",600,600,true],"woocommerce_gallery_thumbnail":["https:\/\/babypillowwholesale.com\/wp-content\/uploads\/2025\/04\/1009-100x100.jpg",100,100,true]},"uagb_author_info":{"display_name":"Etnen zhong","author_link":"https:\/\/babypillowwholesale.com\/fi\/author\/"},"uagb_comment_info":0,"uagb_excerpt":"The Heart - Printed Shaping Pillow is a charming and functional sleep accessory designed for infants aged 0 - 6 months. Its surface is adorned with lovely random prints of hearts, birds, and floral elements, creating a sweet and soothing visual appeal. Crafted with care, it provides gentle support to help shape and maintain the&hellip;","jetpack_sharing_enabled":true,"_links":{"self":[{"href":"https:\/\/babypillowwholesale.com\/fi\/wp-json\/wp\/v2\/product\/3389","targetHints":{"allow":["GET"]}}],"collection":[{"href":"https:\/\/babypillowwholesale.com\/fi\/wp-json\/wp\/v2\/product"}],"about":[{"href":"https:\/\/babypillowwholesale.com\/fi\/wp-json\/wp\/v2\/types\/product"}],"replies":[{"embeddable":true,"href":"https:\/\/babypillowwholesale.com\/fi\/wp-json\/wp\/v2\/comments?post=3389"}],"wp:featuredmedia":[{"embeddable":true,"href":"https:\/\/babypillowwholesale.com\/fi\/wp-json\/wp\/v2\/media\/3390"}],"wp:attachment":[{"href":"https:\/\/babypillowwholesale.com\/fi\/wp-json\/wp\/v2\/media?parent=3389"}],"wp:term":[{"taxonomy":"product_brand","embeddable":true,"href":"https:\/\/babypillowwholesale.com\/fi\/wp-json\/wp\/v2\/product_brand?post=3389"},{"taxonomy":"product_cat","embeddable":true,"href":"https:\/\/babypillowwholesale.com\/fi\/wp-json\/wp\/v2\/product_cat?post=3389"},{"taxonomy":"product_tag","embeddable":true,"href":"https:\/\/babypillowwholesale.com\/fi\/wp-json\/wp\/v2\/product_tag?post=3389"}],"curies":[{"name":"wp","href":"https:\/\/api.w.org\/{rel}","templated":true}]}}