{"id":3386,"date":"2025-04-11T08:03:37","date_gmt":"2025-04-11T08:03:37","guid":{"rendered":"https:\/\/babypillowwholesale.com\/?post_type=product&#038;p=3386"},"modified":"2025-06-08T08:05:40","modified_gmt":"2025-06-08T08:05:40","slug":"bear-ear-printed-shaping-pillow","status":"publish","type":"product","link":"https:\/\/babypillowwholesale.com\/fi\/product\/bear-ear-printed-shaping-pillow\/","title":{"rendered":"Karhunkorva painettu muotoilutyyny"},"content":{"rendered":"<div class=\"auto-hide-last-sibling-br paragraph-qzbcQC paragraph-element br-paragraph-space\" data-immersive-translate-walked=\"8e61f2e7-6af2-46e5-9672-3b9e4f4033d9\" data-immersive-translate-paragraph=\"1\">\n<div class=\"auto-hide-last-sibling-br paragraph-qzbcQC paragraph-element br-paragraph-space\">\n<div class=\"auto-hide-last-sibling-br paragraph-qzbcQC paragraph-element br-paragraph-space\">\n<div class=\"auto-hide-last-sibling-br paragraph-qzbcQC paragraph-element br-paragraph-space\">\n<div class=\"auto-hide-last-sibling-br paragraph-qzbcQC paragraph-element br-paragraph-space\">Esittelyss\u00e4 on Bear Ear Printed Shaping Pillow, ihastuttava ja olennainen unikaveri, joka on r\u00e4\u00e4t\u00e4l\u00f6ity 0-6 kuukauden ik\u00e4isille vauvoille. T\u00e4m\u00e4 tyyny on s\u00f6p\u00f6yden ja toiminnallisuuden sinfonia, ja siin\u00e4 on herttainen muotoilu, jossa on vieh\u00e4tt\u00e4v\u00e4t karhunkorvan kaltaiset \u00e4\u00e4riviivat. Sen pinta on ilon kankaalle, jota koristaa ihastuttava valikoima satunnaisia painatuksia, joissa on suloisia karhuaiheita, omituisia ilmapalloja ja makeankasvoisia hedelmi\u00e4, jotka kaikki luovat tunnelmaa, joka on t\u00e4ynn\u00e4 puhdasta charmia.<\/div>\n<p>&nbsp;<\/p>\n<div class=\"auto-hide-last-sibling-br paragraph-qzbcQC paragraph-element br-paragraph-space\">Se on valmistettu laadukkaista materiaaleista ja tarjoaa lempe\u00e4n mutta tukevan syleilyn. T\u00e4m\u00e4 tyyny on asiantuntevasti suunniteltu pit\u00e4m\u00e4\u00e4n vauvan p\u00e4\u00e4t\u00e4 kehdossa, mik\u00e4 auttaa s\u00e4ilytt\u00e4m\u00e4\u00e4n p\u00e4\u00e4n terveen muodon t\u00e4rkein\u00e4 ensimm\u00e4isin\u00e4 kuukausina. Mitat 28*<em>21*<\/em>1,5 cm, se sopii t\u00e4ydellisesti vauvan pinnas\u00e4nkyyn ja luo pienelle lapsellesi viihtyis\u00e4n ja turvallisen paikan.<\/div>\n<p>&nbsp;<\/p>\n<div class=\"auto-hide-last-sibling-br paragraph-qzbcQC paragraph-element br-paragraph-space\">Kuvittele kallisarvoinen vauvasi, joka makaa pinnas\u00e4ngyss\u00e4\u00e4n ja jonka p\u00e4\u00e4 on mukavasti t\u00e4m\u00e4n tyynyn p\u00e4\u00e4ll\u00e4. P\u00e4iv\u00e4unien aikana se tarjoaa pehme\u00e4n ja houkuttelevan pinnan, kun taas y\u00f6ll\u00e4 siit\u00e4 tulee mukavuuden ja turvallisuuden l\u00e4hde, joka auttaa vauvaa vaipumaan rauhalliseen uneen. Se toimii my\u00f6s ihastuttavana koristeena lastenhuoneessa ja tuo huoneen sisustukseen ripauksen omituisuutta.<\/div>\n<p>&nbsp;<\/p>\n<div class=\"auto-hide-last-sibling-br paragraph-qzbcQC paragraph-element br-paragraph-space\">Vanhemmat ovat olleet innoissaan t\u00e4st\u00e4 tuotteesta. \"T\u00e4m\u00e4 Karhunkorvan painettu muotoilutyyny on must - have! Vauvani tuntuu niin paljon mukavammalta, ja s\u00f6p\u00f6t painatukset tekev\u00e4t siit\u00e4 erottuvan osan lastenhuoneesta. Rakastan sit\u00e4, ett\u00e4 se auttaa my\u00f6s p\u00e4\u00e4n muotoilussa\", er\u00e4s tuore \u00e4iti kehui. Er\u00e4s is\u00e4 lis\u00e4si: \"Olemme todella vaikuttuneita laadusta. Se on pehme\u00e4, kest\u00e4v\u00e4 ja sen muotoilu on aivan ihana. Siit\u00e4 on tullut olennainen osa vauvamme nukkumisj\u00e4rjestelyj\u00e4.\"<\/div>\n<p>&nbsp;<\/p>\n<div class=\"auto-hide-last-sibling-br paragraph-qzbcQC paragraph-element br-paragraph-space\">Pohjimmiltaan Bear Ear Printed Shaping Pillow on sopusointuinen sekoitus mukavuutta, s\u00f6p\u00f6ytt\u00e4 ja k\u00e4yt\u00e4nn\u00f6llisyytt\u00e4. Se ei ole pelkk\u00e4 vuodevaate, vaan vauvasi varhaisen el\u00e4m\u00e4n arvostettu osa, joka rikastuttaa jokaista unen t\u00e4ytt\u00e4m\u00e4\u00e4 hetke\u00e4 hell\u00e4varaisella tuellaan ja vieh\u00e4tt\u00e4v\u00e4ll\u00e4 l\u00e4sn\u00e4olollaan.<\/div>\n<\/div>\n<\/div>\n<\/div>\n<\/div>","protected":false},"excerpt":{"rendered":"<p>Karhunkorvainen painettu muotoilutyyny on vieh\u00e4tt\u00e4v\u00e4 ja k\u00e4yt\u00e4nn\u00f6llinen unen apuv\u00e4line 0-6 kuukauden ik\u00e4isille vauvoille. Sen muotoilussa on s\u00f6p\u00f6j\u00e4 karhunkorvan kaltaisia muotoja, ja sit\u00e4 koristavat ihastuttavat satunnaispainatukset, joissa on suloisia karhukuvioita ja muita suloisia elementtej\u00e4. Laadukkaista materiaaleista valmistettu tyyny tarjoaa lempe\u00e4\u00e4 tukea, joka auttaa s\u00e4ilytt\u00e4m\u00e4\u00e4n vauvan p\u00e4\u00e4n muodon. Mitat 28*<em>21*<\/em>1.5CM, se sopii hyvin vauvan pinnas\u00e4nkyyn. T\u00e4m\u00e4 tyyny ei ainoastaan tarjoa pehme\u00e4\u00e4 ja mukavaa lepopaikkaa vauvalle, vaan se my\u00f6s lis\u00e4\u00e4 s\u00f6p\u00f6ytt\u00e4 lastenhuoneeseen ja luo miellytt\u00e4v\u00e4n ymp\u00e4rist\u00f6n vauvan unelle.<\/p>","protected":false},"featured_media":3387,"comment_status":"open","ping_status":"closed","template":"","meta":{"_uag_custom_page_level_css":"","site-sidebar-layout":"default","site-content-layout":"","ast-site-content-layout":"default","site-content-style":"default","site-sidebar-style":"default","ast-global-header-display":"","ast-banner-title-visibility":"","ast-main-header-display":"","ast-hfb-above-header-display":"","ast-hfb-below-header-display":"","ast-hfb-mobile-header-display":"","site-post-title":"","ast-breadcrumbs-content":"","ast-featured-img":"","footer-sml-layout":"","ast-disable-related-posts":"","theme-transparent-header-meta":"default","adv-header-id-meta":"","stick-header-meta":"","header-above-stick-meta":"","header-main-stick-meta":"","header-below-stick-meta":"","astra-migrate-meta-layouts":"set","ast-page-background-enabled":"default","ast-page-background-meta":{"desktop":{"background-color":"","background-image":"","background-repeat":"repeat","background-position":"center center","background-size":"auto","background-attachment":"scroll","background-type":"","background-media":"","overlay-type":"","overlay-color":"","overlay-opacity":"","overlay-gradient":""},"tablet":{"background-color":"","background-image":"","background-repeat":"repeat","background-position":"center center","background-size":"auto","background-attachment":"scroll","background-type":"","background-media":"","overlay-type":"","overlay-color":"","overlay-opacity":"","overlay-gradient":""},"mobile":{"background-color":"","background-image":"","background-repeat":"repeat","background-position":"center center","background-size":"auto","background-attachment":"scroll","background-type":"","background-media":"","overlay-type":"","overlay-color":"","overlay-opacity":"","overlay-gradient":""}},"ast-content-background-meta":{"desktop":{"background-color":"var(--ast-global-color-5)","background-image":"","background-repeat":"repeat","background-position":"center center","background-size":"auto","background-attachment":"scroll","background-type":"","background-media":"","overlay-type":"","overlay-color":"","overlay-opacity":"","overlay-gradient":""},"tablet":{"background-color":"var(--ast-global-color-5)","background-image":"","background-repeat":"repeat","background-position":"center center","background-size":"auto","background-attachment":"scroll","background-type":"","background-media":"","overlay-type":"","overlay-color":"","overlay-opacity":"","overlay-gradient":""},"mobile":{"background-color":"var(--ast-global-color-5)","background-image":"","background-repeat":"repeat","background-position":"center center","background-size":"auto","background-attachment":"scroll","background-type":"","background-media":"","overlay-type":"","overlay-color":"","overlay-opacity":"","overlay-gradient":""}}},"product_brand":[],"product_cat":[54,42],"product_tag":[70,68,71,69],"class_list":{"0":"post-3386","1":"product","2":"type-product","3":"status-publish","4":"has-post-thumbnail","6":"product_cat-0-to-6months","7":"product_cat-merchandise","8":"product_tag-babypillow","9":"product_tag-cuteanimalpillow","10":"product_tag-headshapesupport","11":"product_tag-kouniushapingpillow","12":"desktop-align-left","13":"tablet-align-left","14":"mobile-align-left","16":"first","17":"instock","18":"shipping-taxable","19":"product-type-simple"},"aioseo_notices":[],"uagb_featured_image_src":{"full":["https:\/\/babypillowwholesale.com\/wp-content\/uploads\/2025\/04\/1010.jpg",1000,1000,false],"thumbnail":["https:\/\/babypillowwholesale.com\/wp-content\/uploads\/2025\/04\/1010-150x150.jpg",150,150,true],"medium":["https:\/\/babypillowwholesale.com\/wp-content\/uploads\/2025\/04\/1010-300x300.jpg",300,300,true],"medium_large":["https:\/\/babypillowwholesale.com\/wp-content\/uploads\/2025\/04\/1010-768x768.jpg",768,768,true],"large":["https:\/\/babypillowwholesale.com\/wp-content\/uploads\/2025\/04\/1010.jpg",1000,1000,false],"1536x1536":["https:\/\/babypillowwholesale.com\/wp-content\/uploads\/2025\/04\/1010.jpg",1000,1000,false],"2048x2048":["https:\/\/babypillowwholesale.com\/wp-content\/uploads\/2025\/04\/1010.jpg",1000,1000,false],"trp-custom-language-flag":["https:\/\/babypillowwholesale.com\/wp-content\/uploads\/2025\/04\/1010.jpg",12,12,false],"woocommerce_thumbnail":["https:\/\/babypillowwholesale.com\/wp-content\/uploads\/2025\/04\/1010-300x300.jpg",300,300,true],"woocommerce_single":["https:\/\/babypillowwholesale.com\/wp-content\/uploads\/2025\/04\/1010-600x600.jpg",600,600,true],"woocommerce_gallery_thumbnail":["https:\/\/babypillowwholesale.com\/wp-content\/uploads\/2025\/04\/1010-100x100.jpg",100,100,true]},"uagb_author_info":{"display_name":"Etnen zhong","author_link":"https:\/\/babypillowwholesale.com\/fi\/author\/"},"uagb_comment_info":0,"uagb_excerpt":"The Bear Ear Printed Shaping Pillow is a charming and practical sleep aid for infants aged 0 - 6 months. Its design features cute bear ear - like shapes and is adorned with delightful random prints of adorable bear motifs and other sweet elements. Made with quality materials, it provides gentle support to help maintain&hellip;","jetpack_sharing_enabled":true,"_links":{"self":[{"href":"https:\/\/babypillowwholesale.com\/fi\/wp-json\/wp\/v2\/product\/3386","targetHints":{"allow":["GET"]}}],"collection":[{"href":"https:\/\/babypillowwholesale.com\/fi\/wp-json\/wp\/v2\/product"}],"about":[{"href":"https:\/\/babypillowwholesale.com\/fi\/wp-json\/wp\/v2\/types\/product"}],"replies":[{"embeddable":true,"href":"https:\/\/babypillowwholesale.com\/fi\/wp-json\/wp\/v2\/comments?post=3386"}],"wp:featuredmedia":[{"embeddable":true,"href":"https:\/\/babypillowwholesale.com\/fi\/wp-json\/wp\/v2\/media\/3387"}],"wp:attachment":[{"href":"https:\/\/babypillowwholesale.com\/fi\/wp-json\/wp\/v2\/media?parent=3386"}],"wp:term":[{"taxonomy":"product_brand","embeddable":true,"href":"https:\/\/babypillowwholesale.com\/fi\/wp-json\/wp\/v2\/product_brand?post=3386"},{"taxonomy":"product_cat","embeddable":true,"href":"https:\/\/babypillowwholesale.com\/fi\/wp-json\/wp\/v2\/product_cat?post=3386"},{"taxonomy":"product_tag","embeddable":true,"href":"https:\/\/babypillowwholesale.com\/fi\/wp-json\/wp\/v2\/product_tag?post=3386"}],"curies":[{"name":"wp","href":"https:\/\/api.w.org\/{rel}","templated":true}]}}