{"id":3383,"date":"2025-04-11T07:55:31","date_gmt":"2025-04-11T07:55:31","guid":{"rendered":"https:\/\/babypillowwholesale.com\/?post_type=product&#038;p=3383"},"modified":"2025-06-08T08:07:13","modified_gmt":"2025-06-08T08:07:13","slug":"little-apple-memory-pillow","status":"publish","type":"product","link":"https:\/\/babypillowwholesale.com\/fi\/product\/little-apple-memory-pillow\/","title":{"rendered":"Pikku omena muisti tyyny"},"content":{"rendered":"<div class=\"auto-hide-last-sibling-br paragraph-qzbcQC paragraph-element br-paragraph-space\" data-immersive-translate-walked=\"8e61f2e7-6af2-46e5-9672-3b9e4f4033d9\" data-immersive-translate-paragraph=\"1\">\n<div class=\"auto-hide-last-sibling-br paragraph-qzbcQC paragraph-element br-paragraph-space\">\n<div class=\"auto-hide-last-sibling-br paragraph-qzbcQC paragraph-element br-paragraph-space\">\n<div class=\"auto-hide-last-sibling-br paragraph-qzbcQC paragraph-element br-paragraph-space\">Esittelyss\u00e4 on Little Apple Memory Pillow, suloinen ja v\u00e4ltt\u00e4m\u00e4t\u00f6n unikaveri, joka on suunniteltu erityisesti 0-3 kuukauden ik\u00e4isille vauvoille. T\u00e4m\u00e4 tyyny, jonka vieh\u00e4tt\u00e4v\u00e4 omenan muotoinen siluetti on silm\u00e4\u00e4npist\u00e4v\u00e4, on heti silm\u00e4\u00e4npist\u00e4v\u00e4, ja se huokuu suloisuutta ja leikkisyytt\u00e4 heti alusta alkaen.<\/div>\n<p>&nbsp;<\/p>\n<div class=\"auto-hide-last-sibling-br paragraph-qzbcQC paragraph-element br-paragraph-space\">Se on valmistettu ensiluokkaisesta muistivaahdosta, ja se on mukavuuden perikuva. Se mukautuu hell\u00e4varaisesti ja saumattomasti vauvasi p\u00e4\u00e4n ainutlaatuisiin \u00e4\u00e4riviivoihin ja tarjoaa r\u00e4\u00e4t\u00e4l\u00f6ity\u00e4 tukea, joka on sek\u00e4 hell\u00e4varainen ett\u00e4 rauhoittava. Tyynyn pinta on vieh\u00e4tt\u00e4v\u00e4 kangas, jota koristavat ihastuttavat satunnaiset kuvioinnit, jotka tuovat tyynyyn omituisuutta ja l\u00e4mp\u00f6\u00e4. Jokainen painatus on kuin pieni tarina, joka lis\u00e4\u00e4 tyynyn yleist\u00e4 ihanuutta.<\/div>\n<p>&nbsp;<\/p>\n<div class=\"auto-hide-last-sibling-br paragraph-qzbcQC paragraph-element br-paragraph-space\">Mitat ovat sirot 20*<em>22*<\/em>1,5 cm, se asettuu t\u00e4ydellisesti vauvan pinnas\u00e4nkyyn luoden pienelle lapsellesi viihtyis\u00e4n turvapaikan. Kuvittele kallisarvoinen vauvasi, joka makaa pinnas\u00e4ngyss\u00e4\u00e4n ja jonka p\u00e4\u00e4t\u00e4 t\u00e4m\u00e4 pieni omenanmuotoinen tyyny hellii hell\u00e4varaisesti. Siit\u00e4 tulee pehme\u00e4, turvallinen paikka, jossa h\u00e4n voi vaipua rauhalliseen uneen muistivaahtomuovin ja s\u00f6p\u00f6jen kuvioiden lempe\u00e4n syleilyn ymp\u00e4r\u00f6im\u00e4n\u00e4.<\/div>\n<p>&nbsp;<\/p>\n<div class=\"auto-hide-last-sibling-br paragraph-qzbcQC paragraph-element br-paragraph-space\">Ensimm\u00e4isin\u00e4 p\u00e4ivin\u00e4, jolloin vauva viett\u00e4\u00e4 suuren osan ajastaan nukkuen, Little Apple Memory Pillow on jatkuva mukavuuden l\u00e4hde. Olipa kyse lyhyist\u00e4 p\u00e4iv\u00e4unista tai pidemmist\u00e4 y\u00f6unista, t\u00e4m\u00e4 tyyny tarjoaa tasaisen ja rauhoittavan pinnan. Siit\u00e4 tulee my\u00f6s lastenhuoneen keskipiste, joka lis\u00e4\u00e4 s\u00f6p\u00f6ytt\u00e4 yleiseen sisustukseen.<\/div>\n<p>&nbsp;<\/p>\n<div class=\"auto-hide-last-sibling-br paragraph-qzbcQC paragraph-element br-paragraph-space\">Vanhemmat ovat ylist\u00e4neet t\u00e4t\u00e4 ihastuttavaa tyyny\u00e4 vuolaasti. \"Olen rakastunut Little Apple Memory -tyynyyn! Se on niin s\u00f6p\u00f6, ja vastasyntynyt tuntuu paljon mukavammalta. Muistivaahtomuovi on pelimuutos\", er\u00e4s tuore \u00e4iti huudahti. Er\u00e4s is\u00e4 lis\u00e4si: \"Rakastamme sit\u00e4, miten se tuo lastenhuoneeseen hieman charmia. Se on kest\u00e4nyt hyvin, ja se n\u00e4ytt\u00e4\u00e4 todella auttavan vauvamme nukkumaan paremmin.\"<\/div>\n<p>&nbsp;<\/p>\n<div class=\"auto-hide-last-sibling-br paragraph-qzbcQC paragraph-element br-paragraph-space\">Little Apple Memory Pillow on pohjimmiltaan sopusointuinen sekoitus mukavuutta, s\u00f6p\u00f6ytt\u00e4 ja toiminnallisuutta. Se ei ole pelkk\u00e4 vuodevaate, vaan vauvan varhaisel\u00e4m\u00e4n arvostettu osa, joka antaa jokaiselle unen t\u00e4ytt\u00e4m\u00e4lle hetkelle rauhallisuutta ja hellyytt\u00e4.<\/div>\n<\/div>\n<\/div>\n<\/div>","protected":false},"excerpt":{"rendered":"<p>Little Apple Memory -tyyny on suloinen ja k\u00e4yt\u00e4nn\u00f6llinen unen kannalta v\u00e4ltt\u00e4m\u00e4t\u00f6n nukkujatyyny, joka on suunniteltu 0-3 kuukauden ik\u00e4isille vauvoille. Se on s\u00f6p\u00f6n omenan muotoinen, ja se her\u00e4tt\u00e4\u00e4 heti huomiota suloisella muodollaan. Muistivaahtomuovista valmistettu tyyny mukautuu pehme\u00e4sti vauvan p\u00e4\u00e4h\u00e4n tarjoten hell\u00e4varaista ja r\u00e4\u00e4t\u00e4l\u00f6ity\u00e4 tukea. Pinta on koristeltu vieh\u00e4tt\u00e4vill\u00e4 satunnaispainatuksilla, jotka tuovat siihen ripauksen ihanuutta. Kompakti koko on 20*<em>22*<\/em>1.5CM, se sopii t\u00e4ydellisesti vauvan pinnas\u00e4nkyyn. T\u00e4m\u00e4 tyyny ei ainoastaan auta yll\u00e4pit\u00e4m\u00e4\u00e4n vauvan p\u00e4\u00e4n muotoa, vaan tarjoaa my\u00f6s viihtyis\u00e4n ja mukavan lepopaikan, joka luo rauhallisen ymp\u00e4rist\u00f6n vauvan rauhalliselle unelle.<\/p>","protected":false},"featured_media":3384,"comment_status":"open","ping_status":"closed","template":"","meta":{"_uag_custom_page_level_css":"","site-sidebar-layout":"default","site-content-layout":"","ast-site-content-layout":"default","site-content-style":"default","site-sidebar-style":"default","ast-global-header-display":"","ast-banner-title-visibility":"","ast-main-header-display":"","ast-hfb-above-header-display":"","ast-hfb-below-header-display":"","ast-hfb-mobile-header-display":"","site-post-title":"","ast-breadcrumbs-content":"","ast-featured-img":"","footer-sml-layout":"","ast-disable-related-posts":"","theme-transparent-header-meta":"default","adv-header-id-meta":"","stick-header-meta":"","header-above-stick-meta":"","header-main-stick-meta":"","header-below-stick-meta":"","astra-migrate-meta-layouts":"set","ast-page-background-enabled":"default","ast-page-background-meta":{"desktop":{"background-color":"","background-image":"","background-repeat":"repeat","background-position":"center center","background-size":"auto","background-attachment":"scroll","background-type":"","background-media":"","overlay-type":"","overlay-color":"","overlay-opacity":"","overlay-gradient":""},"tablet":{"background-color":"","background-image":"","background-repeat":"repeat","background-position":"center center","background-size":"auto","background-attachment":"scroll","background-type":"","background-media":"","overlay-type":"","overlay-color":"","overlay-opacity":"","overlay-gradient":""},"mobile":{"background-color":"","background-image":"","background-repeat":"repeat","background-position":"center center","background-size":"auto","background-attachment":"scroll","background-type":"","background-media":"","overlay-type":"","overlay-color":"","overlay-opacity":"","overlay-gradient":""}},"ast-content-background-meta":{"desktop":{"background-color":"var(--ast-global-color-5)","background-image":"","background-repeat":"repeat","background-position":"center center","background-size":"auto","background-attachment":"scroll","background-type":"","background-media":"","overlay-type":"","overlay-color":"","overlay-opacity":"","overlay-gradient":""},"tablet":{"background-color":"var(--ast-global-color-5)","background-image":"","background-repeat":"repeat","background-position":"center center","background-size":"auto","background-attachment":"scroll","background-type":"","background-media":"","overlay-type":"","overlay-color":"","overlay-opacity":"","overlay-gradient":""},"mobile":{"background-color":"var(--ast-global-color-5)","background-image":"","background-repeat":"repeat","background-position":"center center","background-size":"auto","background-attachment":"scroll","background-type":"","background-media":"","overlay-type":"","overlay-color":"","overlay-opacity":"","overlay-gradient":""}}},"product_brand":[],"product_cat":[54,42],"product_tag":[70,68,71,69],"class_list":{"0":"post-3383","1":"product","2":"type-product","3":"status-publish","4":"has-post-thumbnail","6":"product_cat-0-to-6months","7":"product_cat-merchandise","8":"product_tag-babypillow","9":"product_tag-cuteanimalpillow","10":"product_tag-headshapesupport","11":"product_tag-kouniushapingpillow","12":"desktop-align-left","13":"tablet-align-left","14":"mobile-align-left","16":"first","17":"instock","18":"shipping-taxable","19":"product-type-simple"},"aioseo_notices":[],"uagb_featured_image_src":{"full":["https:\/\/babypillowwholesale.com\/wp-content\/uploads\/2025\/04\/1003.jpg",1000,1000,false],"thumbnail":["https:\/\/babypillowwholesale.com\/wp-content\/uploads\/2025\/04\/1003-150x150.jpg",150,150,true],"medium":["https:\/\/babypillowwholesale.com\/wp-content\/uploads\/2025\/04\/1003-300x300.jpg",300,300,true],"medium_large":["https:\/\/babypillowwholesale.com\/wp-content\/uploads\/2025\/04\/1003-768x768.jpg",768,768,true],"large":["https:\/\/babypillowwholesale.com\/wp-content\/uploads\/2025\/04\/1003.jpg",1000,1000,false],"1536x1536":["https:\/\/babypillowwholesale.com\/wp-content\/uploads\/2025\/04\/1003.jpg",1000,1000,false],"2048x2048":["https:\/\/babypillowwholesale.com\/wp-content\/uploads\/2025\/04\/1003.jpg",1000,1000,false],"trp-custom-language-flag":["https:\/\/babypillowwholesale.com\/wp-content\/uploads\/2025\/04\/1003.jpg",12,12,false],"woocommerce_thumbnail":["https:\/\/babypillowwholesale.com\/wp-content\/uploads\/2025\/04\/1003-300x300.jpg",300,300,true],"woocommerce_single":["https:\/\/babypillowwholesale.com\/wp-content\/uploads\/2025\/04\/1003-600x600.jpg",600,600,true],"woocommerce_gallery_thumbnail":["https:\/\/babypillowwholesale.com\/wp-content\/uploads\/2025\/04\/1003-100x100.jpg",100,100,true]},"uagb_author_info":{"display_name":"Etnen zhong","author_link":"https:\/\/babypillowwholesale.com\/fi\/author\/"},"uagb_comment_info":0,"uagb_excerpt":"The Little Apple Memory Pillow is a sweet and practical sleep essential designed for infants aged 0 - 3 months. Shaped like a cute apple, it immediately catches the eye with its adorable form. Made of memory foam, it softly conforms to the baby's head, providing gentle and customized support. The surface is decorated with&hellip;","jetpack_sharing_enabled":true,"_links":{"self":[{"href":"https:\/\/babypillowwholesale.com\/fi\/wp-json\/wp\/v2\/product\/3383","targetHints":{"allow":["GET"]}}],"collection":[{"href":"https:\/\/babypillowwholesale.com\/fi\/wp-json\/wp\/v2\/product"}],"about":[{"href":"https:\/\/babypillowwholesale.com\/fi\/wp-json\/wp\/v2\/types\/product"}],"replies":[{"embeddable":true,"href":"https:\/\/babypillowwholesale.com\/fi\/wp-json\/wp\/v2\/comments?post=3383"}],"wp:featuredmedia":[{"embeddable":true,"href":"https:\/\/babypillowwholesale.com\/fi\/wp-json\/wp\/v2\/media\/3384"}],"wp:attachment":[{"href":"https:\/\/babypillowwholesale.com\/fi\/wp-json\/wp\/v2\/media?parent=3383"}],"wp:term":[{"taxonomy":"product_brand","embeddable":true,"href":"https:\/\/babypillowwholesale.com\/fi\/wp-json\/wp\/v2\/product_brand?post=3383"},{"taxonomy":"product_cat","embeddable":true,"href":"https:\/\/babypillowwholesale.com\/fi\/wp-json\/wp\/v2\/product_cat?post=3383"},{"taxonomy":"product_tag","embeddable":true,"href":"https:\/\/babypillowwholesale.com\/fi\/wp-json\/wp\/v2\/product_tag?post=3383"}],"curies":[{"name":"wp","href":"https:\/\/api.w.org\/{rel}","templated":true}]}}