{"id":3380,"date":"2025-04-11T07:23:24","date_gmt":"2025-04-11T07:23:24","guid":{"rendered":"https:\/\/babypillowwholesale.com\/?post_type=product&#038;p=3380"},"modified":"2025-06-08T08:11:45","modified_gmt":"2025-06-08T08:11:45","slug":"little-bear-memory-pillow","status":"publish","type":"product","link":"https:\/\/babypillowwholesale.com\/fi\/product\/little-bear-memory-pillow\/","title":{"rendered":"Pikku karhu muisti tyyny"},"content":{"rendered":"<div class=\"auto-hide-last-sibling-br paragraph-qzbcQC paragraph-element br-paragraph-space\" data-immersive-translate-walked=\"8e61f2e7-6af2-46e5-9672-3b9e4f4033d9\" data-immersive-translate-paragraph=\"1\">\n<div class=\"auto-hide-last-sibling-br paragraph-qzbcQC paragraph-element br-paragraph-space\">\n<div class=\"auto-hide-last-sibling-br paragraph-qzbcQC paragraph-element br-paragraph-space\">Esittelyss\u00e4 on Little Bear Memory Pillow, hell\u00e4varainen ja olennainen unikaveri, joka on tarkkaan suunniteltu 0-6 kuukauden ik\u00e4isille vauvoille. T\u00e4m\u00e4 tyyny on mukavuuden perikuva, sill\u00e4 se on valmistettu korkealaatuisesta memory foam -muistivaahdosta, joka mukautuu kauniisti vauvasi p\u00e4\u00e4n \u00e4\u00e4riviivoihin. Se tarjoaa r\u00e4\u00e4t\u00e4l\u00f6idyn syleilyn, joka takaa lempe\u00e4n mutta tukevan mukavuuden, mik\u00e4 on ratkaisevan t\u00e4rke\u00e4\u00e4 pikkuisen kehittyv\u00e4n p\u00e4\u00e4n muodon kannalta.<\/div>\n<p>&nbsp;<\/p>\n<div class=\"auto-hide-last-sibling-br paragraph-qzbcQC paragraph-element br-paragraph-space\">Tyynyn pinta on s\u00f6p\u00f6yden kangas, jota koristaa joukko ihastuttavia satunnaispainatuksia, joissa on vieh\u00e4tt\u00e4vi\u00e4 pieni\u00e4 karhuaiheita. Jokainen karhu, jonka herttainen ilme ja leikkis\u00e4 k\u00e4yt\u00f6s tuovat tyynyyn ripauksen omituisuutta ja l\u00e4mp\u00f6\u00e4, mik\u00e4 tekee tyynyst\u00e4 paitsi k\u00e4yt\u00e4nn\u00f6llisen esineen my\u00f6s visuaalisen ilon l\u00e4hteen.<\/div>\n<p>&nbsp;<\/p>\n<div class=\"auto-hide-last-sibling-br paragraph-qzbcQC paragraph-element br-paragraph-space\">Mittaaminen kompakti 25*<em>20*<\/em>1,5 cm, joten se sopii t\u00e4ydellisesti vauvan pinnas\u00e4nkyyn tai vauvankoppaan. Kuvittele kallisarvoinen vauvasi, joka lep\u00e4\u00e4 mukavassa nukkumapaikassaan, h\u00e4nen pieni p\u00e4\u00e4ns\u00e4 lep\u00e4\u00e4 lempe\u00e4sti t\u00e4m\u00e4n tyynyn p\u00e4\u00e4ll\u00e4. Siit\u00e4 tulee pehmeyden paratiisi, paikka, jossa h\u00e4n voi vaipua rauhalliseen uneen, jota ymp\u00e4r\u00f6i pikku karhunj\u00e4lkien lohduttava l\u00e4sn\u00e4olo.<\/div>\n<p>&nbsp;<\/p>\n<div class=\"auto-hide-last-sibling-br paragraph-qzbcQC paragraph-element br-paragraph-space\">Kun vauva nukkuu ensimm\u00e4isin\u00e4 p\u00e4ivin\u00e4 lyhyit\u00e4 p\u00e4iv\u00e4unia pitkin p\u00e4iv\u00e4\u00e4, Little Bear Memory Pillow -tyyny tarjoaa johdonmukaisen ja mukavan nukkumapaikan. Se on my\u00f6s rauhoittava lis\u00e4 y\u00f6unien aikana ja auttaa vauvaa tuntemaan olonsa turvalliseksi ja rauhalliseksi.<\/div>\n<p>&nbsp;<\/p>\n<div class=\"auto-hide-last-sibling-br paragraph-qzbcQC paragraph-element br-paragraph-space\">Vanhemmat ovat olleet innoissaan t\u00e4st\u00e4 tuotteesta. \"T\u00e4m\u00e4 Little Bear Memory Pillow on peli - changer! Vastasyntyneeni tuntuu niin paljon mukavammalta, ja rakastan s\u00f6p\u00f6j\u00e4 karhunkuvioita. Saan mielenrauhaa, kun tied\u00e4n, ett\u00e4 se auttaa my\u00f6s p\u00e4\u00e4n muotoutumisessa\", er\u00e4s tuore \u00e4iti hehkutti. Er\u00e4s is\u00e4 lis\u00e4si: \"Olemme todella vaikuttuneita laadusta. Se on kest\u00e4nyt hyvin, ja siit\u00e4 on tullut olennainen osa vauvamme nukkumisj\u00e4rjestelyj\u00e4.\"<\/div>\n<p>&nbsp;<\/p>\n<div class=\"auto-hide-last-sibling-br paragraph-qzbcQC paragraph-element br-paragraph-space\">Pohjimmiltaan Little Bear Memory Pillow on sopusointuinen sekoitus mukavuutta, s\u00f6p\u00f6ytt\u00e4 ja toiminnallisuutta. Se ei ole pelkk\u00e4 vuodevaate, vaan vauvan ensimm\u00e4isten p\u00e4ivien arvostettu osa, joka antaa jokaiselle unen t\u00e4ytt\u00e4m\u00e4lle hetkelle turvallisuuden ja hellyyden tunteen.<\/div>\n<\/div>\n<\/div>","protected":false},"excerpt":{"rendered":"<p>Little Bear Memory Pillow on herkk\u00e4 ja toimiva unen apuv\u00e4line, joka on suunniteltu 0-6 kuukauden ik\u00e4isille vauvoille. Muistivaahtomuovista valmistettu tyyny mukautuu hell\u00e4varaisesti vauvan p\u00e4\u00e4n muotoon ja tarjoaa r\u00e4\u00e4t\u00e4l\u00f6ity\u00e4 tukea. Sen pintaa koristavat s\u00f6p\u00f6t satunnaispainatukset pienist\u00e4 karhukuvioista, mik\u00e4 lis\u00e4\u00e4 tyynyn vieh\u00e4tt\u00e4vyytt\u00e4. Kompakti koko on 25*<em>20*<\/em>1.5CM, se sopii vauvan pinnas\u00e4nkyyn tai vauvans\u00e4nkyyn. T\u00e4m\u00e4 tyyny ei ainoastaan auta yll\u00e4pit\u00e4m\u00e4\u00e4n vauvan p\u00e4\u00e4n muotoa, vaan tarjoaa my\u00f6s pehme\u00e4n ja mukavan lepopaikan, joka luo viihtyis\u00e4n ymp\u00e4rist\u00f6n vauvan unelle.<\/p>","protected":false},"featured_media":3381,"comment_status":"open","ping_status":"closed","template":"","meta":{"_uag_custom_page_level_css":"","site-sidebar-layout":"default","site-content-layout":"","ast-site-content-layout":"default","site-content-style":"default","site-sidebar-style":"default","ast-global-header-display":"","ast-banner-title-visibility":"","ast-main-header-display":"","ast-hfb-above-header-display":"","ast-hfb-below-header-display":"","ast-hfb-mobile-header-display":"","site-post-title":"","ast-breadcrumbs-content":"","ast-featured-img":"","footer-sml-layout":"","ast-disable-related-posts":"","theme-transparent-header-meta":"default","adv-header-id-meta":"","stick-header-meta":"","header-above-stick-meta":"","header-main-stick-meta":"","header-below-stick-meta":"","astra-migrate-meta-layouts":"set","ast-page-background-enabled":"default","ast-page-background-meta":{"desktop":{"background-color":"","background-image":"","background-repeat":"repeat","background-position":"center center","background-size":"auto","background-attachment":"scroll","background-type":"","background-media":"","overlay-type":"","overlay-color":"","overlay-opacity":"","overlay-gradient":""},"tablet":{"background-color":"","background-image":"","background-repeat":"repeat","background-position":"center center","background-size":"auto","background-attachment":"scroll","background-type":"","background-media":"","overlay-type":"","overlay-color":"","overlay-opacity":"","overlay-gradient":""},"mobile":{"background-color":"","background-image":"","background-repeat":"repeat","background-position":"center center","background-size":"auto","background-attachment":"scroll","background-type":"","background-media":"","overlay-type":"","overlay-color":"","overlay-opacity":"","overlay-gradient":""}},"ast-content-background-meta":{"desktop":{"background-color":"var(--ast-global-color-5)","background-image":"","background-repeat":"repeat","background-position":"center center","background-size":"auto","background-attachment":"scroll","background-type":"","background-media":"","overlay-type":"","overlay-color":"","overlay-opacity":"","overlay-gradient":""},"tablet":{"background-color":"var(--ast-global-color-5)","background-image":"","background-repeat":"repeat","background-position":"center center","background-size":"auto","background-attachment":"scroll","background-type":"","background-media":"","overlay-type":"","overlay-color":"","overlay-opacity":"","overlay-gradient":""},"mobile":{"background-color":"var(--ast-global-color-5)","background-image":"","background-repeat":"repeat","background-position":"center center","background-size":"auto","background-attachment":"scroll","background-type":"","background-media":"","overlay-type":"","overlay-color":"","overlay-opacity":"","overlay-gradient":""}}},"product_brand":[],"product_cat":[54,42],"product_tag":[70,68,71,69],"class_list":{"0":"post-3380","1":"product","2":"type-product","3":"status-publish","4":"has-post-thumbnail","6":"product_cat-0-to-6months","7":"product_cat-merchandise","8":"product_tag-babypillow","9":"product_tag-cuteanimalpillow","10":"product_tag-headshapesupport","11":"product_tag-kouniushapingpillow","12":"desktop-align-left","13":"tablet-align-left","14":"mobile-align-left","16":"first","17":"instock","18":"shipping-taxable","19":"product-type-simple"},"aioseo_notices":[],"uagb_featured_image_src":{"full":["https:\/\/babypillowwholesale.com\/wp-content\/uploads\/2025\/04\/1002.jpg",1000,1000,false],"thumbnail":["https:\/\/babypillowwholesale.com\/wp-content\/uploads\/2025\/04\/1002-150x150.jpg",150,150,true],"medium":["https:\/\/babypillowwholesale.com\/wp-content\/uploads\/2025\/04\/1002-300x300.jpg",300,300,true],"medium_large":["https:\/\/babypillowwholesale.com\/wp-content\/uploads\/2025\/04\/1002-768x768.jpg",768,768,true],"large":["https:\/\/babypillowwholesale.com\/wp-content\/uploads\/2025\/04\/1002.jpg",1000,1000,false],"1536x1536":["https:\/\/babypillowwholesale.com\/wp-content\/uploads\/2025\/04\/1002.jpg",1000,1000,false],"2048x2048":["https:\/\/babypillowwholesale.com\/wp-content\/uploads\/2025\/04\/1002.jpg",1000,1000,false],"trp-custom-language-flag":["https:\/\/babypillowwholesale.com\/wp-content\/uploads\/2025\/04\/1002.jpg",12,12,false],"woocommerce_thumbnail":["https:\/\/babypillowwholesale.com\/wp-content\/uploads\/2025\/04\/1002-300x300.jpg",300,300,true],"woocommerce_single":["https:\/\/babypillowwholesale.com\/wp-content\/uploads\/2025\/04\/1002-600x600.jpg",600,600,true],"woocommerce_gallery_thumbnail":["https:\/\/babypillowwholesale.com\/wp-content\/uploads\/2025\/04\/1002-100x100.jpg",100,100,true]},"uagb_author_info":{"display_name":"Etnen zhong","author_link":"https:\/\/babypillowwholesale.com\/fi\/author\/"},"uagb_comment_info":0,"uagb_excerpt":"The Little Bear Memory Pillow is a delicate and functional sleep accessory designed for infants aged 0 - 6 months. Made with memory foam, it gently conforms to the shape of the baby's head, providing customized support. Its surface is adorned with cute random prints of little bear motifs, adding an element of charm. With&hellip;","jetpack_sharing_enabled":true,"_links":{"self":[{"href":"https:\/\/babypillowwholesale.com\/fi\/wp-json\/wp\/v2\/product\/3380","targetHints":{"allow":["GET"]}}],"collection":[{"href":"https:\/\/babypillowwholesale.com\/fi\/wp-json\/wp\/v2\/product"}],"about":[{"href":"https:\/\/babypillowwholesale.com\/fi\/wp-json\/wp\/v2\/types\/product"}],"replies":[{"embeddable":true,"href":"https:\/\/babypillowwholesale.com\/fi\/wp-json\/wp\/v2\/comments?post=3380"}],"wp:featuredmedia":[{"embeddable":true,"href":"https:\/\/babypillowwholesale.com\/fi\/wp-json\/wp\/v2\/media\/3381"}],"wp:attachment":[{"href":"https:\/\/babypillowwholesale.com\/fi\/wp-json\/wp\/v2\/media?parent=3380"}],"wp:term":[{"taxonomy":"product_brand","embeddable":true,"href":"https:\/\/babypillowwholesale.com\/fi\/wp-json\/wp\/v2\/product_brand?post=3380"},{"taxonomy":"product_cat","embeddable":true,"href":"https:\/\/babypillowwholesale.com\/fi\/wp-json\/wp\/v2\/product_cat?post=3380"},{"taxonomy":"product_tag","embeddable":true,"href":"https:\/\/babypillowwholesale.com\/fi\/wp-json\/wp\/v2\/product_tag?post=3380"}],"curies":[{"name":"wp","href":"https:\/\/api.w.org\/{rel}","templated":true}]}}