{"id":3359,"date":"2025-04-05T16:49:07","date_gmt":"2025-04-05T16:49:07","guid":{"rendered":"https:\/\/babypillowwholesale.com\/?post_type=product&#038;p=3359"},"modified":"2025-06-08T11:31:51","modified_gmt":"2025-06-08T11:31:51","slug":"cute-little-ox-infant-pillow","status":"publish","type":"product","link":"https:\/\/babypillowwholesale.com\/fi\/product\/cute-little-ox-infant-pillow\/","title":{"rendered":"S\u00f6p\u00f6 pieni h\u00e4rk\u00e4 vauvan tyyny"},"content":{"rendered":"<div class=\"auto-hide-last-sibling-br paragraph-qzbcQC paragraph-element br-paragraph-space\" data-immersive-translate-walked=\"8e61f2e7-6af2-46e5-9672-3b9e4f4033d9\" data-immersive-translate-paragraph=\"1\">\n<div class=\"auto-hide-last-sibling-br paragraph-qzbcQC paragraph-element br-paragraph-space\">\n<div class=\"auto-hide-last-sibling-br paragraph-qzbcQC paragraph-element br-paragraph-space\">\n<div class=\"auto-hide-last-sibling-br paragraph-qzbcQC paragraph-element br-paragraph-space\">\n<div class=\"auto-hide-last-sibling-br paragraph-qzbcQC paragraph-element br-paragraph-space\">\n<div class=\"auto-hide-last-sibling-br paragraph-qzbcQC paragraph-element br-paragraph-space\">\n<div class=\"auto-hide-last-sibling-br paragraph-qzbcQC paragraph-element br-paragraph-space\">\n<div class=\"auto-hide-last-sibling-br paragraph-qzbcQC paragraph-element br-paragraph-space\">\n<div class=\"auto-hide-last-sibling-br paragraph-qzbcQC paragraph-element br-paragraph-space\">\n<div class=\"auto-hide-last-sibling-br paragraph-qzbcQC paragraph-element br-paragraph-space\">\n<div class=\"auto-hide-last-sibling-br paragraph-qzbcQC paragraph-element br-paragraph-space\">\n<div class=\"auto-hide-last-sibling-br paragraph-qzbcQC paragraph-element br-paragraph-space\">\n<div class=\"auto-hide-last-sibling-br paragraph-qzbcQC paragraph-element br-paragraph-space\">\n<div class=\"auto-hide-last-sibling-br paragraph-qzbcQC paragraph-element br-paragraph-space\">\n<div class=\"auto-hide-last-sibling-br paragraph-qzbcQC paragraph-element br-paragraph-space\">\n<div class=\"auto-hide-last-sibling-br paragraph-qzbcQC paragraph-element br-paragraph-space\">\n<div class=\"auto-hide-last-sibling-br paragraph-qzbcQC paragraph-element br-paragraph-space\">\n<div class=\"auto-hide-last-sibling-br paragraph-qzbcQC paragraph-element br-paragraph-space\">\n<div class=\"message-box-content-wrapper-srHdUj\">\n<div class=\"message-content message-box-content-otxGGw receive-message-box-content-_lREFj samantha-message-box-content-Qjmpja\" data-testid=\"message_content\">\n<div class=\"container-hfX5E8 flow-markdown-body theme-samantha-yJEgBp\" dir=\"ltr\" data-testid=\"message_text_content\" data-show-indicator=\"false\">\n<div class=\"auto-hide-last-sibling-br paragraph-qzbcQC paragraph-element br-paragraph-space\">Esittelyss\u00e4 Cute Little Ox Infant Pillow, ihastuttava ja t\u00e4rke\u00e4 unikaveri 1-3-vuotiaille lapsille. T\u00e4m\u00e4 tyyny on s\u00f6p\u00f6yden mestariteos, joka on saanut inspiraationsa rakastettavasta pikku h\u00e4r\u00e4st\u00e4. Sen suuret, yst\u00e4v\u00e4lliset silm\u00e4t, pienet sarvet ja aina iloinen ilme huokuvat l\u00e4mp\u00f6\u00e4 ja charmia. Se on koristeltu oudoilla elementeill\u00e4, kuten sateenkaarilla ja tuikkivilla t\u00e4hdill\u00e4, ja se luo lumoavan, leikkis\u00e4n tunnelman, joka vangitsee pienen lapsesi mielikuvituksen.<\/div>\n<p>&nbsp;<\/p>\n<div class=\"auto-hide-last-sibling-br paragraph-qzbcQC paragraph-element br-paragraph-space\">Mittaus 40*<em>24*<\/em>3CM, se on suunniteltu huolellisesti tukemaan optimaalisesti lapsen p\u00e4\u00e4t\u00e4 ja niskaa. Kun lapsi asettuu y\u00f6ksi nukkumaan, tyyny tukee h\u00e4nt\u00e4 kevyesti ja edist\u00e4\u00e4 mukavaa ja terveellist\u00e4 nukkumisasentoa. Se on valmistettu eritt\u00e4in pehmeist\u00e4 materiaaleista, ja sen kosketus on samettisen pehme\u00e4, kuin hell\u00e4 halaus, joka luo kodikkaan turvapaikan, joka nukuttaa lapsesi rauhalliseen uneen.<\/div>\n<p>&nbsp;<\/p>\n<div class=\"auto-hide-last-sibling-br paragraph-qzbcQC paragraph-element br-paragraph-space\">Saatavana eloisissa Flaming Yellow- ja Blue-s\u00e4vyiss\u00e4, se pirist\u00e4\u00e4 vaivattomasti mit\u00e4 tahansa lastenhuonetta ja tuo siihen v\u00e4ri\u00e4 ja luonnetta. Kuvittele seesteiset illat, kun lapsesi pukee Cute Little Ox -vauvantyynyn p\u00e4\u00e4lle. Siit\u00e4 tulee enemm\u00e4n kuin pelkk\u00e4 tyyny; se on luotettu yst\u00e4v\u00e4, lohdun ja turvallisuuden l\u00e4hde. P\u00e4ivisin se voi muuttua leikkien suosikiksi, pehme\u00e4ksi rekvisiitaksi mielikuvitusseikkailuissa tai lohduttavaksi l\u00e4sn\u00e4oloksi levottomuuden hetkill\u00e4.<\/div>\n<p>&nbsp;<\/p>\n<div class=\"auto-hide-last-sibling-br paragraph-qzbcQC paragraph-element br-paragraph-space\">Vanhemmat ovat t\u00e4ynn\u00e4 kiitosta t\u00e4st\u00e4 ihanasta tyynyst\u00e4. \"2-vuotias lapseni on ihastunut Cute Little Ox -tyynyyn! Sen muotoilu on ihastuttava ja se on niin pehme\u00e4. Se on tehnyt nukkumaanmenosta jotain, jota he odottavat innolla\", iloinen \u00e4iti kertoi. Er\u00e4s is\u00e4 lis\u00e4si: \"Rakastamme sit\u00e4, miten se tuo ripauksen hauskuutta lapsemme huoneeseen. Se on my\u00f6s kest\u00e4v\u00e4, mik\u00e4 on hienoa, kun otetaan huomioon, kuinka paljon sit\u00e4 k\u00e4ytet\u00e4\u00e4n. Ihana lis\u00e4 kotiimme!\"<\/div>\n<p>&nbsp;<\/p>\n<div class=\"auto-hide-last-sibling-br paragraph-qzbcQC paragraph-element br-paragraph-space\">Cute Little Ox Infant Pillow on pohjimmiltaan sopusointuinen sekoitus mukavuutta, s\u00f6p\u00f6ytt\u00e4 ja toiminnallisuutta. Se ei ole pelkk\u00e4 vuodevaate, vaan arvostettu osa lapsesi jokap\u00e4iv\u00e4ist\u00e4 el\u00e4m\u00e4\u00e4, joka tuo jokaiseen hetkeen ripauksen h\u00e4r\u00e4n inspiroimaa taikaa.<\/div>\n<\/div>\n<\/div>\n<\/div>\n<\/div>\n<\/div>\n<\/div>\n<\/div>\n<\/div>\n<\/div>\n<\/div>\n<\/div>\n<\/div>\n<\/div>\n<\/div>\n<\/div>\n<\/div>\n<\/div>\n<\/div>\n<\/div>\n<\/div>\n<\/div>","protected":false},"excerpt":{"rendered":"<div class=\"container-QE4ayg\">\n<div class=\"item-jU10IN\">\n<div class=\"container-jODEnh chrome70-container\">\n<div class=\"inner-eE95c9 inner-item-aL3Ui_\" data-target-id=\"message-box-target-id\" data-testid=\"union_message\">\n<div class=\"message-block-container-liuetz\" data-testid=\"message-block-container\">\n<div class=\"message-box-ZWbBdF\" data-testid=\"receive_message\">\n<div class=\"message-box-content-wrapper-srHdUj\">\n<div class=\"message-content message-box-content-otxGGw receive-message-box-content-_lREFj samantha-message-box-content-Qjmpja\" data-testid=\"message_content\">\n<div class=\"container-hfX5E8 flow-markdown-body theme-samantha-yJEgBp\" dir=\"ltr\" data-testid=\"message_text_content\" data-show-indicator=\"false\">\n<div class=\"auto-hide-last-sibling-br paragraph-qzbcQC paragraph-element br-paragraph-space\">\n<div class=\"container-QE4ayg\">\n<div class=\"item-jU10IN\">\n<div class=\"container-jODEnh chrome70-container\">\n<div class=\"inner-eE95c9 inner-item-aL3Ui_\" data-target-id=\"message-box-target-id\" data-testid=\"union_message\">\n<div class=\"message-block-container-liuetz\" data-testid=\"message-block-container\">\n<div class=\"message-box-ZWbBdF\" data-testid=\"receive_message\">\n<div class=\"message-box-content-wrapper-srHdUj\">\n<div class=\"message-content message-box-content-otxGGw receive-message-box-content-_lREFj samantha-message-box-content-Qjmpja\" data-testid=\"message_content\">\n<div class=\"container-hfX5E8 flow-markdown-body theme-samantha-yJEgBp\" dir=\"ltr\" data-testid=\"message_text_content\" data-show-indicator=\"false\">\n<div class=\"auto-hide-last-sibling-br paragraph-qzbcQC paragraph-element br-paragraph-space\">Cute Little Ox Infant -tyyny on vieh\u00e4tt\u00e4v\u00e4 unen kannalta v\u00e4ltt\u00e4m\u00e4t\u00f6n 1 - 3-vuotiaille lapsille. Sen muotoilu on saanut inspiraationsa s\u00f6p\u00f6st\u00e4 pienest\u00e4 h\u00e4r\u00e4st\u00e4, jolla on yst\u00e4v\u00e4lliset kasvot, pienet sarvet ja iloinen ilme. Sateenkaarien ja t\u00e4htien kaltaisten omituisten elementtien ymp\u00e4r\u00f6im\u00e4 tyyny luo leikkis\u00e4n ja ihastuttavan tunnelman. Mitat 40*<em>24*<\/em>3cm, se tarjoaa asianmukaisen tuen lapsen p\u00e4\u00e4n ja niskan nukkumisen aikana. Se on valmistettu pehmeist\u00e4 materiaaleista, joten se tarjoaa lempe\u00e4n ja kodikkaan kosketuksen. Saatavana liekehtiv\u00e4n keltaisena ja sinisen\u00e4, se voi lis\u00e4t\u00e4 v\u00e4ri\u00e4 mihin tahansa lastenhuoneeseen. T\u00e4m\u00e4 tyyny ei ainoastaan auta varmistamaan miellytt\u00e4v\u00e4n unen pienelle lapsellesi, vaan se tuo my\u00f6s ripauksen fantasiaa ja iloa h\u00e4nen nukkumaanmenorutiineihinsa.<\/div>\n<\/div>\n<\/div>\n<\/div>\n<\/div>\n<\/div>\n<\/div>\n<\/div>\n<\/div>\n<\/div>\n<\/div>\n<\/div>\n<\/div>\n<\/div>\n<\/div>\n<\/div>\n<\/div>\n<\/div>\n<\/div>\n<\/div>","protected":false},"featured_media":3360,"comment_status":"open","ping_status":"closed","template":"","meta":{"_uag_custom_page_level_css":"","site-sidebar-layout":"default","site-content-layout":"","ast-site-content-layout":"default","site-content-style":"default","site-sidebar-style":"default","ast-global-header-display":"","ast-banner-title-visibility":"","ast-main-header-display":"","ast-hfb-above-header-display":"","ast-hfb-below-header-display":"","ast-hfb-mobile-header-display":"","site-post-title":"","ast-breadcrumbs-content":"","ast-featured-img":"","footer-sml-layout":"","ast-disable-related-posts":"","theme-transparent-header-meta":"default","adv-header-id-meta":"","stick-header-meta":"","header-above-stick-meta":"","header-main-stick-meta":"","header-below-stick-meta":"","astra-migrate-meta-layouts":"set","ast-page-background-enabled":"default","ast-page-background-meta":{"desktop":{"background-color":"","background-image":"","background-repeat":"repeat","background-position":"center center","background-size":"auto","background-attachment":"scroll","background-type":"","background-media":"","overlay-type":"","overlay-color":"","overlay-opacity":"","overlay-gradient":""},"tablet":{"background-color":"","background-image":"","background-repeat":"repeat","background-position":"center center","background-size":"auto","background-attachment":"scroll","background-type":"","background-media":"","overlay-type":"","overlay-color":"","overlay-opacity":"","overlay-gradient":""},"mobile":{"background-color":"","background-image":"","background-repeat":"repeat","background-position":"center center","background-size":"auto","background-attachment":"scroll","background-type":"","background-media":"","overlay-type":"","overlay-color":"","overlay-opacity":"","overlay-gradient":""}},"ast-content-background-meta":{"desktop":{"background-color":"var(--ast-global-color-5)","background-image":"","background-repeat":"repeat","background-position":"center center","background-size":"auto","background-attachment":"scroll","background-type":"","background-media":"","overlay-type":"","overlay-color":"","overlay-opacity":"","overlay-gradient":""},"tablet":{"background-color":"var(--ast-global-color-5)","background-image":"","background-repeat":"repeat","background-position":"center center","background-size":"auto","background-attachment":"scroll","background-type":"","background-media":"","overlay-type":"","overlay-color":"","overlay-opacity":"","overlay-gradient":""},"mobile":{"background-color":"var(--ast-global-color-5)","background-image":"","background-repeat":"repeat","background-position":"center center","background-size":"auto","background-attachment":"scroll","background-type":"","background-media":"","overlay-type":"","overlay-color":"","overlay-opacity":"","overlay-gradient":""}}},"product_brand":[],"product_cat":[56,42],"product_tag":[70,68,71,69],"class_list":{"0":"post-3359","1":"product","2":"type-product","3":"status-publish","4":"has-post-thumbnail","6":"product_cat-1-to-3-years","7":"product_cat-merchandise","8":"product_tag-babypillow","9":"product_tag-cuteanimalpillow","10":"product_tag-headshapesupport","11":"product_tag-kouniushapingpillow","12":"desktop-align-left","13":"tablet-align-left","14":"mobile-align-left","16":"first","17":"instock","18":"shipping-taxable","19":"product-type-simple"},"aioseo_notices":[],"uagb_featured_image_src":{"full":["https:\/\/babypillowwholesale.com\/wp-content\/uploads\/2025\/04\/1632.jpg",1000,1000,false],"thumbnail":["https:\/\/babypillowwholesale.com\/wp-content\/uploads\/2025\/04\/1632-150x150.jpg",150,150,true],"medium":["https:\/\/babypillowwholesale.com\/wp-content\/uploads\/2025\/04\/1632-300x300.jpg",300,300,true],"medium_large":["https:\/\/babypillowwholesale.com\/wp-content\/uploads\/2025\/04\/1632-768x768.jpg",768,768,true],"large":["https:\/\/babypillowwholesale.com\/wp-content\/uploads\/2025\/04\/1632.jpg",1000,1000,false],"1536x1536":["https:\/\/babypillowwholesale.com\/wp-content\/uploads\/2025\/04\/1632.jpg",1000,1000,false],"2048x2048":["https:\/\/babypillowwholesale.com\/wp-content\/uploads\/2025\/04\/1632.jpg",1000,1000,false],"trp-custom-language-flag":["https:\/\/babypillowwholesale.com\/wp-content\/uploads\/2025\/04\/1632.jpg",12,12,false],"woocommerce_thumbnail":["https:\/\/babypillowwholesale.com\/wp-content\/uploads\/2025\/04\/1632-300x300.jpg",300,300,true],"woocommerce_single":["https:\/\/babypillowwholesale.com\/wp-content\/uploads\/2025\/04\/1632-600x600.jpg",600,600,true],"woocommerce_gallery_thumbnail":["https:\/\/babypillowwholesale.com\/wp-content\/uploads\/2025\/04\/1632-100x100.jpg",100,100,true]},"uagb_author_info":{"display_name":"Etnen zhong","author_link":"https:\/\/babypillowwholesale.com\/fi\/author\/"},"uagb_comment_info":0,"uagb_excerpt":"The Cute Little Ox Infant Pillow is a charming sleep essential for children aged 1 - 3 years. Its design is inspired by a cute little ox, with a friendly face, small horns, and a cheerful expression. Surrounded by whimsical elements like rainbows and stars, it creates a playful and delightful atmosphere. Measuring 40*24*3CM, it&hellip;","jetpack_sharing_enabled":true,"_links":{"self":[{"href":"https:\/\/babypillowwholesale.com\/fi\/wp-json\/wp\/v2\/product\/3359","targetHints":{"allow":["GET"]}}],"collection":[{"href":"https:\/\/babypillowwholesale.com\/fi\/wp-json\/wp\/v2\/product"}],"about":[{"href":"https:\/\/babypillowwholesale.com\/fi\/wp-json\/wp\/v2\/types\/product"}],"replies":[{"embeddable":true,"href":"https:\/\/babypillowwholesale.com\/fi\/wp-json\/wp\/v2\/comments?post=3359"}],"wp:featuredmedia":[{"embeddable":true,"href":"https:\/\/babypillowwholesale.com\/fi\/wp-json\/wp\/v2\/media\/3360"}],"wp:attachment":[{"href":"https:\/\/babypillowwholesale.com\/fi\/wp-json\/wp\/v2\/media?parent=3359"}],"wp:term":[{"taxonomy":"product_brand","embeddable":true,"href":"https:\/\/babypillowwholesale.com\/fi\/wp-json\/wp\/v2\/product_brand?post=3359"},{"taxonomy":"product_cat","embeddable":true,"href":"https:\/\/babypillowwholesale.com\/fi\/wp-json\/wp\/v2\/product_cat?post=3359"},{"taxonomy":"product_tag","embeddable":true,"href":"https:\/\/babypillowwholesale.com\/fi\/wp-json\/wp\/v2\/product_tag?post=3359"}],"curies":[{"name":"wp","href":"https:\/\/api.w.org\/{rel}","templated":true}]}}