{"id":3339,"date":"2025-04-05T02:54:17","date_gmt":"2025-04-05T02:54:17","guid":{"rendered":"https:\/\/babypillowwholesale.com\/?post_type=product&#038;p=3339"},"modified":"2025-06-08T11:49:36","modified_gmt":"2025-06-08T11:49:36","slug":"long-eared-rabbit-infant-pillow","status":"publish","type":"product","link":"https:\/\/babypillowwholesale.com\/fi\/product\/long-eared-rabbit-infant-pillow\/","title":{"rendered":"Pitk\u00e4korvainen kani vauvan tyyny"},"content":{"rendered":"<div class=\"auto-hide-last-sibling-br paragraph-qzbcQC paragraph-element br-paragraph-space\" data-immersive-translate-walked=\"8e61f2e7-6af2-46e5-9672-3b9e4f4033d9\" data-immersive-translate-paragraph=\"1\">\n<div class=\"auto-hide-last-sibling-br paragraph-qzbcQC paragraph-element br-paragraph-space\">\n<div class=\"auto-hide-last-sibling-br paragraph-qzbcQC paragraph-element br-paragraph-space\">\n<div class=\"auto-hide-last-sibling-br paragraph-qzbcQC paragraph-element br-paragraph-space\">\n<div class=\"auto-hide-last-sibling-br paragraph-qzbcQC paragraph-element br-paragraph-space\">\n<div class=\"auto-hide-last-sibling-br paragraph-qzbcQC paragraph-element br-paragraph-space\">\n<div class=\"auto-hide-last-sibling-br paragraph-qzbcQC paragraph-element br-paragraph-space\">\n<div class=\"auto-hide-last-sibling-br paragraph-qzbcQC paragraph-element br-paragraph-space\">\n<div class=\"auto-hide-last-sibling-br paragraph-qzbcQC paragraph-element br-paragraph-space\">\n<div class=\"auto-hide-last-sibling-br paragraph-qzbcQC paragraph-element br-paragraph-space\">\n<div class=\"auto-hide-last-sibling-br paragraph-qzbcQC paragraph-element br-paragraph-space\">\n<div class=\"auto-hide-last-sibling-br paragraph-qzbcQC paragraph-element br-paragraph-space\">\n<div class=\"auto-hide-last-sibling-br paragraph-qzbcQC paragraph-element br-paragraph-space\">Pitk\u00e4korvainen j\u00e4niksen pikkulapsityyny on ihastuttava ja v\u00e4ltt\u00e4m\u00e4t\u00f6n unikaveri 1-3-vuotiaille lapsille. T\u00e4m\u00e4 tyyny on saanut inspiraationsa herttaisesta pitk\u00e4korvaisesta kanista, ja sen ominaisuudet ovat sek\u00e4 vieh\u00e4tt\u00e4vi\u00e4 ett\u00e4 kiehtovia. Sen pitk\u00e4t, pystyasennossa olevat korvat n\u00e4ytt\u00e4v\u00e4t olevan aina valppaina, kun taas kirkkaat, ilmeikk\u00e4\u00e4t silm\u00e4t ja suloisesti punoittavat posket antavat sille vastustamattoman s\u00f6p\u00f6n ja kutsuvan ulkon\u00e4\u00f6n.<\/div>\n<p>&nbsp;<\/p>\n<div class=\"auto-hide-last-sibling-br paragraph-qzbcQC paragraph-element br-paragraph-space\">Mittaus 40*<em>24*<\/em>3CM, se on suunniteltu huolellisesti tarjoamaan juuri oikean m\u00e4\u00e4r\u00e4n tukea lapsesi p\u00e4\u00e4h\u00e4n ja niskaan. Kun pikkuinen makaa nukkumaan, tyyny syleilee h\u00e4nt\u00e4 kevyesti ja edist\u00e4\u00e4 mukavaa ja terveellist\u00e4 nukkumisasentoa, joka auttaa varmistamaan levollisen y\u00f6n. Pehmoisista, ihoyst\u00e4v\u00e4llisist\u00e4 materiaaleista valmistettu tyyny tarjoaa samettisen pehme\u00e4n kosketuksen, joka on kuin hell\u00e4 halaus ja luo kodikkaan turvapaikan, joka rauhoittaa lapsesi rauhalliseen uneen.<\/div>\n<p>&nbsp;<\/p>\n<div class=\"auto-hide-last-sibling-br paragraph-qzbcQC paragraph-element br-paragraph-space\">Saatavana pehmein\u00e4, rauhoittavina vaaleanpunaisen ja sinisen s\u00e4vyin\u00e4, se t\u00e4ydent\u00e4\u00e4 vaivattomasti mit\u00e4 tahansa lastenhuoneen sisustusta ja tuo siihen ripauksen v\u00e4ri\u00e4 ja charmia. Kuvittele seesteiset illat, kun lapsesi pukee pitk\u00e4korvaisen Rabbit-lastentyynyn p\u00e4\u00e4lle. Siit\u00e4 tulee enemm\u00e4n kuin pelkk\u00e4 tyyny; se on mukavuuden ja turvallisuuden l\u00e4hde. P\u00e4ivisin se voi muuttua leikkien suosikiksi, pehme\u00e4ksi rekvisiitaksi mielikuvitusseikkailuissa tai lohduttavaksi yst\u00e4v\u00e4ksi v\u00e4symyksen tai levottomuuden hetkin\u00e4.<\/div>\n<p>&nbsp;<\/p>\n<div class=\"auto-hide-last-sibling-br paragraph-qzbcQC paragraph-element br-paragraph-space\">Vanhemmat ovat t\u00e4ynn\u00e4 kiitosta t\u00e4st\u00e4 ihanasta tyynyst\u00e4. \"Pikkulapseni ihastuu t\u00e4ysin Long - Eared Rabbit -tyynyyn. Siit\u00e4 on tullut heid\u00e4n iltas\u00e4nkyyns\u00e4. Sen pehmeys on uskomaton, ja s\u00f6p\u00f6 muotoilu tekee siit\u00e4 niin erityisen\", iloinen \u00e4iti kertoi. Er\u00e4s is\u00e4 lis\u00e4si: \"Rakastamme sit\u00e4, ett\u00e4 se ei ole vain tyyny vaan my\u00f6s osa lapsemme leikki\u00e4. Se on my\u00f6s kest\u00e4v\u00e4, mik\u00e4 on hienoa, kun otetaan huomioon, kuinka paljon sit\u00e4 k\u00e4ytet\u00e4\u00e4n. Ihana lis\u00e4 kotiimme.\"<\/div>\n<p>&nbsp;<\/p>\n<div class=\"auto-hide-last-sibling-br paragraph-qzbcQC paragraph-element br-paragraph-space\">Long - Eared Rabbit Infant Pillow on pohjimmiltaan harmoninen sekoitus mukavuutta, s\u00f6p\u00f6ytt\u00e4 ja toiminnallisuutta. Se ei ole pelkk\u00e4 vuodevaate, vaan arvostettu osa lapsesi jokap\u00e4iv\u00e4ist\u00e4 el\u00e4m\u00e4\u00e4, joka tuo jokaiseen hetkeen ripauksen pupun inspiroimaa taikaa.<\/div>\n<\/div>\n<\/div>\n<\/div>\n<\/div>\n<\/div>\n<\/div>\n<\/div>\n<\/div>\n<\/div>\n<\/div>\n<\/div>\n<\/div>","protected":false},"excerpt":{"rendered":"<div class=\"container-QE4ayg\">\n<div class=\"item-jU10IN\">\n<div class=\"container-jODEnh chrome70-container\">\n<div class=\"inner-eE95c9 inner-item-aL3Ui_\" data-target-id=\"message-box-target-id\" data-testid=\"union_message\">\n<div class=\"message-block-container-liuetz\" data-testid=\"message-block-container\">\n<div class=\"message-box-ZWbBdF\" data-testid=\"receive_message\">\n<div class=\"message-box-content-wrapper-srHdUj\">\n<div class=\"message-content message-box-content-otxGGw receive-message-box-content-_lREFj samantha-message-box-content-Qjmpja\" data-testid=\"message_content\">\n<div class=\"container-hfX5E8 flow-markdown-body theme-samantha-yJEgBp\" dir=\"ltr\" data-testid=\"message_text_content\" data-show-indicator=\"false\">\n<div class=\"auto-hide-last-sibling-br paragraph-qzbcQC paragraph-element br-paragraph-space\">Pitk\u00e4korvainen j\u00e4niksen vauvatyyny on vieh\u00e4tt\u00e4v\u00e4 nukkumistarvike, joka on r\u00e4\u00e4t\u00e4l\u00f6ity 1 - 3-vuotiaille lapsille. Sen muotoilu on saanut inspiraationsa s\u00f6p\u00f6st\u00e4 pitk\u00e4korvaisesta kanista, jolla on pitk\u00e4t, pystyss\u00e4 olevat korvat, kirkkaat silm\u00e4t ja punoittavat posket, mik\u00e4 antaa sille vastustamattoman suloisen ilmeen. Mitat 40*<em>24*<\/em>3cm, se antaa riitt\u00e4v\u00e4n tuen lapsen p\u00e4\u00e4h\u00e4n ja niskaan ja auttaa s\u00e4ilytt\u00e4m\u00e4\u00e4n mukavan nukkumisasennon. Se on valmistettu pehmeist\u00e4 ja ihoyst\u00e4v\u00e4llisist\u00e4 materiaaleista, joten se tarjoaa lempe\u00e4n ja kodikkaan kosketuksen. Saatavana vaaleanpunaisena ja sinisen\u00e4, se sopii hyvin erilaisiin lastenhuoneen sisustuksiin. T\u00e4m\u00e4 tyyny ei ainoastaan takaa levollisen unen pienelle lapsellesi, vaan se tuo my\u00f6s ripauksen omituisuutta ja l\u00e4mp\u00f6\u00e4 h\u00e4nen nukkumaanmenoaikaansa, mik\u00e4 tekee siit\u00e4 ihanan lis\u00e4n h\u00e4nen uneen liittyviin tavaroihinsa.<\/div>\n<\/div>\n<\/div>\n<\/div>\n<\/div>\n<\/div>\n<\/div>\n<\/div>\n<\/div>\n<\/div>","protected":false},"featured_media":3340,"comment_status":"open","ping_status":"closed","template":"","meta":{"_uag_custom_page_level_css":"","site-sidebar-layout":"default","site-content-layout":"","ast-site-content-layout":"default","site-content-style":"default","site-sidebar-style":"default","ast-global-header-display":"","ast-banner-title-visibility":"","ast-main-header-display":"","ast-hfb-above-header-display":"","ast-hfb-below-header-display":"","ast-hfb-mobile-header-display":"","site-post-title":"","ast-breadcrumbs-content":"","ast-featured-img":"","footer-sml-layout":"","ast-disable-related-posts":"","theme-transparent-header-meta":"default","adv-header-id-meta":"","stick-header-meta":"","header-above-stick-meta":"","header-main-stick-meta":"","header-below-stick-meta":"","astra-migrate-meta-layouts":"set","ast-page-background-enabled":"default","ast-page-background-meta":{"desktop":{"background-color":"","background-image":"","background-repeat":"repeat","background-position":"center center","background-size":"auto","background-attachment":"scroll","background-type":"","background-media":"","overlay-type":"","overlay-color":"","overlay-opacity":"","overlay-gradient":""},"tablet":{"background-color":"","background-image":"","background-repeat":"repeat","background-position":"center center","background-size":"auto","background-attachment":"scroll","background-type":"","background-media":"","overlay-type":"","overlay-color":"","overlay-opacity":"","overlay-gradient":""},"mobile":{"background-color":"","background-image":"","background-repeat":"repeat","background-position":"center center","background-size":"auto","background-attachment":"scroll","background-type":"","background-media":"","overlay-type":"","overlay-color":"","overlay-opacity":"","overlay-gradient":""}},"ast-content-background-meta":{"desktop":{"background-color":"var(--ast-global-color-5)","background-image":"","background-repeat":"repeat","background-position":"center center","background-size":"auto","background-attachment":"scroll","background-type":"","background-media":"","overlay-type":"","overlay-color":"","overlay-opacity":"","overlay-gradient":""},"tablet":{"background-color":"var(--ast-global-color-5)","background-image":"","background-repeat":"repeat","background-position":"center center","background-size":"auto","background-attachment":"scroll","background-type":"","background-media":"","overlay-type":"","overlay-color":"","overlay-opacity":"","overlay-gradient":""},"mobile":{"background-color":"var(--ast-global-color-5)","background-image":"","background-repeat":"repeat","background-position":"center center","background-size":"auto","background-attachment":"scroll","background-type":"","background-media":"","overlay-type":"","overlay-color":"","overlay-opacity":"","overlay-gradient":""}}},"product_brand":[],"product_cat":[56,42],"product_tag":[70,68,71,69],"class_list":{"0":"post-3339","1":"product","2":"type-product","3":"status-publish","4":"has-post-thumbnail","6":"product_cat-1-to-3-years","7":"product_cat-merchandise","8":"product_tag-babypillow","9":"product_tag-cuteanimalpillow","10":"product_tag-headshapesupport","11":"product_tag-kouniushapingpillow","12":"desktop-align-left","13":"tablet-align-left","14":"mobile-align-left","16":"first","17":"instock","18":"shipping-taxable","19":"product-type-simple"},"aioseo_notices":[],"uagb_featured_image_src":{"full":["https:\/\/babypillowwholesale.com\/wp-content\/uploads\/2025\/04\/1098.jpg",1000,1000,false],"thumbnail":["https:\/\/babypillowwholesale.com\/wp-content\/uploads\/2025\/04\/1098-150x150.jpg",150,150,true],"medium":["https:\/\/babypillowwholesale.com\/wp-content\/uploads\/2025\/04\/1098-300x300.jpg",300,300,true],"medium_large":["https:\/\/babypillowwholesale.com\/wp-content\/uploads\/2025\/04\/1098-768x768.jpg",768,768,true],"large":["https:\/\/babypillowwholesale.com\/wp-content\/uploads\/2025\/04\/1098.jpg",1000,1000,false],"1536x1536":["https:\/\/babypillowwholesale.com\/wp-content\/uploads\/2025\/04\/1098.jpg",1000,1000,false],"2048x2048":["https:\/\/babypillowwholesale.com\/wp-content\/uploads\/2025\/04\/1098.jpg",1000,1000,false],"trp-custom-language-flag":["https:\/\/babypillowwholesale.com\/wp-content\/uploads\/2025\/04\/1098.jpg",12,12,false],"woocommerce_thumbnail":["https:\/\/babypillowwholesale.com\/wp-content\/uploads\/2025\/04\/1098-300x300.jpg",300,300,true],"woocommerce_single":["https:\/\/babypillowwholesale.com\/wp-content\/uploads\/2025\/04\/1098-600x600.jpg",600,600,true],"woocommerce_gallery_thumbnail":["https:\/\/babypillowwholesale.com\/wp-content\/uploads\/2025\/04\/1098-100x100.jpg",100,100,true]},"uagb_author_info":{"display_name":"Etnen zhong","author_link":"https:\/\/babypillowwholesale.com\/fi\/author\/"},"uagb_comment_info":0,"uagb_excerpt":"The Long - Eared Rabbit Infant Pillow is a charming sleep accessory tailored for children aged 1 - 3 years. Its design is inspired by a cute long - eared rabbit, featuring long, upright ears, bright eyes, and blushing cheeks, which gives it an irresistibly adorable look. Measuring 40*24*3CM, it provides adequate support for a&hellip;","jetpack_sharing_enabled":true,"_links":{"self":[{"href":"https:\/\/babypillowwholesale.com\/fi\/wp-json\/wp\/v2\/product\/3339","targetHints":{"allow":["GET"]}}],"collection":[{"href":"https:\/\/babypillowwholesale.com\/fi\/wp-json\/wp\/v2\/product"}],"about":[{"href":"https:\/\/babypillowwholesale.com\/fi\/wp-json\/wp\/v2\/types\/product"}],"replies":[{"embeddable":true,"href":"https:\/\/babypillowwholesale.com\/fi\/wp-json\/wp\/v2\/comments?post=3339"}],"wp:featuredmedia":[{"embeddable":true,"href":"https:\/\/babypillowwholesale.com\/fi\/wp-json\/wp\/v2\/media\/3340"}],"wp:attachment":[{"href":"https:\/\/babypillowwholesale.com\/fi\/wp-json\/wp\/v2\/media?parent=3339"}],"wp:term":[{"taxonomy":"product_brand","embeddable":true,"href":"https:\/\/babypillowwholesale.com\/fi\/wp-json\/wp\/v2\/product_brand?post=3339"},{"taxonomy":"product_cat","embeddable":true,"href":"https:\/\/babypillowwholesale.com\/fi\/wp-json\/wp\/v2\/product_cat?post=3339"},{"taxonomy":"product_tag","embeddable":true,"href":"https:\/\/babypillowwholesale.com\/fi\/wp-json\/wp\/v2\/product_tag?post=3339"}],"curies":[{"name":"wp","href":"https:\/\/api.w.org\/{rel}","templated":true}]}}