{"id":3336,"date":"2025-04-04T08:45:12","date_gmt":"2025-04-04T08:45:12","guid":{"rendered":"https:\/\/babypillowwholesale.com\/?post_type=product&#038;p=3336"},"modified":"2025-06-08T14:07:34","modified_gmt":"2025-06-08T14:07:34","slug":"big-faced-cat-infant-pillow","status":"publish","type":"product","link":"https:\/\/babypillowwholesale.com\/fi\/product\/big-faced-cat-infant-pillow\/","title":{"rendered":"Iso - kasvot kissa vauvalle tyynylle"},"content":{"rendered":"<div class=\"auto-hide-last-sibling-br paragraph-qzbcQC paragraph-element br-paragraph-space\" data-immersive-translate-walked=\"8e61f2e7-6af2-46e5-9672-3b9e4f4033d9\" data-immersive-translate-paragraph=\"1\">\n<div class=\"auto-hide-last-sibling-br paragraph-qzbcQC paragraph-element br-paragraph-space\">\n<div class=\"auto-hide-last-sibling-br paragraph-qzbcQC paragraph-element br-paragraph-space\">\n<div class=\"auto-hide-last-sibling-br paragraph-qzbcQC paragraph-element br-paragraph-space\">\n<div class=\"auto-hide-last-sibling-br paragraph-qzbcQC paragraph-element br-paragraph-space\">\n<div class=\"auto-hide-last-sibling-br paragraph-qzbcQC paragraph-element br-paragraph-space\">\n<div class=\"auto-hide-last-sibling-br paragraph-qzbcQC paragraph-element br-paragraph-space\">\n<div class=\"auto-hide-last-sibling-br paragraph-qzbcQC paragraph-element br-paragraph-space\">\n<div class=\"auto-hide-last-sibling-br paragraph-qzbcQC paragraph-element br-paragraph-space\">\n<div class=\"auto-hide-last-sibling-br paragraph-qzbcQC paragraph-element br-paragraph-space\">\n<div class=\"auto-hide-last-sibling-br paragraph-qzbcQC paragraph-element br-paragraph-space\">\n<div class=\"auto-hide-last-sibling-br paragraph-qzbcQC paragraph-element br-paragraph-space\">Esittelyss\u00e4 Big - Faced Cat Infant Pillow, herttainen unikaveri, joka on suunniteltu erityisesti 1-3-vuotiaille lapsille. Sen muotoilu on vieh\u00e4tt\u00e4v\u00e4 kunnianosoitus rakastettavalle isokokoiselle kissalle, jolla on suuret, sielukkaat silm\u00e4t, jotka n\u00e4ytt\u00e4v\u00e4t sis\u00e4lt\u00e4v\u00e4n viattomuuden maailman, sirot korvat, jotka tuovat leikkisyytt\u00e4, ja suloinen ilme, jota on mahdotonta olla ihailematta.<\/div>\n<p>&nbsp;<\/p>\n<div class=\"auto-hide-last-sibling-br paragraph-qzbcQC paragraph-element br-paragraph-space\">Mitat 40*<em>24*<\/em>3cm, t\u00e4m\u00e4 tyyny on t\u00e4ydellisesti mitoitettu tarjoamaan optimaalista tukea lapsesi p\u00e4\u00e4h\u00e4n ja niskaan. Kun lapsi asettuu y\u00f6ksi nukkumaan, se antaa h\u00e4nelle hell\u00e4varaisen tyynyn, joka edist\u00e4\u00e4 mukavaa ja terveellist\u00e4 nukkuma-asentoa. Tyyny on valmistettu eritt\u00e4in pehmeist\u00e4 materiaaleista, joten se tuntuu kuin hell\u00e4sti ihoa vasten ja luo viihtyis\u00e4n turvapaikan, joka nukuttaa lapsesi rauhalliseen uneen.<\/div>\n<p>&nbsp;<\/p>\n<div class=\"auto-hide-last-sibling-br paragraph-qzbcQC paragraph-element br-paragraph-space\">Saatavana vaaleanpunaisen ja sinisen pehmein\u00e4 s\u00e4vyin\u00e4, se t\u00e4ydent\u00e4\u00e4 vaivattomasti mit\u00e4 tahansa lastenhuoneen sisustusta ja tuo siihen v\u00e4ril\u00e4iski\u00e4 ja charmia. Kuvittele nukkumaanmenon taikaa, kun lapsesi pukee Big - Faced Cat Infant Pillow -lastentyynyn p\u00e4\u00e4lle. Siit\u00e4 tulee enemm\u00e4n kuin pelkk\u00e4 tyyny; se on yst\u00e4v\u00e4, joka pit\u00e4\u00e4 lapselle seuraa l\u00e4pi y\u00f6n. P\u00e4ivisin se voi muuttua mielikuvitusleikkien rekvisiitaksi, pehme\u00e4ksi paikaksi olohuoneen lattialla pidett\u00e4ville improvisoiduille p\u00e4iv\u00e4unille tai lohduttavaksi l\u00e4sn\u00e4oloksi levottomuuden hetkill\u00e4.<\/div>\n<p>&nbsp;<\/p>\n<div class=\"auto-hide-last-sibling-br paragraph-qzbcQC paragraph-element br-paragraph-space\">Vanhemmat ylist\u00e4v\u00e4t t\u00e4t\u00e4 ihastuttavaa tyyny\u00e4 vuolaasti. \"2-vuotias lapseni ei voi nukkua ilman Big Faced Cat -tyyny\u00e4! Se on niin pehme\u00e4, ja s\u00f6p\u00f6 muotoilu tekee nukkumaanmenosta jotain, jota h\u00e4n odottaa innolla\", er\u00e4s onnellinen \u00e4iti kertoi. Er\u00e4s is\u00e4 lis\u00e4si: \"Rakastamme sit\u00e4, miten se tuo hieman hauskuutta lapsemme huoneeseen. Se on kest\u00e4nyt hyvin, vaikka kaikki ovat r\u00e4hin\u00f6ineet. Ehdottomasti loistava ostos.\"<\/div>\n<p>&nbsp;<\/p>\n<div class=\"auto-hide-last-sibling-br paragraph-qzbcQC paragraph-element br-paragraph-space\">Big - Faced Cat Infant Pillow on pohjimmiltaan harmoninen sekoitus mukavuutta, s\u00f6p\u00f6ytt\u00e4 ja toiminnallisuutta. Se ei ole pelkk\u00e4 vuodevaate, vaan arvostettu osa lapsesi jokap\u00e4iv\u00e4ist\u00e4 el\u00e4m\u00e4\u00e4, joka tuo jokaiseen hetkeen ripaus kissanhenkist\u00e4 charmia.<\/div>\n<\/div>\n<\/div>\n<\/div>\n<\/div>\n<\/div>\n<\/div>\n<\/div>\n<\/div>\n<\/div>\n<\/div>\n<\/div>","protected":false},"excerpt":{"rendered":"<div class=\"container-QE4ayg\">\n<div class=\"item-jU10IN\">\n<div class=\"container-jODEnh chrome70-container\">\n<div class=\"inner-eE95c9 inner-item-aL3Ui_\" data-target-id=\"message-box-target-id\" data-testid=\"union_message\">\n<div class=\"message-block-container-liuetz\" data-testid=\"message-block-container\">\n<div class=\"message-box-ZWbBdF\" data-testid=\"receive_message\">\n<div class=\"message-box-content-wrapper-srHdUj\">\n<div class=\"message-content message-box-content-otxGGw receive-message-box-content-_lREFj samantha-message-box-content-Qjmpja\" data-testid=\"message_content\">\n<div class=\"container-hfX5E8 flow-markdown-body theme-samantha-yJEgBp\" dir=\"ltr\" data-testid=\"message_text_content\" data-show-indicator=\"false\">\n<div class=\"auto-hide-last-sibling-br paragraph-qzbcQC paragraph-element br-paragraph-space\">Big - Faced Cat Infant Pillow on ihastuttava, 1-3-vuotiaille lapsille suunniteltu unityyny. Sen muotoilu on saanut inspiraationsa s\u00f6p\u00f6st\u00e4 isokasvoisesta kissasta, jolla on suuret, py\u00f6re\u00e4t silm\u00e4t, suloiset korvat ja hurmaava ilme, joka huokuu s\u00f6p\u00f6ytt\u00e4. Mitat 40*<em>24*<\/em>3cm, se tarjoaa oikeanlaista tukea lapsen p\u00e4\u00e4h\u00e4n ja niskaan ja takaa mukavan nukkumisasennon. Se on valmistettu pehmeist\u00e4 ja mukavista materiaaleista, joten se on ihoa vasten hell\u00e4varainen ja miellytt\u00e4v\u00e4n tuntuinen. Saatavana vaaleanpunaisena ja sinisen\u00e4, se sopii vaivattomasti lastenhuoneen eri sisustuksiin. T\u00e4m\u00e4 tyyny ei ainoastaan auta pient\u00e4 lastasi nauttimaan levollisesta unesta, vaan se tuo my\u00f6s ripauksen vieh\u00e4tt\u00e4vyytt\u00e4 ja l\u00e4mp\u00f6\u00e4 h\u00e4nen nukkumaanmenorutiineihinsa, joten se on ihana lis\u00e4 h\u00e4nen unensa keskeisiin tarvikkeisiin.<\/div>\n<\/div>\n<\/div>\n<\/div>\n<\/div>\n<\/div>\n<\/div>\n<\/div>\n<\/div>\n<\/div>","protected":false},"featured_media":3337,"comment_status":"open","ping_status":"closed","template":"","meta":{"_uag_custom_page_level_css":"","site-sidebar-layout":"default","site-content-layout":"","ast-site-content-layout":"default","site-content-style":"default","site-sidebar-style":"default","ast-global-header-display":"","ast-banner-title-visibility":"","ast-main-header-display":"","ast-hfb-above-header-display":"","ast-hfb-below-header-display":"","ast-hfb-mobile-header-display":"","site-post-title":"","ast-breadcrumbs-content":"","ast-featured-img":"","footer-sml-layout":"","ast-disable-related-posts":"","theme-transparent-header-meta":"default","adv-header-id-meta":"","stick-header-meta":"","header-above-stick-meta":"","header-main-stick-meta":"","header-below-stick-meta":"","astra-migrate-meta-layouts":"set","ast-page-background-enabled":"default","ast-page-background-meta":{"desktop":{"background-color":"","background-image":"","background-repeat":"repeat","background-position":"center center","background-size":"auto","background-attachment":"scroll","background-type":"","background-media":"","overlay-type":"","overlay-color":"","overlay-opacity":"","overlay-gradient":""},"tablet":{"background-color":"","background-image":"","background-repeat":"repeat","background-position":"center center","background-size":"auto","background-attachment":"scroll","background-type":"","background-media":"","overlay-type":"","overlay-color":"","overlay-opacity":"","overlay-gradient":""},"mobile":{"background-color":"","background-image":"","background-repeat":"repeat","background-position":"center center","background-size":"auto","background-attachment":"scroll","background-type":"","background-media":"","overlay-type":"","overlay-color":"","overlay-opacity":"","overlay-gradient":""}},"ast-content-background-meta":{"desktop":{"background-color":"var(--ast-global-color-5)","background-image":"","background-repeat":"repeat","background-position":"center center","background-size":"auto","background-attachment":"scroll","background-type":"","background-media":"","overlay-type":"","overlay-color":"","overlay-opacity":"","overlay-gradient":""},"tablet":{"background-color":"var(--ast-global-color-5)","background-image":"","background-repeat":"repeat","background-position":"center center","background-size":"auto","background-attachment":"scroll","background-type":"","background-media":"","overlay-type":"","overlay-color":"","overlay-opacity":"","overlay-gradient":""},"mobile":{"background-color":"var(--ast-global-color-5)","background-image":"","background-repeat":"repeat","background-position":"center center","background-size":"auto","background-attachment":"scroll","background-type":"","background-media":"","overlay-type":"","overlay-color":"","overlay-opacity":"","overlay-gradient":""}}},"product_brand":[],"product_cat":[56,42],"product_tag":[70,68,71,69],"class_list":{"0":"post-3336","1":"product","2":"type-product","3":"status-publish","4":"has-post-thumbnail","6":"product_cat-1-to-3-years","7":"product_cat-merchandise","8":"product_tag-babypillow","9":"product_tag-cuteanimalpillow","10":"product_tag-headshapesupport","11":"product_tag-kouniushapingpillow","12":"desktop-align-left","13":"tablet-align-left","14":"mobile-align-left","16":"first","17":"instock","18":"featured","19":"shipping-taxable","20":"product-type-simple"},"aioseo_notices":[],"uagb_featured_image_src":{"full":["https:\/\/babypillowwholesale.com\/wp-content\/uploads\/2025\/04\/1528.jpg",1000,1000,false],"thumbnail":["https:\/\/babypillowwholesale.com\/wp-content\/uploads\/2025\/04\/1528-150x150.jpg",150,150,true],"medium":["https:\/\/babypillowwholesale.com\/wp-content\/uploads\/2025\/04\/1528-300x300.jpg",300,300,true],"medium_large":["https:\/\/babypillowwholesale.com\/wp-content\/uploads\/2025\/04\/1528-768x768.jpg",768,768,true],"large":["https:\/\/babypillowwholesale.com\/wp-content\/uploads\/2025\/04\/1528.jpg",1000,1000,false],"1536x1536":["https:\/\/babypillowwholesale.com\/wp-content\/uploads\/2025\/04\/1528.jpg",1000,1000,false],"2048x2048":["https:\/\/babypillowwholesale.com\/wp-content\/uploads\/2025\/04\/1528.jpg",1000,1000,false],"trp-custom-language-flag":["https:\/\/babypillowwholesale.com\/wp-content\/uploads\/2025\/04\/1528.jpg",12,12,false],"woocommerce_thumbnail":["https:\/\/babypillowwholesale.com\/wp-content\/uploads\/2025\/04\/1528-300x300.jpg",300,300,true],"woocommerce_single":["https:\/\/babypillowwholesale.com\/wp-content\/uploads\/2025\/04\/1528-600x600.jpg",600,600,true],"woocommerce_gallery_thumbnail":["https:\/\/babypillowwholesale.com\/wp-content\/uploads\/2025\/04\/1528-100x100.jpg",100,100,true]},"uagb_author_info":{"display_name":"Etnen zhong","author_link":"https:\/\/babypillowwholesale.com\/fi\/author\/"},"uagb_comment_info":0,"uagb_excerpt":"The Big - Faced Cat Infant Pillow is a delightful sleep essential designed for children aged 1 - 3 years. Its design is inspired by a cute big - faced cat, featuring large, round eyes, adorable ears, and a charming expression that exudes cuteness. Measuring 40*24*3CM, it offers proper support for a child's head and&hellip;","jetpack_sharing_enabled":true,"_links":{"self":[{"href":"https:\/\/babypillowwholesale.com\/fi\/wp-json\/wp\/v2\/product\/3336","targetHints":{"allow":["GET"]}}],"collection":[{"href":"https:\/\/babypillowwholesale.com\/fi\/wp-json\/wp\/v2\/product"}],"about":[{"href":"https:\/\/babypillowwholesale.com\/fi\/wp-json\/wp\/v2\/types\/product"}],"replies":[{"embeddable":true,"href":"https:\/\/babypillowwholesale.com\/fi\/wp-json\/wp\/v2\/comments?post=3336"}],"wp:featuredmedia":[{"embeddable":true,"href":"https:\/\/babypillowwholesale.com\/fi\/wp-json\/wp\/v2\/media\/3337"}],"wp:attachment":[{"href":"https:\/\/babypillowwholesale.com\/fi\/wp-json\/wp\/v2\/media?parent=3336"}],"wp:term":[{"taxonomy":"product_brand","embeddable":true,"href":"https:\/\/babypillowwholesale.com\/fi\/wp-json\/wp\/v2\/product_brand?post=3336"},{"taxonomy":"product_cat","embeddable":true,"href":"https:\/\/babypillowwholesale.com\/fi\/wp-json\/wp\/v2\/product_cat?post=3336"},{"taxonomy":"product_tag","embeddable":true,"href":"https:\/\/babypillowwholesale.com\/fi\/wp-json\/wp\/v2\/product_tag?post=3336"}],"curies":[{"name":"wp","href":"https:\/\/api.w.org\/{rel}","templated":true}]}}