{"id":3323,"date":"2025-04-02T16:47:01","date_gmt":"2025-04-02T16:47:01","guid":{"rendered":"https:\/\/babypillowwholesale.com\/?post_type=product&#038;p=3323"},"modified":"2025-06-08T15:14:33","modified_gmt":"2025-06-08T15:14:33","slug":"hydrophilic-sponge-soothing-cloud-shaped-pillow","status":"publish","type":"product","link":"https:\/\/babypillowwholesale.com\/fi\/product\/hydrophilic-sponge-soothing-cloud-shaped-pillow\/","title":{"rendered":"Hydrofiilinen sieni rauhoittava pilvi - muotoinen tyyny"},"content":{"rendered":"<div class=\"auto-hide-last-sibling-br paragraph-qzbcQC paragraph-element br-paragraph-space\" data-immersive-translate-walked=\"8e61f2e7-6af2-46e5-9672-3b9e4f4033d9\" data-immersive-translate-paragraph=\"1\">\n<div class=\"auto-hide-last-sibling-br paragraph-qzbcQC paragraph-element br-paragraph-space\">\n<div class=\"auto-hide-last-sibling-br paragraph-qzbcQC paragraph-element br-paragraph-space\">\n<div class=\"auto-hide-last-sibling-br paragraph-qzbcQC paragraph-element br-paragraph-space\">\n<div class=\"auto-hide-last-sibling-br paragraph-qzbcQC paragraph-element br-paragraph-space\">\n<div class=\"auto-hide-last-sibling-br paragraph-qzbcQC paragraph-element br-paragraph-space\">\n<div class=\"auto-hide-last-sibling-br paragraph-qzbcQC paragraph-element br-paragraph-space\">\n<div class=\"auto-hide-last-sibling-br paragraph-qzbcQC paragraph-element br-paragraph-space\">Esittelyss\u00e4 Hydrophilic Sponge Soothing Cloud - muotoinen tyyny, joka on hell\u00e4varainen syli vauvoille heid\u00e4n ensimm\u00e4isen elinvuotensa aikana. Se on muotoiltu j\u00e4ljittelem\u00e4\u00e4n pilven pehme\u00e4\u00e4 ja lohdullista muotoa, ja se kietoo pikkuisen v\u00e4litt\u00f6m\u00e4sti turvallisuuden ja l\u00e4mm\u00f6n tunteeseen. Tyyny on valmistettu ensiluokkaisesta hydrofiilisest\u00e4 sienest\u00e4, jonka samettisen pehme\u00e4 kosketus on erityisen hell\u00e4varainen vauvan herk\u00e4lle iholle.<\/div>\n<p>&nbsp;<\/p>\n<div class=\"auto-hide-last-sibling-br paragraph-qzbcQC paragraph-element br-paragraph-space\">T\u00e4m\u00e4 tyyny on koristeltu suloisilla el\u00e4inkuvioilla, jotka on jaettu satunnaisesti sen pinnalle, ja se on visuaalinen ilo, joka her\u00e4tt\u00e4\u00e4 uteliaisuutta ja iloa vauvasi maailmassa. Mitat 45<em>28<\/em>1,5 cm, se tarjoaa runsaasti tilaa, ja siin\u00e4 on mukavasti tilaa vauvan p\u00e4\u00e4n ja vartalon ymp\u00e4rill\u00e4 niin p\u00e4iv\u00e4unien kuin leikkienkin aikana.<\/div>\n<p>&nbsp;<\/p>\n<div class=\"auto-hide-last-sibling-br paragraph-qzbcQC paragraph-element br-paragraph-space\">Kuvittele seesteiset p\u00e4iv\u00e4unet, jolloin vauva painautuu tyynyyn ja vaipuu uneen kuin pehme\u00e4n pilven syleilyss\u00e4. Tai kuvittele leikkis\u00e4t hetket, jolloin vauvasi kurottautuu s\u00f6p\u00f6jen el\u00e4inkuvioiden kiehtomana. Se on my\u00f6s t\u00e4ydellinen rauhoittaja kiukkuisina hetkin\u00e4, sill\u00e4 se tarjoaa tutun ja lohdullisen kosketuksen.<\/div>\n<p>&nbsp;<\/p>\n<div class=\"auto-hide-last-sibling-br paragraph-qzbcQC paragraph-element br-paragraph-space\">Vanhemmat ylist\u00e4v\u00e4t vuolaasti. \"T\u00e4m\u00e4 pilven muotoinen tyyny on hengenpelastaja! Vauvani rauhoittuu l\u00e4hes v\u00e4litt\u00f6m\u00e4sti, kun h\u00e4net asetetaan sen p\u00e4\u00e4lle. Hydrofiilisen sienen pehmeys ja s\u00f6p\u00f6t kuviot ovat aivan ihania\", sanoo helpottunut \u00e4iti. Er\u00e4s is\u00e4 lis\u00e4si: \"Siit\u00e4 on tullut vauvamme rutiinien peruspilari. Olipa kyse sitten nopeista p\u00e4iv\u00e4unista tai vain rauhallisesta ajasta, t\u00e4m\u00e4 tyyny on aina mukana, sill\u00e4 se tarjoaa mukavuutta ja hieman hauskuutta.\"<\/div>\n<p>&nbsp;<\/p>\n<div class=\"auto-hide-last-sibling-br paragraph-qzbcQC paragraph-element br-paragraph-space\">Pohjimmiltaan Hydrophilic Sponge Soothing Cloud - muotoinen tyyny on enemm\u00e4n kuin pelkk\u00e4 vuodevaate. Se on sekoitus toiminnallisuutta, mukavuutta ja s\u00f6p\u00f6ytt\u00e4, olennainen kumppani, joka parantaa vauvasi ensimm\u00e4isten p\u00e4ivien jokaista arvokasta hetke\u00e4.<\/div>\n<\/div>\n<\/div>\n<\/div>\n<\/div>\n<\/div>\n<\/div>\n<\/div>","protected":false},"excerpt":{"rendered":"<p>Hydrophilic Sponge Soothing Cloud - muotoinen tyyny on ihana kumppani 0-1-vuotiaille vauvoille. Sen muotoilu on pehme\u00e4n pilven muotoinen, mik\u00e4 luo turvallisuuden ja mukavuuden tunnetta. Hydrofiilisest\u00e4 sienest\u00e4 valmistettu tyyny tarjoaa hell\u00e4varaisen ja miellytt\u00e4v\u00e4n kosketuksen, joka sopii t\u00e4ydellisesti vauvan herk\u00e4lle iholle. Tyyny\u00e4 koristavat s\u00f6p\u00f6t el\u00e4inkuviot, jotka on jaettu satunnaisesti, mik\u00e4 tuo tyynyyn leikkis\u00e4n ja vieh\u00e4tt\u00e4v\u00e4n elementin. Erittely 45*<em>28*<\/em>1,5 cm, se tarjoaa runsaasti tilaa vauvan p\u00e4\u00e4h\u00e4n ja vartaloon. T\u00e4m\u00e4 tyyny ei ole vain loistava p\u00e4iv\u00e4unille, vaan se toimii my\u00f6s lohduttavana esineen\u00e4 leikkien aikana tai kun vauva tarvitsee rauhoittamista. Siin\u00e4 yhdistyv\u00e4t toiminnallisuus, pehmeys ja s\u00f6p\u00f6 estetiikka, mik\u00e4 tekee siit\u00e4 v\u00e4ltt\u00e4m\u00e4tt\u00f6m\u00e4n esineen vauvan ensimm\u00e4isiin p\u00e4iviin.<\/p>","protected":false},"featured_media":3324,"comment_status":"open","ping_status":"closed","template":"","meta":{"_uag_custom_page_level_css":"","site-sidebar-layout":"default","site-content-layout":"","ast-site-content-layout":"default","site-content-style":"default","site-sidebar-style":"default","ast-global-header-display":"","ast-banner-title-visibility":"","ast-main-header-display":"","ast-hfb-above-header-display":"","ast-hfb-below-header-display":"","ast-hfb-mobile-header-display":"","site-post-title":"","ast-breadcrumbs-content":"","ast-featured-img":"","footer-sml-layout":"","ast-disable-related-posts":"","theme-transparent-header-meta":"default","adv-header-id-meta":"","stick-header-meta":"","header-above-stick-meta":"","header-main-stick-meta":"","header-below-stick-meta":"","astra-migrate-meta-layouts":"set","ast-page-background-enabled":"default","ast-page-background-meta":{"desktop":{"background-color":"","background-image":"","background-repeat":"repeat","background-position":"center center","background-size":"auto","background-attachment":"scroll","background-type":"","background-media":"","overlay-type":"","overlay-color":"","overlay-opacity":"","overlay-gradient":""},"tablet":{"background-color":"","background-image":"","background-repeat":"repeat","background-position":"center center","background-size":"auto","background-attachment":"scroll","background-type":"","background-media":"","overlay-type":"","overlay-color":"","overlay-opacity":"","overlay-gradient":""},"mobile":{"background-color":"","background-image":"","background-repeat":"repeat","background-position":"center center","background-size":"auto","background-attachment":"scroll","background-type":"","background-media":"","overlay-type":"","overlay-color":"","overlay-opacity":"","overlay-gradient":""}},"ast-content-background-meta":{"desktop":{"background-color":"var(--ast-global-color-5)","background-image":"","background-repeat":"repeat","background-position":"center center","background-size":"auto","background-attachment":"scroll","background-type":"","background-media":"","overlay-type":"","overlay-color":"","overlay-opacity":"","overlay-gradient":""},"tablet":{"background-color":"var(--ast-global-color-5)","background-image":"","background-repeat":"repeat","background-position":"center center","background-size":"auto","background-attachment":"scroll","background-type":"","background-media":"","overlay-type":"","overlay-color":"","overlay-opacity":"","overlay-gradient":""},"mobile":{"background-color":"var(--ast-global-color-5)","background-image":"","background-repeat":"repeat","background-position":"center center","background-size":"auto","background-attachment":"scroll","background-type":"","background-media":"","overlay-type":"","overlay-color":"","overlay-opacity":"","overlay-gradient":""}}},"product_brand":[],"product_cat":[55,42],"product_tag":[70,68,71,69],"class_list":{"0":"post-3323","1":"product","2":"type-product","3":"status-publish","4":"has-post-thumbnail","6":"product_cat-0-to-1-year","7":"product_cat-merchandise","8":"product_tag-babypillow","9":"product_tag-cuteanimalpillow","10":"product_tag-headshapesupport","11":"product_tag-kouniushapingpillow","12":"desktop-align-left","13":"tablet-align-left","14":"mobile-align-left","16":"first","17":"instock","18":"shipping-taxable","19":"product-type-simple"},"aioseo_notices":[],"uagb_featured_image_src":{"full":["https:\/\/babypillowwholesale.com\/wp-content\/uploads\/2025\/04\/1026.jpg",1000,1000,false],"thumbnail":["https:\/\/babypillowwholesale.com\/wp-content\/uploads\/2025\/04\/1026-150x150.jpg",150,150,true],"medium":["https:\/\/babypillowwholesale.com\/wp-content\/uploads\/2025\/04\/1026-300x300.jpg",300,300,true],"medium_large":["https:\/\/babypillowwholesale.com\/wp-content\/uploads\/2025\/04\/1026-768x768.jpg",768,768,true],"large":["https:\/\/babypillowwholesale.com\/wp-content\/uploads\/2025\/04\/1026.jpg",1000,1000,false],"1536x1536":["https:\/\/babypillowwholesale.com\/wp-content\/uploads\/2025\/04\/1026.jpg",1000,1000,false],"2048x2048":["https:\/\/babypillowwholesale.com\/wp-content\/uploads\/2025\/04\/1026.jpg",1000,1000,false],"trp-custom-language-flag":["https:\/\/babypillowwholesale.com\/wp-content\/uploads\/2025\/04\/1026.jpg",12,12,false],"woocommerce_thumbnail":["https:\/\/babypillowwholesale.com\/wp-content\/uploads\/2025\/04\/1026-300x300.jpg",300,300,true],"woocommerce_single":["https:\/\/babypillowwholesale.com\/wp-content\/uploads\/2025\/04\/1026-600x600.jpg",600,600,true],"woocommerce_gallery_thumbnail":["https:\/\/babypillowwholesale.com\/wp-content\/uploads\/2025\/04\/1026-100x100.jpg",100,100,true]},"uagb_author_info":{"display_name":"Etnen zhong","author_link":"https:\/\/babypillowwholesale.com\/fi\/author\/"},"uagb_comment_info":0,"uagb_excerpt":"The Hydrophilic Sponge Soothing Cloud - Shaped Pillow is a wonderful companion for babies aged 0 - 1 year. Its design takes the form of a soft cloud, creating a sense of security and comfort. Made from hydrophilic sponge, it offers a gentle and pleasant touch, perfect for a baby's sensitive skin. The pillow is&hellip;","jetpack_sharing_enabled":true,"_links":{"self":[{"href":"https:\/\/babypillowwholesale.com\/fi\/wp-json\/wp\/v2\/product\/3323","targetHints":{"allow":["GET"]}}],"collection":[{"href":"https:\/\/babypillowwholesale.com\/fi\/wp-json\/wp\/v2\/product"}],"about":[{"href":"https:\/\/babypillowwholesale.com\/fi\/wp-json\/wp\/v2\/types\/product"}],"replies":[{"embeddable":true,"href":"https:\/\/babypillowwholesale.com\/fi\/wp-json\/wp\/v2\/comments?post=3323"}],"wp:featuredmedia":[{"embeddable":true,"href":"https:\/\/babypillowwholesale.com\/fi\/wp-json\/wp\/v2\/media\/3324"}],"wp:attachment":[{"href":"https:\/\/babypillowwholesale.com\/fi\/wp-json\/wp\/v2\/media?parent=3323"}],"wp:term":[{"taxonomy":"product_brand","embeddable":true,"href":"https:\/\/babypillowwholesale.com\/fi\/wp-json\/wp\/v2\/product_brand?post=3323"},{"taxonomy":"product_cat","embeddable":true,"href":"https:\/\/babypillowwholesale.com\/fi\/wp-json\/wp\/v2\/product_cat?post=3323"},{"taxonomy":"product_tag","embeddable":true,"href":"https:\/\/babypillowwholesale.com\/fi\/wp-json\/wp\/v2\/product_tag?post=3323"}],"curies":[{"name":"wp","href":"https:\/\/api.w.org\/{rel}","templated":true}]}}