{"id":3317,"date":"2025-03-31T02:51:30","date_gmt":"2025-03-31T02:51:30","guid":{"rendered":"https:\/\/babypillowwholesale.com\/?post_type=product&#038;p=3317"},"modified":"2025-06-08T15:19:36","modified_gmt":"2025-06-08T15:19:36","slug":"obedient-bear-contour-pillow","status":"publish","type":"product","link":"https:\/\/babypillowwholesale.com\/fi\/product\/obedient-bear-contour-pillow\/","title":{"rendered":"Tottelevainen karhu Kontuurityyny"},"content":{"rendered":"<div class=\"auto-hide-last-sibling-br paragraph-qzbcQC paragraph-element br-paragraph-space\" data-immersive-translate-walked=\"8e61f2e7-6af2-46e5-9672-3b9e4f4033d9\" data-immersive-translate-paragraph=\"1\">\n<div class=\"auto-hide-last-sibling-br paragraph-qzbcQC paragraph-element br-paragraph-space\">\n<div class=\"auto-hide-last-sibling-br paragraph-qzbcQC paragraph-element br-paragraph-space\">\n<div class=\"auto-hide-last-sibling-br paragraph-qzbcQC paragraph-element br-paragraph-space\">\n<div class=\"auto-hide-last-sibling-br paragraph-qzbcQC paragraph-element br-paragraph-space\">\n<div class=\"auto-hide-last-sibling-br paragraph-qzbcQC paragraph-element br-paragraph-space\">Esittelyss\u00e4 on Obedient Bear Contour -tyyny, s\u00f6p\u00f6yden ja toiminnallisuuden t\u00e4ydellinen yhdistelm\u00e4, joka on suunniteltu erityisesti 0-12 kuukauden ik\u00e4isille vauvoille. T\u00e4ss\u00e4 tyynyss\u00e4 on vastustamattoman vieh\u00e4tt\u00e4v\u00e4 karhumuotoilu, jossa on p\u00f6rr\u00f6iset korvat, suuret, sielukkaat silm\u00e4t ja ihastuttavan punaiset posket, jotka sulattavat varmasti syd\u00e4mesi ensi silm\u00e4yksell\u00e4.<\/div>\n<p>&nbsp;<\/p>\n<div class=\"auto-hide-last-sibling-br paragraph-qzbcQC paragraph-element br-paragraph-space\">Tyynyn muotoilu on ergonomisen suunnittelun mestariteos. Se mukautuu hell\u00e4varaisesti vauvan p\u00e4\u00e4n muotoon ja tarjoaa hell\u00e4varaista ja t\u00e4sm\u00e4llist\u00e4 tukea, mik\u00e4 on ratkaisevan t\u00e4rke\u00e4\u00e4 terveen p\u00e4\u00e4n muodon vaalimiseksi t\u00e4rkein\u00e4 ensimm\u00e4isin\u00e4 kuukausina. Mitat 29*<em>21*<\/em>1.5CM, se sopii saumattomasti erilaisiin asetuksiin. T\u00e4m\u00e4 tyyny on jatkuva mukavuuden l\u00e4hde, olipa se sitten sijoitettu viihtyis\u00e4\u00e4n pinnas\u00e4nkyyn rauhallisia p\u00e4iv\u00e4unia varten, vaunuissa leikkiv\u00e4n pikkuisen mukana leppoisalla puistok\u00e4velyll\u00e4 tai sijoitettu pehme\u00e4lle leikkialustalle hauskoja leikkihetki\u00e4 varten kotona.<\/div>\n<p>&nbsp;<\/p>\n<div class=\"auto-hide-last-sibling-br paragraph-qzbcQC paragraph-element br-paragraph-space\">Vanhemmat ovat innoissaan Obedient Bear Contour -tyynyst\u00e4. \"Vauvani rakastaa t\u00e4t\u00e4 tyyny\u00e4 todella paljon! Se on niin pehme\u00e4 ja karhun muotoilu on aivan liian s\u00f6p\u00f6. Olen huomannut, ett\u00e4 se todella auttaa pit\u00e4m\u00e4\u00e4n h\u00e4nen p\u00e4\u00e4ns\u00e4 hyv\u00e4ss\u00e4 asennossa\", iloitsee er\u00e4s \u00e4iti. Er\u00e4s is\u00e4 kertoi: \"Otamme t\u00e4m\u00e4n tyynyn mukaan kaikkialle, minne menemme. Se on kest\u00e4v\u00e4, helppo puhdistaa ja v\u00e4rivaihtoehdot ovat upeita. Siit\u00e4 on tullut olennainen osa vauvamme jokap\u00e4iv\u00e4ist\u00e4 el\u00e4m\u00e4\u00e4.\"<\/div>\n<p>&nbsp;<\/p>\n<div class=\"auto-hide-last-sibling-br paragraph-qzbcQC paragraph-element br-paragraph-space\">Obedient Bear Contour Pillow ei ole vain vauvan lis\u00e4varuste; se on rakastettu kumppani, jossa yhdistyv\u00e4t karhun herttainen vetovoima ja ammattimainen p\u00e4\u00e4n muotoilu, mik\u00e4 takaa, ett\u00e4 pikkuinen nauttii varhaisvaiheensa jokaisesta kallisarvoisesta hetkest\u00e4 \u00e4\u00e4rimm\u00e4isen mukavasti ja huolellisesti.<\/div>\n<\/div>\n<\/div>\n<\/div>\n<\/div>\n<\/div>","protected":false},"excerpt":{"rendered":"<p>Obedient Bear Contour -tyyny on ihanteellinen valinta 0-12 kuukauden ik\u00e4isille vauvoille. Sen muotoilu on saanut inspiraationsa suloisesta karhusta, jolla on s\u00f6p\u00f6t korvat, suuret silm\u00e4t ja punoittavat posket, mik\u00e4 tekee siit\u00e4 vastustamattoman vieh\u00e4tt\u00e4v\u00e4n. Tyynyn \u00e4\u00e4riviivatyyny ei ole vain visuaalisesti houkutteleva, vaan sill\u00e4 on my\u00f6s k\u00e4yt\u00e4nn\u00f6llinen tarkoitus. Se tarjoaa ergonomista tukea ja mukautuu hell\u00e4varaisesti vauvan p\u00e4\u00e4n muotoon, mik\u00e4 auttaa yll\u00e4pit\u00e4m\u00e4\u00e4n tervett\u00e4 p\u00e4\u00e4n muotoa. Mitat 29*<em>21*<\/em>1.5CM, se sopii hyvin pinnas\u00e4nkyihin, rattaisiin tai muihin vauvan lepopaikkoihin. Saatavana vaaleanpunaisena ja sinisen\u00e4, se sopii erilaisiin lastenhuoneen sisustuksiin. T\u00e4ss\u00e4 tyynyss\u00e4 yhdistyv\u00e4t karhuaiheisen muotoilun ihanuus ja ammattimainen p\u00e4\u00e4n muotoilu, mik\u00e4 tuo mukavuutta ja huolenpitoa pienen vauvasi ensimm\u00e4isiin p\u00e4iviin.<\/p>","protected":false},"featured_media":3318,"comment_status":"open","ping_status":"closed","template":"","meta":{"_uag_custom_page_level_css":"","site-sidebar-layout":"default","site-content-layout":"","ast-site-content-layout":"default","site-content-style":"default","site-sidebar-style":"default","ast-global-header-display":"","ast-banner-title-visibility":"","ast-main-header-display":"","ast-hfb-above-header-display":"","ast-hfb-below-header-display":"","ast-hfb-mobile-header-display":"","site-post-title":"","ast-breadcrumbs-content":"","ast-featured-img":"","footer-sml-layout":"","ast-disable-related-posts":"","theme-transparent-header-meta":"default","adv-header-id-meta":"","stick-header-meta":"","header-above-stick-meta":"","header-main-stick-meta":"","header-below-stick-meta":"","astra-migrate-meta-layouts":"set","ast-page-background-enabled":"default","ast-page-background-meta":{"desktop":{"background-color":"","background-image":"","background-repeat":"repeat","background-position":"center center","background-size":"auto","background-attachment":"scroll","background-type":"","background-media":"","overlay-type":"","overlay-color":"","overlay-opacity":"","overlay-gradient":""},"tablet":{"background-color":"","background-image":"","background-repeat":"repeat","background-position":"center center","background-size":"auto","background-attachment":"scroll","background-type":"","background-media":"","overlay-type":"","overlay-color":"","overlay-opacity":"","overlay-gradient":""},"mobile":{"background-color":"","background-image":"","background-repeat":"repeat","background-position":"center center","background-size":"auto","background-attachment":"scroll","background-type":"","background-media":"","overlay-type":"","overlay-color":"","overlay-opacity":"","overlay-gradient":""}},"ast-content-background-meta":{"desktop":{"background-color":"var(--ast-global-color-5)","background-image":"","background-repeat":"repeat","background-position":"center center","background-size":"auto","background-attachment":"scroll","background-type":"","background-media":"","overlay-type":"","overlay-color":"","overlay-opacity":"","overlay-gradient":""},"tablet":{"background-color":"var(--ast-global-color-5)","background-image":"","background-repeat":"repeat","background-position":"center center","background-size":"auto","background-attachment":"scroll","background-type":"","background-media":"","overlay-type":"","overlay-color":"","overlay-opacity":"","overlay-gradient":""},"mobile":{"background-color":"var(--ast-global-color-5)","background-image":"","background-repeat":"repeat","background-position":"center center","background-size":"auto","background-attachment":"scroll","background-type":"","background-media":"","overlay-type":"","overlay-color":"","overlay-opacity":"","overlay-gradient":""}}},"product_brand":[],"product_cat":[55,42],"product_tag":[70,68,71,69],"class_list":{"0":"post-3317","1":"product","2":"type-product","3":"status-publish","4":"has-post-thumbnail","6":"product_cat-0-to-1-year","7":"product_cat-merchandise","8":"product_tag-babypillow","9":"product_tag-cuteanimalpillow","10":"product_tag-headshapesupport","11":"product_tag-kouniushapingpillow","12":"desktop-align-left","13":"tablet-align-left","14":"mobile-align-left","16":"first","17":"instock","18":"shipping-taxable","19":"product-type-simple"},"aioseo_notices":[],"uagb_featured_image_src":{"full":["https:\/\/babypillowwholesale.com\/wp-content\/uploads\/2025\/03\/1066.jpg",1000,1000,false],"thumbnail":["https:\/\/babypillowwholesale.com\/wp-content\/uploads\/2025\/03\/1066-150x150.jpg",150,150,true],"medium":["https:\/\/babypillowwholesale.com\/wp-content\/uploads\/2025\/03\/1066-300x300.jpg",300,300,true],"medium_large":["https:\/\/babypillowwholesale.com\/wp-content\/uploads\/2025\/03\/1066-768x768.jpg",768,768,true],"large":["https:\/\/babypillowwholesale.com\/wp-content\/uploads\/2025\/03\/1066.jpg",1000,1000,false],"1536x1536":["https:\/\/babypillowwholesale.com\/wp-content\/uploads\/2025\/03\/1066.jpg",1000,1000,false],"2048x2048":["https:\/\/babypillowwholesale.com\/wp-content\/uploads\/2025\/03\/1066.jpg",1000,1000,false],"trp-custom-language-flag":["https:\/\/babypillowwholesale.com\/wp-content\/uploads\/2025\/03\/1066.jpg",12,12,false],"woocommerce_thumbnail":["https:\/\/babypillowwholesale.com\/wp-content\/uploads\/2025\/03\/1066-300x300.jpg",300,300,true],"woocommerce_single":["https:\/\/babypillowwholesale.com\/wp-content\/uploads\/2025\/03\/1066-600x600.jpg",600,600,true],"woocommerce_gallery_thumbnail":["https:\/\/babypillowwholesale.com\/wp-content\/uploads\/2025\/03\/1066-100x100.jpg",100,100,true]},"uagb_author_info":{"display_name":"Etnen zhong","author_link":"https:\/\/babypillowwholesale.com\/fi\/author\/"},"uagb_comment_info":0,"uagb_excerpt":"The Obedient Bear Contour Pillow is an ideal choice for infants aged 0 - 12 months. Its design is inspired by an adorable bear, with cute ears, big eyes, and blushing cheeks, which makes it irresistibly charming. The pillow's contour design is not only visually appealing but also serves a practical purpose. It provides ergonomic&hellip;","jetpack_sharing_enabled":true,"_links":{"self":[{"href":"https:\/\/babypillowwholesale.com\/fi\/wp-json\/wp\/v2\/product\/3317","targetHints":{"allow":["GET"]}}],"collection":[{"href":"https:\/\/babypillowwholesale.com\/fi\/wp-json\/wp\/v2\/product"}],"about":[{"href":"https:\/\/babypillowwholesale.com\/fi\/wp-json\/wp\/v2\/types\/product"}],"replies":[{"embeddable":true,"href":"https:\/\/babypillowwholesale.com\/fi\/wp-json\/wp\/v2\/comments?post=3317"}],"wp:featuredmedia":[{"embeddable":true,"href":"https:\/\/babypillowwholesale.com\/fi\/wp-json\/wp\/v2\/media\/3318"}],"wp:attachment":[{"href":"https:\/\/babypillowwholesale.com\/fi\/wp-json\/wp\/v2\/media?parent=3317"}],"wp:term":[{"taxonomy":"product_brand","embeddable":true,"href":"https:\/\/babypillowwholesale.com\/fi\/wp-json\/wp\/v2\/product_brand?post=3317"},{"taxonomy":"product_cat","embeddable":true,"href":"https:\/\/babypillowwholesale.com\/fi\/wp-json\/wp\/v2\/product_cat?post=3317"},{"taxonomy":"product_tag","embeddable":true,"href":"https:\/\/babypillowwholesale.com\/fi\/wp-json\/wp\/v2\/product_tag?post=3317"}],"curies":[{"name":"wp","href":"https:\/\/api.w.org\/{rel}","templated":true}]}}