{"id":3313,"date":"2025-03-26T08:34:46","date_gmt":"2025-03-26T08:34:46","guid":{"rendered":"https:\/\/babypillowwholesale.com\/?post_type=product&#038;p=3313"},"modified":"2025-06-08T15:21:39","modified_gmt":"2025-06-08T15:21:39","slug":"little-raccoon-contour-pillow","status":"publish","type":"product","link":"https:\/\/babypillowwholesale.com\/fi\/product\/little-raccoon-contour-pillow\/","title":{"rendered":"Pikku pesukarhu Kontuurityyny"},"content":{"rendered":"<div class=\"auto-hide-last-sibling-br paragraph-qzbcQC paragraph-element br-paragraph-space\" data-immersive-translate-walked=\"8e61f2e7-6af2-46e5-9672-3b9e4f4033d9\" data-immersive-translate-paragraph=\"1\">\n<div class=\"auto-hide-last-sibling-br paragraph-qzbcQC paragraph-element br-paragraph-space\">\n<div class=\"auto-hide-last-sibling-br paragraph-qzbcQC paragraph-element br-paragraph-space\">\n<div class=\"auto-hide-last-sibling-br paragraph-qzbcQC paragraph-element br-paragraph-space\">\n<div class=\"auto-hide-last-sibling-br paragraph-qzbcQC paragraph-element br-paragraph-space\">Little Raccoon Contour Pillow on ihastuttava sekoitus ihastuttavaa muotoilua ja ammattitaitoista hoitoa, joka on suunniteltu huolellisesti 0-12 kuukauden ik\u00e4isille vauvoille. Sen vieh\u00e4tt\u00e4v\u00e4 muotoilu - pehmoinen pesukarhu, jolla on pehmoiset py\u00f6re\u00e4t korvat ja seesteinen ilme - tuo l\u00e4mp\u00f6\u00e4 vauvojen tarpeisiin. S\u00f6p\u00f6yden lis\u00e4ksi tyynyn muotoiltu rakenne tarjoaa tieteellist\u00e4, ergonomista tukea, joka hellii hell\u00e4varaisesti vauvan p\u00e4\u00e4t\u00e4 ja edist\u00e4\u00e4 tervett\u00e4 p\u00e4\u00e4n ja muodon kehityst\u00e4.<\/div>\n<p>&nbsp;<\/p>\n<div class=\"auto-hide-last-sibling-br paragraph-qzbcQC paragraph-element br-paragraph-space\">Jokap\u00e4iv\u00e4isess\u00e4 el\u00e4m\u00e4ss\u00e4 se sopii saumattomasti erilaisiin kohtauksiin. Kotona voit sijoittaa sen pinnas\u00e4nkyyn: kun vauva vaipuu uneen, tyynyn pehme\u00e4t \u00e4\u00e4riviivat luovat rauhallisen turvapaikan. Ulkoilureissuilla - puistok\u00e4velyll\u00e4 tai perhevierailulla - se istuu t\u00e4ydellisesti rattaisiin ja tarjoaa tasaisen mukavuuden. Jopa leikkihetkill\u00e4 pehme\u00e4ll\u00e4 matolla tyyny tukee vauvan p\u00e4\u00e4t\u00e4 ja takaa viihtyisyyden kaikissa aktiviteeteissa.<\/div>\n<p>&nbsp;<\/p>\n<div class=\"auto-hide-last-sibling-br paragraph-qzbcQC paragraph-element br-paragraph-space\">Vanhemmat kehuvat t\u00e4t\u00e4 tyyny\u00e4. \"Vauvani n\u00e4ytt\u00e4\u00e4 niin mukavalta Little Raccoon Contour -tyynyll\u00e4! Se on uskomattoman pehme\u00e4, ja rakastan sit\u00e4, miten \u00e4\u00e4riviivatyynyn muotoilu tukee lempe\u00e4sti h\u00e4nen p\u00e4\u00e4t\u00e4\u00e4n. Vaaleanpunainen v\u00e4ri pirist\u00e4\u00e4 my\u00f6s lastenhuonetta\", iloitsee er\u00e4s \u00e4iti. Er\u00e4s is\u00e4 lis\u00e4si: \"Otamme t\u00e4m\u00e4n tyynyn mukaan kaikkialle. Se on kest\u00e4v\u00e4, helppo puhdistaa, ja sininen vaihtoehto sopii t\u00e4ydellisesti vauvamme tavaroihin. Must - have sek\u00e4 mukavuuden ett\u00e4 p\u00e4\u00e4n muotoiluun liittyvien hy\u00f6tyjen vuoksi!\"\"<\/div>\n<p>&nbsp;<\/p>\n<div class=\"auto-hide-last-sibling-br paragraph-qzbcQC paragraph-element br-paragraph-space\">Pehme\u00e4n vaaleanpunaisen tai rauhoittavan sinisen v\u00e4rinen Little Raccoon Contour Pillow on muutakin kuin pelkk\u00e4 vauvan lis\u00e4varuste. Se on uskollinen kumppani, jossa yhdistyv\u00e4t herttainen estetiikka ja ammattimainen p\u00e4\u00e4n muotoilutuki, mik\u00e4 takaa, ett\u00e4 pikkuinen nauttii mukavuudesta ja huolenpidosta varhaisen kasvun jokaisena arvokkaana hetken\u00e4.<\/div>\n<\/div>\n<\/div>\n<\/div>\n<\/div>","protected":false},"excerpt":{"rendered":"<p>0-12 kuukauden ik\u00e4isille vauvoille r\u00e4\u00e4t\u00e4l\u00f6idyss\u00e4 Little Raccoon Contour Pillow -tyynyss\u00e4 s\u00f6p\u00f6ys ja ammattimainen hoito yhdistyv\u00e4t. Sen muotoilu, joka on saanut inspiraationsa pehmoisesta pikku pesukarhusta, jolla on py\u00f6re\u00e4t korvat ja seesteinen ilme, tuo herttaisen lis\u00e4n vauvan tarvikkeisiin. Tyynyn \u00e4\u00e4riviivarakenne tarjoaa tieteellist\u00e4, ergonomista tukea, joka syleilee vauvan p\u00e4\u00e4t\u00e4 hell\u00e4varaisesti ja edist\u00e4\u00e4 p\u00e4\u00e4n muodon tervett\u00e4 kehityst\u00e4. Koko 29*<em>21*<\/em>1,5 cm, se sopii saumattomasti pinnas\u00e4nkyihin levollisia p\u00e4iv\u00e4unia varten, lastenvaunuihin retkill\u00e4 tai kotileikkien ajaksi. Pehme\u00e4n vaaleanpunaisen tai rauhoittavan sinisen v\u00e4risen\u00e4 saatavana t\u00e4m\u00e4 tyyny ei ole vain toiminnallinen p\u00e4\u00e4h\u00e4n kohdistuva tuki - se on l\u00e4mmin kumppani, joka takaa mukavuuden ja vieh\u00e4tt\u00e4vyyden vauvasi arvokkaissa varhaisissa kasvuvaiheissa.<\/p>","protected":false},"featured_media":3314,"comment_status":"open","ping_status":"closed","template":"","meta":{"_uag_custom_page_level_css":"","site-sidebar-layout":"default","site-content-layout":"","ast-site-content-layout":"default","site-content-style":"default","site-sidebar-style":"default","ast-global-header-display":"","ast-banner-title-visibility":"","ast-main-header-display":"","ast-hfb-above-header-display":"","ast-hfb-below-header-display":"","ast-hfb-mobile-header-display":"","site-post-title":"","ast-breadcrumbs-content":"","ast-featured-img":"","footer-sml-layout":"","ast-disable-related-posts":"","theme-transparent-header-meta":"default","adv-header-id-meta":"","stick-header-meta":"","header-above-stick-meta":"","header-main-stick-meta":"","header-below-stick-meta":"","astra-migrate-meta-layouts":"set","ast-page-background-enabled":"default","ast-page-background-meta":{"desktop":{"background-color":"","background-image":"","background-repeat":"repeat","background-position":"center center","background-size":"auto","background-attachment":"scroll","background-type":"","background-media":"","overlay-type":"","overlay-color":"","overlay-opacity":"","overlay-gradient":""},"tablet":{"background-color":"","background-image":"","background-repeat":"repeat","background-position":"center center","background-size":"auto","background-attachment":"scroll","background-type":"","background-media":"","overlay-type":"","overlay-color":"","overlay-opacity":"","overlay-gradient":""},"mobile":{"background-color":"","background-image":"","background-repeat":"repeat","background-position":"center center","background-size":"auto","background-attachment":"scroll","background-type":"","background-media":"","overlay-type":"","overlay-color":"","overlay-opacity":"","overlay-gradient":""}},"ast-content-background-meta":{"desktop":{"background-color":"var(--ast-global-color-5)","background-image":"","background-repeat":"repeat","background-position":"center center","background-size":"auto","background-attachment":"scroll","background-type":"","background-media":"","overlay-type":"","overlay-color":"","overlay-opacity":"","overlay-gradient":""},"tablet":{"background-color":"var(--ast-global-color-5)","background-image":"","background-repeat":"repeat","background-position":"center center","background-size":"auto","background-attachment":"scroll","background-type":"","background-media":"","overlay-type":"","overlay-color":"","overlay-opacity":"","overlay-gradient":""},"mobile":{"background-color":"var(--ast-global-color-5)","background-image":"","background-repeat":"repeat","background-position":"center center","background-size":"auto","background-attachment":"scroll","background-type":"","background-media":"","overlay-type":"","overlay-color":"","overlay-opacity":"","overlay-gradient":""}}},"product_brand":[],"product_cat":[55,42],"product_tag":[70,68,71,69],"class_list":{"0":"post-3313","1":"product","2":"type-product","3":"status-publish","4":"has-post-thumbnail","6":"product_cat-0-to-1-year","7":"product_cat-merchandise","8":"product_tag-babypillow","9":"product_tag-cuteanimalpillow","10":"product_tag-headshapesupport","11":"product_tag-kouniushapingpillow","12":"desktop-align-left","13":"tablet-align-left","14":"mobile-align-left","16":"first","17":"instock","18":"featured","19":"shipping-taxable","20":"product-type-simple"},"aioseo_notices":[],"uagb_featured_image_src":{"full":["https:\/\/babypillowwholesale.com\/wp-content\/uploads\/2025\/03\/1520.jpg",1000,1000,false],"thumbnail":["https:\/\/babypillowwholesale.com\/wp-content\/uploads\/2025\/03\/1520-150x150.jpg",150,150,true],"medium":["https:\/\/babypillowwholesale.com\/wp-content\/uploads\/2025\/03\/1520-300x300.jpg",300,300,true],"medium_large":["https:\/\/babypillowwholesale.com\/wp-content\/uploads\/2025\/03\/1520-768x768.jpg",768,768,true],"large":["https:\/\/babypillowwholesale.com\/wp-content\/uploads\/2025\/03\/1520.jpg",1000,1000,false],"1536x1536":["https:\/\/babypillowwholesale.com\/wp-content\/uploads\/2025\/03\/1520.jpg",1000,1000,false],"2048x2048":["https:\/\/babypillowwholesale.com\/wp-content\/uploads\/2025\/03\/1520.jpg",1000,1000,false],"trp-custom-language-flag":["https:\/\/babypillowwholesale.com\/wp-content\/uploads\/2025\/03\/1520.jpg",12,12,false],"woocommerce_thumbnail":["https:\/\/babypillowwholesale.com\/wp-content\/uploads\/2025\/03\/1520-300x300.jpg",300,300,true],"woocommerce_single":["https:\/\/babypillowwholesale.com\/wp-content\/uploads\/2025\/03\/1520-600x600.jpg",600,600,true],"woocommerce_gallery_thumbnail":["https:\/\/babypillowwholesale.com\/wp-content\/uploads\/2025\/03\/1520-100x100.jpg",100,100,true]},"uagb_author_info":{"display_name":"Etnen zhong","author_link":"https:\/\/babypillowwholesale.com\/fi\/author\/"},"uagb_comment_info":0,"uagb_excerpt":"The Little Raccoon Contour Pillow, tailored for infants aged 0\u201312 months, harmonizes cuteness with professional care. Its design, inspired by a cuddly little raccoon with round ears and a serene expression, adds an endearing touch to baby essentials. The pillow\u2019s contour structure offers scientific, ergonomic support, gently embracing the baby\u2019s head to nurture healthy head&hellip;","jetpack_sharing_enabled":true,"_links":{"self":[{"href":"https:\/\/babypillowwholesale.com\/fi\/wp-json\/wp\/v2\/product\/3313","targetHints":{"allow":["GET"]}}],"collection":[{"href":"https:\/\/babypillowwholesale.com\/fi\/wp-json\/wp\/v2\/product"}],"about":[{"href":"https:\/\/babypillowwholesale.com\/fi\/wp-json\/wp\/v2\/types\/product"}],"replies":[{"embeddable":true,"href":"https:\/\/babypillowwholesale.com\/fi\/wp-json\/wp\/v2\/comments?post=3313"}],"wp:featuredmedia":[{"embeddable":true,"href":"https:\/\/babypillowwholesale.com\/fi\/wp-json\/wp\/v2\/media\/3314"}],"wp:attachment":[{"href":"https:\/\/babypillowwholesale.com\/fi\/wp-json\/wp\/v2\/media?parent=3313"}],"wp:term":[{"taxonomy":"product_brand","embeddable":true,"href":"https:\/\/babypillowwholesale.com\/fi\/wp-json\/wp\/v2\/product_brand?post=3313"},{"taxonomy":"product_cat","embeddable":true,"href":"https:\/\/babypillowwholesale.com\/fi\/wp-json\/wp\/v2\/product_cat?post=3313"},{"taxonomy":"product_tag","embeddable":true,"href":"https:\/\/babypillowwholesale.com\/fi\/wp-json\/wp\/v2\/product_tag?post=3313"}],"curies":[{"name":"wp","href":"https:\/\/api.w.org\/{rel}","templated":true}]}}