{"id":3300,"date":"2025-03-22T02:53:38","date_gmt":"2025-03-22T02:53:38","guid":{"rendered":"https:\/\/babypillowwholesale.com\/?post_type=product&#038;p=3300"},"modified":"2025-06-08T15:41:34","modified_gmt":"2025-06-08T15:41:34","slug":"penguin-shaping-pillow","status":"publish","type":"product","link":"https:\/\/babypillowwholesale.com\/fi\/product\/penguin-shaping-pillow\/","title":{"rendered":"Pingviini muotoilutyyny"},"content":{"rendered":"<div class=\"auto-hide-last-sibling-br paragraph-qzbcQC paragraph-element br-paragraph-space\" data-immersive-translate-walked=\"8e61f2e7-6af2-46e5-9672-3b9e4f4033d9\" data-immersive-translate-paragraph=\"1\">\n<div class=\"auto-hide-last-sibling-br paragraph-qzbcQC paragraph-element br-paragraph-space\">Syleile Pingviinin muotoilutyynyn vieh\u00e4tt\u00e4vyytt\u00e4, sill\u00e4 se on rakkaudella valmistettu ja suunniteltu pienimmille seikkailijoille, jotka ovat i\u00e4lt\u00e4\u00e4n 0-6 kuukauden ik\u00e4isi\u00e4. T\u00e4m\u00e4 tyyny muistuttaa herttaista pingviini\u00e4 pullealla vartalollaan, siroilla r\u00e4pyl\u00f6ill\u00e4\u00e4n ja s\u00f6p\u00f6ll\u00e4 nokallaan, ja se on visuaalinen herkkupala, joka tuo vauvasi maailmaan v\u00e4litt\u00f6m\u00e4sti annoksen s\u00f6p\u00f6ytt\u00e4. T\u00e4ss\u00e4 tyynyss\u00e4 toiminnallisuus kohtaa tyylin. Harkitusti muotoiltu keskimm\u00e4inen leikkaus tarjoaa hell\u00e4varaisen, kehtoisen tuen vauvan herk\u00e4lle p\u00e4\u00e4h\u00e4n ja ohjaa sit\u00e4 sujuvasti kohti t\u00e4ydellist\u00e4 muotoa, kun vauva kulkee l\u00e4pi kallisarvoisten ensimm\u00e4isten p\u00e4iviens\u00e4. Tyyny on kooltaan 26,5*25*1,5 cm, joten se on uskomattoman mukautuva. Aseta se rauhallisina koti-iltoina vauvan pinnas\u00e4nkyyn ja katso, kuinka se luo mukavan pingviini-aiheisen turvapaikan, joka tuudittaa pikkuisen rauhalliseen uneen. Kun olet talvisella k\u00e4velyretkell\u00e4 tai el\u00e4intarhassa, tyyny sopii saumattomasti rattaisiin ja varmistaa, ett\u00e4 vauvasi viihtyy ihastuttavan pingviinikuvion ymp\u00e4r\u00f6im\u00e4n\u00e4. Vanhemmat ovat aivan rakastuneita t\u00e4h\u00e4n tyynyyn! Er\u00e4s \u00e4iti raivostui: \"Vauvani ei saa tarpeekseen t\u00e4st\u00e4 pingviinityynyst\u00e4. Se on niin pehme\u00e4, ja sen muotoilu on aivan liian ihana. Lis\u00e4ksi siit\u00e4 on ollut todella paljon apua, kun h\u00e4nen p\u00e4\u00e4ns\u00e4 on pysynyt hyv\u00e4ss\u00e4 asennossa.\" Er\u00e4s is\u00e4 lis\u00e4si: \"Siit\u00e4 on tullut meid\u00e4n jokaiselle retkellemme. V\u00e4rivaihtoehdot ovat upeita, ja vauvamme n\u00e4ytt\u00e4\u00e4 aina niin iloiselta, kun h\u00e4n n\u00e4kee pingviinin. Eritt\u00e4in suositeltavaa!\" Pingviinin muotoilutyyny on saatavana vieh\u00e4tt\u00e4viss\u00e4 vaaleanpunaisen ja sinisen s\u00e4vyiss\u00e4, ja se on enemm\u00e4n kuin pelkk\u00e4 vauvan lis\u00e4varuste; se on vauvan rakas kumppani, joka lupaa mukavuutta, tukea ja paljon pingviinien inspiroimaa iloa vauvasi ensimm\u00e4isille kuukausille.<\/div>\n<\/div>","protected":false},"excerpt":{"rendered":"<p>Pingviinin muotoilutyyny on vastustamattoman s\u00f6p\u00f6 ja k\u00e4yt\u00e4nn\u00f6llinen tuote, joka on r\u00e4\u00e4t\u00e4l\u00f6ity 0-6 kuukauden ik\u00e4isille vauvoille. Sen muotoilu, joka on mallinnettu suloisesta pingviinist\u00e4, jolla on pullea vartalo, r\u00e4pyl\u00e4t ja suloinen nokka, voittaa varmasti syd\u00e4met ensisilm\u00e4yksell\u00e4. Tyynyn keskimm\u00e4inen leikkaus on suunniteltu huolellisesti niin, ett\u00e4 se tarjoaa hell\u00e4varaista ja ergonomista tukea vauvan p\u00e4\u00e4h\u00e4n ja auttaa s\u00e4ilytt\u00e4m\u00e4\u00e4n oikean p\u00e4\u00e4n muodon vauvan t\u00e4rke\u00e4n varhaisen kehitysvaiheen aikana. Mitat 26,5*<em>25*<\/em>1,5 cm, se mahtuu hyvin pinnas\u00e4nkyihin, rattaisiin tai vauvan kuljetusvaunuihin ja tarjoaa pienelle lapsellesi kodikkaan ja tutun lepopaikan miss\u00e4 tahansa h\u00e4n onkin. Saatavana vaaleanpunaisena ja sinisen\u00e4, joten vanhemmat voivat valita mieleisens\u00e4 tai lastenhuoneen sisustukseen sopivan v\u00e4rin, jossa yhdistyv\u00e4t sek\u00e4 vieh\u00e4tysvoima ett\u00e4 toiminnallisuus vauvan hoidon tehostamiseksi.<\/p>","protected":false},"featured_media":3301,"comment_status":"open","ping_status":"closed","template":"","meta":{"_uag_custom_page_level_css":"","site-sidebar-layout":"default","site-content-layout":"","ast-site-content-layout":"default","site-content-style":"default","site-sidebar-style":"default","ast-global-header-display":"","ast-banner-title-visibility":"","ast-main-header-display":"","ast-hfb-above-header-display":"","ast-hfb-below-header-display":"","ast-hfb-mobile-header-display":"","site-post-title":"","ast-breadcrumbs-content":"","ast-featured-img":"","footer-sml-layout":"","ast-disable-related-posts":"","theme-transparent-header-meta":"default","adv-header-id-meta":"","stick-header-meta":"","header-above-stick-meta":"","header-main-stick-meta":"","header-below-stick-meta":"","astra-migrate-meta-layouts":"set","ast-page-background-enabled":"default","ast-page-background-meta":{"desktop":{"background-color":"","background-image":"","background-repeat":"repeat","background-position":"center center","background-size":"auto","background-attachment":"scroll","background-type":"","background-media":"","overlay-type":"","overlay-color":"","overlay-opacity":"","overlay-gradient":""},"tablet":{"background-color":"","background-image":"","background-repeat":"repeat","background-position":"center center","background-size":"auto","background-attachment":"scroll","background-type":"","background-media":"","overlay-type":"","overlay-color":"","overlay-opacity":"","overlay-gradient":""},"mobile":{"background-color":"","background-image":"","background-repeat":"repeat","background-position":"center center","background-size":"auto","background-attachment":"scroll","background-type":"","background-media":"","overlay-type":"","overlay-color":"","overlay-opacity":"","overlay-gradient":""}},"ast-content-background-meta":{"desktop":{"background-color":"var(--ast-global-color-5)","background-image":"","background-repeat":"repeat","background-position":"center center","background-size":"auto","background-attachment":"scroll","background-type":"","background-media":"","overlay-type":"","overlay-color":"","overlay-opacity":"","overlay-gradient":""},"tablet":{"background-color":"var(--ast-global-color-5)","background-image":"","background-repeat":"repeat","background-position":"center center","background-size":"auto","background-attachment":"scroll","background-type":"","background-media":"","overlay-type":"","overlay-color":"","overlay-opacity":"","overlay-gradient":""},"mobile":{"background-color":"var(--ast-global-color-5)","background-image":"","background-repeat":"repeat","background-position":"center center","background-size":"auto","background-attachment":"scroll","background-type":"","background-media":"","overlay-type":"","overlay-color":"","overlay-opacity":"","overlay-gradient":""}}},"product_brand":[],"product_cat":[54,42],"product_tag":[70,68,71,69],"class_list":{"0":"post-3300","1":"product","2":"type-product","3":"status-publish","4":"has-post-thumbnail","6":"product_cat-0-to-6months","7":"product_cat-merchandise","8":"product_tag-babypillow","9":"product_tag-cuteanimalpillow","10":"product_tag-headshapesupport","11":"product_tag-kouniushapingpillow","12":"desktop-align-left","13":"tablet-align-left","14":"mobile-align-left","16":"first","17":"instock","18":"shipping-taxable","19":"product-type-simple"},"aioseo_notices":[],"uagb_featured_image_src":{"full":["https:\/\/babypillowwholesale.com\/wp-content\/uploads\/2025\/03\/1511.jpg",1000,1000,false],"thumbnail":["https:\/\/babypillowwholesale.com\/wp-content\/uploads\/2025\/03\/1511-150x150.jpg",150,150,true],"medium":["https:\/\/babypillowwholesale.com\/wp-content\/uploads\/2025\/03\/1511-300x300.jpg",300,300,true],"medium_large":["https:\/\/babypillowwholesale.com\/wp-content\/uploads\/2025\/03\/1511-768x768.jpg",768,768,true],"large":["https:\/\/babypillowwholesale.com\/wp-content\/uploads\/2025\/03\/1511.jpg",1000,1000,false],"1536x1536":["https:\/\/babypillowwholesale.com\/wp-content\/uploads\/2025\/03\/1511.jpg",1000,1000,false],"2048x2048":["https:\/\/babypillowwholesale.com\/wp-content\/uploads\/2025\/03\/1511.jpg",1000,1000,false],"trp-custom-language-flag":["https:\/\/babypillowwholesale.com\/wp-content\/uploads\/2025\/03\/1511.jpg",12,12,false],"woocommerce_thumbnail":["https:\/\/babypillowwholesale.com\/wp-content\/uploads\/2025\/03\/1511-300x300.jpg",300,300,true],"woocommerce_single":["https:\/\/babypillowwholesale.com\/wp-content\/uploads\/2025\/03\/1511-600x600.jpg",600,600,true],"woocommerce_gallery_thumbnail":["https:\/\/babypillowwholesale.com\/wp-content\/uploads\/2025\/03\/1511-100x100.jpg",100,100,true]},"uagb_author_info":{"display_name":"Etnen zhong","author_link":"https:\/\/babypillowwholesale.com\/fi\/author\/"},"uagb_comment_info":0,"uagb_excerpt":"The Penguin Shaping Pillow is an irresistibly cute and practical product tailored for infants aged 0 to 6 months. Its design, modeled after an adorable penguin with a chubby body, flippers, and a sweet beak, is sure to win hearts at first sight. The central cut - out of the pillow is carefully engineered to&hellip;","jetpack_sharing_enabled":true,"_links":{"self":[{"href":"https:\/\/babypillowwholesale.com\/fi\/wp-json\/wp\/v2\/product\/3300","targetHints":{"allow":["GET"]}}],"collection":[{"href":"https:\/\/babypillowwholesale.com\/fi\/wp-json\/wp\/v2\/product"}],"about":[{"href":"https:\/\/babypillowwholesale.com\/fi\/wp-json\/wp\/v2\/types\/product"}],"replies":[{"embeddable":true,"href":"https:\/\/babypillowwholesale.com\/fi\/wp-json\/wp\/v2\/comments?post=3300"}],"wp:featuredmedia":[{"embeddable":true,"href":"https:\/\/babypillowwholesale.com\/fi\/wp-json\/wp\/v2\/media\/3301"}],"wp:attachment":[{"href":"https:\/\/babypillowwholesale.com\/fi\/wp-json\/wp\/v2\/media?parent=3300"}],"wp:term":[{"taxonomy":"product_brand","embeddable":true,"href":"https:\/\/babypillowwholesale.com\/fi\/wp-json\/wp\/v2\/product_brand?post=3300"},{"taxonomy":"product_cat","embeddable":true,"href":"https:\/\/babypillowwholesale.com\/fi\/wp-json\/wp\/v2\/product_cat?post=3300"},{"taxonomy":"product_tag","embeddable":true,"href":"https:\/\/babypillowwholesale.com\/fi\/wp-json\/wp\/v2\/product_tag?post=3300"}],"curies":[{"name":"wp","href":"https:\/\/api.w.org\/{rel}","templated":true}]}}