{"id":3297,"date":"2025-03-22T02:36:47","date_gmt":"2025-03-22T02:36:47","guid":{"rendered":"https:\/\/babypillowwholesale.com\/?post_type=product&#038;p=3297"},"modified":"2025-06-08T16:05:37","modified_gmt":"2025-06-08T16:05:37","slug":"snotty-elephant-shaping-pillow","status":"publish","type":"product","link":"https:\/\/babypillowwholesale.com\/fi\/product\/snotty-elephant-shaping-pillow\/","title":{"rendered":"Snotty Elefantti muotoilutyynyn muotoilu"},"content":{"rendered":"<div class=\"auto-hide-last-sibling-br paragraph-qzbcQC paragraph-element br-paragraph-space\" data-immersive-translate-walked=\"8e61f2e7-6af2-46e5-9672-3b9e4f4033d9\" data-immersive-translate-paragraph=\"1\">\n<div class=\"auto-hide-last-sibling-br paragraph-qzbcQC paragraph-element br-paragraph-space\">Sukella mukavuuden ja s\u00f6p\u00f6yden maailmaan Snotty Elephant Shaping Pillow -tyynyn kanssa, joka on unenomainen, erityisesti 0-6 kuukauden ik\u00e4isille pienimmille aarteille suunniteltu. Sen lumoava muotoilu on saanut inspiraationsa lempe\u00e4st\u00e4 Snotty-norsusta, ja siin\u00e4 on suuret, lupsakat korvat ja suloiset, minimalistiset kasvot, jotka tuovat vauvasi lastenhuoneeseen v\u00e4litt\u00f6m\u00e4sti ripauksen valtamerellist\u00e4 charmia. T\u00e4m\u00e4 tyyny ei ole vain ihastuttavan n\u00e4k\u00f6inen, vaan se on my\u00f6s voimanpes\u00e4. Tarkasti muotoiltu keskileikkaus tarjoaa hell\u00e4n ja rauhoittavan syleilyn vauvan herk\u00e4lle p\u00e4\u00e4h\u00e4n ja ohjaa sit\u00e4 sulavasti kohti t\u00e4ydellist\u00e4 muotoa, kun vauva tutustuu ensimm\u00e4isten p\u00e4iviens\u00e4 ihmeisiin. Mitoiltaan 26,5*25*1,5 cm, se on uskomattoman monipuolinen. Aseta se rauhallisina iltap\u00e4ivin\u00e4 kotona vauvan pinnas\u00e4nkyyn ja katso, kuinka se muuttaa p\u00e4iv\u00e4unet rauhalliseksi valtameriseikkailuksi. Kun olette perheen kanssa retkell\u00e4, olipa kyse sitten matkasta rannalle tai vierailusta akvaariossa, tyyny mahtuu mukavasti rattaisiin ja varmistaa, ett\u00e4 pikkuinen nauttii mukavasta matkasta Snotty-norsun tutun vieh\u00e4tyksen ymp\u00e4r\u00f6im\u00e4n\u00e4. Vanhemmat ovat ihastuneet t\u00e4h\u00e4n tyynyyn! \"Vauvani rakastaa t\u00e4m\u00e4n Snotty-elefanttityynyn kanssa p\u00f6tk\u00f6ttely\u00e4. Se on niin pehme\u00e4, ja sen muotoilu on ainutlaatuinen. Olen my\u00f6s huomannut, ett\u00e4 se auttaa pit\u00e4m\u00e4\u00e4n p\u00e4\u00e4n muodon hyv\u00e4n\u00e4\", er\u00e4s innostunut \u00e4iti sanoo. Er\u00e4s is\u00e4 kertoi: \"Siit\u00e4 on tullut meille pakollinen tuote. Sit\u00e4 on helppo kuljettaa mukana, ja v\u00e4rivaihtoehdot ovat todella hienoja. Vauvamme vaikuttaa aina niin tyytyv\u00e4iselt\u00e4, kun h\u00e4n k\u00e4ytt\u00e4\u00e4 sit\u00e4.\" Ocean Elephant Shaping Pillow on saatavana hurmaavissa vaaleanpunaisen ja sinisen s\u00e4vyiss\u00e4, ja se on enemm\u00e4n kuin vain vauvan lis\u00e4varuste; se on rakastettu kumppani, joka lupaa mukavuutta, tukea ja paljon valtamerellist\u00e4 charmia vauvasi arvokkaille ensimm\u00e4isille kuukausille.<\/div>\n<\/div>","protected":false},"excerpt":{"rendered":"<p>Snotty Elephant Shaping Pillow on houkutteleva ja k\u00e4yt\u00e4nn\u00f6llinen valinta 0-6 kuukauden ik\u00e4isille vauvoille. Sen muotoilu, joka on mallinnettu valtameri-aiheisen norsun mukaan, jolla on suuret korvat ja yksinkertaiset, s\u00f6p\u00f6t kasvot, her\u00e4tt\u00e4\u00e4 huomiota. Tyynyn keskell\u00e4 oleva leikkaus on muotoiltu huolellisesti niin, ett\u00e4 se tukee vauvan p\u00e4\u00e4t\u00e4 hell\u00e4varaisesti ja auttaa s\u00e4ilytt\u00e4m\u00e4\u00e4n p\u00e4\u00e4n oikean muodon varhaisen kehityksen aikana. Mitat 26,5*<em>25*<\/em>1,5 cm, se sopii hyvin pinnas\u00e4nkyyn, rattaisiin tai kun vauva rentoutuu leikkimatolla. Saatavana vaaleanpunaisena ja sinisen\u00e4, se antaa vanhemmille mahdollisuuden valita omaan makuun tai lastenhuoneen sisustukseen sopivan v\u00e4rin, jossa yhdistyv\u00e4t sek\u00e4 vieh\u00e4tysvoima ett\u00e4 toimivuus vauvanhoidossa.<\/p>","protected":false},"featured_media":3298,"comment_status":"open","ping_status":"closed","template":"","meta":{"_uag_custom_page_level_css":"","site-sidebar-layout":"default","site-content-layout":"","ast-site-content-layout":"default","site-content-style":"default","site-sidebar-style":"default","ast-global-header-display":"","ast-banner-title-visibility":"","ast-main-header-display":"","ast-hfb-above-header-display":"","ast-hfb-below-header-display":"","ast-hfb-mobile-header-display":"","site-post-title":"","ast-breadcrumbs-content":"","ast-featured-img":"","footer-sml-layout":"","ast-disable-related-posts":"","theme-transparent-header-meta":"default","adv-header-id-meta":"","stick-header-meta":"","header-above-stick-meta":"","header-main-stick-meta":"","header-below-stick-meta":"","astra-migrate-meta-layouts":"set","ast-page-background-enabled":"default","ast-page-background-meta":{"desktop":{"background-color":"","background-image":"","background-repeat":"repeat","background-position":"center center","background-size":"auto","background-attachment":"scroll","background-type":"","background-media":"","overlay-type":"","overlay-color":"","overlay-opacity":"","overlay-gradient":""},"tablet":{"background-color":"","background-image":"","background-repeat":"repeat","background-position":"center center","background-size":"auto","background-attachment":"scroll","background-type":"","background-media":"","overlay-type":"","overlay-color":"","overlay-opacity":"","overlay-gradient":""},"mobile":{"background-color":"","background-image":"","background-repeat":"repeat","background-position":"center center","background-size":"auto","background-attachment":"scroll","background-type":"","background-media":"","overlay-type":"","overlay-color":"","overlay-opacity":"","overlay-gradient":""}},"ast-content-background-meta":{"desktop":{"background-color":"var(--ast-global-color-5)","background-image":"","background-repeat":"repeat","background-position":"center center","background-size":"auto","background-attachment":"scroll","background-type":"","background-media":"","overlay-type":"","overlay-color":"","overlay-opacity":"","overlay-gradient":""},"tablet":{"background-color":"var(--ast-global-color-5)","background-image":"","background-repeat":"repeat","background-position":"center center","background-size":"auto","background-attachment":"scroll","background-type":"","background-media":"","overlay-type":"","overlay-color":"","overlay-opacity":"","overlay-gradient":""},"mobile":{"background-color":"var(--ast-global-color-5)","background-image":"","background-repeat":"repeat","background-position":"center center","background-size":"auto","background-attachment":"scroll","background-type":"","background-media":"","overlay-type":"","overlay-color":"","overlay-opacity":"","overlay-gradient":""}}},"product_brand":[],"product_cat":[54,42],"product_tag":[70,68,71,69],"class_list":{"0":"post-3297","1":"product","2":"type-product","3":"status-publish","4":"has-post-thumbnail","6":"product_cat-0-to-6months","7":"product_cat-merchandise","8":"product_tag-babypillow","9":"product_tag-cuteanimalpillow","10":"product_tag-headshapesupport","11":"product_tag-kouniushapingpillow","12":"desktop-align-left","13":"tablet-align-left","14":"mobile-align-left","16":"first","17":"instock","18":"shipping-taxable","19":"product-type-simple"},"aioseo_notices":[],"uagb_featured_image_src":{"full":["https:\/\/babypillowwholesale.com\/wp-content\/uploads\/2025\/03\/1510.jpg",1000,1000,false],"thumbnail":["https:\/\/babypillowwholesale.com\/wp-content\/uploads\/2025\/03\/1510-150x150.jpg",150,150,true],"medium":["https:\/\/babypillowwholesale.com\/wp-content\/uploads\/2025\/03\/1510-300x300.jpg",300,300,true],"medium_large":["https:\/\/babypillowwholesale.com\/wp-content\/uploads\/2025\/03\/1510-768x768.jpg",768,768,true],"large":["https:\/\/babypillowwholesale.com\/wp-content\/uploads\/2025\/03\/1510.jpg",1000,1000,false],"1536x1536":["https:\/\/babypillowwholesale.com\/wp-content\/uploads\/2025\/03\/1510.jpg",1000,1000,false],"2048x2048":["https:\/\/babypillowwholesale.com\/wp-content\/uploads\/2025\/03\/1510.jpg",1000,1000,false],"trp-custom-language-flag":["https:\/\/babypillowwholesale.com\/wp-content\/uploads\/2025\/03\/1510.jpg",12,12,false],"woocommerce_thumbnail":["https:\/\/babypillowwholesale.com\/wp-content\/uploads\/2025\/03\/1510-300x300.jpg",300,300,true],"woocommerce_single":["https:\/\/babypillowwholesale.com\/wp-content\/uploads\/2025\/03\/1510-600x600.jpg",600,600,true],"woocommerce_gallery_thumbnail":["https:\/\/babypillowwholesale.com\/wp-content\/uploads\/2025\/03\/1510-100x100.jpg",100,100,true]},"uagb_author_info":{"display_name":"Etnen zhong","author_link":"https:\/\/babypillowwholesale.com\/fi\/author\/"},"uagb_comment_info":1,"uagb_excerpt":"The Snotty Elephant Shaping Pillow is an appealing and practical choice for infants aged 0 to 6 months. Its design, modeled after an ocean - themed elephant with large ears and a simple, cute face, is eye - catching. The central cut - out of the pillow is carefully shaped to provide gentle support for&hellip;","jetpack_sharing_enabled":true,"_links":{"self":[{"href":"https:\/\/babypillowwholesale.com\/fi\/wp-json\/wp\/v2\/product\/3297","targetHints":{"allow":["GET"]}}],"collection":[{"href":"https:\/\/babypillowwholesale.com\/fi\/wp-json\/wp\/v2\/product"}],"about":[{"href":"https:\/\/babypillowwholesale.com\/fi\/wp-json\/wp\/v2\/types\/product"}],"replies":[{"embeddable":true,"href":"https:\/\/babypillowwholesale.com\/fi\/wp-json\/wp\/v2\/comments?post=3297"}],"wp:featuredmedia":[{"embeddable":true,"href":"https:\/\/babypillowwholesale.com\/fi\/wp-json\/wp\/v2\/media\/3298"}],"wp:attachment":[{"href":"https:\/\/babypillowwholesale.com\/fi\/wp-json\/wp\/v2\/media?parent=3297"}],"wp:term":[{"taxonomy":"product_brand","embeddable":true,"href":"https:\/\/babypillowwholesale.com\/fi\/wp-json\/wp\/v2\/product_brand?post=3297"},{"taxonomy":"product_cat","embeddable":true,"href":"https:\/\/babypillowwholesale.com\/fi\/wp-json\/wp\/v2\/product_cat?post=3297"},{"taxonomy":"product_tag","embeddable":true,"href":"https:\/\/babypillowwholesale.com\/fi\/wp-json\/wp\/v2\/product_tag?post=3297"}],"curies":[{"name":"wp","href":"https:\/\/api.w.org\/{rel}","templated":true}]}}