{"id":3289,"date":"2025-03-20T08:23:07","date_gmt":"2025-03-20T08:23:07","guid":{"rendered":"https:\/\/babypillowwholesale.com\/?post_type=product&#038;p=3289"},"modified":"2025-06-08T16:10:06","modified_gmt":"2025-06-08T16:10:06","slug":"crown-shaping-pillow","status":"publish","type":"product","link":"https:\/\/babypillowwholesale.com\/fi\/product\/crown-shaping-pillow\/","title":{"rendered":"Kruunun muotoilutyyny"},"content":{"rendered":"<div class=\"auto-hide-last-sibling-br paragraph-qzbcQC paragraph-element br-paragraph-space\" data-immersive-translate-walked=\"8e61f2e7-6af2-46e5-9672-3b9e4f4033d9\" data-immersive-translate-paragraph=\"1\">\n<div class=\"auto-hide-last-sibling-br paragraph-qzbcQC paragraph-element br-paragraph-space\">Esittelemme Crown Shaping Pillow -tyynyn, joka on t\u00e4ydellinen sekoitus eleganssia ja toiminnallisuutta, joka on valmistettu huolellisesti 0-6 kuukauden ik\u00e4isille pienimmille kuninkaallisille. Sen erottuva muotoilu, jota koristaa siro kruunu, antaa ripauksen kuninkaallista vieh\u00e4tyst\u00e4, mik\u00e4 tekee siit\u00e4 tyynyn lis\u00e4ksi my\u00f6s esineen mihin tahansa lastenhuoneeseen. T\u00e4m\u00e4 tyyny on mukavuuden ja tuen pyh\u00e4tt\u00f6. Tarkasti muotoiltu keskell\u00e4 oleva leikkaus leikkaa hell\u00e4varaisesti vauvan herkk\u00e4\u00e4 p\u00e4\u00e4t\u00e4 ja ohjaa sit\u00e4 sirosti kohti t\u00e4ydellist\u00e4 muotoa, kun vauva ajelehtii arvokkaiden ensimm\u00e4isten p\u00e4iviens\u00e4 aikana. Mitoiltaan 26,5*25*1,5cm, se sopii ihanteellisesti erilaisiin ymp\u00e4rist\u00f6ihin. Olipa se sitten sijoitettu vauvasi pinnas\u00e4ngyn ylellisen pehme\u00e4\u00e4n pehmustukseen, luoden viihtyis\u00e4n valtaistuimen h\u00e4nen rauhallisille unilleen tai kulkien h\u00e4nen mukanaan rattaissa aurinkoisella k\u00e4velyretkell\u00e4 naapurustossa, t\u00e4m\u00e4 tyyny takaa horjumattoman mukavuuden. Se sopii hyvin my\u00f6s vauvan kantorepussa, mik\u00e4 tekee retkist\u00e4 vaivatonta ja pit\u00e4\u00e4 pikkuisen mukavasti tuettuna. Vanhemmat ovat lumoutuneet t\u00e4st\u00e4 tyynyst\u00e4! Er\u00e4s innostunut \u00e4iti kertoi: \"Vauvani n\u00e4ytt\u00e4\u00e4 pienelt\u00e4 prinssilt\u00e4\/prinsessalta, kun h\u00e4n lep\u00e4\u00e4 t\u00e4m\u00e4n kruunatyynyn p\u00e4\u00e4ll\u00e4. Se on uskomattoman pehme\u00e4, ja olen huomannut, ett\u00e4 h\u00e4nen p\u00e4\u00e4ns\u00e4 muoto on parantunut huomattavasti. Valitsemamme sininen v\u00e4ri on aivan upea lastenhuoneessa.\" Er\u00e4s is\u00e4 lis\u00e4si: \"Se on niin k\u00e4tev\u00e4 ottaa mukaan kaikkialle. Muotoilu on ainutlaatuinen, ja vauvani tuntuu pit\u00e4v\u00e4n siit\u00e4. Se on loistava lis\u00e4 vauvamme v\u00e4ltt\u00e4m\u00e4tt\u00f6miin tarvikkeisiin.\" Crown Shaping Pillow on saatavana hurmaavissa vaaleanpunaisen ja sinisen s\u00e4vyiss\u00e4, ja se on enemm\u00e4n kuin pelkk\u00e4 vauvan lis\u00e4varuste; se on vauvan rakas kumppani, joka lupaa mukavuutta, tukea ja ripaus kuninkaallista vieh\u00e4tyst\u00e4 vauvasi kallisarvoisille ensimm\u00e4isille kuukausille.<\/div>\n<\/div>","protected":false},"excerpt":{"rendered":"<p>Crown Shaping Pillow on vieh\u00e4tt\u00e4v\u00e4 ja k\u00e4yt\u00e4nn\u00f6llinen tuote, joka on suunniteltu 0-6 kuukauden ik\u00e4isille vauvoille. Sen ainutlaatuinen muotoilu, jossa on s\u00f6p\u00f6 kruunu p\u00e4\u00e4ll\u00e4, antaa sille kuninkaallisen ja ihastuttavan ilmeen. Tyynyn keskell\u00e4 oleva leikkaus on muotoiltu huolellisesti niin, ett\u00e4 se tukee hell\u00e4varaisesti vauvan p\u00e4\u00e4t\u00e4 ja auttaa s\u00e4ilytt\u00e4m\u00e4\u00e4n p\u00e4\u00e4n oikean muodon ratkaisevan varhaisen kehitysvaiheen aikana. Mitat 26,5<em>25<\/em>1,5 cm, se sopii mukavasti pinnas\u00e4nkyyn, rattaisiin tai kun vauva rentoutuu peiton p\u00e4\u00e4ll\u00e4. Saatavana vaaleanpunaisena ja sinisen\u00e4, joten vanhemmat voivat valita makuunsa tai lastenhuoneen sisustukseen sopivan v\u00e4rin, jossa yhdistyv\u00e4t sek\u00e4 tyyli ett\u00e4 toiminnallisuus vauvan optimaalista hoitoa varten.<\/p>","protected":false},"featured_media":3290,"comment_status":"open","ping_status":"closed","template":"","meta":{"_uag_custom_page_level_css":"","site-sidebar-layout":"default","site-content-layout":"","ast-site-content-layout":"default","site-content-style":"default","site-sidebar-style":"default","ast-global-header-display":"","ast-banner-title-visibility":"","ast-main-header-display":"","ast-hfb-above-header-display":"","ast-hfb-below-header-display":"","ast-hfb-mobile-header-display":"","site-post-title":"","ast-breadcrumbs-content":"","ast-featured-img":"","footer-sml-layout":"","ast-disable-related-posts":"","theme-transparent-header-meta":"default","adv-header-id-meta":"","stick-header-meta":"","header-above-stick-meta":"","header-main-stick-meta":"","header-below-stick-meta":"","astra-migrate-meta-layouts":"set","ast-page-background-enabled":"default","ast-page-background-meta":{"desktop":{"background-color":"","background-image":"","background-repeat":"repeat","background-position":"center center","background-size":"auto","background-attachment":"scroll","background-type":"","background-media":"","overlay-type":"","overlay-color":"","overlay-opacity":"","overlay-gradient":""},"tablet":{"background-color":"","background-image":"","background-repeat":"repeat","background-position":"center center","background-size":"auto","background-attachment":"scroll","background-type":"","background-media":"","overlay-type":"","overlay-color":"","overlay-opacity":"","overlay-gradient":""},"mobile":{"background-color":"","background-image":"","background-repeat":"repeat","background-position":"center center","background-size":"auto","background-attachment":"scroll","background-type":"","background-media":"","overlay-type":"","overlay-color":"","overlay-opacity":"","overlay-gradient":""}},"ast-content-background-meta":{"desktop":{"background-color":"var(--ast-global-color-5)","background-image":"","background-repeat":"repeat","background-position":"center center","background-size":"auto","background-attachment":"scroll","background-type":"","background-media":"","overlay-type":"","overlay-color":"","overlay-opacity":"","overlay-gradient":""},"tablet":{"background-color":"var(--ast-global-color-5)","background-image":"","background-repeat":"repeat","background-position":"center center","background-size":"auto","background-attachment":"scroll","background-type":"","background-media":"","overlay-type":"","overlay-color":"","overlay-opacity":"","overlay-gradient":""},"mobile":{"background-color":"var(--ast-global-color-5)","background-image":"","background-repeat":"repeat","background-position":"center center","background-size":"auto","background-attachment":"scroll","background-type":"","background-media":"","overlay-type":"","overlay-color":"","overlay-opacity":"","overlay-gradient":""}}},"product_brand":[],"product_cat":[54,42],"product_tag":[70,68,71,69],"class_list":{"0":"post-3289","1":"product","2":"type-product","3":"status-publish","4":"has-post-thumbnail","6":"product_cat-0-to-6months","7":"product_cat-merchandise","8":"product_tag-babypillow","9":"product_tag-cuteanimalpillow","10":"product_tag-headshapesupport","11":"product_tag-kouniushapingpillow","12":"desktop-align-left","13":"tablet-align-left","14":"mobile-align-left","16":"first","17":"instock","18":"shipping-taxable","19":"product-type-simple"},"aioseo_notices":[],"uagb_featured_image_src":{"full":["https:\/\/babypillowwholesale.com\/wp-content\/uploads\/2025\/03\/1508.jpg",1000,1000,false],"thumbnail":["https:\/\/babypillowwholesale.com\/wp-content\/uploads\/2025\/03\/1508-150x150.jpg",150,150,true],"medium":["https:\/\/babypillowwholesale.com\/wp-content\/uploads\/2025\/03\/1508-300x300.jpg",300,300,true],"medium_large":["https:\/\/babypillowwholesale.com\/wp-content\/uploads\/2025\/03\/1508-768x768.jpg",768,768,true],"large":["https:\/\/babypillowwholesale.com\/wp-content\/uploads\/2025\/03\/1508.jpg",1000,1000,false],"1536x1536":["https:\/\/babypillowwholesale.com\/wp-content\/uploads\/2025\/03\/1508.jpg",1000,1000,false],"2048x2048":["https:\/\/babypillowwholesale.com\/wp-content\/uploads\/2025\/03\/1508.jpg",1000,1000,false],"trp-custom-language-flag":["https:\/\/babypillowwholesale.com\/wp-content\/uploads\/2025\/03\/1508.jpg",12,12,false],"woocommerce_thumbnail":["https:\/\/babypillowwholesale.com\/wp-content\/uploads\/2025\/03\/1508-300x300.jpg",300,300,true],"woocommerce_single":["https:\/\/babypillowwholesale.com\/wp-content\/uploads\/2025\/03\/1508-600x600.jpg",600,600,true],"woocommerce_gallery_thumbnail":["https:\/\/babypillowwholesale.com\/wp-content\/uploads\/2025\/03\/1508-100x100.jpg",100,100,true]},"uagb_author_info":{"display_name":"yangli","author_link":"https:\/\/babypillowwholesale.com\/fi\/author\/"},"uagb_comment_info":0,"uagb_excerpt":"The Crown Shaping Pillow is a charming and practical product designed for infants aged 0 to 6 months. Its unique design, featuring a cute crown on top, gives it a regal and adorable look. The central cut - out of the pillow is carefully crafted to provide gentle support for a baby's head, helping to&hellip;","jetpack_sharing_enabled":true,"_links":{"self":[{"href":"https:\/\/babypillowwholesale.com\/fi\/wp-json\/wp\/v2\/product\/3289","targetHints":{"allow":["GET"]}}],"collection":[{"href":"https:\/\/babypillowwholesale.com\/fi\/wp-json\/wp\/v2\/product"}],"about":[{"href":"https:\/\/babypillowwholesale.com\/fi\/wp-json\/wp\/v2\/types\/product"}],"replies":[{"embeddable":true,"href":"https:\/\/babypillowwholesale.com\/fi\/wp-json\/wp\/v2\/comments?post=3289"}],"wp:featuredmedia":[{"embeddable":true,"href":"https:\/\/babypillowwholesale.com\/fi\/wp-json\/wp\/v2\/media\/3290"}],"wp:attachment":[{"href":"https:\/\/babypillowwholesale.com\/fi\/wp-json\/wp\/v2\/media?parent=3289"}],"wp:term":[{"taxonomy":"product_brand","embeddable":true,"href":"https:\/\/babypillowwholesale.com\/fi\/wp-json\/wp\/v2\/product_brand?post=3289"},{"taxonomy":"product_cat","embeddable":true,"href":"https:\/\/babypillowwholesale.com\/fi\/wp-json\/wp\/v2\/product_cat?post=3289"},{"taxonomy":"product_tag","embeddable":true,"href":"https:\/\/babypillowwholesale.com\/fi\/wp-json\/wp\/v2\/product_tag?post=3289"}],"curies":[{"name":"wp","href":"https:\/\/api.w.org\/{rel}","templated":true}]}}