{"id":3286,"date":"2025-03-18T15:34:57","date_gmt":"2025-03-18T15:34:57","guid":{"rendered":"https:\/\/babypillowwholesale.com\/?post_type=product&#038;p=3286"},"modified":"2025-06-08T16:11:21","modified_gmt":"2025-06-08T16:11:21","slug":"monster-shaping-pillow","status":"publish","type":"product","link":"https:\/\/babypillowwholesale.com\/fi\/product\/monster-shaping-pillow\/","title":{"rendered":"Monster muotoilutyyny"},"content":{"rendered":"<div class=\"auto-hide-last-sibling-br paragraph-qzbcQC paragraph-element br-paragraph-space\" data-immersive-translate-walked=\"8e61f2e7-6af2-46e5-9672-3b9e4f4033d9\" data-immersive-translate-paragraph=\"1\">\n<div class=\"auto-hide-last-sibling-br paragraph-qzbcQC paragraph-element br-paragraph-space\">Astu omituisuuden ja mukavuuden maailmaan Monster Shaping Pillow -tyynyll\u00e4, joka on ehdoton apuv\u00e4line 0-6 kuukauden ik\u00e4isille pienimmille seikkailijoille. Sen herttainen hirvi\u00f6-vaikutteinen muotoilu, jossa on suuret, uteliaat py\u00f6re\u00e4t silm\u00e4t, s\u00f6p\u00f6 pieni nen\u00e4 ja pirte\u00e4t korvat, on leikkis\u00e4 lis\u00e4, joka pirist\u00e4\u00e4 v\u00e4litt\u00f6m\u00e4sti mit\u00e4 tahansa lastenhuonetta. T\u00e4m\u00e4 tyyny ei ole vain valloittavan ulkon\u00e4k\u00f6ns\u00e4 ansiosta, vaan se on my\u00f6s tuen tyyssija. Huolellisesti muotoiltu keskell\u00e4 oleva leikkaus tarjoaa hell\u00e4varaisen, rauhoittavan syleilyn vauvan herk\u00e4lle p\u00e4\u00e4h\u00e4n ja ohjaa sit\u00e4 sulavasti kohti t\u00e4ydellist\u00e4 muotoa, kun vauva tutustuu el\u00e4m\u00e4ns\u00e4 ensimm\u00e4isiin p\u00e4iviin. Mitoiltaan 26,5*25*1,5cm, se on uskomattoman monipuolinen. Laiskoina sunnuntai-iltap\u00e4ivin\u00e4 kotona voit asettaa sen vauvan pinnas\u00e4nkyyn ja katsella, kuinka se muuttaa p\u00e4iv\u00e4unet kodikkaaksi, unen t\u00e4ytt\u00e4m\u00e4ksi kokemukseksi. Kun olet perheen kanssa retkell\u00e4, olipa kyseess\u00e4 sitten matka el\u00e4intarhaan tai piknik puistossa, tyyny sopii hyvin rattaisiin ja varmistaa, ett\u00e4 pikkuinen nauttii mukavasta matkasta. Vanhemmat ovat haltioissaan t\u00e4st\u00e4 ihastuttavasta tyynyst\u00e4! Er\u00e4s \u00e4iti hehkutti: \"Vauvallani on pakkomielle t\u00e4h\u00e4n hirvi\u00f6tyynyyn. Se on niin pehme\u00e4, ja sen muotoilu saa h\u00e4net aina kikattaa. Lis\u00e4ksi se on pit\u00e4nyt heid\u00e4n p\u00e4\u00e4ns\u00e4 hyv\u00e4ss\u00e4 asennossa.\" Er\u00e4s is\u00e4 kertoi: \"Rakastan sit\u00e4, miten helppo sit\u00e4 on kuljettaa mukana. Siit\u00e4 on tullut matkojemme peruspakkaus, ja v\u00e4rivaihtoehdot ovat todella mukavia. Suosittelen sit\u00e4 l\u00e4mpim\u00e4sti muille vanhemmille.\" Monster Shaping Pillow on saatavana hurmaavissa vaaleanpunaisen ja sinisen s\u00e4vyiss\u00e4, ja se on enemm\u00e4n kuin vain vauvan lis\u00e4varuste; se on rakastettu kumppani, joka lupaa mukavuutta, tukea ja paljon hauskuutta vauvasi arvokkaisiin ensimm\u00e4isiin p\u00e4iviin.<\/div>\n<\/div>","protected":false},"excerpt":{"rendered":"<p>Monster Shaping Pillow on mukaansatempaava ja k\u00e4yt\u00e4nn\u00f6llinen tuote, joka on suunniteltu 0-6 kuukauden ik\u00e4isille vauvoille. Sen s\u00f6p\u00f6 hirvi\u00f6aiheinen ulkon\u00e4k\u00f6, jossa on py\u00f6re\u00e4t silm\u00e4t, pieni nen\u00e4 ja pienet korvat, tekee siit\u00e4 visuaalisesti kiinnostavan. Tyynyn ainutlaatuinen keskell\u00e4 oleva leikkaus tukee vauvan p\u00e4\u00e4t\u00e4 hell\u00e4varaisesti ja auttaa s\u00e4ilytt\u00e4m\u00e4\u00e4n p\u00e4\u00e4n oikean muodon varhaisen kasvun aikana. Mitat 26,5<em>25<\/em>1,5 cm, se sopii k\u00e4ytett\u00e4v\u00e4ksi pinnas\u00e4ngyiss\u00e4, lastenvaunuissa tai kun vauva makaa leikkimatolla. Saatavana vaaleanpunaisena ja sinisen\u00e4, se antaa vanhemmille mahdollisuuden valita mieleisens\u00e4 tai lastenhuoneen sisustukseen sopivan v\u00e4rin, jossa yhdistyv\u00e4t sek\u00e4 hauskuus ett\u00e4 toiminnallisuus vauvanhoidossa.<\/p>","protected":false},"featured_media":3287,"comment_status":"open","ping_status":"closed","template":"","meta":{"_uag_custom_page_level_css":"","site-sidebar-layout":"default","site-content-layout":"","ast-site-content-layout":"default","site-content-style":"default","site-sidebar-style":"default","ast-global-header-display":"","ast-banner-title-visibility":"","ast-main-header-display":"","ast-hfb-above-header-display":"","ast-hfb-below-header-display":"","ast-hfb-mobile-header-display":"","site-post-title":"","ast-breadcrumbs-content":"","ast-featured-img":"","footer-sml-layout":"","ast-disable-related-posts":"","theme-transparent-header-meta":"default","adv-header-id-meta":"","stick-header-meta":"","header-above-stick-meta":"","header-main-stick-meta":"","header-below-stick-meta":"","astra-migrate-meta-layouts":"set","ast-page-background-enabled":"default","ast-page-background-meta":{"desktop":{"background-color":"","background-image":"","background-repeat":"repeat","background-position":"center center","background-size":"auto","background-attachment":"scroll","background-type":"","background-media":"","overlay-type":"","overlay-color":"","overlay-opacity":"","overlay-gradient":""},"tablet":{"background-color":"","background-image":"","background-repeat":"repeat","background-position":"center center","background-size":"auto","background-attachment":"scroll","background-type":"","background-media":"","overlay-type":"","overlay-color":"","overlay-opacity":"","overlay-gradient":""},"mobile":{"background-color":"","background-image":"","background-repeat":"repeat","background-position":"center center","background-size":"auto","background-attachment":"scroll","background-type":"","background-media":"","overlay-type":"","overlay-color":"","overlay-opacity":"","overlay-gradient":""}},"ast-content-background-meta":{"desktop":{"background-color":"var(--ast-global-color-5)","background-image":"","background-repeat":"repeat","background-position":"center center","background-size":"auto","background-attachment":"scroll","background-type":"","background-media":"","overlay-type":"","overlay-color":"","overlay-opacity":"","overlay-gradient":""},"tablet":{"background-color":"var(--ast-global-color-5)","background-image":"","background-repeat":"repeat","background-position":"center center","background-size":"auto","background-attachment":"scroll","background-type":"","background-media":"","overlay-type":"","overlay-color":"","overlay-opacity":"","overlay-gradient":""},"mobile":{"background-color":"var(--ast-global-color-5)","background-image":"","background-repeat":"repeat","background-position":"center center","background-size":"auto","background-attachment":"scroll","background-type":"","background-media":"","overlay-type":"","overlay-color":"","overlay-opacity":"","overlay-gradient":""}}},"product_brand":[],"product_cat":[54,42],"product_tag":[70,68,71,69],"class_list":{"0":"post-3286","1":"product","2":"type-product","3":"status-publish","4":"has-post-thumbnail","6":"product_cat-0-to-6months","7":"product_cat-merchandise","8":"product_tag-babypillow","9":"product_tag-cuteanimalpillow","10":"product_tag-headshapesupport","11":"product_tag-kouniushapingpillow","12":"desktop-align-left","13":"tablet-align-left","14":"mobile-align-left","16":"first","17":"instock","18":"shipping-taxable","19":"product-type-simple"},"aioseo_notices":[],"uagb_featured_image_src":{"full":["https:\/\/babypillowwholesale.com\/wp-content\/uploads\/2025\/03\/1507.jpg",1000,1000,false],"thumbnail":["https:\/\/babypillowwholesale.com\/wp-content\/uploads\/2025\/03\/1507-150x150.jpg",150,150,true],"medium":["https:\/\/babypillowwholesale.com\/wp-content\/uploads\/2025\/03\/1507-300x300.jpg",300,300,true],"medium_large":["https:\/\/babypillowwholesale.com\/wp-content\/uploads\/2025\/03\/1507-768x768.jpg",768,768,true],"large":["https:\/\/babypillowwholesale.com\/wp-content\/uploads\/2025\/03\/1507.jpg",1000,1000,false],"1536x1536":["https:\/\/babypillowwholesale.com\/wp-content\/uploads\/2025\/03\/1507.jpg",1000,1000,false],"2048x2048":["https:\/\/babypillowwholesale.com\/wp-content\/uploads\/2025\/03\/1507.jpg",1000,1000,false],"trp-custom-language-flag":["https:\/\/babypillowwholesale.com\/wp-content\/uploads\/2025\/03\/1507.jpg",12,12,false],"woocommerce_thumbnail":["https:\/\/babypillowwholesale.com\/wp-content\/uploads\/2025\/03\/1507-300x300.jpg",300,300,true],"woocommerce_single":["https:\/\/babypillowwholesale.com\/wp-content\/uploads\/2025\/03\/1507-600x600.jpg",600,600,true],"woocommerce_gallery_thumbnail":["https:\/\/babypillowwholesale.com\/wp-content\/uploads\/2025\/03\/1507-100x100.jpg",100,100,true]},"uagb_author_info":{"display_name":"Etnen zhong","author_link":"https:\/\/babypillowwholesale.com\/fi\/author\/"},"uagb_comment_info":0,"uagb_excerpt":"The Monster Shaping Pillow is an engaging and practical product designed for infants aged 0 to 6 months. Its cute monster - themed appearance, with round eyes, a small nose, and little ears, makes it visually interesting. The unique central cut - out of the pillow provides gentle support for a baby's head, helping to&hellip;","jetpack_sharing_enabled":true,"_links":{"self":[{"href":"https:\/\/babypillowwholesale.com\/fi\/wp-json\/wp\/v2\/product\/3286","targetHints":{"allow":["GET"]}}],"collection":[{"href":"https:\/\/babypillowwholesale.com\/fi\/wp-json\/wp\/v2\/product"}],"about":[{"href":"https:\/\/babypillowwholesale.com\/fi\/wp-json\/wp\/v2\/types\/product"}],"replies":[{"embeddable":true,"href":"https:\/\/babypillowwholesale.com\/fi\/wp-json\/wp\/v2\/comments?post=3286"}],"wp:featuredmedia":[{"embeddable":true,"href":"https:\/\/babypillowwholesale.com\/fi\/wp-json\/wp\/v2\/media\/3287"}],"wp:attachment":[{"href":"https:\/\/babypillowwholesale.com\/fi\/wp-json\/wp\/v2\/media?parent=3286"}],"wp:term":[{"taxonomy":"product_brand","embeddable":true,"href":"https:\/\/babypillowwholesale.com\/fi\/wp-json\/wp\/v2\/product_brand?post=3286"},{"taxonomy":"product_cat","embeddable":true,"href":"https:\/\/babypillowwholesale.com\/fi\/wp-json\/wp\/v2\/product_cat?post=3286"},{"taxonomy":"product_tag","embeddable":true,"href":"https:\/\/babypillowwholesale.com\/fi\/wp-json\/wp\/v2\/product_tag?post=3286"}],"curies":[{"name":"wp","href":"https:\/\/api.w.org\/{rel}","templated":true}]}}