{"id":3273,"date":"2025-03-18T07:02:19","date_gmt":"2025-03-18T07:02:19","guid":{"rendered":"https:\/\/babypillowwholesale.com\/?post_type=product&#038;p=3273"},"modified":"2025-06-08T16:12:27","modified_gmt":"2025-06-08T16:12:27","slug":"adorable-bunny-shaping-pillow","status":"publish","type":"product","link":"https:\/\/babypillowwholesale.com\/fi\/product\/adorable-bunny-shaping-pillow\/","title":{"rendered":"Suloinen Bunny muotoilutyyny"},"content":{"rendered":"<div class=\"auto-hide-last-sibling-br paragraph-qzbcQC paragraph-element br-paragraph-space\" data-immersive-translate-walked=\"8e61f2e7-6af2-46e5-9672-3b9e4f4033d9\" data-immersive-translate-paragraph=\"1\">\n<div class=\"auto-hide-last-sibling-br paragraph-qzbcQC paragraph-element br-paragraph-space\">Hemmottele pikkuista mukavuuden syliss\u00e4 suloisella Bunny Shaping Pillow -tyynyll\u00e4, joka on pakko saada 0-6 kuukauden ik\u00e4isille vauvoille. Se on tehty j\u00e4ljittelem\u00e4\u00e4n kallisarvoista pupua, jolla on lupsakat korvat ja rauhallinen, puoliksi suljettu ilme, ja se on visuaalinen mestariteos, joka tuo ripauksen satumaista charmia mihin tahansa lastenhuoneeseen. T\u00e4m\u00e4 tyyny on toiminnallisuuden perikuva. Strategisesti sijoitettu keskell\u00e4 oleva leikkaus tarjoaa hell\u00e4varaisen, helliv\u00e4n tuen vauvasi herk\u00e4lle p\u00e4\u00e4h\u00e4n ja ohjaa sit\u00e4 sirosti kohti t\u00e4ydellist\u00e4 muotoa, kun vauva kokee ensimm\u00e4isten kuukausiensa ihmeit\u00e4. Se on kooltaan 26,5*25*1,5 cm, joten se on uskomattoman monipuolinen. Olipa se sitten sijoitettu vauvasi pinnas\u00e4ngyn pehme\u00e4\u00e4n syleilyyn, jolloin p\u00e4iv\u00e4unet muuttuvat unenomaiseksi pakopaikaksi, tai vaunuihin tuuliselle k\u00e4velylle rannalla, t\u00e4m\u00e4 tyyny varmistaa, ett\u00e4 pikku ilopillerisi viihtyy aina. Se sopii hyvin my\u00f6s vauvan turvaistuimiin, joten pitk\u00e4t automatkat ovat vauvallesi rauhallinen asia. Vanhemmat ovat rakastuneita t\u00e4h\u00e4n tyynyyn! \"Heti kun laitoin t\u00e4m\u00e4n Adorable Bunny Shaping Pillow -muotoilutyynyn vauvani pinnas\u00e4nkyyn, tiesin, ett\u00e4 se oli voittaja. Se ei ole vain superpehme\u00e4, vaan se on my\u00f6s tehnyt huomattavan eron vauvani p\u00e4\u00e4n muotoon\", er\u00e4s onnellinen \u00e4iti huudahti. Er\u00e4s is\u00e4 kertoi: \"Otan sen mukaani kaikkialle, minne menemme. Eri v\u00e4rivaihtoehdot ovat mahtavia, ja pupumalli saa vauvani aina hymyilem\u00e4\u00e4n. Se on ehdottomasti pakko-ostos uusille vanhemmille.\" Adorable Bunny Shaping Pillow on saatavana hurmaavissa vaaleanpunaisen, sinisen ja tummanvihre\u00e4n s\u00e4vyiss\u00e4, ja se on enemm\u00e4n kuin pelkk\u00e4 vauvan lis\u00e4varuste; se on rakastettu kumppani, joka lupaa mukavuutta, tukea ja paljon s\u00f6p\u00f6ytt\u00e4 vauvasi ensimm\u00e4isiin p\u00e4iviin.<\/div>\n<\/div>","protected":false},"excerpt":{"rendered":"<p>Adorable Bunny Shaping Pillow on ihastuttava tuote, joka on r\u00e4\u00e4t\u00e4l\u00f6ity 0-6 kuukauden ik\u00e4isille vauvoille. Sen muotoilu, joka on mallinnettu suloisesta pupusta, jolla on pitk\u00e4t korvat ja suloinen, uninen ilme, on visuaalisesti houkutteleva ja hurmaa varmasti sek\u00e4 vanhemmat ett\u00e4 vauvat. Tyynyn keskell\u00e4 oleva leikkaus on suunniteltu ergonomisesti tukemaan vauvan p\u00e4\u00e4t\u00e4 hell\u00e4varaisesti, mik\u00e4 auttaa s\u00e4ilytt\u00e4m\u00e4\u00e4n p\u00e4\u00e4n oikean muodon kriittisen varhaisen kehitysvaiheen aikana. Mitat 26,5*<em>25*<\/em>1,5 cm, se sopii mukavasti pinnas\u00e4nkyihin, lastenvaunuihin tai turvaistuimiin ja tarjoaa mukavan lepopaikan miss\u00e4 tahansa vauvasi onkin. Vaaleanpunaisen, sinisen ja tummanvihre\u00e4n v\u00e4rivaihtoehdon ansiosta vanhemmat voivat valita mieleisens\u00e4 tai lastenhuoneen sisustukseen sopivan s\u00e4vyn, jossa yhdistyv\u00e4t s\u00f6p\u00f6ys ja k\u00e4yt\u00e4nn\u00f6llisyys vauvan optimaalista hoitoa varten.<\/p>","protected":false},"featured_media":3285,"comment_status":"open","ping_status":"closed","template":"","meta":{"_uag_custom_page_level_css":"","site-sidebar-layout":"default","site-content-layout":"","ast-site-content-layout":"default","site-content-style":"default","site-sidebar-style":"default","ast-global-header-display":"","ast-banner-title-visibility":"","ast-main-header-display":"","ast-hfb-above-header-display":"","ast-hfb-below-header-display":"","ast-hfb-mobile-header-display":"","site-post-title":"","ast-breadcrumbs-content":"","ast-featured-img":"","footer-sml-layout":"","ast-disable-related-posts":"","theme-transparent-header-meta":"default","adv-header-id-meta":"","stick-header-meta":"","header-above-stick-meta":"","header-main-stick-meta":"","header-below-stick-meta":"","astra-migrate-meta-layouts":"set","ast-page-background-enabled":"default","ast-page-background-meta":{"desktop":{"background-color":"","background-image":"","background-repeat":"repeat","background-position":"center center","background-size":"auto","background-attachment":"scroll","background-type":"","background-media":"","overlay-type":"","overlay-color":"","overlay-opacity":"","overlay-gradient":""},"tablet":{"background-color":"","background-image":"","background-repeat":"repeat","background-position":"center center","background-size":"auto","background-attachment":"scroll","background-type":"","background-media":"","overlay-type":"","overlay-color":"","overlay-opacity":"","overlay-gradient":""},"mobile":{"background-color":"","background-image":"","background-repeat":"repeat","background-position":"center center","background-size":"auto","background-attachment":"scroll","background-type":"","background-media":"","overlay-type":"","overlay-color":"","overlay-opacity":"","overlay-gradient":""}},"ast-content-background-meta":{"desktop":{"background-color":"var(--ast-global-color-5)","background-image":"","background-repeat":"repeat","background-position":"center center","background-size":"auto","background-attachment":"scroll","background-type":"","background-media":"","overlay-type":"","overlay-color":"","overlay-opacity":"","overlay-gradient":""},"tablet":{"background-color":"var(--ast-global-color-5)","background-image":"","background-repeat":"repeat","background-position":"center center","background-size":"auto","background-attachment":"scroll","background-type":"","background-media":"","overlay-type":"","overlay-color":"","overlay-opacity":"","overlay-gradient":""},"mobile":{"background-color":"var(--ast-global-color-5)","background-image":"","background-repeat":"repeat","background-position":"center center","background-size":"auto","background-attachment":"scroll","background-type":"","background-media":"","overlay-type":"","overlay-color":"","overlay-opacity":"","overlay-gradient":""}}},"product_brand":[],"product_cat":[54,42],"product_tag":[70,68,71,69],"class_list":{"0":"post-3273","1":"product","2":"type-product","3":"status-publish","4":"has-post-thumbnail","6":"product_cat-0-to-6months","7":"product_cat-merchandise","8":"product_tag-babypillow","9":"product_tag-cuteanimalpillow","10":"product_tag-headshapesupport","11":"product_tag-kouniushapingpillow","12":"desktop-align-left","13":"tablet-align-left","14":"mobile-align-left","16":"first","17":"instock","18":"shipping-taxable","19":"product-type-simple"},"aioseo_notices":[],"uagb_featured_image_src":{"full":["https:\/\/babypillowwholesale.com\/wp-content\/uploads\/2025\/03\/1506-1.jpg",1000,1000,false],"thumbnail":["https:\/\/babypillowwholesale.com\/wp-content\/uploads\/2025\/03\/1506-1-150x150.jpg",150,150,true],"medium":["https:\/\/babypillowwholesale.com\/wp-content\/uploads\/2025\/03\/1506-1-300x300.jpg",300,300,true],"medium_large":["https:\/\/babypillowwholesale.com\/wp-content\/uploads\/2025\/03\/1506-1-768x768.jpg",768,768,true],"large":["https:\/\/babypillowwholesale.com\/wp-content\/uploads\/2025\/03\/1506-1.jpg",1000,1000,false],"1536x1536":["https:\/\/babypillowwholesale.com\/wp-content\/uploads\/2025\/03\/1506-1.jpg",1000,1000,false],"2048x2048":["https:\/\/babypillowwholesale.com\/wp-content\/uploads\/2025\/03\/1506-1.jpg",1000,1000,false],"trp-custom-language-flag":["https:\/\/babypillowwholesale.com\/wp-content\/uploads\/2025\/03\/1506-1.jpg",12,12,false],"woocommerce_thumbnail":["https:\/\/babypillowwholesale.com\/wp-content\/uploads\/2025\/03\/1506-1-300x300.jpg",300,300,true],"woocommerce_single":["https:\/\/babypillowwholesale.com\/wp-content\/uploads\/2025\/03\/1506-1-600x600.jpg",600,600,true],"woocommerce_gallery_thumbnail":["https:\/\/babypillowwholesale.com\/wp-content\/uploads\/2025\/03\/1506-1-100x100.jpg",100,100,true]},"uagb_author_info":{"display_name":"Etnen zhong","author_link":"https:\/\/babypillowwholesale.com\/fi\/author\/"},"uagb_comment_info":1,"uagb_excerpt":"The Adorable Bunny Shaping Pillow is a delightful product tailored for infants aged 0 to 6 months. Its design, modeled after an adorable bunny with long ears and a sweet, sleepy - eyed expression, is visually appealing and sure to charm both parents and babies. The central cut - out of the pillow is ergonomically&hellip;","jetpack_sharing_enabled":true,"_links":{"self":[{"href":"https:\/\/babypillowwholesale.com\/fi\/wp-json\/wp\/v2\/product\/3273","targetHints":{"allow":["GET"]}}],"collection":[{"href":"https:\/\/babypillowwholesale.com\/fi\/wp-json\/wp\/v2\/product"}],"about":[{"href":"https:\/\/babypillowwholesale.com\/fi\/wp-json\/wp\/v2\/types\/product"}],"replies":[{"embeddable":true,"href":"https:\/\/babypillowwholesale.com\/fi\/wp-json\/wp\/v2\/comments?post=3273"}],"wp:featuredmedia":[{"embeddable":true,"href":"https:\/\/babypillowwholesale.com\/fi\/wp-json\/wp\/v2\/media\/3285"}],"wp:attachment":[{"href":"https:\/\/babypillowwholesale.com\/fi\/wp-json\/wp\/v2\/media?parent=3273"}],"wp:term":[{"taxonomy":"product_brand","embeddable":true,"href":"https:\/\/babypillowwholesale.com\/fi\/wp-json\/wp\/v2\/product_brand?post=3273"},{"taxonomy":"product_cat","embeddable":true,"href":"https:\/\/babypillowwholesale.com\/fi\/wp-json\/wp\/v2\/product_cat?post=3273"},{"taxonomy":"product_tag","embeddable":true,"href":"https:\/\/babypillowwholesale.com\/fi\/wp-json\/wp\/v2\/product_tag?post=3273"}],"curies":[{"name":"wp","href":"https:\/\/api.w.org\/{rel}","templated":true}]}}