{"id":3269,"date":"2025-03-17T15:47:20","date_gmt":"2025-03-17T15:47:20","guid":{"rendered":"https:\/\/babypillowwholesale.com\/?post_type=product&#038;p=3269"},"modified":"2025-06-08T16:14:39","modified_gmt":"2025-06-08T16:14:39","slug":"little-bear-crescent-pillow","status":"publish","type":"product","link":"https:\/\/babypillowwholesale.com\/fi\/product\/little-bear-crescent-pillow\/","title":{"rendered":"Pikku karhu Crescent tyyny"},"content":{"rendered":"<div class=\"auto-hide-last-sibling-br paragraph-qzbcQC paragraph-element br-paragraph-space\" data-immersive-translate-walked=\"8e61f2e7-6af2-46e5-9672-3b9e4f4033d9\" data-immersive-translate-paragraph=\"1\">Tutustu lumoavaan Little Bear Crescent -tyynyyn, joka on t\u00e4ydellinen yhdistelm\u00e4 vieh\u00e4tyst\u00e4 ja toiminnallisuutta, r\u00e4\u00e4t\u00e4l\u00f6ity 0-6 kuukauden ik\u00e4isille pienimmille nukkujille. Ihastuttavaa pikku karhua muistuttava tyyny, jolla on pirte\u00e4t korvat ja l\u00e4mp\u00f6\u00e4 huokuvat kasvot, varastaa heti syd\u00e4men ja tuo vauvasi maailmaan annoksen s\u00f6p\u00f6ytt\u00e4. T\u00e4m\u00e4 tyyny ei ole vain visuaalinen ilo, vaan se on my\u00f6s mukavuuden voimanpes\u00e4. Huolellisesti muotoiltu puolikuun muoto tarjoaa hell\u00e4varaisen, ergonomisen syleilyn vauvasi herk\u00e4lle p\u00e4\u00e4h\u00e4n ja ohjaa sit\u00e4 kohti kaunista muotoa, kun vauva kulkee arvokkaiden ensimm\u00e4isten kuukausiensa l\u00e4pi. Se on kooltaan 23\/20,5*0\/5cm, joten se sopii ihanteellisesti erilaisiin ymp\u00e4rist\u00f6ihin. Kun viet\u00e4t pitki\u00e4, laiskoja iltap\u00e4ivi\u00e4 kotona, aseta se vauvan pinnas\u00e4nkyyn ja katso, kuinka se muuttaa tilan viihtyis\u00e4ksi turvapaikaksi ja tuudittaa pikkuisen rauhalliseen uneen. Kun olet liikkeell\u00e4, olipa kyse sitten pikaisesta matkasta ruokakauppaan tai viikonloppuretkest\u00e4, tyyny mahtuu mukavasti vauvan kantokoppaan, mik\u00e4 takaa vauvan mukavuuden koko matkan ajan. Vanhemmat ovat innoissaan t\u00e4st\u00e4 pienest\u00e4 helmest\u00e4! Er\u00e4s onnellinen \u00e4iti kertoi: \"Vauvani on k\u00e4ytt\u00e4nyt t\u00e4t\u00e4 karhutyyny\u00e4 muutaman viikon ik\u00e4isest\u00e4 l\u00e4htien. Se on niin pehme\u00e4, ja rakastan s\u00f6p\u00f6\u00e4 muotoilua. Lis\u00e4ksi se tuntuu todella auttavan pit\u00e4m\u00e4\u00e4n p\u00e4\u00e4n hyv\u00e4ss\u00e4 asennossa.\" Toinen is\u00e4 lis\u00e4si: \"Eri v\u00e4rivaihtoehdot olivat suuri plussa. Hankimme tummanvihre\u00e4n, ja se n\u00e4ytt\u00e4\u00e4 upealta lastenhuoneessa. Siit\u00e4 on tullut olennainen osa vauvamme rutiineja.\" Little Bear Crescent Pillow on saatavana hurmaavissa vaaleanpunaisen, sinisen ja tummanvihre\u00e4n s\u00e4vyiss\u00e4, ja se on enemm\u00e4n kuin vain vauvan tarvike; se on rakastettu kumppani, joka lupaa mukavuutta, tukea ja paljon s\u00f6p\u00f6ytt\u00e4 vauvasi ensimm\u00e4isiin p\u00e4iviin.<\/div>","protected":false},"excerpt":{"rendered":"<p>Little Bear Crescent -tyyny on vieh\u00e4tt\u00e4v\u00e4 ja k\u00e4yt\u00e4nn\u00f6llinen valinta 0-6 kuukauden ik\u00e4isille vauvoille. Se on herttaisen karhun muotoinen, ja siin\u00e4 on s\u00f6p\u00f6t korvat ja suloiset kasvot, jotka tekev\u00e4t siit\u00e4 visuaalisesti houkuttelevan. Tyynyn puolikuun muotoinen muotoilu antaa hell\u00e4varaista ja ergonomista tukea vauvan p\u00e4\u00e4h\u00e4n, mik\u00e4 auttaa s\u00e4ilytt\u00e4m\u00e4\u00e4n p\u00e4\u00e4n oikean muodon vauvan varhaisen kehityksen aikana. Mitoiltaan 23\/20,5*0\/5cm se sopii k\u00e4ytett\u00e4v\u00e4ksi pinnas\u00e4ngyss\u00e4, kantokopassa tai kun vauva makaa leikkimatolla. Saatavana vaaleanpunaisena, sinisen\u00e4 ja tummanvihre\u00e4n\u00e4, joten vanhemmat voivat valita makuunsa tai lastenhuoneen sisustukseen sopivan v\u00e4rin, jossa yhdistyv\u00e4t sek\u00e4 toiminnallisuus ett\u00e4 s\u00f6p\u00f6ys ja joka lis\u00e4\u00e4 vauvan mukavuutta.<\/p>","protected":false},"featured_media":3283,"comment_status":"open","ping_status":"closed","template":"","meta":{"_uag_custom_page_level_css":"","site-sidebar-layout":"default","site-content-layout":"","ast-site-content-layout":"default","site-content-style":"default","site-sidebar-style":"default","ast-global-header-display":"","ast-banner-title-visibility":"","ast-main-header-display":"","ast-hfb-above-header-display":"","ast-hfb-below-header-display":"","ast-hfb-mobile-header-display":"","site-post-title":"","ast-breadcrumbs-content":"","ast-featured-img":"","footer-sml-layout":"","ast-disable-related-posts":"","theme-transparent-header-meta":"default","adv-header-id-meta":"","stick-header-meta":"","header-above-stick-meta":"","header-main-stick-meta":"","header-below-stick-meta":"","astra-migrate-meta-layouts":"set","ast-page-background-enabled":"default","ast-page-background-meta":{"desktop":{"background-color":"","background-image":"","background-repeat":"repeat","background-position":"center center","background-size":"auto","background-attachment":"scroll","background-type":"","background-media":"","overlay-type":"","overlay-color":"","overlay-opacity":"","overlay-gradient":""},"tablet":{"background-color":"","background-image":"","background-repeat":"repeat","background-position":"center center","background-size":"auto","background-attachment":"scroll","background-type":"","background-media":"","overlay-type":"","overlay-color":"","overlay-opacity":"","overlay-gradient":""},"mobile":{"background-color":"","background-image":"","background-repeat":"repeat","background-position":"center center","background-size":"auto","background-attachment":"scroll","background-type":"","background-media":"","overlay-type":"","overlay-color":"","overlay-opacity":"","overlay-gradient":""}},"ast-content-background-meta":{"desktop":{"background-color":"var(--ast-global-color-5)","background-image":"","background-repeat":"repeat","background-position":"center center","background-size":"auto","background-attachment":"scroll","background-type":"","background-media":"","overlay-type":"","overlay-color":"","overlay-opacity":"","overlay-gradient":""},"tablet":{"background-color":"var(--ast-global-color-5)","background-image":"","background-repeat":"repeat","background-position":"center center","background-size":"auto","background-attachment":"scroll","background-type":"","background-media":"","overlay-type":"","overlay-color":"","overlay-opacity":"","overlay-gradient":""},"mobile":{"background-color":"var(--ast-global-color-5)","background-image":"","background-repeat":"repeat","background-position":"center center","background-size":"auto","background-attachment":"scroll","background-type":"","background-media":"","overlay-type":"","overlay-color":"","overlay-opacity":"","overlay-gradient":""}}},"product_brand":[],"product_cat":[54,42],"product_tag":[70,68,71,69],"class_list":{"0":"post-3269","1":"product","2":"type-product","3":"status-publish","4":"has-post-thumbnail","6":"product_cat-0-to-6months","7":"product_cat-merchandise","8":"product_tag-babypillow","9":"product_tag-cuteanimalpillow","10":"product_tag-headshapesupport","11":"product_tag-kouniushapingpillow","12":"desktop-align-left","13":"tablet-align-left","14":"mobile-align-left","16":"first","17":"instock","18":"shipping-taxable","19":"product-type-simple"},"aioseo_notices":[],"uagb_featured_image_src":{"full":["https:\/\/babypillowwholesale.com\/wp-content\/uploads\/2025\/03\/1135-1.jpg",1000,1000,false],"thumbnail":["https:\/\/babypillowwholesale.com\/wp-content\/uploads\/2025\/03\/1135-1-150x150.jpg",150,150,true],"medium":["https:\/\/babypillowwholesale.com\/wp-content\/uploads\/2025\/03\/1135-1-300x300.jpg",300,300,true],"medium_large":["https:\/\/babypillowwholesale.com\/wp-content\/uploads\/2025\/03\/1135-1-768x768.jpg",768,768,true],"large":["https:\/\/babypillowwholesale.com\/wp-content\/uploads\/2025\/03\/1135-1.jpg",1000,1000,false],"1536x1536":["https:\/\/babypillowwholesale.com\/wp-content\/uploads\/2025\/03\/1135-1.jpg",1000,1000,false],"2048x2048":["https:\/\/babypillowwholesale.com\/wp-content\/uploads\/2025\/03\/1135-1.jpg",1000,1000,false],"trp-custom-language-flag":["https:\/\/babypillowwholesale.com\/wp-content\/uploads\/2025\/03\/1135-1.jpg",12,12,false],"woocommerce_thumbnail":["https:\/\/babypillowwholesale.com\/wp-content\/uploads\/2025\/03\/1135-1-300x300.jpg",300,300,true],"woocommerce_single":["https:\/\/babypillowwholesale.com\/wp-content\/uploads\/2025\/03\/1135-1-600x600.jpg",600,600,true],"woocommerce_gallery_thumbnail":["https:\/\/babypillowwholesale.com\/wp-content\/uploads\/2025\/03\/1135-1-100x100.jpg",100,100,true]},"uagb_author_info":{"display_name":"Etnen zhong","author_link":"https:\/\/babypillowwholesale.com\/fi\/author\/"},"uagb_comment_info":0,"uagb_excerpt":"The Little Bear Crescent Pillow is a charming and practical choice for infants aged 0 to 6 months. Shaped like an endearing little bear, it features cute ears and a sweet face, making it visually appealing. The crescent - shaped design of the pillow provides gentle and ergonomic support for a baby's head, helping to&hellip;","jetpack_sharing_enabled":true,"_links":{"self":[{"href":"https:\/\/babypillowwholesale.com\/fi\/wp-json\/wp\/v2\/product\/3269","targetHints":{"allow":["GET"]}}],"collection":[{"href":"https:\/\/babypillowwholesale.com\/fi\/wp-json\/wp\/v2\/product"}],"about":[{"href":"https:\/\/babypillowwholesale.com\/fi\/wp-json\/wp\/v2\/types\/product"}],"replies":[{"embeddable":true,"href":"https:\/\/babypillowwholesale.com\/fi\/wp-json\/wp\/v2\/comments?post=3269"}],"wp:featuredmedia":[{"embeddable":true,"href":"https:\/\/babypillowwholesale.com\/fi\/wp-json\/wp\/v2\/media\/3283"}],"wp:attachment":[{"href":"https:\/\/babypillowwholesale.com\/fi\/wp-json\/wp\/v2\/media?parent=3269"}],"wp:term":[{"taxonomy":"product_brand","embeddable":true,"href":"https:\/\/babypillowwholesale.com\/fi\/wp-json\/wp\/v2\/product_brand?post=3269"},{"taxonomy":"product_cat","embeddable":true,"href":"https:\/\/babypillowwholesale.com\/fi\/wp-json\/wp\/v2\/product_cat?post=3269"},{"taxonomy":"product_tag","embeddable":true,"href":"https:\/\/babypillowwholesale.com\/fi\/wp-json\/wp\/v2\/product_tag?post=3269"}],"curies":[{"name":"wp","href":"https:\/\/api.w.org\/{rel}","templated":true}]}}