{"id":3267,"date":"2025-03-17T15:38:34","date_gmt":"2025-03-17T15:38:34","guid":{"rendered":"https:\/\/babypillowwholesale.com\/?post_type=product&#038;p=3267"},"modified":"2025-06-08T16:15:31","modified_gmt":"2025-06-08T16:15:31","slug":"little-tiger-shaping-pillow","status":"publish","type":"product","link":"https:\/\/babypillowwholesale.com\/fi\/product\/little-tiger-shaping-pillow\/","title":{"rendered":"Pikku tiikeri muotoileva tyyny"},"content":{"rendered":"<div class=\"auto-hide-last-sibling-br paragraph-qzbcQC paragraph-element br-paragraph-space\" data-immersive-translate-walked=\"8e61f2e7-6af2-46e5-9672-3b9e4f4033d9\" data-immersive-translate-paragraph=\"1\">Little Tiger Shaping Pillow on vieh\u00e4tt\u00e4v\u00e4 sekoitus vieh\u00e4tyst\u00e4 ja toiminnallisuutta, joka on huolella suunniteltu 0-6 kuukauden ik\u00e4isille pienimmille aarteille. Sen ihastuttava tiikerin inspiroima muotoilu, jota koristavat suuret, viattomat py\u00f6re\u00e4t silm\u00e4t ja tunnusomaiset raidat, on ehdoton ilo, ja se tuo vauvasi maailmaan v\u00e4litt\u00f6m\u00e4sti ripauksen villi\u00e4 oikkua. T\u00e4m\u00e4 tyyny ei ole vain herttaisen n\u00e4k\u00f6inen, vaan se on my\u00f6s mukavuuden ja tuen tyyssija. Taitavasti muotoiltu tyyny hellii vauvasi herkk\u00e4\u00e4 p\u00e4\u00e4t\u00e4 ja ohjaa sit\u00e4 varovasti varmistaen t\u00e4ydellisen muodon vauvan varhaisen kasvupolun aikana. Mitoiltaan 26*23*0\/3CM, se on ihanteellinen kumppani eri ymp\u00e4rist\u00f6ihin. Rauhallisten p\u00e4iv\u00e4unien aikana, pinnas\u00e4ngyn pehmeyteen k\u00e4tkeytyneen\u00e4, Little Tiger Shaping Pillow -muotoilutyyny luo pienelle lapsellesi kodikkaan ja turvallisen tilan. Perheen retkill\u00e4, olipa kyseess\u00e4 sitten piknik puistossa tai p\u00e4iv\u00e4 rannalla, se mahtuu mukavasti rattaisiin ja tarjoaa tuttua mukavuutta matkalla. Vanhemmat ovat innoissaan t\u00e4st\u00e4 tuotteesta! Er\u00e4s \u00e4iti kertoi: \"Vauvani rakastaa t\u00e4m\u00e4n pienen tiikerityynyn p\u00e4\u00e4lle halailua. Se on niin pehme\u00e4, ja olen huomannut, ett\u00e4 h\u00e4nen p\u00e4\u00e4ns\u00e4 muoto on parantunut huomattavasti. Lis\u00e4ksi sininen v\u00e4ri on aivan upea.\" Toinen is\u00e4 mainitsi: \"Siit\u00e4 on tullut v\u00e4ltt\u00e4m\u00e4t\u00f6n matkoillamme. Sit\u00e4 on helppo kuljettaa mukana ja se saa lapseni aina hymyilem\u00e4\u00e4n, kun h\u00e4n n\u00e4kee tuon s\u00f6p\u00f6n tiikerikuvion.\" Little Tiger Shaping Pillow on saatavana hurmaavissa vaaleanpunaisen ja sinisen s\u00e4vyiss\u00e4, ja se on enemm\u00e4n kuin vain vauvan lis\u00e4varuste; se on luotettava yst\u00e4v\u00e4, jossa yhdistyv\u00e4t s\u00f6p\u00f6ys, mukavuus ja toimivuus vauvasi arvokkaiden ensimm\u00e4isten p\u00e4ivien aikana.<\/div>","protected":false},"excerpt":{"rendered":"<p>Little Tiger Shaping Pillow on vieh\u00e4tt\u00e4v\u00e4 ja toimiva tuote, joka on suunniteltu 0-6 kuukauden ik\u00e4isille vauvoille. S\u00f6p\u00f6 tiikeriteemainen ulkon\u00e4k\u00f6, jossa on suuret py\u00f6re\u00e4t silm\u00e4t ja tunnusomaiset raidat, her\u00e4tt\u00e4\u00e4 heti huomiota. Tyynyn muotoilu on huolellisesti muotoiltu niin, ett\u00e4 se tukee hell\u00e4varaisesti vauvan herkk\u00e4\u00e4 p\u00e4\u00e4t\u00e4 ja auttaa edist\u00e4m\u00e4\u00e4n p\u00e4\u00e4n oikeaa muotoa vauvan t\u00e4rke\u00e4n varhaisen kehityksen aikana. Mitat 26*<em data-immersive-translate-walked=\"af7bf617-a59f-4215-833d-5c6d97166ab5\">23*<\/em>0\/3CM, se sopii hyvin pinnas\u00e4nkyyn, rattaisiin tai kun vauva rentoutuu peiton p\u00e4\u00e4ll\u00e4. Saatavana sek\u00e4 vaaleanpunaisena ett\u00e4 sinisen\u00e4, se antaa vanhemmille mahdollisuuden valita v\u00e4rin, joka sopii heid\u00e4n mieltymyksiins\u00e4 tai lastenhuoneen sisustukseen, ja yhdist\u00e4\u00e4 s\u00f6p\u00f6yden ja k\u00e4yt\u00e4nn\u00f6llisyyden vauvanhoitoon.<\/p>","protected":false},"featured_media":3282,"comment_status":"open","ping_status":"closed","template":"","meta":{"_uag_custom_page_level_css":"","site-sidebar-layout":"default","site-content-layout":"","ast-site-content-layout":"default","site-content-style":"default","site-sidebar-style":"default","ast-global-header-display":"","ast-banner-title-visibility":"","ast-main-header-display":"","ast-hfb-above-header-display":"","ast-hfb-below-header-display":"","ast-hfb-mobile-header-display":"","site-post-title":"","ast-breadcrumbs-content":"","ast-featured-img":"","footer-sml-layout":"","ast-disable-related-posts":"","theme-transparent-header-meta":"default","adv-header-id-meta":"","stick-header-meta":"","header-above-stick-meta":"","header-main-stick-meta":"","header-below-stick-meta":"","astra-migrate-meta-layouts":"set","ast-page-background-enabled":"default","ast-page-background-meta":{"desktop":{"background-color":"","background-image":"","background-repeat":"repeat","background-position":"center center","background-size":"auto","background-attachment":"scroll","background-type":"","background-media":"","overlay-type":"","overlay-color":"","overlay-opacity":"","overlay-gradient":""},"tablet":{"background-color":"","background-image":"","background-repeat":"repeat","background-position":"center center","background-size":"auto","background-attachment":"scroll","background-type":"","background-media":"","overlay-type":"","overlay-color":"","overlay-opacity":"","overlay-gradient":""},"mobile":{"background-color":"","background-image":"","background-repeat":"repeat","background-position":"center center","background-size":"auto","background-attachment":"scroll","background-type":"","background-media":"","overlay-type":"","overlay-color":"","overlay-opacity":"","overlay-gradient":""}},"ast-content-background-meta":{"desktop":{"background-color":"var(--ast-global-color-5)","background-image":"","background-repeat":"repeat","background-position":"center center","background-size":"auto","background-attachment":"scroll","background-type":"","background-media":"","overlay-type":"","overlay-color":"","overlay-opacity":"","overlay-gradient":""},"tablet":{"background-color":"var(--ast-global-color-5)","background-image":"","background-repeat":"repeat","background-position":"center center","background-size":"auto","background-attachment":"scroll","background-type":"","background-media":"","overlay-type":"","overlay-color":"","overlay-opacity":"","overlay-gradient":""},"mobile":{"background-color":"var(--ast-global-color-5)","background-image":"","background-repeat":"repeat","background-position":"center center","background-size":"auto","background-attachment":"scroll","background-type":"","background-media":"","overlay-type":"","overlay-color":"","overlay-opacity":"","overlay-gradient":""}}},"product_brand":[],"product_cat":[54,42],"product_tag":[70,68,71,69],"class_list":{"0":"post-3267","1":"product","2":"type-product","3":"status-publish","4":"has-post-thumbnail","6":"product_cat-0-to-6months","7":"product_cat-merchandise","8":"product_tag-babypillow","9":"product_tag-cuteanimalpillow","10":"product_tag-headshapesupport","11":"product_tag-kouniushapingpillow","12":"desktop-align-left","13":"tablet-align-left","14":"mobile-align-left","16":"first","17":"instock","18":"shipping-taxable","19":"product-type-simple"},"aioseo_notices":[],"uagb_featured_image_src":{"full":["https:\/\/babypillowwholesale.com\/wp-content\/uploads\/2025\/03\/1131-1.jpg",1000,1000,false],"thumbnail":["https:\/\/babypillowwholesale.com\/wp-content\/uploads\/2025\/03\/1131-1-150x150.jpg",150,150,true],"medium":["https:\/\/babypillowwholesale.com\/wp-content\/uploads\/2025\/03\/1131-1-300x300.jpg",300,300,true],"medium_large":["https:\/\/babypillowwholesale.com\/wp-content\/uploads\/2025\/03\/1131-1-768x768.jpg",768,768,true],"large":["https:\/\/babypillowwholesale.com\/wp-content\/uploads\/2025\/03\/1131-1.jpg",1000,1000,false],"1536x1536":["https:\/\/babypillowwholesale.com\/wp-content\/uploads\/2025\/03\/1131-1.jpg",1000,1000,false],"2048x2048":["https:\/\/babypillowwholesale.com\/wp-content\/uploads\/2025\/03\/1131-1.jpg",1000,1000,false],"trp-custom-language-flag":["https:\/\/babypillowwholesale.com\/wp-content\/uploads\/2025\/03\/1131-1.jpg",12,12,false],"woocommerce_thumbnail":["https:\/\/babypillowwholesale.com\/wp-content\/uploads\/2025\/03\/1131-1-300x300.jpg",300,300,true],"woocommerce_single":["https:\/\/babypillowwholesale.com\/wp-content\/uploads\/2025\/03\/1131-1-600x600.jpg",600,600,true],"woocommerce_gallery_thumbnail":["https:\/\/babypillowwholesale.com\/wp-content\/uploads\/2025\/03\/1131-1-100x100.jpg",100,100,true]},"uagb_author_info":{"display_name":"Etnen zhong","author_link":"https:\/\/babypillowwholesale.com\/fi\/author\/"},"uagb_comment_info":0,"uagb_excerpt":"The Little Tiger Shaping Pillow is a charming and functional product designed for infants aged 0 to 6 months. With its cute tiger - themed appearance, featuring big round eyes and distinctive stripes, it instantly catches the eye. The pillow's design is carefully contoured to provide gentle support for a baby's delicate head, helping to&hellip;","jetpack_sharing_enabled":true,"_links":{"self":[{"href":"https:\/\/babypillowwholesale.com\/fi\/wp-json\/wp\/v2\/product\/3267","targetHints":{"allow":["GET"]}}],"collection":[{"href":"https:\/\/babypillowwholesale.com\/fi\/wp-json\/wp\/v2\/product"}],"about":[{"href":"https:\/\/babypillowwholesale.com\/fi\/wp-json\/wp\/v2\/types\/product"}],"replies":[{"embeddable":true,"href":"https:\/\/babypillowwholesale.com\/fi\/wp-json\/wp\/v2\/comments?post=3267"}],"wp:featuredmedia":[{"embeddable":true,"href":"https:\/\/babypillowwholesale.com\/fi\/wp-json\/wp\/v2\/media\/3282"}],"wp:attachment":[{"href":"https:\/\/babypillowwholesale.com\/fi\/wp-json\/wp\/v2\/media?parent=3267"}],"wp:term":[{"taxonomy":"product_brand","embeddable":true,"href":"https:\/\/babypillowwholesale.com\/fi\/wp-json\/wp\/v2\/product_brand?post=3267"},{"taxonomy":"product_cat","embeddable":true,"href":"https:\/\/babypillowwholesale.com\/fi\/wp-json\/wp\/v2\/product_cat?post=3267"},{"taxonomy":"product_tag","embeddable":true,"href":"https:\/\/babypillowwholesale.com\/fi\/wp-json\/wp\/v2\/product_tag?post=3267"}],"curies":[{"name":"wp","href":"https:\/\/api.w.org\/{rel}","templated":true}]}}