{"id":3265,"date":"2025-03-17T15:04:04","date_gmt":"2025-03-17T15:04:04","guid":{"rendered":"https:\/\/babypillowwholesale.com\/?post_type=product&#038;p=3265"},"modified":"2025-06-08T16:16:25","modified_gmt":"2025-06-08T16:16:25","slug":"naughty-bunny-shaping-pillow","status":"publish","type":"product","link":"https:\/\/babypillowwholesale.com\/fi\/product\/naughty-bunny-shaping-pillow\/","title":{"rendered":"Naughty Bunny muotoileva tyyny"},"content":{"rendered":"<div class=\"auto-hide-last-sibling-br paragraph-qzbcQC paragraph-element br-paragraph-space\" data-immersive-translate-walked=\"8e61f2e7-6af2-46e5-9672-3b9e4f4033d9\" data-immersive-translate-paragraph=\"1\">Tervetuloa Naughty Bunny Shaping Pillow -tyynyyn, joka on ihastuttava mukavuusparatiisi, joka on r\u00e4\u00e4t\u00e4l\u00f6ity 0-6 kuukauden ik\u00e4isille pienimmille seikkailijoille. Sen lumoava pupun inspiroima muotoilu, jossa on sielukkaat suuret silm\u00e4t, syd\u00e4nt\u00e4 sulattava hymy ja kepe\u00e4t pitk\u00e4t korvat, on v\u00e4lit\u00f6n mielialan nostattaja, joka tuo vauvan maailmaan ripauksen taikaa. T\u00e4m\u00e4 tyyny ei ole vain visuaalinen herkku, vaan my\u00f6s toiminnallisuuden voimanpes\u00e4. Se on suunniteltu huolellisesti, ja sen ainutlaatuinen muoto tarjoaa hell\u00e4varaista, kehyst\u00e4v\u00e4llist\u00e4 tukea vauvasi herk\u00e4lle p\u00e4\u00e4h\u00e4n ja ohjaa sit\u00e4 kohti t\u00e4ydellist\u00e4 muotoa, kun vauva kulkee arvokkaiden ensimm\u00e4isten kuukausiensa l\u00e4pi. Se on kooltaan 26*23*0\/3cm, joten se on ihanteellisen kokoinen, jotta se voidaan integroida saumattomasti erilaisiin ymp\u00e4rist\u00f6ihin. Aseta se kotona laiskoina iltap\u00e4ivin\u00e4 vauvan pinnas\u00e4nkyyn ja katso, kuinka vauva vaipuu rauhalliseen uneen sen pehme\u00e4\u00e4n syleilyyn koteloituneena. Kun olet l\u00e4hd\u00f6ss\u00e4 tutkimaan maailmaa, olipa kyse sitten retkest\u00e4 paikalliseen puistoon tai vierailusta isovanhempien luona, laita se vaunuihin. Se varmistaa, ett\u00e4 pikkuinen nauttii mukavasta kyydist\u00e4 pupun tutun vieh\u00e4tyksen ymp\u00e4r\u00f6im\u00e4n\u00e4. Vanhemmat ylist\u00e4v\u00e4t sit\u00e4! Er\u00e4s innostunut vanhempi kertoi: \"Vauvani kasvot syttyv\u00e4t aina, kun h\u00e4n n\u00e4kee t\u00e4m\u00e4n s\u00f6p\u00f6n puputyynyn. Se ei ole vain superpehme\u00e4, vaan se on my\u00f6s ollut loistava p\u00e4\u00e4n muodon s\u00e4ilytt\u00e4misess\u00e4. Pid\u00e4n siit\u00e4, ett\u00e4 sit\u00e4 on saatavilla kahdessa ihanassa v\u00e4riss\u00e4.\" Toinen \u00e4iti lis\u00e4si: \"Se on niin k\u00e4tev\u00e4 kuljettaa mukana. Olimme sitten kotona tai liikkeell\u00e4, siit\u00e4 on tullut v\u00e4ltt\u00e4m\u00e4t\u00f6n vauvani mukavuuden kannalta.\" Naughty Bunny Shaping Pillow on saatavana vieh\u00e4tt\u00e4vin\u00e4 vaaleanpunaisen ja sinisen s\u00e4vyin\u00e4, ja se on enemm\u00e4n kuin vain vauvan tarvike, se on vauvasi rakas kumppani pienen lapsesi ensimm\u00e4isin\u00e4 p\u00e4ivin\u00e4.<\/div>","protected":false},"excerpt":{"rendered":"<p>Naughty Bunny Shaping Pillow on suloinen ja k\u00e4yt\u00e4nn\u00f6llinen tuote, joka on suunniteltu 0-6 kuukauden ik\u00e4isille vauvoille. Sen s\u00f6p\u00f6 pupun n\u00e4k\u00f6inen ulkon\u00e4k\u00f6, suuret silm\u00e4t, suloinen hymy ja pitk\u00e4t korvat, on eritt\u00e4in houkutteleva. Tyynyn erityinen muotoilu tukee hell\u00e4varaisesti vauvan p\u00e4\u00e4t\u00e4 ja auttaa edist\u00e4m\u00e4\u00e4n tervett\u00e4 p\u00e4\u00e4n muotoa t\u00e4rke\u00e4ss\u00e4 varhaisessa kasvuvaiheessa. Koko on 26<em>23<\/em>0\/3CM, se sopii k\u00e4ytett\u00e4v\u00e4ksi pinnas\u00e4ngyss\u00e4, rattaissa tai kun vauva lep\u00e4\u00e4 leikkimatolla. Saatavana vaaleanpunaisena ja sinisen\u00e4, se tarjoaa vanhemmille vaihtoehtoja, jotka sopivat heid\u00e4n mieltymyksiins\u00e4 tai vauvan huoneen sisustukseen, ja siin\u00e4 yhdistyv\u00e4t sek\u00e4 toimivuus ett\u00e4 vieh\u00e4tys vauvanhoidossa.<\/p>","protected":false},"featured_media":3281,"comment_status":"open","ping_status":"closed","template":"","meta":{"_uag_custom_page_level_css":"","site-sidebar-layout":"default","site-content-layout":"","ast-site-content-layout":"default","site-content-style":"default","site-sidebar-style":"default","ast-global-header-display":"","ast-banner-title-visibility":"","ast-main-header-display":"","ast-hfb-above-header-display":"","ast-hfb-below-header-display":"","ast-hfb-mobile-header-display":"","site-post-title":"","ast-breadcrumbs-content":"","ast-featured-img":"","footer-sml-layout":"","ast-disable-related-posts":"","theme-transparent-header-meta":"default","adv-header-id-meta":"","stick-header-meta":"","header-above-stick-meta":"","header-main-stick-meta":"","header-below-stick-meta":"","astra-migrate-meta-layouts":"set","ast-page-background-enabled":"default","ast-page-background-meta":{"desktop":{"background-color":"","background-image":"","background-repeat":"repeat","background-position":"center center","background-size":"auto","background-attachment":"scroll","background-type":"","background-media":"","overlay-type":"","overlay-color":"","overlay-opacity":"","overlay-gradient":""},"tablet":{"background-color":"","background-image":"","background-repeat":"repeat","background-position":"center center","background-size":"auto","background-attachment":"scroll","background-type":"","background-media":"","overlay-type":"","overlay-color":"","overlay-opacity":"","overlay-gradient":""},"mobile":{"background-color":"","background-image":"","background-repeat":"repeat","background-position":"center center","background-size":"auto","background-attachment":"scroll","background-type":"","background-media":"","overlay-type":"","overlay-color":"","overlay-opacity":"","overlay-gradient":""}},"ast-content-background-meta":{"desktop":{"background-color":"var(--ast-global-color-5)","background-image":"","background-repeat":"repeat","background-position":"center center","background-size":"auto","background-attachment":"scroll","background-type":"","background-media":"","overlay-type":"","overlay-color":"","overlay-opacity":"","overlay-gradient":""},"tablet":{"background-color":"var(--ast-global-color-5)","background-image":"","background-repeat":"repeat","background-position":"center center","background-size":"auto","background-attachment":"scroll","background-type":"","background-media":"","overlay-type":"","overlay-color":"","overlay-opacity":"","overlay-gradient":""},"mobile":{"background-color":"var(--ast-global-color-5)","background-image":"","background-repeat":"repeat","background-position":"center center","background-size":"auto","background-attachment":"scroll","background-type":"","background-media":"","overlay-type":"","overlay-color":"","overlay-opacity":"","overlay-gradient":""}}},"product_brand":[],"product_cat":[54,42],"product_tag":[70,68,71,69],"class_list":{"0":"post-3265","1":"product","2":"type-product","3":"status-publish","4":"has-post-thumbnail","6":"product_cat-0-to-6months","7":"product_cat-merchandise","8":"product_tag-babypillow","9":"product_tag-cuteanimalpillow","10":"product_tag-headshapesupport","11":"product_tag-kouniushapingpillow","12":"desktop-align-left","13":"tablet-align-left","14":"mobile-align-left","16":"first","17":"instock","18":"shipping-taxable","19":"product-type-simple"},"aioseo_notices":[],"uagb_featured_image_src":{"full":["https:\/\/babypillowwholesale.com\/wp-content\/uploads\/2025\/03\/1130-1.jpg",1000,1000,false],"thumbnail":["https:\/\/babypillowwholesale.com\/wp-content\/uploads\/2025\/03\/1130-1-150x150.jpg",150,150,true],"medium":["https:\/\/babypillowwholesale.com\/wp-content\/uploads\/2025\/03\/1130-1-300x300.jpg",300,300,true],"medium_large":["https:\/\/babypillowwholesale.com\/wp-content\/uploads\/2025\/03\/1130-1-768x768.jpg",768,768,true],"large":["https:\/\/babypillowwholesale.com\/wp-content\/uploads\/2025\/03\/1130-1.jpg",1000,1000,false],"1536x1536":["https:\/\/babypillowwholesale.com\/wp-content\/uploads\/2025\/03\/1130-1.jpg",1000,1000,false],"2048x2048":["https:\/\/babypillowwholesale.com\/wp-content\/uploads\/2025\/03\/1130-1.jpg",1000,1000,false],"trp-custom-language-flag":["https:\/\/babypillowwholesale.com\/wp-content\/uploads\/2025\/03\/1130-1.jpg",12,12,false],"woocommerce_thumbnail":["https:\/\/babypillowwholesale.com\/wp-content\/uploads\/2025\/03\/1130-1-300x300.jpg",300,300,true],"woocommerce_single":["https:\/\/babypillowwholesale.com\/wp-content\/uploads\/2025\/03\/1130-1-600x600.jpg",600,600,true],"woocommerce_gallery_thumbnail":["https:\/\/babypillowwholesale.com\/wp-content\/uploads\/2025\/03\/1130-1-100x100.jpg",100,100,true]},"uagb_author_info":{"display_name":"Etnen zhong","author_link":"https:\/\/babypillowwholesale.com\/fi\/author\/"},"uagb_comment_info":0,"uagb_excerpt":"The Naughty Bunny Shaping Pillow is an adorable and practical product designed for infants aged 0 to 6 months. Its cute bunny - like appearance, with big eyes, a sweet smile, and long ears, is extremely appealing. The special design of the pillow provides gentle support for the baby's head, helping to promote a healthy&hellip;","jetpack_sharing_enabled":true,"_links":{"self":[{"href":"https:\/\/babypillowwholesale.com\/fi\/wp-json\/wp\/v2\/product\/3265","targetHints":{"allow":["GET"]}}],"collection":[{"href":"https:\/\/babypillowwholesale.com\/fi\/wp-json\/wp\/v2\/product"}],"about":[{"href":"https:\/\/babypillowwholesale.com\/fi\/wp-json\/wp\/v2\/types\/product"}],"replies":[{"embeddable":true,"href":"https:\/\/babypillowwholesale.com\/fi\/wp-json\/wp\/v2\/comments?post=3265"}],"wp:featuredmedia":[{"embeddable":true,"href":"https:\/\/babypillowwholesale.com\/fi\/wp-json\/wp\/v2\/media\/3281"}],"wp:attachment":[{"href":"https:\/\/babypillowwholesale.com\/fi\/wp-json\/wp\/v2\/media?parent=3265"}],"wp:term":[{"taxonomy":"product_brand","embeddable":true,"href":"https:\/\/babypillowwholesale.com\/fi\/wp-json\/wp\/v2\/product_brand?post=3265"},{"taxonomy":"product_cat","embeddable":true,"href":"https:\/\/babypillowwholesale.com\/fi\/wp-json\/wp\/v2\/product_cat?post=3265"},{"taxonomy":"product_tag","embeddable":true,"href":"https:\/\/babypillowwholesale.com\/fi\/wp-json\/wp\/v2\/product_tag?post=3265"}],"curies":[{"name":"wp","href":"https:\/\/api.w.org\/{rel}","templated":true}]}}