{"id":3263,"date":"2025-03-17T03:51:27","date_gmt":"2025-03-17T03:51:27","guid":{"rendered":"https:\/\/babypillowwholesale.com\/?post_type=product&#038;p=3263"},"modified":"2025-06-08T16:17:17","modified_gmt":"2025-06-08T16:17:17","slug":"cloud-washable-shaping-pillow","status":"publish","type":"product","link":"https:\/\/babypillowwholesale.com\/fi\/product\/cloud-washable-shaping-pillow\/","title":{"rendered":"Pilvi pest\u00e4v\u00e4 muotoilutyyny"},"content":{"rendered":"<div class=\"auto-hide-last-sibling-br paragraph-qzbcQC paragraph-element br-paragraph-space\" data-immersive-translate-walked=\"8e61f2e7-6af2-46e5-9672-3b9e4f4033d9\" data-immersive-translate-paragraph=\"1\">Ajaudu mukavuuden ja s\u00f6p\u00f6yden maailmaan Cloud Washable Shaping Pillow -tyynyll\u00e4, joka on unenomainen lis\u00e4, joka on suunniteltu erityisesti 0-6 kuukauden ik\u00e4isille unelmoijille. Tyyny muistuttaa suoraan sadun p\u00f6rr\u00f6ist\u00e4 pilve\u00e4, ja sit\u00e4 koristavat ihastuttavat, satunnaisesti painetut kalakuviot, jotka tuovat vauvasi nukkumatilaan ripauksen omituisuutta. Tyynyn ergonominen muotoilu syleilee lempe\u00e4sti vauvasi herkk\u00e4\u00e4 p\u00e4\u00e4t\u00e4, ja se hellii sit\u00e4 huolella, jotta p\u00e4\u00e4 muotoutuisi t\u00e4ydelliseksi, kun vauva torkkuu arvokkaiden ensimm\u00e4isten p\u00e4iviens\u00e4 aikana. Mitoiltaan 35*22*3\/1,5CM se tarjoaa runsaan tuen ja sopii saumattomasti erilaisiin tiloihin. Olipa se sitten sijoitettu vauvasi pinnas\u00e4ngyn syvyyksiin luomaan taivaallinen turvapaikka h\u00e4nen pitkille p\u00e4iv\u00e4unilleen tai sijoitettu rattaisiin puistossa k\u00e4vely\u00e4 varten, t\u00e4m\u00e4 tyyny varmistaa, ett\u00e4 pikkuinen viihtyy aina hyvin. Se on my\u00f6s loistava matkakumppani perheen automatkoilla, sill\u00e4 se tarjoaa vauvallesi tutun ja rauhoittavan paikan lev\u00e4t\u00e4 matkan aikana. Vanhemmat ovat aivan haltioissaan t\u00e4st\u00e4 tyynyst\u00e4! Er\u00e4s tyytyv\u00e4inen \u00e4iti kertoi: \"Vauvani rakastaa t\u00e4t\u00e4 pilven muotoista tyyny\u00e4. Satunnaiset painatukset ovat hauska yll\u00e4tys, ja se on helppo pest\u00e4, kun se sotkeutuu. Siit\u00e4 on tullut vauvamme uniaikojen peruspilari.\" Toinen is\u00e4 mainitsi: \"Olin huolissani vauvani p\u00e4\u00e4n muodosta, mutta t\u00e4m\u00e4 tyyny on muuttanut pelin. Se on pehme\u00e4, tukeva ja n\u00e4ytt\u00e4\u00e4 ihastuttavalta lastenhuoneessa.\" Cloud Washable Shaping Pillow on saatavana hurmaavissa vaaleanpunaisen ja sinisen s\u00e4vyiss\u00e4, joissa kummassakin on oma ainutlaatuinen satunnaiskuvio, joten se ei ole vain nukkumistarvike vaan ilon ja mukavuuden l\u00e4hde vauvallesi.<\/div>","protected":false},"excerpt":{"rendered":"<p>Cloud Washable Shaping Pillow on ihana tuote, joka on suunniteltu 0-6 kuukauden ik\u00e4isille vauvoille. Pehme\u00e4n pilven muotoinen tyyny on houkuttelevan n\u00e4k\u00f6inen, ja satunnaiset kala-aiheiset painatukset tuovat siihen hauskuutta. Sen ainutlaatuinen muotoilu tukee hell\u00e4varaisesti vauvan p\u00e4\u00e4t\u00e4 ja auttaa s\u00e4ilytt\u00e4m\u00e4\u00e4n hyv\u00e4n p\u00e4\u00e4n muodon. Mitat 35*<em data-immersive-translate-walked=\"f7f4678a-e6ea-41bf-8db0-071fdda90f71\">22*<\/em>3\/1.5CM, se on riitt\u00e4v\u00e4n suuri tarjotakseen runsaasti tukea, mutta sopii silti erilaisiin vauvaan liittyviin asetuksiin. Lis\u00e4ksi se on pest\u00e4v\u00e4, joten se on helppo pit\u00e4\u00e4 puhtaana ja hygieenisen\u00e4. Saatavana vaaleanpunaisena ja sinisen\u00e4 erilaisilla satunnaisilla kuvioilla, se antaa vanhemmille hieman yll\u00e4tyst\u00e4 ja takaa samalla toimivuuden heid\u00e4n pikkuisilleen.<\/p>","protected":false},"featured_media":3280,"comment_status":"open","ping_status":"closed","template":"","meta":{"_uag_custom_page_level_css":"","site-sidebar-layout":"default","site-content-layout":"","ast-site-content-layout":"default","site-content-style":"default","site-sidebar-style":"default","ast-global-header-display":"","ast-banner-title-visibility":"","ast-main-header-display":"","ast-hfb-above-header-display":"","ast-hfb-below-header-display":"","ast-hfb-mobile-header-display":"","site-post-title":"","ast-breadcrumbs-content":"","ast-featured-img":"","footer-sml-layout":"","ast-disable-related-posts":"","theme-transparent-header-meta":"default","adv-header-id-meta":"","stick-header-meta":"","header-above-stick-meta":"","header-main-stick-meta":"","header-below-stick-meta":"","astra-migrate-meta-layouts":"set","ast-page-background-enabled":"default","ast-page-background-meta":{"desktop":{"background-color":"","background-image":"","background-repeat":"repeat","background-position":"center center","background-size":"auto","background-attachment":"scroll","background-type":"","background-media":"","overlay-type":"","overlay-color":"","overlay-opacity":"","overlay-gradient":""},"tablet":{"background-color":"","background-image":"","background-repeat":"repeat","background-position":"center center","background-size":"auto","background-attachment":"scroll","background-type":"","background-media":"","overlay-type":"","overlay-color":"","overlay-opacity":"","overlay-gradient":""},"mobile":{"background-color":"","background-image":"","background-repeat":"repeat","background-position":"center center","background-size":"auto","background-attachment":"scroll","background-type":"","background-media":"","overlay-type":"","overlay-color":"","overlay-opacity":"","overlay-gradient":""}},"ast-content-background-meta":{"desktop":{"background-color":"var(--ast-global-color-5)","background-image":"","background-repeat":"repeat","background-position":"center center","background-size":"auto","background-attachment":"scroll","background-type":"","background-media":"","overlay-type":"","overlay-color":"","overlay-opacity":"","overlay-gradient":""},"tablet":{"background-color":"var(--ast-global-color-5)","background-image":"","background-repeat":"repeat","background-position":"center center","background-size":"auto","background-attachment":"scroll","background-type":"","background-media":"","overlay-type":"","overlay-color":"","overlay-opacity":"","overlay-gradient":""},"mobile":{"background-color":"var(--ast-global-color-5)","background-image":"","background-repeat":"repeat","background-position":"center center","background-size":"auto","background-attachment":"scroll","background-type":"","background-media":"","overlay-type":"","overlay-color":"","overlay-opacity":"","overlay-gradient":""}}},"product_brand":[],"product_cat":[54,42],"product_tag":[70,68,71,69],"class_list":{"0":"post-3263","1":"product","2":"type-product","3":"status-publish","4":"has-post-thumbnail","6":"product_cat-0-to-6months","7":"product_cat-merchandise","8":"product_tag-babypillow","9":"product_tag-cuteanimalpillow","10":"product_tag-headshapesupport","11":"product_tag-kouniushapingpillow","12":"desktop-align-left","13":"tablet-align-left","14":"mobile-align-left","16":"first","17":"instock","18":"shipping-taxable","19":"product-type-simple"},"aioseo_notices":[],"uagb_featured_image_src":{"full":["https:\/\/babypillowwholesale.com\/wp-content\/uploads\/2025\/03\/1129-1.jpg",1000,1000,false],"thumbnail":["https:\/\/babypillowwholesale.com\/wp-content\/uploads\/2025\/03\/1129-1-150x150.jpg",150,150,true],"medium":["https:\/\/babypillowwholesale.com\/wp-content\/uploads\/2025\/03\/1129-1-300x300.jpg",300,300,true],"medium_large":["https:\/\/babypillowwholesale.com\/wp-content\/uploads\/2025\/03\/1129-1-768x768.jpg",768,768,true],"large":["https:\/\/babypillowwholesale.com\/wp-content\/uploads\/2025\/03\/1129-1.jpg",1000,1000,false],"1536x1536":["https:\/\/babypillowwholesale.com\/wp-content\/uploads\/2025\/03\/1129-1.jpg",1000,1000,false],"2048x2048":["https:\/\/babypillowwholesale.com\/wp-content\/uploads\/2025\/03\/1129-1.jpg",1000,1000,false],"trp-custom-language-flag":["https:\/\/babypillowwholesale.com\/wp-content\/uploads\/2025\/03\/1129-1.jpg",12,12,false],"woocommerce_thumbnail":["https:\/\/babypillowwholesale.com\/wp-content\/uploads\/2025\/03\/1129-1-300x300.jpg",300,300,true],"woocommerce_single":["https:\/\/babypillowwholesale.com\/wp-content\/uploads\/2025\/03\/1129-1-600x600.jpg",600,600,true],"woocommerce_gallery_thumbnail":["https:\/\/babypillowwholesale.com\/wp-content\/uploads\/2025\/03\/1129-1-100x100.jpg",100,100,true]},"uagb_author_info":{"display_name":"Etnen zhong","author_link":"https:\/\/babypillowwholesale.com\/fi\/author\/"},"uagb_comment_info":0,"uagb_excerpt":"The Cloud Washable Shaping Pillow is a wonderful product designed for infants aged 0 to 6 months. Shaped like a soft cloud, it has an appealing look, and the random fish - themed prints add a touch of fun. Its unique design provides gentle support to the baby's head, helping to maintain a good head&hellip;","jetpack_sharing_enabled":true,"_links":{"self":[{"href":"https:\/\/babypillowwholesale.com\/fi\/wp-json\/wp\/v2\/product\/3263","targetHints":{"allow":["GET"]}}],"collection":[{"href":"https:\/\/babypillowwholesale.com\/fi\/wp-json\/wp\/v2\/product"}],"about":[{"href":"https:\/\/babypillowwholesale.com\/fi\/wp-json\/wp\/v2\/types\/product"}],"replies":[{"embeddable":true,"href":"https:\/\/babypillowwholesale.com\/fi\/wp-json\/wp\/v2\/comments?post=3263"}],"wp:featuredmedia":[{"embeddable":true,"href":"https:\/\/babypillowwholesale.com\/fi\/wp-json\/wp\/v2\/media\/3280"}],"wp:attachment":[{"href":"https:\/\/babypillowwholesale.com\/fi\/wp-json\/wp\/v2\/media?parent=3263"}],"wp:term":[{"taxonomy":"product_brand","embeddable":true,"href":"https:\/\/babypillowwholesale.com\/fi\/wp-json\/wp\/v2\/product_brand?post=3263"},{"taxonomy":"product_cat","embeddable":true,"href":"https:\/\/babypillowwholesale.com\/fi\/wp-json\/wp\/v2\/product_cat?post=3263"},{"taxonomy":"product_tag","embeddable":true,"href":"https:\/\/babypillowwholesale.com\/fi\/wp-json\/wp\/v2\/product_tag?post=3263"}],"curies":[{"name":"wp","href":"https:\/\/api.w.org\/{rel}","templated":true}]}}