{"id":3261,"date":"2025-03-17T03:26:37","date_gmt":"2025-03-17T03:26:37","guid":{"rendered":"https:\/\/babypillowwholesale.com\/?post_type=product&#038;p=3261"},"modified":"2025-06-08T16:18:10","modified_gmt":"2025-06-08T16:18:10","slug":"apple-shaping-pillow","status":"publish","type":"product","link":"https:\/\/babypillowwholesale.com\/fi\/product\/apple-shaping-pillow\/","title":{"rendered":"Omenan muotoilutyyny"},"content":{"rendered":"<div class=\"auto-hide-last-sibling-br paragraph-qzbcQC paragraph-element br-paragraph-space\" data-immersive-translate-walked=\"8e61f2e7-6af2-46e5-9672-3b9e4f4033d9\" data-immersive-translate-paragraph=\"1\">Apple Shaping Pillow on t\u00e4ydellinen yhdistelm\u00e4 vieh\u00e4tyst\u00e4 ja toiminnallisuutta, joka on r\u00e4\u00e4t\u00e4l\u00f6ity arvokkaille 0-6 kuukauden ik\u00e4isille vauvoille. Sen lumoava, omenan inspiroima siluetti, jossa on herkullisia lehtikoristeita, ei ainoastaan tuo vauvan maailmaan ripauksen s\u00f6p\u00f6ytt\u00e4, vaan palvelee my\u00f6s t\u00e4rke\u00e4\u00e4 tarkoitusta. Strategisesti sijoitettu keskell\u00e4 oleva leikkaus tarjoaa hell\u00e4varaista, kehyst\u00e4v\u00e4llist\u00e4 tukea pikkuisen herk\u00e4lle p\u00e4\u00e4h\u00e4n ja ohjaa sit\u00e4 kohti kaunista muotoa lapsen kasvaessa. Se on kooltaan 22*20*1,5*1,5\/3cm, joten se on uskomattoman monipuolinen. Ty\u00f6nn\u00e4 se vauvasi pinnas\u00e4ngyn viihtyis\u00e4\u00e4n tilaan ja katso, kuinka se muuttaa p\u00e4iv\u00e4unet unelmalliseksi kokemukseksi. Aurinkoisena ulkoilup\u00e4iv\u00e4n\u00e4 aseta se lastenvaunuihin ja varmista, ett\u00e4 vauvasi nauttii mukavasta kyydist\u00e4. Pitkill\u00e4 automatkoilla se mahtuu mukavasti turvaistuimeen ja tarjoaa vauvallesi tutun ja rauhoittavan lepopaikan. Vanhemmat kehuvat t\u00e4t\u00e4 tyyny\u00e4! Monet ovat kertoneet, kuinka siit\u00e4 on tullut v\u00e4ltt\u00e4m\u00e4t\u00f6n osa heid\u00e4n vauvanhoitorutiinejaan. \"Pikkuiseni n\u00e4ytt\u00e4\u00e4 niin rauhalliselta nukkuessaan t\u00e4m\u00e4n omenan muotoisen tyynyn p\u00e4\u00e4ll\u00e4. Se on pehme\u00e4, ja n\u00e4en jo eron h\u00e4nen p\u00e4\u00e4ns\u00e4 muodossa\", sanoo er\u00e4s onnellinen \u00e4iti. Toinen is\u00e4 kommentoi: \"Monien v\u00e4rivaihtoehtojen ansiosta tyyny on helppo sovittaa lastenhuoneemme sisustukseen. Lis\u00e4ksi se on niin k\u00e4tev\u00e4 ottaa mukaan, minne ikin\u00e4 menemmekin.\" Apple Shaping Pillow on saatavana ihastuttavissa vaaleanpunaisen, hienostuneen tummanvihre\u00e4n ja rauhoittavan sinisen s\u00e4vyiss\u00e4, joten voit valita s\u00e4vyn, joka sopii parhaiten makuusi. Se ei ole pelkk\u00e4 tyyny, vaan rakas kumppani vauvasi ensimm\u00e4isin\u00e4 p\u00e4ivin\u00e4.<\/div>","protected":false},"excerpt":{"rendered":"<p>Apple Shaping Pillow on \u00e4lykk\u00e4\u00e4sti suunniteltu tuote 0-6 kuukauden ik\u00e4isille vauvoille. Sen omenan muotoinen muoto on paitsi s\u00f6p\u00f6 my\u00f6s k\u00e4yt\u00e4nn\u00f6llinen. Ainutlaatuinen keskelt\u00e4 leikattu muotoilu tukee hell\u00e4varaisesti vauvan p\u00e4\u00e4t\u00e4 ja auttaa s\u00e4ilytt\u00e4m\u00e4\u00e4n optimaalisen muodon t\u00e4rkeiden ensimm\u00e4isten kuukausien aikana. Mitat 22*<em data-immersive-translate-walked=\"5509ee64-5f83-48cf-a52f-9b37e33a2d1d\">20*<\/em>1.5\/3CM, se on kompakti ja helppo sijoittaa pinnas\u00e4nkyyn, rattaisiin tai turvaistuimeen. V\u00e4rivaihtoehtoina on vaaleanpunainen, tummanvihre\u00e4 ja sininen, joten se sopii erilaisiin tyylillisiin mieltymyksiin, mik\u00e4 tekee siit\u00e4 vieh\u00e4tt\u00e4v\u00e4n ja toimivan lis\u00e4yksen vauvanhoitotarvikkeisiin.<\/p>","protected":false},"featured_media":3279,"comment_status":"open","ping_status":"closed","template":"","meta":{"_uag_custom_page_level_css":"","site-sidebar-layout":"default","site-content-layout":"","ast-site-content-layout":"default","site-content-style":"default","site-sidebar-style":"default","ast-global-header-display":"","ast-banner-title-visibility":"","ast-main-header-display":"","ast-hfb-above-header-display":"","ast-hfb-below-header-display":"","ast-hfb-mobile-header-display":"","site-post-title":"","ast-breadcrumbs-content":"","ast-featured-img":"","footer-sml-layout":"","ast-disable-related-posts":"","theme-transparent-header-meta":"default","adv-header-id-meta":"","stick-header-meta":"","header-above-stick-meta":"","header-main-stick-meta":"","header-below-stick-meta":"","astra-migrate-meta-layouts":"set","ast-page-background-enabled":"default","ast-page-background-meta":{"desktop":{"background-color":"","background-image":"","background-repeat":"repeat","background-position":"center center","background-size":"auto","background-attachment":"scroll","background-type":"","background-media":"","overlay-type":"","overlay-color":"","overlay-opacity":"","overlay-gradient":""},"tablet":{"background-color":"","background-image":"","background-repeat":"repeat","background-position":"center center","background-size":"auto","background-attachment":"scroll","background-type":"","background-media":"","overlay-type":"","overlay-color":"","overlay-opacity":"","overlay-gradient":""},"mobile":{"background-color":"","background-image":"","background-repeat":"repeat","background-position":"center center","background-size":"auto","background-attachment":"scroll","background-type":"","background-media":"","overlay-type":"","overlay-color":"","overlay-opacity":"","overlay-gradient":""}},"ast-content-background-meta":{"desktop":{"background-color":"var(--ast-global-color-5)","background-image":"","background-repeat":"repeat","background-position":"center center","background-size":"auto","background-attachment":"scroll","background-type":"","background-media":"","overlay-type":"","overlay-color":"","overlay-opacity":"","overlay-gradient":""},"tablet":{"background-color":"var(--ast-global-color-5)","background-image":"","background-repeat":"repeat","background-position":"center center","background-size":"auto","background-attachment":"scroll","background-type":"","background-media":"","overlay-type":"","overlay-color":"","overlay-opacity":"","overlay-gradient":""},"mobile":{"background-color":"var(--ast-global-color-5)","background-image":"","background-repeat":"repeat","background-position":"center center","background-size":"auto","background-attachment":"scroll","background-type":"","background-media":"","overlay-type":"","overlay-color":"","overlay-opacity":"","overlay-gradient":""}}},"product_brand":[],"product_cat":[54,42],"product_tag":[70,68,71,69],"class_list":{"0":"post-3261","1":"product","2":"type-product","3":"status-publish","4":"has-post-thumbnail","6":"product_cat-0-to-6months","7":"product_cat-merchandise","8":"product_tag-babypillow","9":"product_tag-cuteanimalpillow","10":"product_tag-headshapesupport","11":"product_tag-kouniushapingpillow","12":"desktop-align-left","13":"tablet-align-left","14":"mobile-align-left","16":"first","17":"instock","18":"shipping-taxable","19":"product-type-simple"},"aioseo_notices":[],"uagb_featured_image_src":{"full":["https:\/\/babypillowwholesale.com\/wp-content\/uploads\/2025\/03\/1112-1.jpg",1000,1000,false],"thumbnail":["https:\/\/babypillowwholesale.com\/wp-content\/uploads\/2025\/03\/1112-1-150x150.jpg",150,150,true],"medium":["https:\/\/babypillowwholesale.com\/wp-content\/uploads\/2025\/03\/1112-1-300x300.jpg",300,300,true],"medium_large":["https:\/\/babypillowwholesale.com\/wp-content\/uploads\/2025\/03\/1112-1-768x768.jpg",768,768,true],"large":["https:\/\/babypillowwholesale.com\/wp-content\/uploads\/2025\/03\/1112-1.jpg",1000,1000,false],"1536x1536":["https:\/\/babypillowwholesale.com\/wp-content\/uploads\/2025\/03\/1112-1.jpg",1000,1000,false],"2048x2048":["https:\/\/babypillowwholesale.com\/wp-content\/uploads\/2025\/03\/1112-1.jpg",1000,1000,false],"trp-custom-language-flag":["https:\/\/babypillowwholesale.com\/wp-content\/uploads\/2025\/03\/1112-1.jpg",12,12,false],"woocommerce_thumbnail":["https:\/\/babypillowwholesale.com\/wp-content\/uploads\/2025\/03\/1112-1-300x300.jpg",300,300,true],"woocommerce_single":["https:\/\/babypillowwholesale.com\/wp-content\/uploads\/2025\/03\/1112-1-600x600.jpg",600,600,true],"woocommerce_gallery_thumbnail":["https:\/\/babypillowwholesale.com\/wp-content\/uploads\/2025\/03\/1112-1-100x100.jpg",100,100,true]},"uagb_author_info":{"display_name":"Etnen zhong","author_link":"https:\/\/babypillowwholesale.com\/fi\/author\/"},"uagb_comment_info":0,"uagb_excerpt":"The Apple Shaping Pillow is a cleverly designed product for infants aged 0 to 6 months. Its apple - shaped form is not only cute but also practical. The unique cut - out design in the middle gently supports the baby's head, helping to maintain an optimal shape during the crucial early months. Measuring 22*20*1.5\/3CM,&hellip;","jetpack_sharing_enabled":true,"_links":{"self":[{"href":"https:\/\/babypillowwholesale.com\/fi\/wp-json\/wp\/v2\/product\/3261","targetHints":{"allow":["GET"]}}],"collection":[{"href":"https:\/\/babypillowwholesale.com\/fi\/wp-json\/wp\/v2\/product"}],"about":[{"href":"https:\/\/babypillowwholesale.com\/fi\/wp-json\/wp\/v2\/types\/product"}],"replies":[{"embeddable":true,"href":"https:\/\/babypillowwholesale.com\/fi\/wp-json\/wp\/v2\/comments?post=3261"}],"wp:featuredmedia":[{"embeddable":true,"href":"https:\/\/babypillowwholesale.com\/fi\/wp-json\/wp\/v2\/media\/3279"}],"wp:attachment":[{"href":"https:\/\/babypillowwholesale.com\/fi\/wp-json\/wp\/v2\/media?parent=3261"}],"wp:term":[{"taxonomy":"product_brand","embeddable":true,"href":"https:\/\/babypillowwholesale.com\/fi\/wp-json\/wp\/v2\/product_brand?post=3261"},{"taxonomy":"product_cat","embeddable":true,"href":"https:\/\/babypillowwholesale.com\/fi\/wp-json\/wp\/v2\/product_cat?post=3261"},{"taxonomy":"product_tag","embeddable":true,"href":"https:\/\/babypillowwholesale.com\/fi\/wp-json\/wp\/v2\/product_tag?post=3261"}],"curies":[{"name":"wp","href":"https:\/\/api.w.org\/{rel}","templated":true}]}}