{"id":3259,"date":"2025-03-17T03:01:05","date_gmt":"2025-03-17T03:01:05","guid":{"rendered":"https:\/\/babypillowwholesale.com\/?post_type=product&#038;p=3259"},"modified":"2025-06-08T16:19:14","modified_gmt":"2025-06-08T16:19:14","slug":"hydrophilic-cotton-shaping-pillow","status":"publish","type":"product","link":"https:\/\/babypillowwholesale.com\/fi\/product\/hydrophilic-cotton-shaping-pillow\/","title":{"rendered":"Hydrofiilinen puuvilla Shaping Pillow (muotoilutyyny)"},"content":{"rendered":"<div class=\"auto-hide-last-sibling-br paragraph-qzbcQC paragraph-element br-paragraph-space\" data-immersive-translate-walked=\"8e61f2e7-6af2-46e5-9672-3b9e4f4033d9\" data-immersive-translate-paragraph=\"1\">Esittelyss\u00e4 on Hydrophilic cotton Shaping Pillow - ihastuttava sekoitus vieh\u00e4tyst\u00e4 ja toiminnallisuutta, joka on r\u00e4\u00e4t\u00e4l\u00f6ity yksinomaan 0-6 kuukauden ik\u00e4isille pienimmille nukkujille. T\u00e4m\u00e4 tyyny on koristeltu suloisilla korvilla ja herkullisella rusetilla, ja se on visuaalinen mestariteos, joka pirist\u00e4\u00e4 v\u00e4litt\u00f6m\u00e4sti mit\u00e4 tahansa lastenhuonetta.<br \/>\nTarkalla tarkkuudella suunniteltu, ainutlaatuinen \u00e4\u00e4riviivatyyppi syleilee hell\u00e4varaisesti vauvan herkk\u00e4\u00e4 p\u00e4\u00e4t\u00e4 ja ohjaa sit\u00e4 lempe\u00e4sti kohti t\u00e4ydellist\u00e4 muotoa, kun vauva aloittaa varhaisen kasvunsa. Se on kooltaan 26230\/3CM, joten se on ihanteellisen kokoinen ja sopii saumattomasti erilaisiin ymp\u00e4rist\u00f6ihin.<br \/>\nT\u00e4m\u00e4 tyyny takaa tasaisen mukavuuden, olipa se sitten vauvasi pinnas\u00e4ngyn pehmeiss\u00e4 rajoissa, tarjoten kodikkaan keitaalle heid\u00e4n puoliv\u00e4lin p\u00e4iv\u00e4uniaan varten tai vauvan mukana vauvan kantorepussa perheen retkell\u00e4 el\u00e4intarhaan. Se on my\u00f6s loistava kumppani pitk\u00e4nmatkan lennoilla, sill\u00e4 se tarjoaa pienelle lapsellesi tutun ja rauhoittavan paikan lev\u00e4t\u00e4 kiireen ja h\u00e4lin\u00e4n keskell\u00e4.<br \/>\nSaatavilla on pehme\u00e4n vaaleanpunaisen ja tummanvihre\u00e4n lumoavia s\u00e4vyj\u00e4, joten voit valita s\u00e4vyn, joka sopii parhaiten esteettiseen tunteeseesi tai lastenhuoneen teemaan. Paranna vauvasi unikokemusta Hydrophilic cotton Shaping Pillow -tyynyll\u00e4, jossa jokainen p\u00e4iv\u00e4unet on askel kohti kauniisti muotoiltua p\u00e4\u00e4t\u00e4 ja suloisia unia.<\/div>","protected":false},"excerpt":{"rendered":"<p>Hydrofiilinen puuvillainen muotoilutyyny on houkutteleva ja k\u00e4yt\u00e4nn\u00f6llinen tuote, joka on suunniteltu 0-6 kuukauden ik\u00e4isille vauvoille. Vieh\u00e4tt\u00e4v\u00e4ss\u00e4 ulkon\u00e4\u00f6ss\u00e4, jossa on s\u00f6p\u00f6t korvat ja ihana rusetti, se on visuaalisesti houkutteleva. Tyynyn muotoilu on huolella muotoiltu tarjoamaan hell\u00e4varaista tukea vauvan p\u00e4\u00e4h\u00e4n, mik\u00e4 auttaa s\u00e4ilytt\u00e4m\u00e4\u00e4n oikean muodon vauvan varhaisen kehityksen aikana. Mitoiltaan 26230\/3CM, se sopii hyvin pinnas\u00e4nkyyn tai vauvan kantokoppaan. Sit\u00e4 tarjotaan sek\u00e4 suloisen vaaleanpunaisena ett\u00e4 tyylikk\u00e4\u00e4n tummanvihre\u00e4n\u00e4, joten se antaa vanhemmille vaihtoehtoja, jotka sopivat heid\u00e4n mieltymyksiins\u00e4 tai lastenhuoneen sisustukseen, ja siin\u00e4 yhdistyv\u00e4t toiminnallisuus ja ripaus s\u00f6p\u00f6ytt\u00e4 vauvanhoitoa varten.<\/p>","protected":false},"featured_media":3278,"comment_status":"open","ping_status":"closed","template":"","meta":{"_uag_custom_page_level_css":"","site-sidebar-layout":"default","site-content-layout":"","ast-site-content-layout":"default","site-content-style":"default","site-sidebar-style":"default","ast-global-header-display":"","ast-banner-title-visibility":"","ast-main-header-display":"","ast-hfb-above-header-display":"","ast-hfb-below-header-display":"","ast-hfb-mobile-header-display":"","site-post-title":"","ast-breadcrumbs-content":"","ast-featured-img":"","footer-sml-layout":"","ast-disable-related-posts":"","theme-transparent-header-meta":"default","adv-header-id-meta":"","stick-header-meta":"","header-above-stick-meta":"","header-main-stick-meta":"","header-below-stick-meta":"","astra-migrate-meta-layouts":"set","ast-page-background-enabled":"default","ast-page-background-meta":{"desktop":{"background-color":"","background-image":"","background-repeat":"repeat","background-position":"center center","background-size":"auto","background-attachment":"scroll","background-type":"","background-media":"","overlay-type":"","overlay-color":"","overlay-opacity":"","overlay-gradient":""},"tablet":{"background-color":"","background-image":"","background-repeat":"repeat","background-position":"center center","background-size":"auto","background-attachment":"scroll","background-type":"","background-media":"","overlay-type":"","overlay-color":"","overlay-opacity":"","overlay-gradient":""},"mobile":{"background-color":"","background-image":"","background-repeat":"repeat","background-position":"center center","background-size":"auto","background-attachment":"scroll","background-type":"","background-media":"","overlay-type":"","overlay-color":"","overlay-opacity":"","overlay-gradient":""}},"ast-content-background-meta":{"desktop":{"background-color":"var(--ast-global-color-5)","background-image":"","background-repeat":"repeat","background-position":"center center","background-size":"auto","background-attachment":"scroll","background-type":"","background-media":"","overlay-type":"","overlay-color":"","overlay-opacity":"","overlay-gradient":""},"tablet":{"background-color":"var(--ast-global-color-5)","background-image":"","background-repeat":"repeat","background-position":"center center","background-size":"auto","background-attachment":"scroll","background-type":"","background-media":"","overlay-type":"","overlay-color":"","overlay-opacity":"","overlay-gradient":""},"mobile":{"background-color":"var(--ast-global-color-5)","background-image":"","background-repeat":"repeat","background-position":"center center","background-size":"auto","background-attachment":"scroll","background-type":"","background-media":"","overlay-type":"","overlay-color":"","overlay-opacity":"","overlay-gradient":""}}},"product_brand":[],"product_cat":[54,42],"product_tag":[70,68,71,69],"class_list":{"0":"post-3259","1":"product","2":"type-product","3":"status-publish","4":"has-post-thumbnail","6":"product_cat-0-to-6months","7":"product_cat-merchandise","8":"product_tag-babypillow","9":"product_tag-cuteanimalpillow","10":"product_tag-headshapesupport","11":"product_tag-kouniushapingpillow","12":"desktop-align-left","13":"tablet-align-left","14":"mobile-align-left","16":"first","17":"instock","18":"shipping-taxable","19":"product-type-simple"},"aioseo_notices":[],"uagb_featured_image_src":{"full":["https:\/\/babypillowwholesale.com\/wp-content\/uploads\/2025\/03\/1125-1.jpg",1000,1000,false],"thumbnail":["https:\/\/babypillowwholesale.com\/wp-content\/uploads\/2025\/03\/1125-1-150x150.jpg",150,150,true],"medium":["https:\/\/babypillowwholesale.com\/wp-content\/uploads\/2025\/03\/1125-1-300x300.jpg",300,300,true],"medium_large":["https:\/\/babypillowwholesale.com\/wp-content\/uploads\/2025\/03\/1125-1-768x768.jpg",768,768,true],"large":["https:\/\/babypillowwholesale.com\/wp-content\/uploads\/2025\/03\/1125-1.jpg",1000,1000,false],"1536x1536":["https:\/\/babypillowwholesale.com\/wp-content\/uploads\/2025\/03\/1125-1.jpg",1000,1000,false],"2048x2048":["https:\/\/babypillowwholesale.com\/wp-content\/uploads\/2025\/03\/1125-1.jpg",1000,1000,false],"trp-custom-language-flag":["https:\/\/babypillowwholesale.com\/wp-content\/uploads\/2025\/03\/1125-1.jpg",12,12,false],"woocommerce_thumbnail":["https:\/\/babypillowwholesale.com\/wp-content\/uploads\/2025\/03\/1125-1-300x300.jpg",300,300,true],"woocommerce_single":["https:\/\/babypillowwholesale.com\/wp-content\/uploads\/2025\/03\/1125-1-600x600.jpg",600,600,true],"woocommerce_gallery_thumbnail":["https:\/\/babypillowwholesale.com\/wp-content\/uploads\/2025\/03\/1125-1-100x100.jpg",100,100,true]},"uagb_author_info":{"display_name":"Etnen zhong","author_link":"https:\/\/babypillowwholesale.com\/fi\/author\/"},"uagb_comment_info":0,"uagb_excerpt":"The Hydrophilic cotton Shaping Pillow is an appealing and practical product designed for infants between 0 and 6 months old. With a charming appearance featuring cute ears and a lovely bow, it's visually attractive. The pillow's design is carefully crafted to provide gentle support for a baby's head, helping to maintain a proper shape during&hellip;","jetpack_sharing_enabled":true,"_links":{"self":[{"href":"https:\/\/babypillowwholesale.com\/fi\/wp-json\/wp\/v2\/product\/3259","targetHints":{"allow":["GET"]}}],"collection":[{"href":"https:\/\/babypillowwholesale.com\/fi\/wp-json\/wp\/v2\/product"}],"about":[{"href":"https:\/\/babypillowwholesale.com\/fi\/wp-json\/wp\/v2\/types\/product"}],"replies":[{"embeddable":true,"href":"https:\/\/babypillowwholesale.com\/fi\/wp-json\/wp\/v2\/comments?post=3259"}],"wp:featuredmedia":[{"embeddable":true,"href":"https:\/\/babypillowwholesale.com\/fi\/wp-json\/wp\/v2\/media\/3278"}],"wp:attachment":[{"href":"https:\/\/babypillowwholesale.com\/fi\/wp-json\/wp\/v2\/media?parent=3259"}],"wp:term":[{"taxonomy":"product_brand","embeddable":true,"href":"https:\/\/babypillowwholesale.com\/fi\/wp-json\/wp\/v2\/product_brand?post=3259"},{"taxonomy":"product_cat","embeddable":true,"href":"https:\/\/babypillowwholesale.com\/fi\/wp-json\/wp\/v2\/product_cat?post=3259"},{"taxonomy":"product_tag","embeddable":true,"href":"https:\/\/babypillowwholesale.com\/fi\/wp-json\/wp\/v2\/product_tag?post=3259"}],"curies":[{"name":"wp","href":"https:\/\/api.w.org\/{rel}","templated":true}]}}