{"id":3152,"date":"2025-02-24T03:46:58","date_gmt":"2025-02-24T03:46:58","guid":{"rendered":"https:\/\/babypillowwholesale.com\/?post_type=product&#038;p=3152"},"modified":"2025-06-08T16:21:25","modified_gmt":"2025-06-08T16:21:25","slug":"koala-shaping-pillow","status":"publish","type":"product","link":"https:\/\/babypillowwholesale.com\/fi\/product\/koala-shaping-pillow\/","title":{"rendered":"Koala muotoileva tyyny"},"content":{"rendered":"<p>Tutustu Koala Shaping Pillow -tyynyyn, mukavuuden ja toimivuuden mestariteokseen, joka on suunniteltu huolellisesti 0-6 kuukauden ik\u00e4isille pienimmille nukkujille. Sen herttainen, el\u00e4imist\u00e4 inspiraationsa saanut siluetti ei ole vain visuaalinen herkku vaan my\u00f6s portti pienen ilopallosi suloisiin uniin. T\u00e4m\u00e4n tyynyn ergonominen muoto syleilee lempe\u00e4sti vauvasi herkk\u00e4\u00e4 p\u00e4\u00e4t\u00e4 ja ohjaa sit\u00e4 huolella ja tarkasti, jotta se saisi t\u00e4ydellisen muodon lapsen kasvaessa. K\u00e4tev\u00e4n 26*23*3cm kokoinen tyyny on monipuolinen kumppani, joka sopii saumattomasti erilaisiin ymp\u00e4rist\u00f6ihin. Kuvittele se vauvasi pinnas\u00e4ngyn pehme\u00e4\u00e4n pehmusteeseen, joka luo viihtyis\u00e4n turvapaikan pitkille, rauhallisille p\u00e4iv\u00e4unille. Kun olet liikkeell\u00e4, olipa kyseess\u00e4 sitten leppoisa k\u00e4velyretki rattaissa tai perheseikkailu autossa, Koala Shaping Pillow tarjoaa tasaista tukea ja mukavuutta, mik\u00e4 tekee jokaisesta matkasta levollisen. Se on saatavana hurmaavissa vaaleanpunaisen ja sinisen s\u00e4vyiss\u00e4, joten voit valita s\u00e4vyn, joka sopii parhaiten vauvasi lastenhuoneen sisustukseen tai henkil\u00f6kohtaiseen makuun. Koala Shaping Pillow on enemm\u00e4n kuin pelkk\u00e4 tyyny, se on yhdistelm\u00e4 k\u00e4yt\u00e4nn\u00f6llisyytt\u00e4 ja vieh\u00e4tyst\u00e4, pakollinen lis\u00e4 vauvasi maailmaan, jossa yhdistyv\u00e4t unen taito ja muotoilun tiede.<\/p>","protected":false},"excerpt":{"rendered":"<p>Koala Shaping Pillow on r\u00e4\u00e4t\u00e4l\u00f6ity 0-6 kuukauden ik\u00e4isille vauvoille. Sen vieh\u00e4tt\u00e4v\u00e4 muotoilu muistuttaa ihastuttavaa el\u00e4int\u00e4, joka varmasti miellytt\u00e4\u00e4 sek\u00e4 vauvoja ett\u00e4 vanhempia. Tyynyn ergonominen muoto on muotoiltu ohjaamaan ja tukemaan vauvan p\u00e4\u00e4t\u00e4 hell\u00e4varaisesti ja edist\u00e4m\u00e4\u00e4n p\u00e4\u00e4n muodon oikeaa kehityst\u00e4. K\u00e4tev\u00e4n kokoinen 26<em data-immersive-translate-walked=\"000db34a-f9f0-4794-a784-0d6465363590\">23<\/em>0\/3CM, se on helppo sijoittaa erilaisiin vauvaan liittyviin ymp\u00e4rist\u00f6ihin, kuten pinnas\u00e4nkyihin tai rattaisiin. Saatavana kahdessa ihanassa v\u00e4riss\u00e4, vaaleanpunaisena ja sinisen\u00e4, se tarjoaa vaihtoehtoja eri tyylisuosituksiin, ja siin\u00e4 yhdistyv\u00e4t toiminnallisuus ja ripaus s\u00f6p\u00f6ytt\u00e4 pikkuiselle.<\/p>","protected":false},"featured_media":3276,"comment_status":"open","ping_status":"closed","template":"","meta":{"_uag_custom_page_level_css":"","site-sidebar-layout":"default","site-content-layout":"","ast-site-content-layout":"default","site-content-style":"default","site-sidebar-style":"default","ast-global-header-display":"","ast-banner-title-visibility":"","ast-main-header-display":"","ast-hfb-above-header-display":"","ast-hfb-below-header-display":"","ast-hfb-mobile-header-display":"","site-post-title":"","ast-breadcrumbs-content":"","ast-featured-img":"","footer-sml-layout":"","ast-disable-related-posts":"","theme-transparent-header-meta":"default","adv-header-id-meta":"","stick-header-meta":"","header-above-stick-meta":"","header-main-stick-meta":"","header-below-stick-meta":"","astra-migrate-meta-layouts":"set","ast-page-background-enabled":"default","ast-page-background-meta":{"desktop":{"background-color":"","background-image":"","background-repeat":"repeat","background-position":"center center","background-size":"auto","background-attachment":"scroll","background-type":"","background-media":"","overlay-type":"","overlay-color":"","overlay-opacity":"","overlay-gradient":""},"tablet":{"background-color":"","background-image":"","background-repeat":"repeat","background-position":"center center","background-size":"auto","background-attachment":"scroll","background-type":"","background-media":"","overlay-type":"","overlay-color":"","overlay-opacity":"","overlay-gradient":""},"mobile":{"background-color":"","background-image":"","background-repeat":"repeat","background-position":"center center","background-size":"auto","background-attachment":"scroll","background-type":"","background-media":"","overlay-type":"","overlay-color":"","overlay-opacity":"","overlay-gradient":""}},"ast-content-background-meta":{"desktop":{"background-color":"var(--ast-global-color-5)","background-image":"","background-repeat":"repeat","background-position":"center center","background-size":"auto","background-attachment":"scroll","background-type":"","background-media":"","overlay-type":"","overlay-color":"","overlay-opacity":"","overlay-gradient":""},"tablet":{"background-color":"var(--ast-global-color-5)","background-image":"","background-repeat":"repeat","background-position":"center center","background-size":"auto","background-attachment":"scroll","background-type":"","background-media":"","overlay-type":"","overlay-color":"","overlay-opacity":"","overlay-gradient":""},"mobile":{"background-color":"var(--ast-global-color-5)","background-image":"","background-repeat":"repeat","background-position":"center center","background-size":"auto","background-attachment":"scroll","background-type":"","background-media":"","overlay-type":"","overlay-color":"","overlay-opacity":"","overlay-gradient":""}}},"product_brand":[],"product_cat":[54,42],"product_tag":[70,68,71,69],"class_list":{"0":"post-3152","1":"product","2":"type-product","3":"status-publish","4":"has-post-thumbnail","6":"product_cat-0-to-6months","7":"product_cat-merchandise","8":"product_tag-babypillow","9":"product_tag-cuteanimalpillow","10":"product_tag-headshapesupport","11":"product_tag-kouniushapingpillow","12":"desktop-align-left","13":"tablet-align-left","14":"mobile-align-left","16":"first","17":"instock","18":"featured","19":"shipping-taxable","20":"product-type-simple"},"aioseo_notices":[],"uagb_featured_image_src":{"full":["https:\/\/babypillowwholesale.com\/wp-content\/uploads\/2025\/02\/1122.jpg",1000,1000,false],"thumbnail":["https:\/\/babypillowwholesale.com\/wp-content\/uploads\/2025\/02\/1122-150x150.jpg",150,150,true],"medium":["https:\/\/babypillowwholesale.com\/wp-content\/uploads\/2025\/02\/1122-300x300.jpg",300,300,true],"medium_large":["https:\/\/babypillowwholesale.com\/wp-content\/uploads\/2025\/02\/1122-768x768.jpg",768,768,true],"large":["https:\/\/babypillowwholesale.com\/wp-content\/uploads\/2025\/02\/1122.jpg",1000,1000,false],"1536x1536":["https:\/\/babypillowwholesale.com\/wp-content\/uploads\/2025\/02\/1122.jpg",1000,1000,false],"2048x2048":["https:\/\/babypillowwholesale.com\/wp-content\/uploads\/2025\/02\/1122.jpg",1000,1000,false],"trp-custom-language-flag":["https:\/\/babypillowwholesale.com\/wp-content\/uploads\/2025\/02\/1122.jpg",12,12,false],"woocommerce_thumbnail":["https:\/\/babypillowwholesale.com\/wp-content\/uploads\/2025\/02\/1122-300x300.jpg",300,300,true],"woocommerce_single":["https:\/\/babypillowwholesale.com\/wp-content\/uploads\/2025\/02\/1122-600x600.jpg",600,600,true],"woocommerce_gallery_thumbnail":["https:\/\/babypillowwholesale.com\/wp-content\/uploads\/2025\/02\/1122-100x100.jpg",100,100,true]},"uagb_author_info":{"display_name":"Etnen zhong","author_link":"https:\/\/babypillowwholesale.com\/fi\/author\/"},"uagb_comment_info":0,"uagb_excerpt":"The Koala Shaping Pillow is tailored for infants aged 0 to 6 months. Its charming design resembles an adorable animal, which is sure to appeal to both babies and parents. The pillow's ergonomic shape is crafted to gently guide and support a baby's head, promoting proper head shape development. With a convenient size of 26230\/3CM,&hellip;","jetpack_sharing_enabled":true,"_links":{"self":[{"href":"https:\/\/babypillowwholesale.com\/fi\/wp-json\/wp\/v2\/product\/3152","targetHints":{"allow":["GET"]}}],"collection":[{"href":"https:\/\/babypillowwholesale.com\/fi\/wp-json\/wp\/v2\/product"}],"about":[{"href":"https:\/\/babypillowwholesale.com\/fi\/wp-json\/wp\/v2\/types\/product"}],"replies":[{"embeddable":true,"href":"https:\/\/babypillowwholesale.com\/fi\/wp-json\/wp\/v2\/comments?post=3152"}],"wp:featuredmedia":[{"embeddable":true,"href":"https:\/\/babypillowwholesale.com\/fi\/wp-json\/wp\/v2\/media\/3276"}],"wp:attachment":[{"href":"https:\/\/babypillowwholesale.com\/fi\/wp-json\/wp\/v2\/media?parent=3152"}],"wp:term":[{"taxonomy":"product_brand","embeddable":true,"href":"https:\/\/babypillowwholesale.com\/fi\/wp-json\/wp\/v2\/product_brand?post=3152"},{"taxonomy":"product_cat","embeddable":true,"href":"https:\/\/babypillowwholesale.com\/fi\/wp-json\/wp\/v2\/product_cat?post=3152"},{"taxonomy":"product_tag","embeddable":true,"href":"https:\/\/babypillowwholesale.com\/fi\/wp-json\/wp\/v2\/product_tag?post=3152"}],"curies":[{"name":"wp","href":"https:\/\/api.w.org\/{rel}","templated":true}]}}