{"id":1199,"date":"2025-02-17T16:07:49","date_gmt":"2025-02-17T16:07:49","guid":{"rendered":"http:\/\/babypillowwholesale.com\/product\/boho-bangle-bracelet-2\/"},"modified":"2025-06-08T16:23:33","modified_gmt":"2025-06-08T16:23:33","slug":"boho-bangle-bracelet-2","status":"publish","type":"product","link":"https:\/\/babypillowwholesale.com\/fi\/product\/boho-bangle-bracelet-2\/","title":{"rendered":"Mickey Bear muotoilutyyny"},"content":{"rendered":"<p>Esittelyss\u00e4 on lumoava Mikki-karhun muotoilutyyny, ihanteellinen kumppani, joka on suunniteltu hienosti 0-6 kuukauden ik\u00e4isille arvokkaille pikkulapsille. Sen vastustamattoman s\u00f6p\u00f6 karhumainen ulkon\u00e4k\u00f6 ei ole vain visuaalinen ilo, vaan sill\u00e4 on my\u00f6s t\u00e4rke\u00e4 teht\u00e4v\u00e4, sill\u00e4 se muotoilee hell\u00e4varaisesti vauvan herkk\u00e4\u00e4 p\u00e4\u00e4t\u00e4. Mitoiltaan 26*23*0\/3cm, se istuu tiukasti vauvasi vartalon kaaria pitkin ja takaa maksimaalisen mukavuuden. Se on saatavana vieh\u00e4tt\u00e4v\u00e4n\u00e4 vaaleanpunaisena ja rauhoittavana sinisen\u00e4, joten se sopii erilaisiin esteettisiin mieltymyksiin. T\u00e4m\u00e4 muotoilutyyny on monipuolinen k\u00e4yt\u00f6ss\u00e4. P\u00e4ivitt\u00e4isten p\u00e4iv\u00e4unien aikana lastenhuoneessa sen pehme\u00e4 rakenne ja tukeva muotoilu auttavat vauvaa rentoutumaan ja nukkumaan rauhallisesti. Perheen automatkalla se voidaan sijoittaa vauvan turvaistuimeen, jolloin se tarjoaa pienokaisellesi tutun ja kodikkaan paikan lev\u00e4t\u00e4. Jopa lyhyell\u00e4 vierailulla isovanhempien luona voit ottaa t\u00e4m\u00e4n pienikokoisen tyynyn mukaan ja luoda vauvallesi lohdullisen nukkumisymp\u00e4rist\u00f6n. Mikki-karhun muotoilutyyny on enemm\u00e4n kuin pelkk\u00e4 nukkumistarvike, se on yhdistelm\u00e4 toiminnallisuutta, vieh\u00e4tyst\u00e4 ja mukavuutta, pakollinen lis\u00e4 vauvanhoitotarvikkeisiin, jossa yhdistyv\u00e4t k\u00e4yt\u00e4nn\u00f6llisyys ja ripaus taikaa.<\/p>","protected":false},"excerpt":{"rendered":"<p>T\u00e4m\u00e4 Mikki-karhun muotoilutyyny on suunniteltu erityisesti 0-6 kuukauden ik\u00e4isille vauvoille. Sen s\u00f6p\u00f6 karhun muotoinen ulkon\u00e4k\u00f6 on eritt\u00e4in houkutteleva. Ainutlaatuinen muotoilu auttaa muokkaamaan vauvan p\u00e4\u00e4t\u00e4. Sopiva koko 26\/<em>3<\/em>0\/3CM sopii vauvan kehon kaarelle. Saatavana kahdessa v\u00e4riss\u00e4, vaaleanpunainen ja sininen, se voi vastata erilaisia mieltymyksi\u00e4. Se on k\u00e4yt\u00e4nn\u00f6llinen ja ihana tuote vauvanhoitoon.<\/p>","protected":false},"featured_media":3275,"comment_status":"open","ping_status":"closed","template":"","meta":{"_uag_custom_page_level_css":"","site-sidebar-layout":"default","site-content-layout":"","ast-site-content-layout":"default","site-content-style":"default","site-sidebar-style":"default","ast-global-header-display":"","ast-banner-title-visibility":"","ast-main-header-display":"","ast-hfb-above-header-display":"","ast-hfb-below-header-display":"","ast-hfb-mobile-header-display":"","site-post-title":"","ast-breadcrumbs-content":"","ast-featured-img":"","footer-sml-layout":"","ast-disable-related-posts":"","theme-transparent-header-meta":"default","adv-header-id-meta":"","stick-header-meta":"","header-above-stick-meta":"","header-main-stick-meta":"","header-below-stick-meta":"","astra-migrate-meta-layouts":"set","ast-page-background-enabled":"default","ast-page-background-meta":{"desktop":{"background-color":"","background-image":"","background-repeat":"repeat","background-position":"center center","background-size":"auto","background-attachment":"scroll","background-type":"","background-media":"","overlay-type":"","overlay-color":"","overlay-opacity":"","overlay-gradient":""},"tablet":{"background-color":"","background-image":"","background-repeat":"repeat","background-position":"center center","background-size":"auto","background-attachment":"scroll","background-type":"","background-media":"","overlay-type":"","overlay-color":"","overlay-opacity":"","overlay-gradient":""},"mobile":{"background-color":"","background-image":"","background-repeat":"repeat","background-position":"center center","background-size":"auto","background-attachment":"scroll","background-type":"","background-media":"","overlay-type":"","overlay-color":"","overlay-opacity":"","overlay-gradient":""}},"ast-content-background-meta":{"desktop":{"background-color":"var(--ast-global-color-5)","background-image":"","background-repeat":"repeat","background-position":"center center","background-size":"auto","background-attachment":"scroll","background-type":"","background-media":"","overlay-type":"","overlay-color":"","overlay-opacity":"","overlay-gradient":""},"tablet":{"background-color":"var(--ast-global-color-5)","background-image":"","background-repeat":"repeat","background-position":"center center","background-size":"auto","background-attachment":"scroll","background-type":"","background-media":"","overlay-type":"","overlay-color":"","overlay-opacity":"","overlay-gradient":""},"mobile":{"background-color":"var(--ast-global-color-5)","background-image":"","background-repeat":"repeat","background-position":"center center","background-size":"auto","background-attachment":"scroll","background-type":"","background-media":"","overlay-type":"","overlay-color":"","overlay-opacity":"","overlay-gradient":""}}},"product_brand":[],"product_cat":[54,42],"product_tag":[70,68,71,69],"class_list":{"0":"post-1199","1":"product","2":"type-product","3":"status-publish","4":"has-post-thumbnail","6":"product_cat-0-to-6months","7":"product_cat-merchandise","8":"product_tag-babypillow","9":"product_tag-cuteanimalpillow","10":"product_tag-headshapesupport","11":"product_tag-kouniushapingpillow","12":"desktop-align-left","13":"tablet-align-left","14":"mobile-align-left","16":"first","17":"instock","18":"shipping-taxable","19":"product-type-simple"},"aioseo_notices":[],"uagb_featured_image_src":{"full":["https:\/\/babypillowwholesale.com\/wp-content\/uploads\/2025\/02\/1119.jpg",1000,1000,false],"thumbnail":["https:\/\/babypillowwholesale.com\/wp-content\/uploads\/2025\/02\/1119-150x150.jpg",150,150,true],"medium":["https:\/\/babypillowwholesale.com\/wp-content\/uploads\/2025\/02\/1119-300x300.jpg",300,300,true],"medium_large":["https:\/\/babypillowwholesale.com\/wp-content\/uploads\/2025\/02\/1119-768x768.jpg",768,768,true],"large":["https:\/\/babypillowwholesale.com\/wp-content\/uploads\/2025\/02\/1119.jpg",1000,1000,false],"1536x1536":["https:\/\/babypillowwholesale.com\/wp-content\/uploads\/2025\/02\/1119.jpg",1000,1000,false],"2048x2048":["https:\/\/babypillowwholesale.com\/wp-content\/uploads\/2025\/02\/1119.jpg",1000,1000,false],"trp-custom-language-flag":["https:\/\/babypillowwholesale.com\/wp-content\/uploads\/2025\/02\/1119.jpg",12,12,false],"woocommerce_thumbnail":["https:\/\/babypillowwholesale.com\/wp-content\/uploads\/2025\/02\/1119-300x300.jpg",300,300,true],"woocommerce_single":["https:\/\/babypillowwholesale.com\/wp-content\/uploads\/2025\/02\/1119-600x600.jpg",600,600,true],"woocommerce_gallery_thumbnail":["https:\/\/babypillowwholesale.com\/wp-content\/uploads\/2025\/02\/1119-100x100.jpg",100,100,true]},"uagb_author_info":{"display_name":"Etnen zhong","author_link":"https:\/\/babypillowwholesale.com\/fi\/author\/"},"uagb_comment_info":0,"uagb_excerpt":"This Mickey Bear Shaping Pillow is specially designed for babies aged 0 to 6 months. With its cute bear - shaped appearance, it's very attractive. The unique design helps to shape the baby's head. The appropriate size of 26\/30\/3CM fits the baby's body curve. Available in two colors, pink and blue, it can meet different&hellip;","jetpack_sharing_enabled":true,"_links":{"self":[{"href":"https:\/\/babypillowwholesale.com\/fi\/wp-json\/wp\/v2\/product\/1199","targetHints":{"allow":["GET"]}}],"collection":[{"href":"https:\/\/babypillowwholesale.com\/fi\/wp-json\/wp\/v2\/product"}],"about":[{"href":"https:\/\/babypillowwholesale.com\/fi\/wp-json\/wp\/v2\/types\/product"}],"replies":[{"embeddable":true,"href":"https:\/\/babypillowwholesale.com\/fi\/wp-json\/wp\/v2\/comments?post=1199"}],"wp:featuredmedia":[{"embeddable":true,"href":"https:\/\/babypillowwholesale.com\/fi\/wp-json\/wp\/v2\/media\/3275"}],"wp:attachment":[{"href":"https:\/\/babypillowwholesale.com\/fi\/wp-json\/wp\/v2\/media?parent=1199"}],"wp:term":[{"taxonomy":"product_brand","embeddable":true,"href":"https:\/\/babypillowwholesale.com\/fi\/wp-json\/wp\/v2\/product_brand?post=1199"},{"taxonomy":"product_cat","embeddable":true,"href":"https:\/\/babypillowwholesale.com\/fi\/wp-json\/wp\/v2\/product_cat?post=1199"},{"taxonomy":"product_tag","embeddable":true,"href":"https:\/\/babypillowwholesale.com\/fi\/wp-json\/wp\/v2\/product_tag?post=1199"}],"curies":[{"name":"wp","href":"https:\/\/api.w.org\/{rel}","templated":true}]}}