{"id":3497,"date":"2025-04-19T12:47:24","date_gmt":"2025-04-19T12:47:24","guid":{"rendered":"https:\/\/babypillowwholesale.com\/?post_type=product&#038;p=3497"},"modified":"2025-06-05T13:57:14","modified_gmt":"2025-06-05T13:57:14","slug":"memory-foam-pillow-heart-shaped-pillow-core","status":"publish","type":"product","link":"https:\/\/babypillowwholesale.com\/et\/product\/memory-foam-pillow-heart-shaped-pillow-core\/","title":{"rendered":"M\u00e4luvahtpadi - s\u00fcdamekujuline padjakese"},"content":{"rendered":"<div class=\"auto-hide-last-sibling-br paragraph-qzbcQC paragraph-element br-paragraph-space\">\n<div class=\"auto-hide-last-sibling-br paragraph-qzbcQC paragraph-element br-paragraph-space\">\n<div class=\"auto-hide-last-sibling-br paragraph-qzbcQC paragraph-element br-paragraph-space\">\n<div class=\"auto-hide-last-sibling-br paragraph-qzbcQC paragraph-element br-paragraph-space\">\n<div class=\"inter-wlTS5w\" data-immersive-translate-walked=\"d12d8f94-b8ff-4d99-b7de-4fecb356978f\">\n<div class=\"container-QE4ayg\">\n<div class=\"item-jU10IN\">\n<div class=\"container-jODEnh chrome70-container\">\n<div class=\"inner-eE95c9 inner-item-aL3Ui_\" data-target-id=\"message-box-target-id\" data-testid=\"union_message\">\n<div class=\"message-block-container-liuetz\" data-testid=\"message-block-container\">\n<div class=\"message-box-ZWbBdF\" data-testid=\"receive_message\" data-message-id=\"3380063449561346\">\n<div class=\"message-box-content-wrapper-srHdUj\">\n<div class=\"message-content message-box-content-otxGGw receive-message-box-content-_lREFj samantha-message-box-content-Qjmpja\" data-testid=\"message_content\">\n<div class=\"container-hfX5E8 flow-markdown-body theme-samantha-yJEgBp\" dir=\"ltr\" data-testid=\"message_text_content\" data-show-indicator=\"false\">\n<div class=\"auto-hide-last-sibling-br paragraph-qzbcQC paragraph-element br-paragraph-space\">\n<div class=\"auto-hide-last-sibling-br paragraph-qzbcQC paragraph-element br-paragraph-space\">Eksklusiivselt 0 - 6 kuu vanustele beebidele valmistatud Memory Foam Pillow - Heart - shaped Pillow Core on isikup\u00e4rastatud luksuse tunnistus. Oleme uhked oma v\u00f5ime \u00fcle muuta see juba niigi v\u00f5luv s\u00fcdamekujuline s\u00fcdamekese individuaalseks kunstiteoseks, mis on kohandatud k\u00f5ige n\u00f5udlikumale maitsele.<\/div>\n<p>&nbsp;<\/p>\n<div class=\"auto-hide-last-sibling-br paragraph-qzbcQC paragraph-element br-paragraph-space\">Need, kes unistavad tujukate t\u00e4htede t\u00e4htkuju ja naeratava poolkuu kujutavad ette, mis on delikaatselt s\u00fcdamesse tr\u00fckitud. Iga t\u00e4ht n\u00e4ib sisaldavat unistuste universumit, luues taevase pelgupaiga, mis rahustab ja v\u00f5lub. Kui eelistate looduse ilu, kujutage ette lopsakaid, rohelisi lehti, mis p\u00f5imuvad \u00f5rnade, \u00f5itsevate lilledega. Pehmetes, rahustavates toonides esitatud \u00f5ied toovad padjale kevadise aia v\u00e4rskuse, pakkudes rahulikku ja v\u00e4rskendavat visuaalset embust.<\/div>\n<p>&nbsp;<\/p>\n<div class=\"auto-hide-last-sibling-br paragraph-qzbcQC paragraph-element br-paragraph-space\">Moodsa m\u00f5tlemisega inimestele sobivad puhtad, minimalistlikud jooned ja geomeetrilised mustrid, mida saab sujuvalt integreerida. Teravad nurgad ja sujuvad kurvid ristuvad kaasaegse disaini tantsus, luues v\u00e4limuse, mis on nii stiilne kui ka s\u00fcdamlik. Need mustrid ei ole lihtsalt kaunistused, vaid avaldused, mis peegeldavad lapse lastetoa ainulaadset isiksust ja maitset.<\/div>\n<p>&nbsp;<\/p>\n<div class=\"auto-hide-last-sibling-br paragraph-qzbcQC paragraph-element br-paragraph-space\">Iga kohandatud muster on valmistatud \u00fclima t\u00e4psuse ja hoolikusega, kasutades ainult k\u00f5ige ohutumaid, mittem\u00fcrgiseid tinte. See tagab, et iga padjas\u00fcdamik ei ole mitte ainult visuaalne meistriteos, vaid ka turvaline ja mugav varjupaik teie v\u00e4ikesele lapsele.<\/div>\n<p>&nbsp;<\/p>\n<div class=\"auto-hide-last-sibling-br paragraph-qzbcQC paragraph-element br-paragraph-space\">Pakkudes nii laia kohandamise spektrit, anname teile v\u00f5imaluse rahuldada k\u00f5iki esteetilisi eelistusi. Olgu see siis kapriisne imedemaa, looduslik puhkekoht v\u00f5i kaasaegne minimalistlik oaas, seda s\u00fcdamekujulist padjakest saab muuta nii, et see vastaks ootustele ja \u00fcletaks need. \u00dcldiste toodetega k\u00fcllastunud turul tagavad meie kohandatud kujundused, et teie pakkumine paistab silma, p\u00e4lvib t\u00e4helepanu ja v\u00f5idab s\u00fcdamed. Selline isikup\u00e4rastamise tase ei suurenda mitte ainult m\u00fc\u00fcki, vaid loob s\u00fcgavama sideme teie klientidega, pakkudes neile toodet, mis on sama ainulaadne kui nende v\u00e4ike laps.<\/div>\n<p>&nbsp;<\/p>\n<div class=\"auto-hide-last-sibling-br paragraph-qzbcQC paragraph-element br-paragraph-space\">T\u00f5sta oma tootesarja meie Memory Foam Pillow - Heart - shaped Pillow Core, kus kohandamine kohtub luksusega ja iga padi r\u00e4\u00e4gib unikaalse loo.<\/div>\n<\/div>\n<\/div>\n<\/div>\n<\/div>\n<\/div>\n<\/div>\n<\/div>\n<\/div>\n<\/div>\n<\/div>\n<\/div>\n<\/div>\n<\/div>\n<\/div>\n<\/div>","protected":false},"excerpt":{"rendered":"<div class=\"auto-hide-last-sibling-br paragraph-qzbcQC paragraph-element br-paragraph-space\">See Memory Foam Pillow - s\u00fcdamekujuline padjakese, mis on m\u00f5eldud 0 - 6 kuu vanustele beebidele, pakub v\u00f5imsat kohandamise eelist. Me saame valmistada peenemaid, kohandatud mustreid, mis vastavad teie erivajadustele. N\u00e4iteks kui teie kliendid jumaldavad armasid stiile, saame tr\u00fckkida v\u00f5luvaid karikatuuritegelasi v\u00f5i \u00f5rnu lillemotiive. Eelistate elegantset puudutust? Saate kasutada lihtsaid, kuid stiilseid geomeetrilisi mustreid v\u00f5i pehmeid pastelseid gradiente. Need kohandatud kujundused ei t\u00f5sta mitte ainult toote visuaalset atraktiivsust, vaid muudavad selle ka turul silmapaistvaks, meelitades rohkem ostjaid ja suurendades m\u00fc\u00fcki. Erinevate disainieelistustega kohanedes saate pakkuda toodet, mis sobib ideaalselt erinevate tarbijate esteetikaga, tagades konkurentsieelise.<\/div>","protected":false},"featured_media":3498,"comment_status":"open","ping_status":"closed","template":"","meta":{"_uag_custom_page_level_css":"","site-sidebar-layout":"default","site-content-layout":"","ast-site-content-layout":"default","site-content-style":"default","site-sidebar-style":"default","ast-global-header-display":"","ast-banner-title-visibility":"","ast-main-header-display":"","ast-hfb-above-header-display":"","ast-hfb-below-header-display":"","ast-hfb-mobile-header-display":"","site-post-title":"","ast-breadcrumbs-content":"","ast-featured-img":"","footer-sml-layout":"","ast-disable-related-posts":"","theme-transparent-header-meta":"default","adv-header-id-meta":"","stick-header-meta":"","header-above-stick-meta":"","header-main-stick-meta":"","header-below-stick-meta":"","astra-migrate-meta-layouts":"set","ast-page-background-enabled":"default","ast-page-background-meta":{"desktop":{"background-color":"","background-image":"","background-repeat":"repeat","background-position":"center center","background-size":"auto","background-attachment":"scroll","background-type":"","background-media":"","overlay-type":"","overlay-color":"","overlay-opacity":"","overlay-gradient":""},"tablet":{"background-color":"","background-image":"","background-repeat":"repeat","background-position":"center center","background-size":"auto","background-attachment":"scroll","background-type":"","background-media":"","overlay-type":"","overlay-color":"","overlay-opacity":"","overlay-gradient":""},"mobile":{"background-color":"","background-image":"","background-repeat":"repeat","background-position":"center center","background-size":"auto","background-attachment":"scroll","background-type":"","background-media":"","overlay-type":"","overlay-color":"","overlay-opacity":"","overlay-gradient":""}},"ast-content-background-meta":{"desktop":{"background-color":"var(--ast-global-color-5)","background-image":"","background-repeat":"repeat","background-position":"center center","background-size":"auto","background-attachment":"scroll","background-type":"","background-media":"","overlay-type":"","overlay-color":"","overlay-opacity":"","overlay-gradient":""},"tablet":{"background-color":"var(--ast-global-color-5)","background-image":"","background-repeat":"repeat","background-position":"center center","background-size":"auto","background-attachment":"scroll","background-type":"","background-media":"","overlay-type":"","overlay-color":"","overlay-opacity":"","overlay-gradient":""},"mobile":{"background-color":"var(--ast-global-color-5)","background-image":"","background-repeat":"repeat","background-position":"center center","background-size":"auto","background-attachment":"scroll","background-type":"","background-media":"","overlay-type":"","overlay-color":"","overlay-opacity":"","overlay-gradient":""}}},"product_brand":[],"product_cat":[65,32],"product_tag":[70,68,71,69],"class_list":{"0":"post-3497","1":"product","2":"type-product","3":"status-publish","4":"has-post-thumbnail","6":"product_cat-0-to-6months-oem","7":"product_cat-customize","8":"product_tag-babypillow","9":"product_tag-cuteanimalpillow","10":"product_tag-headshapesupport","11":"product_tag-kouniushapingpillow","12":"desktop-align-left","13":"tablet-align-left","14":"mobile-align-left","16":"first","17":"instock","18":"shipping-taxable","19":"product-type-simple"},"aioseo_notices":[],"uagb_featured_image_src":{"full":["https:\/\/babypillowwholesale.com\/wp-content\/uploads\/2025\/04\/0020.jpg",1000,1000,false],"thumbnail":["https:\/\/babypillowwholesale.com\/wp-content\/uploads\/2025\/04\/0020-150x150.jpg",150,150,true],"medium":["https:\/\/babypillowwholesale.com\/wp-content\/uploads\/2025\/04\/0020-300x300.jpg",300,300,true],"medium_large":["https:\/\/babypillowwholesale.com\/wp-content\/uploads\/2025\/04\/0020-768x768.jpg",768,768,true],"large":["https:\/\/babypillowwholesale.com\/wp-content\/uploads\/2025\/04\/0020.jpg",1000,1000,false],"1536x1536":["https:\/\/babypillowwholesale.com\/wp-content\/uploads\/2025\/04\/0020.jpg",1000,1000,false],"2048x2048":["https:\/\/babypillowwholesale.com\/wp-content\/uploads\/2025\/04\/0020.jpg",1000,1000,false],"trp-custom-language-flag":["https:\/\/babypillowwholesale.com\/wp-content\/uploads\/2025\/04\/0020.jpg",12,12,false],"woocommerce_thumbnail":["https:\/\/babypillowwholesale.com\/wp-content\/uploads\/2025\/04\/0020-300x300.jpg",300,300,true],"woocommerce_single":["https:\/\/babypillowwholesale.com\/wp-content\/uploads\/2025\/04\/0020-600x600.jpg",600,600,true],"woocommerce_gallery_thumbnail":["https:\/\/babypillowwholesale.com\/wp-content\/uploads\/2025\/04\/0020-100x100.jpg",100,100,true]},"uagb_author_info":{"display_name":"Etnen zhong","author_link":"https:\/\/babypillowwholesale.com\/et\/author\/"},"uagb_comment_info":0,"uagb_excerpt":"This Memory Foam Pillow - Heart - shaped Pillow Core, designed for babies aged 0 - 6 months, offers a powerful customization advantage. We can craft exquisite, tailored patterns to meet your specific needs. For example, if your customers adore cute styles, we can print charming cartoon characters or dainty floral motifs. Prefer an elegant&hellip;","jetpack_sharing_enabled":true,"_links":{"self":[{"href":"https:\/\/babypillowwholesale.com\/et\/wp-json\/wp\/v2\/product\/3497","targetHints":{"allow":["GET"]}}],"collection":[{"href":"https:\/\/babypillowwholesale.com\/et\/wp-json\/wp\/v2\/product"}],"about":[{"href":"https:\/\/babypillowwholesale.com\/et\/wp-json\/wp\/v2\/types\/product"}],"replies":[{"embeddable":true,"href":"https:\/\/babypillowwholesale.com\/et\/wp-json\/wp\/v2\/comments?post=3497"}],"wp:featuredmedia":[{"embeddable":true,"href":"https:\/\/babypillowwholesale.com\/et\/wp-json\/wp\/v2\/media\/3498"}],"wp:attachment":[{"href":"https:\/\/babypillowwholesale.com\/et\/wp-json\/wp\/v2\/media?parent=3497"}],"wp:term":[{"taxonomy":"product_brand","embeddable":true,"href":"https:\/\/babypillowwholesale.com\/et\/wp-json\/wp\/v2\/product_brand?post=3497"},{"taxonomy":"product_cat","embeddable":true,"href":"https:\/\/babypillowwholesale.com\/et\/wp-json\/wp\/v2\/product_cat?post=3497"},{"taxonomy":"product_tag","embeddable":true,"href":"https:\/\/babypillowwholesale.com\/et\/wp-json\/wp\/v2\/product_tag?post=3497"}],"curies":[{"name":"wp","href":"https:\/\/api.w.org\/{rel}","templated":true}]}}