{"id":3493,"date":"2025-04-19T12:14:12","date_gmt":"2025-04-19T12:14:12","guid":{"rendered":"https:\/\/babypillowwholesale.com\/?post_type=product&#038;p=3493"},"modified":"2025-06-05T14:36:07","modified_gmt":"2025-06-05T14:36:07","slug":"memory-foam-pillow-c-shaped-pillow-core","status":"publish","type":"product","link":"https:\/\/babypillowwholesale.com\/et\/product\/memory-foam-pillow-c-shaped-pillow-core\/","title":{"rendered":"M\u00e4luvahtpadi - C-kujuline padjakese"},"content":{"rendered":"<div class=\"auto-hide-last-sibling-br paragraph-qzbcQC paragraph-element br-paragraph-space\">\n<div class=\"auto-hide-last-sibling-br paragraph-qzbcQC paragraph-element br-paragraph-space\">\n<div class=\"auto-hide-last-sibling-br paragraph-qzbcQC paragraph-element br-paragraph-space\">\n<div class=\"auto-hide-last-sibling-br paragraph-qzbcQC paragraph-element br-paragraph-space\">\n<div class=\"inter-wlTS5w\" data-immersive-translate-walked=\"d12d8f94-b8ff-4d99-b7de-4fecb356978f\">\n<div class=\"container-QE4ayg\">\n<div class=\"item-jU10IN\">\n<div class=\"container-jODEnh chrome70-container\">\n<div class=\"inner-eE95c9 inner-item-aL3Ui_\" data-target-id=\"message-box-target-id\" data-testid=\"union_message\">\n<div class=\"message-block-container-liuetz\" data-testid=\"message-block-container\">\n<div class=\"message-box-ZWbBdF\" data-testid=\"receive_message\" data-message-id=\"3380063449561346\">\n<div class=\"message-box-content-wrapper-srHdUj\">\n<div class=\"message-content message-box-content-otxGGw receive-message-box-content-_lREFj samantha-message-box-content-Qjmpja\" data-testid=\"message_content\">\n<div class=\"container-hfX5E8 flow-markdown-body theme-samantha-yJEgBp\" dir=\"ltr\" data-testid=\"message_text_content\" data-show-indicator=\"false\">\n<div class=\"auto-hide-last-sibling-br paragraph-qzbcQC paragraph-element br-paragraph-space\">Vaadake Memory Foam Pillow - C-kujuline padjakese, mis on hoolikalt valmistatud 0-6 kuu vanuste beebide \u00f5rnaks mugavuseks. Selle ikooniline C - kuju ei ole lihtsalt vorm; see on l\u00e4htepunkt individuaalsele teekonnale.<\/div>\n<p>&nbsp;<\/p>\n<div class=\"auto-hide-last-sibling-br paragraph-qzbcQC paragraph-element br-paragraph-space\">Me m\u00f5istame, et iga lapse kontuurid on sama unikaalsed kui tema esimene naeratus. Seep\u00e4rast pakume ainulaadset v\u00f5imalust selle padja s\u00fcdamiku kumeruse ja paksuse viimistlemiseks. Kas teie v\u00e4ike vajab \u00f5rna, mugavat embust v\u00f5i tugevamat tugistruktuuri, me saame selle t\u00e4iuslikuks vormida, tagades sobivuse, mis on sama individuaalne kui nemad ise.<\/div>\n<p>&nbsp;<\/p>\n<div class=\"auto-hide-last-sibling-br paragraph-qzbcQC paragraph-element br-paragraph-space\">Selle C-kujulise ime pind on portaal kujutlusv\u00f5ime maailma. Kasutades ainult k\u00f5ige ohutumaid, mittem\u00fcrgiseid tinte, saame seda kaunistada mustritega, mis n\u00e4ivad tantsivat kapriisiga. Kujutage ette pastelsetes toonides lainete kaskaadi, mis justkui kannaks teie last unistavasse mere\u00e4\u00e4rsesse uinumisse, v\u00f5i helendavate t\u00e4htede t\u00e4htkuju, mis muudab iga uinumise taevaseks seikluseks. Need ei ole lihtsalt kujundused; need on v\u00e4ravad valdkonda, kus mugavus ja loovus kohtuvad.<\/div>\n<p>&nbsp;<\/p>\n<div class=\"auto-hide-last-sibling-br paragraph-qzbcQC paragraph-element br-paragraph-space\">Kuid kohandamine ei l\u00f5pe sellega. Selle s\u00fcdamiku h\u00fcdrofiilne vaht on taktiliste v\u00f5imaluste l\u00f5uend. Me saame kohandada selle k\u00f5vadust t\u00e4pselt teie soovidele, olgu see siis pilvepehmuse - nagu h\u00e4ll - v\u00f5i struktureerituma toe rahustava stabiilsuse soov. Just see p\u00fchendumine individuaalsusele, see p\u00fc\u00fcdlus erakordsuse poole muudab meie h\u00fcdrofiilse vahupadja C-kujulise padjakese lihtsast tootest teie lapse unen\u00e4gude jaoks hinnatud, ainulaadse uinumislauluks.<\/div>\n<\/div>\n<\/div>\n<\/div>\n<\/div>\n<\/div>\n<\/div>\n<\/div>\n<\/div>\n<\/div>\n<\/div>\n<\/div>\n<\/div>\n<\/div>\n<\/div>","protected":false},"excerpt":{"rendered":"<div class=\"auto-hide-last-sibling-br paragraph-qzbcQC paragraph-element br-paragraph-space\">See m\u00e4luvahtpadi - C-kujuline padjakese, mis on m\u00f5eldud 0-6 kuu vanustele beebidele, pakub rohkelt kohandamis- ja kujundusv\u00f5imalusi. Selle iseloomulikku C - kuju saab veelgi t\u00e4iustada. Saame reguleerida padja s\u00fcdamiku kumerust ja paksust, et see sobiks paremini lapse kehakontuurile, suurendades mugavust ja tuge. Pinda saab kohandada mittetoksiliste, beebis\u00f5bralike mustritega, n\u00e4iteks pehmete pastellv\u00e4rviliste lainete v\u00f5i armsate v\u00e4ikeste t\u00e4htedega, mis lisavad sellele v\u00f5lu. Lisaks saab h\u00fcdrofiilse vahtmaterjali k\u00f5vadust kohandada vastavalt konkreetsetele vajadustele, olgu see siis pehmem tunne pehmema kogemuse saamiseks v\u00f5i tugevam tekstuur suurema stabiilsuse saavutamiseks. Nii saavad vanemad luua t\u00f5eliselt isikup\u00e4rastatud padjas\u00fcdamiku, mis vastab nende lapse unikaalsetele vajadustele.<\/div>","protected":false},"featured_media":3494,"comment_status":"open","ping_status":"closed","template":"","meta":{"_uag_custom_page_level_css":"","site-sidebar-layout":"default","site-content-layout":"","ast-site-content-layout":"default","site-content-style":"default","site-sidebar-style":"default","ast-global-header-display":"","ast-banner-title-visibility":"","ast-main-header-display":"","ast-hfb-above-header-display":"","ast-hfb-below-header-display":"","ast-hfb-mobile-header-display":"","site-post-title":"","ast-breadcrumbs-content":"","ast-featured-img":"","footer-sml-layout":"","ast-disable-related-posts":"","theme-transparent-header-meta":"default","adv-header-id-meta":"","stick-header-meta":"","header-above-stick-meta":"","header-main-stick-meta":"","header-below-stick-meta":"","astra-migrate-meta-layouts":"set","ast-page-background-enabled":"default","ast-page-background-meta":{"desktop":{"background-color":"","background-image":"","background-repeat":"repeat","background-position":"center center","background-size":"auto","background-attachment":"scroll","background-type":"","background-media":"","overlay-type":"","overlay-color":"","overlay-opacity":"","overlay-gradient":""},"tablet":{"background-color":"","background-image":"","background-repeat":"repeat","background-position":"center center","background-size":"auto","background-attachment":"scroll","background-type":"","background-media":"","overlay-type":"","overlay-color":"","overlay-opacity":"","overlay-gradient":""},"mobile":{"background-color":"","background-image":"","background-repeat":"repeat","background-position":"center center","background-size":"auto","background-attachment":"scroll","background-type":"","background-media":"","overlay-type":"","overlay-color":"","overlay-opacity":"","overlay-gradient":""}},"ast-content-background-meta":{"desktop":{"background-color":"var(--ast-global-color-5)","background-image":"","background-repeat":"repeat","background-position":"center center","background-size":"auto","background-attachment":"scroll","background-type":"","background-media":"","overlay-type":"","overlay-color":"","overlay-opacity":"","overlay-gradient":""},"tablet":{"background-color":"var(--ast-global-color-5)","background-image":"","background-repeat":"repeat","background-position":"center center","background-size":"auto","background-attachment":"scroll","background-type":"","background-media":"","overlay-type":"","overlay-color":"","overlay-opacity":"","overlay-gradient":""},"mobile":{"background-color":"var(--ast-global-color-5)","background-image":"","background-repeat":"repeat","background-position":"center center","background-size":"auto","background-attachment":"scroll","background-type":"","background-media":"","overlay-type":"","overlay-color":"","overlay-opacity":"","overlay-gradient":""}}},"product_brand":[],"product_cat":[65,32],"product_tag":[70,68,71,69],"class_list":{"0":"post-3493","1":"product","2":"type-product","3":"status-publish","4":"has-post-thumbnail","6":"product_cat-0-to-6months-oem","7":"product_cat-customize","8":"product_tag-babypillow","9":"product_tag-cuteanimalpillow","10":"product_tag-headshapesupport","11":"product_tag-kouniushapingpillow","12":"desktop-align-left","13":"tablet-align-left","14":"mobile-align-left","16":"first","17":"instock","18":"shipping-taxable","19":"product-type-simple"},"aioseo_notices":[],"uagb_featured_image_src":{"full":["https:\/\/babypillowwholesale.com\/wp-content\/uploads\/2025\/04\/0005.jpg",1000,1000,false],"thumbnail":["https:\/\/babypillowwholesale.com\/wp-content\/uploads\/2025\/04\/0005-150x150.jpg",150,150,true],"medium":["https:\/\/babypillowwholesale.com\/wp-content\/uploads\/2025\/04\/0005-300x300.jpg",300,300,true],"medium_large":["https:\/\/babypillowwholesale.com\/wp-content\/uploads\/2025\/04\/0005-768x768.jpg",768,768,true],"large":["https:\/\/babypillowwholesale.com\/wp-content\/uploads\/2025\/04\/0005.jpg",1000,1000,false],"1536x1536":["https:\/\/babypillowwholesale.com\/wp-content\/uploads\/2025\/04\/0005.jpg",1000,1000,false],"2048x2048":["https:\/\/babypillowwholesale.com\/wp-content\/uploads\/2025\/04\/0005.jpg",1000,1000,false],"trp-custom-language-flag":["https:\/\/babypillowwholesale.com\/wp-content\/uploads\/2025\/04\/0005.jpg",12,12,false],"woocommerce_thumbnail":["https:\/\/babypillowwholesale.com\/wp-content\/uploads\/2025\/04\/0005-300x300.jpg",300,300,true],"woocommerce_single":["https:\/\/babypillowwholesale.com\/wp-content\/uploads\/2025\/04\/0005-600x600.jpg",600,600,true],"woocommerce_gallery_thumbnail":["https:\/\/babypillowwholesale.com\/wp-content\/uploads\/2025\/04\/0005-100x100.jpg",100,100,true]},"uagb_author_info":{"display_name":"Etnen zhong","author_link":"https:\/\/babypillowwholesale.com\/et\/author\/"},"uagb_comment_info":0,"uagb_excerpt":"This Memory Foam Pillow - C - shaped Pillow Core, designed for babies aged 0 - 6 months, presents a wealth of customization and design possibilities. Its distinctive C - shape can be further refined. We can adjust the curvature and thickness of the pillow core to better fit the baby's body contour, enhancing comfort&hellip;","jetpack_sharing_enabled":true,"_links":{"self":[{"href":"https:\/\/babypillowwholesale.com\/et\/wp-json\/wp\/v2\/product\/3493","targetHints":{"allow":["GET"]}}],"collection":[{"href":"https:\/\/babypillowwholesale.com\/et\/wp-json\/wp\/v2\/product"}],"about":[{"href":"https:\/\/babypillowwholesale.com\/et\/wp-json\/wp\/v2\/types\/product"}],"replies":[{"embeddable":true,"href":"https:\/\/babypillowwholesale.com\/et\/wp-json\/wp\/v2\/comments?post=3493"}],"wp:featuredmedia":[{"embeddable":true,"href":"https:\/\/babypillowwholesale.com\/et\/wp-json\/wp\/v2\/media\/3494"}],"wp:attachment":[{"href":"https:\/\/babypillowwholesale.com\/et\/wp-json\/wp\/v2\/media?parent=3493"}],"wp:term":[{"taxonomy":"product_brand","embeddable":true,"href":"https:\/\/babypillowwholesale.com\/et\/wp-json\/wp\/v2\/product_brand?post=3493"},{"taxonomy":"product_cat","embeddable":true,"href":"https:\/\/babypillowwholesale.com\/et\/wp-json\/wp\/v2\/product_cat?post=3493"},{"taxonomy":"product_tag","embeddable":true,"href":"https:\/\/babypillowwholesale.com\/et\/wp-json\/wp\/v2\/product_tag?post=3493"}],"curies":[{"name":"wp","href":"https:\/\/api.w.org\/{rel}","templated":true}]}}