{"id":3491,"date":"2025-04-19T09:25:10","date_gmt":"2025-04-19T09:25:10","guid":{"rendered":"https:\/\/babypillowwholesale.com\/?post_type=product&#038;p=3491"},"modified":"2025-06-05T14:43:03","modified_gmt":"2025-06-05T14:43:03","slug":"memory-foam-pillow-small-apple-shaped-pillow-core","status":"publish","type":"product","link":"https:\/\/babypillowwholesale.com\/et\/product\/memory-foam-pillow-small-apple-shaped-pillow-core\/","title":{"rendered":"M\u00e4luvahtpadi - v\u00e4ike \u00f5unakujuline padjakese"},"content":{"rendered":"<div class=\"auto-hide-last-sibling-br paragraph-qzbcQC paragraph-element br-paragraph-space\">\n<div class=\"auto-hide-last-sibling-br paragraph-qzbcQC paragraph-element br-paragraph-space\">\n<div class=\"auto-hide-last-sibling-br paragraph-qzbcQC paragraph-element br-paragraph-space\">\n<div class=\"auto-hide-last-sibling-br paragraph-qzbcQC paragraph-element br-paragraph-space\">Tutvustame Memory Foam Pillow - Small Apple - kujulist padjap\u00f5hja, mis on imearmas unen\u00e4gude jaoks, mis on kohandatud k\u00f5ige v\u00e4iksematele unen\u00e4gijatele vanuses 0 - 6 kuud. Selle v\u00f5luv \u00f5unast inspireeritud siluett ei ole lihtsalt visuaalne nauding; see on v\u00e4rav v\u00f5rratu kohandamise valdkonda.<\/div>\n<p>&nbsp;<\/p>\n<div class=\"auto-hide-last-sibling-br paragraph-qzbcQC paragraph-element br-paragraph-space\">Me m\u00f5istame, et iga laps on ainulaadne ja nii peaks olema ka tema mugavus. Seep\u00e4rast pakume v\u00f5imalust h\u00fcdrofiilse vahu tihedust peenh\u00e4\u00e4lestada. \u00dcksk\u00f5ik, kas teie v\u00e4ike laps eelistab pilvepoolset pehmust v\u00f5i rahustavat k\u00f5vadust, mis pakub \u00f5rna tuge, me saame luua t\u00e4iusliku tundeelamuse.<\/div>\n<p>&nbsp;<\/p>\n<div class=\"auto-hide-last-sibling-br paragraph-qzbcQC paragraph-element br-paragraph-space\">Selle \u00f5unakujulise ime pind on t\u00fchi l\u00f5uend loovuse jaoks. Kasutades ainult k\u00f5ige ohutumaid, mittem\u00fcrgiseid tinte, saame seda kaunistada lummavate tr\u00fckistega. Kujutage ette \u00f5dusate \u00f5unakeste t\u00e4htkuju, mille kroonlehed n\u00e4ivad lehvivat \u00f5rnas tuules, v\u00f5i m\u00e4ngulist leedipeibutite paraadi, mis on justkui \u00fclesandel, et tuua naeratusi teie lapse unele. Need tr\u00fckised ei ole lihtsalt kaunistused; need on lood, mis ootavad jutustamist, lisades igale uinakule maagiat.<\/div>\n<p>&nbsp;<\/p>\n<div class=\"auto-hide-last-sibling-br paragraph-qzbcQC paragraph-element br-paragraph-space\">Kuid kohandamine ei l\u00f5pe sellega. Keskmist s\u00fcvendit, mis on teie lapse mugavuse jaoks \u00fclioluline, saab hoolikalt reguleerida. Me saame t\u00e4pselt muuta selle suurust ja kumerust, tagades, et see hoiab teie lapse pead nagu armastav embus. Just see t\u00e4helepanu detailidele, see p\u00fchendumine ainulaadsusele teeb meie Memory Foam Pillow - Small Apple - shaped Pillow Core'i mitte lihtsalt tooteks, vaid kalliks m\u00e4lestuseks, ainulaadseks uinumiseks teie v\u00e4ikese lapse uinumise jaoks.<\/div>\n<\/div>\n<\/div>\n<\/div>","protected":false},"excerpt":{"rendered":"<div class=\"auto-hide-last-sibling-br paragraph-qzbcQC paragraph-element br-paragraph-space\">See Memory Foam Pillow - Small Apple - kujuline padjakese, mis sobib 0-6 kuu vanustele beebidele, pakub m\u00e4rkimisv\u00e4\u00e4rset kohandamis- ja disainipotentsiaali. Selle armas \u00f5unalaadne kuju on vaid alguspunkt. Me saame muuta h\u00fcdrofiilse vahu tihedust vastavalt teie beebi konkreetsetele mugavusn\u00f5uetele, olgu see siis pehmem tunne lisamugavuse jaoks v\u00f5i tugevam tekstuur parema toe jaoks. pinda saab isikup\u00e4rastada beebi - ohutu, mittetoksilise tr\u00fckiga. M\u00f5elge \u00f5rnadele \u00f5unapuu\u00f5ite mustritele v\u00f5i pisikestele leppatriinu motiividele, mis lisavad veidrusi. Lisaks saab keskse s\u00fcvendi suurust ja kumerust t\u00e4pselt reguleerida, et see sobiks ideaalselt teie lapse pea jaoks, tagades optimaalse mugavuse ja toe. See v\u00f5imaldab teil luua t\u00f5eliselt ainulaadse padjakese, mis vastab nii teie lapse vajadustele kui ka teie esteetilistele eelistustele.<\/div>","protected":false},"featured_media":3492,"comment_status":"open","ping_status":"closed","template":"","meta":{"_uag_custom_page_level_css":"","site-sidebar-layout":"default","site-content-layout":"","ast-site-content-layout":"default","site-content-style":"default","site-sidebar-style":"default","ast-global-header-display":"","ast-banner-title-visibility":"","ast-main-header-display":"","ast-hfb-above-header-display":"","ast-hfb-below-header-display":"","ast-hfb-mobile-header-display":"","site-post-title":"","ast-breadcrumbs-content":"","ast-featured-img":"","footer-sml-layout":"","ast-disable-related-posts":"","theme-transparent-header-meta":"default","adv-header-id-meta":"","stick-header-meta":"","header-above-stick-meta":"","header-main-stick-meta":"","header-below-stick-meta":"","astra-migrate-meta-layouts":"set","ast-page-background-enabled":"default","ast-page-background-meta":{"desktop":{"background-color":"","background-image":"","background-repeat":"repeat","background-position":"center center","background-size":"auto","background-attachment":"scroll","background-type":"","background-media":"","overlay-type":"","overlay-color":"","overlay-opacity":"","overlay-gradient":""},"tablet":{"background-color":"","background-image":"","background-repeat":"repeat","background-position":"center center","background-size":"auto","background-attachment":"scroll","background-type":"","background-media":"","overlay-type":"","overlay-color":"","overlay-opacity":"","overlay-gradient":""},"mobile":{"background-color":"","background-image":"","background-repeat":"repeat","background-position":"center center","background-size":"auto","background-attachment":"scroll","background-type":"","background-media":"","overlay-type":"","overlay-color":"","overlay-opacity":"","overlay-gradient":""}},"ast-content-background-meta":{"desktop":{"background-color":"var(--ast-global-color-5)","background-image":"","background-repeat":"repeat","background-position":"center center","background-size":"auto","background-attachment":"scroll","background-type":"","background-media":"","overlay-type":"","overlay-color":"","overlay-opacity":"","overlay-gradient":""},"tablet":{"background-color":"var(--ast-global-color-5)","background-image":"","background-repeat":"repeat","background-position":"center center","background-size":"auto","background-attachment":"scroll","background-type":"","background-media":"","overlay-type":"","overlay-color":"","overlay-opacity":"","overlay-gradient":""},"mobile":{"background-color":"var(--ast-global-color-5)","background-image":"","background-repeat":"repeat","background-position":"center center","background-size":"auto","background-attachment":"scroll","background-type":"","background-media":"","overlay-type":"","overlay-color":"","overlay-opacity":"","overlay-gradient":""}}},"product_brand":[],"product_cat":[65,32],"product_tag":[70,68,71,69],"class_list":{"0":"post-3491","1":"product","2":"type-product","3":"status-publish","4":"has-post-thumbnail","6":"product_cat-0-to-6months-oem","7":"product_cat-customize","8":"product_tag-babypillow","9":"product_tag-cuteanimalpillow","10":"product_tag-headshapesupport","11":"product_tag-kouniushapingpillow","12":"desktop-align-left","13":"tablet-align-left","14":"mobile-align-left","16":"first","17":"instock","18":"shipping-taxable","19":"product-type-simple"},"aioseo_notices":[],"uagb_featured_image_src":{"full":["https:\/\/babypillowwholesale.com\/wp-content\/uploads\/2025\/04\/0004.jpg",1000,1000,false],"thumbnail":["https:\/\/babypillowwholesale.com\/wp-content\/uploads\/2025\/04\/0004-150x150.jpg",150,150,true],"medium":["https:\/\/babypillowwholesale.com\/wp-content\/uploads\/2025\/04\/0004-300x300.jpg",300,300,true],"medium_large":["https:\/\/babypillowwholesale.com\/wp-content\/uploads\/2025\/04\/0004-768x768.jpg",768,768,true],"large":["https:\/\/babypillowwholesale.com\/wp-content\/uploads\/2025\/04\/0004.jpg",1000,1000,false],"1536x1536":["https:\/\/babypillowwholesale.com\/wp-content\/uploads\/2025\/04\/0004.jpg",1000,1000,false],"2048x2048":["https:\/\/babypillowwholesale.com\/wp-content\/uploads\/2025\/04\/0004.jpg",1000,1000,false],"trp-custom-language-flag":["https:\/\/babypillowwholesale.com\/wp-content\/uploads\/2025\/04\/0004.jpg",12,12,false],"woocommerce_thumbnail":["https:\/\/babypillowwholesale.com\/wp-content\/uploads\/2025\/04\/0004-300x300.jpg",300,300,true],"woocommerce_single":["https:\/\/babypillowwholesale.com\/wp-content\/uploads\/2025\/04\/0004-600x600.jpg",600,600,true],"woocommerce_gallery_thumbnail":["https:\/\/babypillowwholesale.com\/wp-content\/uploads\/2025\/04\/0004-100x100.jpg",100,100,true]},"uagb_author_info":{"display_name":"Etnen zhong","author_link":"https:\/\/babypillowwholesale.com\/et\/author\/"},"uagb_comment_info":0,"uagb_excerpt":"This Memory Foam Pillow - Small Apple - shaped Pillow Core, suitable for babies aged 0 - 6 months, offers remarkable customization and design potential. Its cute apple - like shape is just the starting point. We can modify the density of the hydrophilic foam to suit your baby's specific comfort requirements, whether it's a&hellip;","jetpack_sharing_enabled":true,"_links":{"self":[{"href":"https:\/\/babypillowwholesale.com\/et\/wp-json\/wp\/v2\/product\/3491","targetHints":{"allow":["GET"]}}],"collection":[{"href":"https:\/\/babypillowwholesale.com\/et\/wp-json\/wp\/v2\/product"}],"about":[{"href":"https:\/\/babypillowwholesale.com\/et\/wp-json\/wp\/v2\/types\/product"}],"replies":[{"embeddable":true,"href":"https:\/\/babypillowwholesale.com\/et\/wp-json\/wp\/v2\/comments?post=3491"}],"wp:featuredmedia":[{"embeddable":true,"href":"https:\/\/babypillowwholesale.com\/et\/wp-json\/wp\/v2\/media\/3492"}],"wp:attachment":[{"href":"https:\/\/babypillowwholesale.com\/et\/wp-json\/wp\/v2\/media?parent=3491"}],"wp:term":[{"taxonomy":"product_brand","embeddable":true,"href":"https:\/\/babypillowwholesale.com\/et\/wp-json\/wp\/v2\/product_brand?post=3491"},{"taxonomy":"product_cat","embeddable":true,"href":"https:\/\/babypillowwholesale.com\/et\/wp-json\/wp\/v2\/product_cat?post=3491"},{"taxonomy":"product_tag","embeddable":true,"href":"https:\/\/babypillowwholesale.com\/et\/wp-json\/wp\/v2\/product_tag?post=3491"}],"curies":[{"name":"wp","href":"https:\/\/api.w.org\/{rel}","templated":true}]}}