{"id":3488,"date":"2025-04-19T02:55:35","date_gmt":"2025-04-19T02:55:35","guid":{"rendered":"https:\/\/babypillowwholesale.com\/?post_type=product&#038;p=3488"},"modified":"2025-06-05T14:47:34","modified_gmt":"2025-06-05T14:47:34","slug":"memory-foam-pillow-thin-bear-shaped-pillow-core","status":"publish","type":"product","link":"https:\/\/babypillowwholesale.com\/et\/product\/memory-foam-pillow-thin-bear-shaped-pillow-core\/","title":{"rendered":"M\u00e4luvahupadi - \u00f5huke karu - kujulist padjakest"},"content":{"rendered":"<div class=\"auto-hide-last-sibling-br paragraph-qzbcQC paragraph-element br-paragraph-space\">\n<div class=\"auto-hide-last-sibling-br paragraph-qzbcQC paragraph-element br-paragraph-space\">\n<div class=\"auto-hide-last-sibling-br paragraph-qzbcQC paragraph-element br-paragraph-space\">Vaadake Memory Foam Pillow - Thin Bear - kujulist padjap\u00f5hja, mis on spetsiaalselt 0-6 kuu vanustele pisikestele magajatele loodud meistriteos. Selle ahvatlev karu - nagu siluett ei ole lihtsalt esteetiline valik; see on portaal universumisse, kus on palju kohandatud v\u00f5imalusi.<\/div>\n<p>&nbsp;<\/p>\n<div class=\"auto-hide-last-sibling-br paragraph-qzbcQC paragraph-element br-paragraph-space\">Me m\u00f5istame, et mugavus on sama individuaalne kui teie lapse armas naeratus. Seep\u00e4rast pakume v\u00f5imalust h\u00fcdrofiilse vahu pehmuse peenh\u00e4\u00e4lestamiseks. Kas soovite pilvikulist pehmust k\u00f5ige \u00f5rnemate peade jaoks v\u00f5i veidi rohkem k\u00f5vadust, et saada lisatoetust, meil on teie jaoks k\u00f5ik olemas. See on kohandamise tase, mis muudab selle padjas\u00fcdamiku pelgalt lisatarvikust isikup\u00e4raseks puhkepaigaks.<\/div>\n<p>&nbsp;<\/p>\n<div class=\"auto-hide-last-sibling-br paragraph-qzbcQC paragraph-element br-paragraph-space\">Selle karukujulise ime pind on t\u00fchi l\u00f5uend, mis ootab kunstilist v\u00e4ljendust. Kasutades ainult k\u00f5ige ohutumaid, mittem\u00fcrgiseid tinte, saame seda kaunistada lummavate tr\u00fckistega. Kujutage ette \u00f5dusate p\u00e4evakeste t\u00e4htkuju, mille kroonlehed n\u00e4ivad \u00f5rnas tuules k\u00f5iguvat, v\u00f5i imearmsate j\u00e4nesej\u00e4lgede rada, mis justkui juhatab teie lapse unistuste maailma. Need tr\u00fckised ei ole lihtsalt kaunistused; need on lood, mis ootavad jutustamist, lisades igale uinakule maagiat.<\/div>\n<p>&nbsp;<\/p>\n<div class=\"auto-hide-last-sibling-br paragraph-qzbcQC paragraph-element br-paragraph-space\">Ja siis on veel keskne s\u00fcvend, mis on teie lapse mugavuse huvides \u00fcmberkujundatud \u00fclioluline funktsioon. Me saame selle suurust ja s\u00fcgavust reguleerida kirurgilise t\u00e4psusega, tagades, et see hoiab teie lapse pead nagu armastav embus. Just see t\u00e4helepanu detailidele, see p\u00fchendumine ainulaadsusele teeb meie Memory Foam Pillow - Thin Bear - kujulist Pillow Core'i mitte lihtsalt tooteks, vaid kalliks m\u00e4lestuseks, ainulaadseks uinumiseks teie v\u00e4ikese lapse uinumise jaoks.<\/div>\n<\/div>\n<\/div>","protected":false},"excerpt":{"rendered":"<p>See 0-6 kuu vanustele beebidele m\u00f5eldud Memory Foam Pillow - Thin Bear - kujuline padjakese pakub maailma kohandamis- ja disainiv\u00f5imalusi. Selle armastusv\u00e4\u00e4rne karu - kuju on t\u00e4iuslik l\u00f5uend loovuseks. Me saame kohandada h\u00fcdrofiilse vahu pehmuse taset vastavalt teie eelistustele, tagades teie pisip\u00f5nni jaoks ideaalse mugavuse. Pinda saab kaunistada mittetoksiliste, beebiohutute tr\u00fckistega, n\u00e4iteks pisikeste lillemustrite v\u00f5i armsate loomade jalaj\u00e4lgedega, mis lisavad unikaalset ja v\u00f5luvat puudutust. Lisaks saab keskse s\u00fcvendi suurust ja s\u00fcgavust reguleerida, et see toetaks paremini lapse pea kuju. See v\u00f5imaldab teil luua t\u00f5eliselt isikup\u00e4rastatud padjakese, mis mitte ainult ei vasta teie lapse mugavusvajadustele, vaid ka paistab silma kui eriline, ainulaadne ese.<\/p>","protected":false},"featured_media":3489,"comment_status":"open","ping_status":"closed","template":"","meta":{"_uag_custom_page_level_css":"","site-sidebar-layout":"default","site-content-layout":"","ast-site-content-layout":"default","site-content-style":"default","site-sidebar-style":"default","ast-global-header-display":"","ast-banner-title-visibility":"","ast-main-header-display":"","ast-hfb-above-header-display":"","ast-hfb-below-header-display":"","ast-hfb-mobile-header-display":"","site-post-title":"","ast-breadcrumbs-content":"","ast-featured-img":"","footer-sml-layout":"","ast-disable-related-posts":"","theme-transparent-header-meta":"default","adv-header-id-meta":"","stick-header-meta":"","header-above-stick-meta":"","header-main-stick-meta":"","header-below-stick-meta":"","astra-migrate-meta-layouts":"set","ast-page-background-enabled":"default","ast-page-background-meta":{"desktop":{"background-color":"","background-image":"","background-repeat":"repeat","background-position":"center center","background-size":"auto","background-attachment":"scroll","background-type":"","background-media":"","overlay-type":"","overlay-color":"","overlay-opacity":"","overlay-gradient":""},"tablet":{"background-color":"","background-image":"","background-repeat":"repeat","background-position":"center center","background-size":"auto","background-attachment":"scroll","background-type":"","background-media":"","overlay-type":"","overlay-color":"","overlay-opacity":"","overlay-gradient":""},"mobile":{"background-color":"","background-image":"","background-repeat":"repeat","background-position":"center center","background-size":"auto","background-attachment":"scroll","background-type":"","background-media":"","overlay-type":"","overlay-color":"","overlay-opacity":"","overlay-gradient":""}},"ast-content-background-meta":{"desktop":{"background-color":"var(--ast-global-color-5)","background-image":"","background-repeat":"repeat","background-position":"center center","background-size":"auto","background-attachment":"scroll","background-type":"","background-media":"","overlay-type":"","overlay-color":"","overlay-opacity":"","overlay-gradient":""},"tablet":{"background-color":"var(--ast-global-color-5)","background-image":"","background-repeat":"repeat","background-position":"center center","background-size":"auto","background-attachment":"scroll","background-type":"","background-media":"","overlay-type":"","overlay-color":"","overlay-opacity":"","overlay-gradient":""},"mobile":{"background-color":"var(--ast-global-color-5)","background-image":"","background-repeat":"repeat","background-position":"center center","background-size":"auto","background-attachment":"scroll","background-type":"","background-media":"","overlay-type":"","overlay-color":"","overlay-opacity":"","overlay-gradient":""}}},"product_brand":[],"product_cat":[65,32],"product_tag":[70,68,71,69],"class_list":{"0":"post-3488","1":"product","2":"type-product","3":"status-publish","4":"has-post-thumbnail","6":"product_cat-0-to-6months-oem","7":"product_cat-customize","8":"product_tag-babypillow","9":"product_tag-cuteanimalpillow","10":"product_tag-headshapesupport","11":"product_tag-kouniushapingpillow","12":"desktop-align-left","13":"tablet-align-left","14":"mobile-align-left","16":"first","17":"instock","18":"shipping-taxable","19":"product-type-simple"},"aioseo_notices":[],"uagb_featured_image_src":{"full":["https:\/\/babypillowwholesale.com\/wp-content\/uploads\/2025\/04\/0003.jpg",1000,1000,false],"thumbnail":["https:\/\/babypillowwholesale.com\/wp-content\/uploads\/2025\/04\/0003-150x150.jpg",150,150,true],"medium":["https:\/\/babypillowwholesale.com\/wp-content\/uploads\/2025\/04\/0003-300x300.jpg",300,300,true],"medium_large":["https:\/\/babypillowwholesale.com\/wp-content\/uploads\/2025\/04\/0003-768x768.jpg",768,768,true],"large":["https:\/\/babypillowwholesale.com\/wp-content\/uploads\/2025\/04\/0003.jpg",1000,1000,false],"1536x1536":["https:\/\/babypillowwholesale.com\/wp-content\/uploads\/2025\/04\/0003.jpg",1000,1000,false],"2048x2048":["https:\/\/babypillowwholesale.com\/wp-content\/uploads\/2025\/04\/0003.jpg",1000,1000,false],"trp-custom-language-flag":["https:\/\/babypillowwholesale.com\/wp-content\/uploads\/2025\/04\/0003.jpg",12,12,false],"woocommerce_thumbnail":["https:\/\/babypillowwholesale.com\/wp-content\/uploads\/2025\/04\/0003-300x300.jpg",300,300,true],"woocommerce_single":["https:\/\/babypillowwholesale.com\/wp-content\/uploads\/2025\/04\/0003-600x600.jpg",600,600,true],"woocommerce_gallery_thumbnail":["https:\/\/babypillowwholesale.com\/wp-content\/uploads\/2025\/04\/0003-100x100.jpg",100,100,true]},"uagb_author_info":{"display_name":"Etnen zhong","author_link":"https:\/\/babypillowwholesale.com\/et\/author\/"},"uagb_comment_info":0,"uagb_excerpt":"This Memory Foam Pillow - Thin Bear - shaped Pillow Core, designed for babies aged 0 - 6 months, offers a world of customization and design opportunities. Its endearing bear - shaped form is the perfect canvas for creativity. We can customize the softness level of the hydrophilic foam according to your preference, ensuring the&hellip;","jetpack_sharing_enabled":true,"_links":{"self":[{"href":"https:\/\/babypillowwholesale.com\/et\/wp-json\/wp\/v2\/product\/3488","targetHints":{"allow":["GET"]}}],"collection":[{"href":"https:\/\/babypillowwholesale.com\/et\/wp-json\/wp\/v2\/product"}],"about":[{"href":"https:\/\/babypillowwholesale.com\/et\/wp-json\/wp\/v2\/types\/product"}],"replies":[{"embeddable":true,"href":"https:\/\/babypillowwholesale.com\/et\/wp-json\/wp\/v2\/comments?post=3488"}],"wp:featuredmedia":[{"embeddable":true,"href":"https:\/\/babypillowwholesale.com\/et\/wp-json\/wp\/v2\/media\/3489"}],"wp:attachment":[{"href":"https:\/\/babypillowwholesale.com\/et\/wp-json\/wp\/v2\/media?parent=3488"}],"wp:term":[{"taxonomy":"product_brand","embeddable":true,"href":"https:\/\/babypillowwholesale.com\/et\/wp-json\/wp\/v2\/product_brand?post=3488"},{"taxonomy":"product_cat","embeddable":true,"href":"https:\/\/babypillowwholesale.com\/et\/wp-json\/wp\/v2\/product_cat?post=3488"},{"taxonomy":"product_tag","embeddable":true,"href":"https:\/\/babypillowwholesale.com\/et\/wp-json\/wp\/v2\/product_tag?post=3488"}],"curies":[{"name":"wp","href":"https:\/\/api.w.org\/{rel}","templated":true}]}}