{"id":3485,"date":"2025-04-19T02:35:27","date_gmt":"2025-04-19T02:35:27","guid":{"rendered":"https:\/\/babypillowwholesale.com\/?post_type=product&#038;p=3485"},"modified":"2025-06-05T14:53:09","modified_gmt":"2025-06-05T14:53:09","slug":"memory-foam-pillow-thick-bear-shaped-pillow-core","status":"publish","type":"product","link":"https:\/\/babypillowwholesale.com\/et\/product\/memory-foam-pillow-thick-bear-shaped-pillow-core\/","title":{"rendered":"M\u00e4luvahupadi - paks karu - kujuline padjakese"},"content":{"rendered":"<div class=\"auto-hide-last-sibling-br paragraph-qzbcQC paragraph-element br-paragraph-space\">\n<div class=\"auto-hide-last-sibling-br paragraph-qzbcQC paragraph-element br-paragraph-space\">See Memory Foam Pillow - Paks karu - kuju Pillow Core, mis on valmistatud spetsiaalselt 0 - 6 kuu vanustele beebidele, on unikaalsuse ja kohandamisv\u00f5imaluste mustern\u00e4idis. Selle loomup\u00e4raselt v\u00f5luv karu - sarnane siluett ei ole lihtsalt armas disainivalik; see on alguspunkt, et luua ainulaadne - omalaadne - beebi oluline.<\/div>\n<p>&nbsp;<\/p>\n<div class=\"auto-hide-last-sibling-br paragraph-qzbcQC paragraph-element br-paragraph-space\">Ventilatsiooniavad, mis on peamine funktsionaalne omadus, ei ole kivisse raiutud. Me saame nende arvu ja m\u00f5\u00f5tmeid hoolikalt reguleerida, h\u00e4\u00e4lestades padja s\u00fcdamiku hingavust vastavalt teie lapse konkreetsetele mugavusvajadustele. See on tavalisest suurem kohandamise tase, mis tagab optimaalse \u00f5huringluse teie v\u00e4ikese lapse rahulikuks uinumiseks.<\/div>\n<p>&nbsp;<\/p>\n<div class=\"auto-hide-last-sibling-br paragraph-qzbcQC paragraph-element br-paragraph-space\">V\u00e4limuse puhul on v\u00f5imalused sama piiramatud kui teie kujutlusv\u00f5ime. Kasutades ainult k\u00f5ige ohutumaid, mittem\u00fcrgiseid pigmente, saame muuta karu \"karva\" v\u00e4rvide m\u00e4ssu. Kujutage ette karu, mille karvkate on k\u00f5ige pehmematest pastelsetest toonidest, mis tekitab rahulikkuse tunde, v\u00f5i karu, mis on kaunistatud erksates, r\u00f5\u00f5msates toonides, et \u00e4ratada teie lapse uudishimu. K\u00fcsimus ei ole ainult esteetilisuses, vaid ka visuaalse kogemuse loomises, mis rahustab ja stimuleerib v\u00f5rdselt.<\/div>\n<p>&nbsp;<\/p>\n<div class=\"auto-hide-last-sibling-br paragraph-qzbcQC paragraph-element br-paragraph-space\">Kuid kohandamine ei l\u00f5pe sellega. V\u00f5ime lisada meeldivaid kaunistusi, nagu k\u00e4sitsi tikitud silmad, mis n\u00e4ivad soojalt s\u00e4ravat, v\u00f5i \u00f5mmeldud nina, mis annab karule elutruu v\u00f5lu. Need v\u00e4ikesed detailid ei ole lihtsalt dekoratiivsed, vaid muudavad padjakese lihtsast aksessuaarist teie lapse kalliks kaaslaseks.<\/div>\n<p>&nbsp;<\/p>\n<div class=\"auto-hide-last-sibling-br paragraph-qzbcQC paragraph-element br-paragraph-space\">Selle Memory Foam Pillow - Paks karu - kujuline padjakese, sa ei saa lihtsalt toodet; sa loote isikup\u00e4rastatud mugavuse ja armsuse pelgupaiga, m\u00e4lestuseseme, mis hoiab erilist kohta sinu lapse varajastes m\u00e4lestustes.<\/div>\n<\/div>","protected":false},"excerpt":{"rendered":"<p>See Memory Foam Pillow - Paks karu - kujuline padjakese, mis on m\u00f5eldud 0 - 6 kuu vanustele beebidele, pakub ulatuslikku kohandamis- ja kujundamisv\u00f5imalust. Selle armas karu - sarnane vorm on v\u00f5luvaks aluseks edasiseks isikup\u00e4rastamiseks. Ventilatsiooniavade arvu ja suurust saab reguleerida vastavalt konkreetsetele vajadustele, optimeerides hingavust. V\u00e4limuse osas saab karu \"karvkatte\" v\u00e4rvimiseks kasutada mittetoksilisi, beebiohutuid v\u00e4rve, luues erinevaid armasid v\u00e4rvilahendusi, n\u00e4iteks pehme pastellv\u00e4rvi karu \u00f5rnaks v\u00e4limuseks v\u00f5i elavama v\u00e4rviga karu m\u00e4nguliseks puudutuseks. Lisaks v\u00f5ib lisada v\u00e4ikeseid kaunistusi, nagu tikitud silmad v\u00f5i \u00f5mmeldud nina, et muuta karu kuju elavamaks ja armsamaks. Selline kohandamine v\u00f5imaldab vanematel luua ainulaadse ja erilise padjakese, mis ei vasta mitte ainult funktsionaalsetele n\u00f5uetele, vaid muutub ka armastatud m\u00e4lestuseks nende v\u00e4ikestele.<\/p>","protected":false},"featured_media":3486,"comment_status":"open","ping_status":"closed","template":"","meta":{"_uag_custom_page_level_css":"","site-sidebar-layout":"default","site-content-layout":"","ast-site-content-layout":"default","site-content-style":"default","site-sidebar-style":"default","ast-global-header-display":"","ast-banner-title-visibility":"","ast-main-header-display":"","ast-hfb-above-header-display":"","ast-hfb-below-header-display":"","ast-hfb-mobile-header-display":"","site-post-title":"","ast-breadcrumbs-content":"","ast-featured-img":"","footer-sml-layout":"","ast-disable-related-posts":"","theme-transparent-header-meta":"default","adv-header-id-meta":"","stick-header-meta":"","header-above-stick-meta":"","header-main-stick-meta":"","header-below-stick-meta":"","astra-migrate-meta-layouts":"set","ast-page-background-enabled":"default","ast-page-background-meta":{"desktop":{"background-color":"","background-image":"","background-repeat":"repeat","background-position":"center center","background-size":"auto","background-attachment":"scroll","background-type":"","background-media":"","overlay-type":"","overlay-color":"","overlay-opacity":"","overlay-gradient":""},"tablet":{"background-color":"","background-image":"","background-repeat":"repeat","background-position":"center center","background-size":"auto","background-attachment":"scroll","background-type":"","background-media":"","overlay-type":"","overlay-color":"","overlay-opacity":"","overlay-gradient":""},"mobile":{"background-color":"","background-image":"","background-repeat":"repeat","background-position":"center center","background-size":"auto","background-attachment":"scroll","background-type":"","background-media":"","overlay-type":"","overlay-color":"","overlay-opacity":"","overlay-gradient":""}},"ast-content-background-meta":{"desktop":{"background-color":"var(--ast-global-color-5)","background-image":"","background-repeat":"repeat","background-position":"center center","background-size":"auto","background-attachment":"scroll","background-type":"","background-media":"","overlay-type":"","overlay-color":"","overlay-opacity":"","overlay-gradient":""},"tablet":{"background-color":"var(--ast-global-color-5)","background-image":"","background-repeat":"repeat","background-position":"center center","background-size":"auto","background-attachment":"scroll","background-type":"","background-media":"","overlay-type":"","overlay-color":"","overlay-opacity":"","overlay-gradient":""},"mobile":{"background-color":"var(--ast-global-color-5)","background-image":"","background-repeat":"repeat","background-position":"center center","background-size":"auto","background-attachment":"scroll","background-type":"","background-media":"","overlay-type":"","overlay-color":"","overlay-opacity":"","overlay-gradient":""}}},"product_brand":[],"product_cat":[65,32],"product_tag":[70,68,71,69],"class_list":{"0":"post-3485","1":"product","2":"type-product","3":"status-publish","4":"has-post-thumbnail","6":"product_cat-0-to-6months-oem","7":"product_cat-customize","8":"product_tag-babypillow","9":"product_tag-cuteanimalpillow","10":"product_tag-headshapesupport","11":"product_tag-kouniushapingpillow","12":"desktop-align-left","13":"tablet-align-left","14":"mobile-align-left","16":"first","17":"instock","18":"shipping-taxable","19":"product-type-simple"},"aioseo_notices":[],"uagb_featured_image_src":{"full":["https:\/\/babypillowwholesale.com\/wp-content\/uploads\/2025\/04\/0002.jpg",1000,1000,false],"thumbnail":["https:\/\/babypillowwholesale.com\/wp-content\/uploads\/2025\/04\/0002-150x150.jpg",150,150,true],"medium":["https:\/\/babypillowwholesale.com\/wp-content\/uploads\/2025\/04\/0002-300x300.jpg",300,300,true],"medium_large":["https:\/\/babypillowwholesale.com\/wp-content\/uploads\/2025\/04\/0002-768x768.jpg",768,768,true],"large":["https:\/\/babypillowwholesale.com\/wp-content\/uploads\/2025\/04\/0002.jpg",1000,1000,false],"1536x1536":["https:\/\/babypillowwholesale.com\/wp-content\/uploads\/2025\/04\/0002.jpg",1000,1000,false],"2048x2048":["https:\/\/babypillowwholesale.com\/wp-content\/uploads\/2025\/04\/0002.jpg",1000,1000,false],"trp-custom-language-flag":["https:\/\/babypillowwholesale.com\/wp-content\/uploads\/2025\/04\/0002.jpg",12,12,false],"woocommerce_thumbnail":["https:\/\/babypillowwholesale.com\/wp-content\/uploads\/2025\/04\/0002-300x300.jpg",300,300,true],"woocommerce_single":["https:\/\/babypillowwholesale.com\/wp-content\/uploads\/2025\/04\/0002-600x600.jpg",600,600,true],"woocommerce_gallery_thumbnail":["https:\/\/babypillowwholesale.com\/wp-content\/uploads\/2025\/04\/0002-100x100.jpg",100,100,true]},"uagb_author_info":{"display_name":"Etnen zhong","author_link":"https:\/\/babypillowwholesale.com\/et\/author\/"},"uagb_comment_info":0,"uagb_excerpt":"This Memory Foam Pillow - Thick Bear - shaped Pillow Core, designed for babies aged 0 - 6 months, offers extensive customization and design potential. Its adorable bear - like form serves as a charming base for further personalization. The number and size of the ventilation holes can be adjusted according to specific needs, optimizing&hellip;","jetpack_sharing_enabled":true,"_links":{"self":[{"href":"https:\/\/babypillowwholesale.com\/et\/wp-json\/wp\/v2\/product\/3485","targetHints":{"allow":["GET"]}}],"collection":[{"href":"https:\/\/babypillowwholesale.com\/et\/wp-json\/wp\/v2\/product"}],"about":[{"href":"https:\/\/babypillowwholesale.com\/et\/wp-json\/wp\/v2\/types\/product"}],"replies":[{"embeddable":true,"href":"https:\/\/babypillowwholesale.com\/et\/wp-json\/wp\/v2\/comments?post=3485"}],"wp:featuredmedia":[{"embeddable":true,"href":"https:\/\/babypillowwholesale.com\/et\/wp-json\/wp\/v2\/media\/3486"}],"wp:attachment":[{"href":"https:\/\/babypillowwholesale.com\/et\/wp-json\/wp\/v2\/media?parent=3485"}],"wp:term":[{"taxonomy":"product_brand","embeddable":true,"href":"https:\/\/babypillowwholesale.com\/et\/wp-json\/wp\/v2\/product_brand?post=3485"},{"taxonomy":"product_cat","embeddable":true,"href":"https:\/\/babypillowwholesale.com\/et\/wp-json\/wp\/v2\/product_cat?post=3485"},{"taxonomy":"product_tag","embeddable":true,"href":"https:\/\/babypillowwholesale.com\/et\/wp-json\/wp\/v2\/product_tag?post=3485"}],"curies":[{"name":"wp","href":"https:\/\/api.w.org\/{rel}","templated":true}]}}