{"id":3389,"date":"2025-04-11T08:14:21","date_gmt":"2025-04-11T08:14:21","guid":{"rendered":"https:\/\/babypillowwholesale.com\/?post_type=product&#038;p=3389"},"modified":"2025-06-08T08:00:10","modified_gmt":"2025-06-08T08:00:10","slug":"heart-printed-shaping-pillow","status":"publish","type":"product","link":"https:\/\/babypillowwholesale.com\/et\/product\/heart-printed-shaping-pillow\/","title":{"rendered":"S\u00fcda - tr\u00fckitud kujundav padi"},"content":{"rendered":"<div class=\"auto-hide-last-sibling-br paragraph-qzbcQC paragraph-element br-paragraph-space\" data-immersive-translate-walked=\"8e61f2e7-6af2-46e5-9672-3b9e4f4033d9\" data-immersive-translate-paragraph=\"1\">\n<div class=\"auto-hide-last-sibling-br paragraph-qzbcQC paragraph-element br-paragraph-space\">\n<div class=\"auto-hide-last-sibling-br paragraph-qzbcQC paragraph-element br-paragraph-space\">\n<div class=\"auto-hide-last-sibling-br paragraph-qzbcQC paragraph-element br-paragraph-space\">\n<div class=\"auto-hide-last-sibling-br paragraph-qzbcQC paragraph-element br-paragraph-space\">\n<div class=\"auto-hide-last-sibling-br paragraph-qzbcQC paragraph-element br-paragraph-space\">Tutvustame Heart - Printed Shaping Pillow'i, mis on 0-6 kuu vanustele imikutele kohandatud v\u00f5luv ja oluline unekaaslane. See padi on ilu ja funktsionaalsuse harmooniline segu, mille pinnale on v\u00f5imalik kanda juhuslikke tr\u00fckiseid. \u00d5rnad s\u00fcdamed, lehvivad linnud ja \u00f5rnad lilleelemendid tantsivad kangal, luues visuaalse s\u00fcmfoonia, mis rahustab meeli ning tekitab soojuse ja \u00f5rnuse tunde.<\/div>\n<p>&nbsp;<\/p>\n<div class=\"auto-hide-last-sibling-br paragraph-qzbcQC paragraph-element br-paragraph-space\">Hoolikalt valmistatud padi pakub \u00f5rna, kuid samas kindlat tuge, mis on oluline, et aidata teie lapse pead kujundada ja s\u00e4ilitada nende esimeste kuude jooksul. M\u00f5\u00f5tmed 27*<em>26*<\/em>2,5 cm, see sobitub mugavalt beebi v\u00f5revoodi sisse, pakkudes teie v\u00e4ikesele lapsele hubast ja turvalist varjupaika.<\/div>\n<p>&nbsp;<\/p>\n<div class=\"auto-hide-last-sibling-br paragraph-qzbcQC paragraph-element br-paragraph-space\">Kujutage ette, kuidas teie kallis imik lamab oma v\u00f5revoodis ja tema pea on mugavalt selle padja k\u00fcljes. P\u00e4evase uinumise ajal on see pehme ja kutsuv puhkepaik, samal ajal kui \u00f6\u00f6sel pakub see turvatunnet, aidates teie lapsel rahulikku unne vajuda. Samuti lisab see lastetoale v\u00f5lu, muutes ruumi kutsuvamaks ja s\u00fcdantsoojendavamaks.<\/div>\n<p>&nbsp;<\/p>\n<div class=\"auto-hide-last-sibling-br paragraph-qzbcQC paragraph-element br-paragraph-space\">Lapsevanemad on seda toodet v\u00e4ga kiitnud. \"Ma olen t\u00e4iesti armunud Heart - Printed Shaping Pillow'sse! See ei ole mitte ainult armas, vaid tundub ka, et see hoiab mu last nii mugavalt. Prindid on nii armsad ja mulle meeldib, et see aitab pea vormimisel,\" \u00f5hkab \u00fcks uus ema. \u00dcks isa lisas: \"Me oleme m\u00e4rganud t\u00f5elist erinevust meie lapse unes, sest hakkasime seda padja kasutama. See on h\u00e4sti tehtud ja selle disain sobib ideaalselt meie lastetuppa. Suurep\u00e4rane leid!\"<\/div>\n<p>&nbsp;<\/p>\n<div class=\"auto-hide-last-sibling-br paragraph-qzbcQC paragraph-element br-paragraph-space\">Sisuliselt on s\u00fcdamega tr\u00fckitud vormipadi rohkem kui lihtsalt voodipesu; see on teie lapse varajase elu hinnatud osa, mis lisab igasse unen\u00e4gude hetke mugavust, armsust ja turvatunnet.<\/div>\n<\/div>\n<\/div>\n<\/div>\n<\/div>\n<\/div>","protected":false},"excerpt":{"rendered":"<p>Heart - Printed Shaping Pillow on v\u00f5luv ja funktsionaalne magamisvahend, mis on m\u00f5eldud 0-6 kuu vanustele imikutele. Selle pinda kaunistavad armsad juhuslikud s\u00fcdamete, lindude ja lilleelementidega tr\u00fckised, mis loovad magusa ja rahustava visuaalse efekti. Hoolikalt valmistatud, pakub see \u00f5rna tuge, et aidata beebi pead vormida ja s\u00e4ilitada. M\u00f5\u00f5tmed 27*<em>26*<\/em>2.5CM, see sobib mugavalt lapse v\u00f5revoodi. See padi ei paku mitte ainult pehmet ja hubast puhkekohta beebile, vaid lisab lastetuppa ka soojust ja armsust, mist\u00f5ttu on see ideaalne valik, et tagada teie v\u00e4ikesele lapsele rahulik magamiskeskkond.<\/p>","protected":false},"featured_media":3390,"comment_status":"open","ping_status":"closed","template":"","meta":{"_uag_custom_page_level_css":"","site-sidebar-layout":"default","site-content-layout":"","ast-site-content-layout":"default","site-content-style":"default","site-sidebar-style":"default","ast-global-header-display":"","ast-banner-title-visibility":"","ast-main-header-display":"","ast-hfb-above-header-display":"","ast-hfb-below-header-display":"","ast-hfb-mobile-header-display":"","site-post-title":"","ast-breadcrumbs-content":"","ast-featured-img":"","footer-sml-layout":"","ast-disable-related-posts":"","theme-transparent-header-meta":"default","adv-header-id-meta":"","stick-header-meta":"","header-above-stick-meta":"","header-main-stick-meta":"","header-below-stick-meta":"","astra-migrate-meta-layouts":"set","ast-page-background-enabled":"default","ast-page-background-meta":{"desktop":{"background-color":"","background-image":"","background-repeat":"repeat","background-position":"center center","background-size":"auto","background-attachment":"scroll","background-type":"","background-media":"","overlay-type":"","overlay-color":"","overlay-opacity":"","overlay-gradient":""},"tablet":{"background-color":"","background-image":"","background-repeat":"repeat","background-position":"center center","background-size":"auto","background-attachment":"scroll","background-type":"","background-media":"","overlay-type":"","overlay-color":"","overlay-opacity":"","overlay-gradient":""},"mobile":{"background-color":"","background-image":"","background-repeat":"repeat","background-position":"center center","background-size":"auto","background-attachment":"scroll","background-type":"","background-media":"","overlay-type":"","overlay-color":"","overlay-opacity":"","overlay-gradient":""}},"ast-content-background-meta":{"desktop":{"background-color":"var(--ast-global-color-5)","background-image":"","background-repeat":"repeat","background-position":"center center","background-size":"auto","background-attachment":"scroll","background-type":"","background-media":"","overlay-type":"","overlay-color":"","overlay-opacity":"","overlay-gradient":""},"tablet":{"background-color":"var(--ast-global-color-5)","background-image":"","background-repeat":"repeat","background-position":"center center","background-size":"auto","background-attachment":"scroll","background-type":"","background-media":"","overlay-type":"","overlay-color":"","overlay-opacity":"","overlay-gradient":""},"mobile":{"background-color":"var(--ast-global-color-5)","background-image":"","background-repeat":"repeat","background-position":"center center","background-size":"auto","background-attachment":"scroll","background-type":"","background-media":"","overlay-type":"","overlay-color":"","overlay-opacity":"","overlay-gradient":""}}},"product_brand":[],"product_cat":[54,42],"product_tag":[70,68,71,69],"class_list":{"0":"post-3389","1":"product","2":"type-product","3":"status-publish","4":"has-post-thumbnail","6":"product_cat-0-to-6months","7":"product_cat-merchandise","8":"product_tag-babypillow","9":"product_tag-cuteanimalpillow","10":"product_tag-headshapesupport","11":"product_tag-kouniushapingpillow","12":"desktop-align-left","13":"tablet-align-left","14":"mobile-align-left","16":"first","17":"instock","18":"shipping-taxable","19":"product-type-simple"},"aioseo_notices":[],"uagb_featured_image_src":{"full":["https:\/\/babypillowwholesale.com\/wp-content\/uploads\/2025\/04\/1009.jpg",1000,1000,false],"thumbnail":["https:\/\/babypillowwholesale.com\/wp-content\/uploads\/2025\/04\/1009-150x150.jpg",150,150,true],"medium":["https:\/\/babypillowwholesale.com\/wp-content\/uploads\/2025\/04\/1009-300x300.jpg",300,300,true],"medium_large":["https:\/\/babypillowwholesale.com\/wp-content\/uploads\/2025\/04\/1009-768x768.jpg",768,768,true],"large":["https:\/\/babypillowwholesale.com\/wp-content\/uploads\/2025\/04\/1009.jpg",1000,1000,false],"1536x1536":["https:\/\/babypillowwholesale.com\/wp-content\/uploads\/2025\/04\/1009.jpg",1000,1000,false],"2048x2048":["https:\/\/babypillowwholesale.com\/wp-content\/uploads\/2025\/04\/1009.jpg",1000,1000,false],"trp-custom-language-flag":["https:\/\/babypillowwholesale.com\/wp-content\/uploads\/2025\/04\/1009.jpg",12,12,false],"woocommerce_thumbnail":["https:\/\/babypillowwholesale.com\/wp-content\/uploads\/2025\/04\/1009-300x300.jpg",300,300,true],"woocommerce_single":["https:\/\/babypillowwholesale.com\/wp-content\/uploads\/2025\/04\/1009-600x600.jpg",600,600,true],"woocommerce_gallery_thumbnail":["https:\/\/babypillowwholesale.com\/wp-content\/uploads\/2025\/04\/1009-100x100.jpg",100,100,true]},"uagb_author_info":{"display_name":"Etnen zhong","author_link":"https:\/\/babypillowwholesale.com\/et\/author\/"},"uagb_comment_info":0,"uagb_excerpt":"The Heart - Printed Shaping Pillow is a charming and functional sleep accessory designed for infants aged 0 - 6 months. Its surface is adorned with lovely random prints of hearts, birds, and floral elements, creating a sweet and soothing visual appeal. Crafted with care, it provides gentle support to help shape and maintain the&hellip;","jetpack_sharing_enabled":true,"_links":{"self":[{"href":"https:\/\/babypillowwholesale.com\/et\/wp-json\/wp\/v2\/product\/3389","targetHints":{"allow":["GET"]}}],"collection":[{"href":"https:\/\/babypillowwholesale.com\/et\/wp-json\/wp\/v2\/product"}],"about":[{"href":"https:\/\/babypillowwholesale.com\/et\/wp-json\/wp\/v2\/types\/product"}],"replies":[{"embeddable":true,"href":"https:\/\/babypillowwholesale.com\/et\/wp-json\/wp\/v2\/comments?post=3389"}],"wp:featuredmedia":[{"embeddable":true,"href":"https:\/\/babypillowwholesale.com\/et\/wp-json\/wp\/v2\/media\/3390"}],"wp:attachment":[{"href":"https:\/\/babypillowwholesale.com\/et\/wp-json\/wp\/v2\/media?parent=3389"}],"wp:term":[{"taxonomy":"product_brand","embeddable":true,"href":"https:\/\/babypillowwholesale.com\/et\/wp-json\/wp\/v2\/product_brand?post=3389"},{"taxonomy":"product_cat","embeddable":true,"href":"https:\/\/babypillowwholesale.com\/et\/wp-json\/wp\/v2\/product_cat?post=3389"},{"taxonomy":"product_tag","embeddable":true,"href":"https:\/\/babypillowwholesale.com\/et\/wp-json\/wp\/v2\/product_tag?post=3389"}],"curies":[{"name":"wp","href":"https:\/\/api.w.org\/{rel}","templated":true}]}}