{"id":3333,"date":"2025-04-04T08:28:31","date_gmt":"2025-04-04T08:28:31","guid":{"rendered":"https:\/\/babypillowwholesale.com\/?post_type=product&#038;p=3333"},"modified":"2025-06-08T14:08:50","modified_gmt":"2025-06-08T14:08:50","slug":"pikachu-infant-pillow","status":"publish","type":"product","link":"https:\/\/babypillowwholesale.com\/et\/product\/pikachu-infant-pillow\/","title":{"rendered":"Pikachu imikupadi"},"content":{"rendered":"<div class=\"auto-hide-last-sibling-br paragraph-qzbcQC paragraph-element br-paragraph-space\" data-immersive-translate-walked=\"8e61f2e7-6af2-46e5-9672-3b9e4f4033d9\" data-immersive-translate-paragraph=\"1\">\n<div class=\"auto-hide-last-sibling-br paragraph-qzbcQC paragraph-element br-paragraph-space\">\n<div class=\"auto-hide-last-sibling-br paragraph-qzbcQC paragraph-element br-paragraph-space\">\n<div class=\"auto-hide-last-sibling-br paragraph-qzbcQC paragraph-element br-paragraph-space\">\n<div class=\"auto-hide-last-sibling-br paragraph-qzbcQC paragraph-element br-paragraph-space\">\n<div class=\"auto-hide-last-sibling-br paragraph-qzbcQC paragraph-element br-paragraph-space\">\n<div class=\"auto-hide-last-sibling-br paragraph-qzbcQC paragraph-element br-paragraph-space\">\n<div class=\"auto-hide-last-sibling-br paragraph-qzbcQC paragraph-element br-paragraph-space\">\n<div class=\"auto-hide-last-sibling-br paragraph-qzbcQC paragraph-element br-paragraph-space\">\n<div class=\"auto-hide-last-sibling-br paragraph-qzbcQC paragraph-element br-paragraph-space\">\n<div class=\"auto-hide-last-sibling-br paragraph-qzbcQC paragraph-element br-paragraph-space\">Pikachu imikupadi on lummav unekaaslane, mis on m\u00f5eldud 1-3-aastastele lastele. See padi on inspireeritud ikoonilisest ja jumaldatud Pikachust, mis on meisterlikult tabanud selle olemust pikkade, teravate k\u00f5rvade, suurte, v\u00e4ljendusrikka silmade ja nende vastupandamatult armsate punetavate p\u00f5skedega, mis on koheselt \u00e4ratuntavad.<\/div>\n<p>&nbsp;<\/p>\n<div class=\"auto-hide-last-sibling-br paragraph-qzbcQC paragraph-element br-paragraph-space\">M\u00f5\u00f5tmine 40*<em>24*<\/em>3CM, see on ergonoomiliselt disainitud, et pakkuda optimaalset tuge teie v\u00e4ikese lapse peale ja kaelale. Kui teie laps magama vajub, toetub padi \u00f5rnalt, soodustades mugavat ja tervislikku magamisasendit. See on valmistatud pehmest, nahas\u00f5bralikust materjalist ja pakub sametiselt pehmet puudutust, nagu \u00f5rnat embust, tagades, et teie laps tunneb end kogu \u00f6\u00f6 jooksul turvaliselt ja mugavalt.<\/div>\n<p>&nbsp;<\/p>\n<div class=\"auto-hide-last-sibling-br paragraph-qzbcQC paragraph-element br-paragraph-space\">See on saadaval rahustavates roosa ja sinistes toonides, mis t\u00e4iendab vaevata iga lastetoa sisekujundust, lisades v\u00e4rvi ja v\u00f5lu. Kujutage ette magusaid magamaminekuid, kui teie laps kallistab end Pikachu imikupadja k\u00fclge. Sellest saab midagi enamat kui lihtsalt padi; see on portaal kujutlusv\u00f5ime maailma, kus unen\u00e4od on t\u00e4is elektrilisi seiklusi. P\u00e4eval v\u00f5ib see olla usaldusv\u00e4\u00e4rne kaaslane nende m\u00e4ngude ajal, olgu nad siis Pikachu p\u00f5nevaid lahinguid l\u00e4bi m\u00e4ngimas v\u00f5i lihtsalt m\u00e4ngupausi ajal puhkamas.<\/div>\n<p>&nbsp;<\/p>\n<div class=\"auto-hide-last-sibling-br paragraph-qzbcQC paragraph-element br-paragraph-space\">Lapsevanemad on selle imelise padja kohta vaimustuses. \"Minu 2 - aastane laps on Pikachu padjast kinnisidee! See on esimene asi, mille j\u00e4rele nad enne magamaminekut haaravad. Pehmus on h\u00e4mmastav ja on nii armas n\u00e4ha, kuidas nad seda kallistavad,\" r\u00f5\u00f5mustas \u00fcks r\u00f5\u00f5mus ema. \u00dcks isa jagas: \"Meile meeldib, kuidas see on teinud magamamineku veelgi l\u00f5busamaks. See on ka vastupidav, et \u00fcle elada k\u00f5ik kallistused ja visklemised. Kindlasti suurep\u00e4rane ost!\"<\/div>\n<p>&nbsp;<\/p>\n<div class=\"auto-hide-last-sibling-br paragraph-qzbcQC paragraph-element br-paragraph-space\">\u00dches\u00f5naga, Pikachu imikupadi on harmooniline segu mugavusest, armsusest ja funktsionaalsusest. See ei ole lihtsalt magamise aksessuaar; see on teie lapse igap\u00e4evaelu hinnatud osa, mis lisab igasse hetke pisut Pikachu inspiratsiooni.<\/div>\n<\/div>\n<\/div>\n<\/div>\n<\/div>\n<\/div>\n<\/div>\n<\/div>\n<\/div>\n<\/div>\n<\/div>","protected":false},"excerpt":{"rendered":"<div class=\"container-QE4ayg\">\n<div class=\"item-jU10IN\">\n<div class=\"container-jODEnh chrome70-container\">\n<div class=\"inner-eE95c9 inner-item-aL3Ui_\" data-target-id=\"message-box-target-id\" data-testid=\"union_message\">\n<div class=\"message-block-container-liuetz\" data-testid=\"message-block-container\">\n<div class=\"message-box-ZWbBdF\" data-testid=\"receive_message\">\n<div class=\"message-box-content-wrapper-srHdUj\">\n<div class=\"message-content message-box-content-otxGGw receive-message-box-content-_lREFj samantha-message-box-content-Qjmpja\" data-testid=\"message_content\">\n<div class=\"container-hfX5E8 flow-markdown-body theme-samantha-yJEgBp\" dir=\"ltr\" data-testid=\"message_text_content\" data-show-indicator=\"false\">\n<div class=\"auto-hide-last-sibling-br paragraph-qzbcQC paragraph-element br-paragraph-space\">Pikachu imikupadi on v\u00f5luv unepadi 1 - 3-aastastele lastele. See on inspireeritud armastatud Pikachust ja sellel on sellised ikoonilised omadused nagu pikad k\u00f5rvad, s\u00e4ravad silmad ja armsad punetavad p\u00f5sed. M\u00f5\u00f5tmed 40*<em>24*<\/em>3CM, see pakub just \u00f5iget tuge lapse pea ja kaela jaoks, tagades mugava une. See on valmistatud pehmest ja hubasest materjalist, pakkudes \u00f5rna puudutust naha vastu. Saadaval roosas ja sinises v\u00e4rvitoonis, sobib see h\u00f5lpsasti mis tahes lastetoa sisustusega. See padi mitte ainult ei soodusta head \u00f6\u00f6bimist, vaid lisab lapse magamaminekule ka pisut l\u00f5bu ja fantaasiat, muutes selle meeldivaks t\u00e4ienduseks nende unerutiinile.<\/div>\n<\/div>\n<\/div>\n<\/div>\n<\/div>\n<\/div>\n<\/div>\n<\/div>\n<\/div>\n<\/div>","protected":false},"featured_media":3334,"comment_status":"open","ping_status":"closed","template":"","meta":{"_uag_custom_page_level_css":"","site-sidebar-layout":"default","site-content-layout":"","ast-site-content-layout":"default","site-content-style":"default","site-sidebar-style":"default","ast-global-header-display":"","ast-banner-title-visibility":"","ast-main-header-display":"","ast-hfb-above-header-display":"","ast-hfb-below-header-display":"","ast-hfb-mobile-header-display":"","site-post-title":"","ast-breadcrumbs-content":"","ast-featured-img":"","footer-sml-layout":"","ast-disable-related-posts":"","theme-transparent-header-meta":"default","adv-header-id-meta":"","stick-header-meta":"","header-above-stick-meta":"","header-main-stick-meta":"","header-below-stick-meta":"","astra-migrate-meta-layouts":"set","ast-page-background-enabled":"default","ast-page-background-meta":{"desktop":{"background-color":"","background-image":"","background-repeat":"repeat","background-position":"center center","background-size":"auto","background-attachment":"scroll","background-type":"","background-media":"","overlay-type":"","overlay-color":"","overlay-opacity":"","overlay-gradient":""},"tablet":{"background-color":"","background-image":"","background-repeat":"repeat","background-position":"center center","background-size":"auto","background-attachment":"scroll","background-type":"","background-media":"","overlay-type":"","overlay-color":"","overlay-opacity":"","overlay-gradient":""},"mobile":{"background-color":"","background-image":"","background-repeat":"repeat","background-position":"center center","background-size":"auto","background-attachment":"scroll","background-type":"","background-media":"","overlay-type":"","overlay-color":"","overlay-opacity":"","overlay-gradient":""}},"ast-content-background-meta":{"desktop":{"background-color":"var(--ast-global-color-5)","background-image":"","background-repeat":"repeat","background-position":"center center","background-size":"auto","background-attachment":"scroll","background-type":"","background-media":"","overlay-type":"","overlay-color":"","overlay-opacity":"","overlay-gradient":""},"tablet":{"background-color":"var(--ast-global-color-5)","background-image":"","background-repeat":"repeat","background-position":"center center","background-size":"auto","background-attachment":"scroll","background-type":"","background-media":"","overlay-type":"","overlay-color":"","overlay-opacity":"","overlay-gradient":""},"mobile":{"background-color":"var(--ast-global-color-5)","background-image":"","background-repeat":"repeat","background-position":"center center","background-size":"auto","background-attachment":"scroll","background-type":"","background-media":"","overlay-type":"","overlay-color":"","overlay-opacity":"","overlay-gradient":""}}},"product_brand":[],"product_cat":[56,42],"product_tag":[70,68,71,69],"class_list":{"0":"post-3333","1":"product","2":"type-product","3":"status-publish","4":"has-post-thumbnail","6":"product_cat-1-to-3-years","7":"product_cat-merchandise","8":"product_tag-babypillow","9":"product_tag-cuteanimalpillow","10":"product_tag-headshapesupport","11":"product_tag-kouniushapingpillow","12":"desktop-align-left","13":"tablet-align-left","14":"mobile-align-left","16":"first","17":"instock","18":"featured","19":"shipping-taxable","20":"product-type-simple"},"aioseo_notices":[],"uagb_featured_image_src":{"full":["https:\/\/babypillowwholesale.com\/wp-content\/uploads\/2025\/04\/1527.jpg",1000,1000,false],"thumbnail":["https:\/\/babypillowwholesale.com\/wp-content\/uploads\/2025\/04\/1527-150x150.jpg",150,150,true],"medium":["https:\/\/babypillowwholesale.com\/wp-content\/uploads\/2025\/04\/1527-300x300.jpg",300,300,true],"medium_large":["https:\/\/babypillowwholesale.com\/wp-content\/uploads\/2025\/04\/1527-768x768.jpg",768,768,true],"large":["https:\/\/babypillowwholesale.com\/wp-content\/uploads\/2025\/04\/1527.jpg",1000,1000,false],"1536x1536":["https:\/\/babypillowwholesale.com\/wp-content\/uploads\/2025\/04\/1527.jpg",1000,1000,false],"2048x2048":["https:\/\/babypillowwholesale.com\/wp-content\/uploads\/2025\/04\/1527.jpg",1000,1000,false],"trp-custom-language-flag":["https:\/\/babypillowwholesale.com\/wp-content\/uploads\/2025\/04\/1527.jpg",12,12,false],"woocommerce_thumbnail":["https:\/\/babypillowwholesale.com\/wp-content\/uploads\/2025\/04\/1527-300x300.jpg",300,300,true],"woocommerce_single":["https:\/\/babypillowwholesale.com\/wp-content\/uploads\/2025\/04\/1527-600x600.jpg",600,600,true],"woocommerce_gallery_thumbnail":["https:\/\/babypillowwholesale.com\/wp-content\/uploads\/2025\/04\/1527-100x100.jpg",100,100,true]},"uagb_author_info":{"display_name":"Etnen zhong","author_link":"https:\/\/babypillowwholesale.com\/et\/author\/"},"uagb_comment_info":0,"uagb_excerpt":"The Pikachu Infant Pillow is a charming sleep essential for children aged 1 - 3 years. Inspired by the beloved Pikachu, it showcases iconic features like long ears, bright eyes, and cute blushing cheeks. Measuring 40*24*3CM, it provides just the right support for a child's head and neck, ensuring a comfortable sleep. Made from soft&hellip;","jetpack_sharing_enabled":true,"_links":{"self":[{"href":"https:\/\/babypillowwholesale.com\/et\/wp-json\/wp\/v2\/product\/3333","targetHints":{"allow":["GET"]}}],"collection":[{"href":"https:\/\/babypillowwholesale.com\/et\/wp-json\/wp\/v2\/product"}],"about":[{"href":"https:\/\/babypillowwholesale.com\/et\/wp-json\/wp\/v2\/types\/product"}],"replies":[{"embeddable":true,"href":"https:\/\/babypillowwholesale.com\/et\/wp-json\/wp\/v2\/comments?post=3333"}],"wp:featuredmedia":[{"embeddable":true,"href":"https:\/\/babypillowwholesale.com\/et\/wp-json\/wp\/v2\/media\/3334"}],"wp:attachment":[{"href":"https:\/\/babypillowwholesale.com\/et\/wp-json\/wp\/v2\/media?parent=3333"}],"wp:term":[{"taxonomy":"product_brand","embeddable":true,"href":"https:\/\/babypillowwholesale.com\/et\/wp-json\/wp\/v2\/product_brand?post=3333"},{"taxonomy":"product_cat","embeddable":true,"href":"https:\/\/babypillowwholesale.com\/et\/wp-json\/wp\/v2\/product_cat?post=3333"},{"taxonomy":"product_tag","embeddable":true,"href":"https:\/\/babypillowwholesale.com\/et\/wp-json\/wp\/v2\/product_tag?post=3333"}],"curies":[{"name":"wp","href":"https:\/\/api.w.org\/{rel}","templated":true}]}}