{"id":3320,"date":"2025-04-02T16:39:31","date_gmt":"2025-04-02T16:39:31","guid":{"rendered":"https:\/\/babypillowwholesale.com\/?post_type=product&#038;p=3320"},"modified":"2025-06-07T07:26:29","modified_gmt":"2025-06-07T07:26:29","slug":"hydrophilic-sponge-contour-pillow","status":"publish","type":"product","link":"https:\/\/babypillowwholesale.com\/et\/product\/hydrophilic-sponge-contour-pillow\/","title":{"rendered":"H\u00fcdrofiilne k\u00e4sn kontuurpadi"},"content":{"rendered":"<div class=\"auto-hide-last-sibling-br paragraph-qzbcQC paragraph-element br-paragraph-space\" data-immersive-translate-walked=\"8e61f2e7-6af2-46e5-9672-3b9e4f4033d9\" data-immersive-translate-paragraph=\"1\">\n<div class=\"auto-hide-last-sibling-br paragraph-qzbcQC paragraph-element br-paragraph-space\">\n<div class=\"auto-hide-last-sibling-br paragraph-qzbcQC paragraph-element br-paragraph-space\">\n<div class=\"auto-hide-last-sibling-br paragraph-qzbcQC paragraph-element br-paragraph-space\">\n<div class=\"auto-hide-last-sibling-br paragraph-qzbcQC paragraph-element br-paragraph-space\">\n<div class=\"auto-hide-last-sibling-br paragraph-qzbcQC paragraph-element br-paragraph-space\">\n<div class=\"auto-hide-last-sibling-br paragraph-qzbcQC paragraph-element br-paragraph-space\">Avastage h\u00fcdrofiilne k\u00e4sna kontuurpadi, t\u00f5eline p\u00e4rl, mis on m\u00f5eldud 0-12 kuu vanustele imikutele. Selle lummav disain, mis on inspireeritud armsatest olenditest, nagu imearmsad pingviinid, omab magusat n\u00e4oilmet, \u00f5dusat vibu ja erksav\u00e4rvilisi jalgu, mis lummavad kujutlusv\u00f5imet juba esimesel pilgul. See on valmistatud esmaklassilisest h\u00fcdrofiilsest k\u00e4snast ja pakub sametiselt pehmet puudutust, mis on \u00f5rnalt teie lapse \u00f5rna naha vastu.<\/div>\n<p>&nbsp;<\/p>\n<div class=\"auto-hide-last-sibling-br paragraph-qzbcQC paragraph-element br-paragraph-space\">Padja kontuurne disain on ergonoomilise inseneri ime. See kohandub graatsiliselt teie lapse pea ainulaadsele kujule, pakkudes \u00f5rna, kuid t\u00f5husat tuge, mis on h\u00e4davajalik terve pea kuju hoidmiseks kogu varajase arengu jooksul. M\u00f5\u00f5tmed 29<em>21<\/em>1.5CM, see on mitmek\u00fclgne t\u00e4iendus teie lapse h\u00e4davajalikele asjadele. See padi on alati k\u00e4eulatuses, olgu see siis v\u00f5revoodi sisse asetatud, luues rahulikuks uinumiseks m\u00f5nusa pelgupaiga, v\u00f5i kas see on kaasas teie v\u00e4ikese lapsega lapsevankris tuulise pargiseikluse ajal v\u00f5i asetatud m\u00e4ngumattale l\u00f5busaks k\u00f5hut\u00e4itmise ajaks kodus, see padi tagab mugavuse alati k\u00e4eulatuses olemise.<\/div>\n<p>&nbsp;<\/p>\n<div class=\"auto-hide-last-sibling-br paragraph-qzbcQC paragraph-element br-paragraph-space\">Lapsevanemad kiidavad seda. \"See padi on m\u00e4ngu muutja! Minu laps magab sellel nii kindlalt ja h\u00fcdrofiilse k\u00e4sna pehmus on h\u00e4mmastav. Lisaks on pingviinide disain meie majas t\u00f5eline hitt,\" r\u00f5\u00f5mustas \u00fcks r\u00f5\u00f5mus ema. \u00dcks isa lisas: \"Meile meeldib, kuidas kontuurne disain toetab meie lapse pead. Ja t\u00e4nu paljudele armsatele v\u00e4rvivalikutele saame seda vahetada, et see sobiks erinevate riiete v\u00f5i meeleoludega. Sellest on saanud asendamatu osa meie lapse rutiinist.\"<\/div>\n<p>&nbsp;<\/p>\n<div class=\"auto-hide-last-sibling-br paragraph-qzbcQC paragraph-element br-paragraph-space\">H\u00fcdrofiilse k\u00e4snaga kontuurpadi, mille v\u00e4rvivalikus on sinine elevant, valge pesukaru, helekollane pingviin ja sinine pingviin, \u00fchendab sujuvalt mugavuse, funktsionaalsuse ja vastupandamatu v\u00f5lu. See ei ole lihtsalt padi; see on armastatud kaaslane, mis m\u00e4hib teie v\u00e4ikese lapse hoolsalt ja armsalt sisse iga v\u00e4\u00e4rtusliku hetke tema esimestel p\u00e4evadel.<\/div>\n<\/div>\n<\/div>\n<\/div>\n<\/div>\n<\/div>\n<\/div>","protected":false},"excerpt":{"rendered":"<p>Hydrophilic Sponge Contour Pillow on t\u00e4helepanuv\u00e4\u00e4rne toode, mis on m\u00f5eldud 0-12 kuu vanustele imikutele. Selle kujundus on inspireeritud armsatest loomamotiividest, nagu n\u00e4iteks n\u00e4idatud pingviin, millel on armas n\u00e4gu, v\u00f5luv vibu ja erksav\u00e4rvilised jalad, mis muudab selle visuaalselt atraktiivseks. See on valmistatud h\u00fcdrofiilsest k\u00e4snast, mis pakub pehmet ja mugavat puudutust. Padja kontuurne disain kohandub ergonoomiliselt lapse pea j\u00e4rgi, pakkudes optimaalset tuge, mis aitab s\u00e4ilitada terve pea kuju. Spetsifikatsiooniga 29*<em>21*<\/em>1.5CM, see sobib h\u00e4sti v\u00f5revoodi, lapsevankritesse, lapsevankritesse jne. Erinevad v\u00e4rvivalikud, sealhulgas sinine elevant, valge pesukaru, helekollane pingviin ja sinine pingviin, v\u00f5imaldavad vanematel valida vastavalt oma eelistustele. See padi \u00fchendab endas mugavuse, funktsionaalsuse ja imearmsa esteetika, muutudes suurep\u00e4raseks kaaslaseks beebide varajase kasvu ajal.<\/p>","protected":false},"featured_media":3321,"comment_status":"open","ping_status":"closed","template":"","meta":{"_uag_custom_page_level_css":"","site-sidebar-layout":"default","site-content-layout":"","ast-site-content-layout":"default","site-content-style":"default","site-sidebar-style":"default","ast-global-header-display":"","ast-banner-title-visibility":"","ast-main-header-display":"","ast-hfb-above-header-display":"","ast-hfb-below-header-display":"","ast-hfb-mobile-header-display":"","site-post-title":"","ast-breadcrumbs-content":"","ast-featured-img":"","footer-sml-layout":"","ast-disable-related-posts":"","theme-transparent-header-meta":"default","adv-header-id-meta":"","stick-header-meta":"","header-above-stick-meta":"","header-main-stick-meta":"","header-below-stick-meta":"","astra-migrate-meta-layouts":"set","ast-page-background-enabled":"default","ast-page-background-meta":{"desktop":{"background-color":"","background-image":"","background-repeat":"repeat","background-position":"center center","background-size":"auto","background-attachment":"scroll","background-type":"","background-media":"","overlay-type":"","overlay-color":"","overlay-opacity":"","overlay-gradient":""},"tablet":{"background-color":"","background-image":"","background-repeat":"repeat","background-position":"center center","background-size":"auto","background-attachment":"scroll","background-type":"","background-media":"","overlay-type":"","overlay-color":"","overlay-opacity":"","overlay-gradient":""},"mobile":{"background-color":"","background-image":"","background-repeat":"repeat","background-position":"center center","background-size":"auto","background-attachment":"scroll","background-type":"","background-media":"","overlay-type":"","overlay-color":"","overlay-opacity":"","overlay-gradient":""}},"ast-content-background-meta":{"desktop":{"background-color":"var(--ast-global-color-5)","background-image":"","background-repeat":"repeat","background-position":"center center","background-size":"auto","background-attachment":"scroll","background-type":"","background-media":"","overlay-type":"","overlay-color":"","overlay-opacity":"","overlay-gradient":""},"tablet":{"background-color":"var(--ast-global-color-5)","background-image":"","background-repeat":"repeat","background-position":"center center","background-size":"auto","background-attachment":"scroll","background-type":"","background-media":"","overlay-type":"","overlay-color":"","overlay-opacity":"","overlay-gradient":""},"mobile":{"background-color":"var(--ast-global-color-5)","background-image":"","background-repeat":"repeat","background-position":"center center","background-size":"auto","background-attachment":"scroll","background-type":"","background-media":"","overlay-type":"","overlay-color":"","overlay-opacity":"","overlay-gradient":""}}},"product_brand":[],"product_cat":[55,42],"product_tag":[70,68,71,69],"class_list":{"0":"post-3320","1":"product","2":"type-product","3":"status-publish","4":"has-post-thumbnail","6":"product_cat-0-to-1-year","7":"product_cat-merchandise","8":"product_tag-babypillow","9":"product_tag-cuteanimalpillow","10":"product_tag-headshapesupport","11":"product_tag-kouniushapingpillow","12":"desktop-align-left","13":"tablet-align-left","14":"mobile-align-left","16":"first","17":"instock","18":"shipping-taxable","19":"product-type-simple"},"aioseo_notices":[],"uagb_featured_image_src":{"full":["https:\/\/babypillowwholesale.com\/wp-content\/uploads\/2025\/04\/1168.jpg",1000,1000,false],"thumbnail":["https:\/\/babypillowwholesale.com\/wp-content\/uploads\/2025\/04\/1168-150x150.jpg",150,150,true],"medium":["https:\/\/babypillowwholesale.com\/wp-content\/uploads\/2025\/04\/1168-300x300.jpg",300,300,true],"medium_large":["https:\/\/babypillowwholesale.com\/wp-content\/uploads\/2025\/04\/1168-768x768.jpg",768,768,true],"large":["https:\/\/babypillowwholesale.com\/wp-content\/uploads\/2025\/04\/1168.jpg",1000,1000,false],"1536x1536":["https:\/\/babypillowwholesale.com\/wp-content\/uploads\/2025\/04\/1168.jpg",1000,1000,false],"2048x2048":["https:\/\/babypillowwholesale.com\/wp-content\/uploads\/2025\/04\/1168.jpg",1000,1000,false],"trp-custom-language-flag":["https:\/\/babypillowwholesale.com\/wp-content\/uploads\/2025\/04\/1168.jpg",12,12,false],"woocommerce_thumbnail":["https:\/\/babypillowwholesale.com\/wp-content\/uploads\/2025\/04\/1168-300x300.jpg",300,300,true],"woocommerce_single":["https:\/\/babypillowwholesale.com\/wp-content\/uploads\/2025\/04\/1168-600x600.jpg",600,600,true],"woocommerce_gallery_thumbnail":["https:\/\/babypillowwholesale.com\/wp-content\/uploads\/2025\/04\/1168-100x100.jpg",100,100,true]},"uagb_author_info":{"display_name":"Etnen zhong","author_link":"https:\/\/babypillowwholesale.com\/et\/author\/"},"uagb_comment_info":0,"uagb_excerpt":"The Hydrophilic Sponge Contour Pillow is a remarkable product designed for infants aged 0 - 12 months. Its design is inspired by cute animal motifs, such as the penguin shown, with a sweet face, a charming bow, and vivid - colored feet, making it visually appealing. Crafted from hydrophilic sponge, it offers a soft and&hellip;","jetpack_sharing_enabled":true,"_links":{"self":[{"href":"https:\/\/babypillowwholesale.com\/et\/wp-json\/wp\/v2\/product\/3320","targetHints":{"allow":["GET"]}}],"collection":[{"href":"https:\/\/babypillowwholesale.com\/et\/wp-json\/wp\/v2\/product"}],"about":[{"href":"https:\/\/babypillowwholesale.com\/et\/wp-json\/wp\/v2\/types\/product"}],"replies":[{"embeddable":true,"href":"https:\/\/babypillowwholesale.com\/et\/wp-json\/wp\/v2\/comments?post=3320"}],"wp:featuredmedia":[{"embeddable":true,"href":"https:\/\/babypillowwholesale.com\/et\/wp-json\/wp\/v2\/media\/3321"}],"wp:attachment":[{"href":"https:\/\/babypillowwholesale.com\/et\/wp-json\/wp\/v2\/media?parent=3320"}],"wp:term":[{"taxonomy":"product_brand","embeddable":true,"href":"https:\/\/babypillowwholesale.com\/et\/wp-json\/wp\/v2\/product_brand?post=3320"},{"taxonomy":"product_cat","embeddable":true,"href":"https:\/\/babypillowwholesale.com\/et\/wp-json\/wp\/v2\/product_cat?post=3320"},{"taxonomy":"product_tag","embeddable":true,"href":"https:\/\/babypillowwholesale.com\/et\/wp-json\/wp\/v2\/product_tag?post=3320"}],"curies":[{"name":"wp","href":"https:\/\/api.w.org\/{rel}","templated":true}]}}