{"id":3303,"date":"2025-03-24T15:07:17","date_gmt":"2025-03-24T15:07:17","guid":{"rendered":"https:\/\/babypillowwholesale.com\/?post_type=product&#038;p=3303"},"modified":"2025-06-08T15:36:07","modified_gmt":"2025-06-08T15:36:07","slug":"leopard-cat-shaping-pillow","status":"publish","type":"product","link":"https:\/\/babypillowwholesale.com\/et\/product\/leopard-cat-shaping-pillow\/","title":{"rendered":"leopardikass kujundav padi"},"content":{"rendered":"<div class=\"auto-hide-last-sibling-br paragraph-qzbcQC paragraph-element br-paragraph-space\" data-immersive-translate-walked=\"8e61f2e7-6af2-46e5-9672-3b9e4f4033d9\" data-immersive-translate-paragraph=\"1\">\n<div class=\"auto-hide-last-sibling-br paragraph-qzbcQC paragraph-element br-paragraph-space\">\n<p>Vaadake leopardikassist kujunduspatja, mis on imetluse ja kasulikkuse t\u00e4iuslik harmoonia, mis on hoolikalt valmistatud 0-6 kuu vanustele imikutele. Selle lummav disain - koos s\u00e4rtsakate leopardi - kassik\u00f5rvadega ja \u00f5rnade viskedetailidega - kiirgab v\u00f5lu. Ergonoomiliselt kujundatud keskne v\u00e4ljal\u00f5ige toetab \u00f5rnalt teie lapse pead, suunates \u00f5rnalt pea tervislikku arengut nende elut\u00e4htsate esimeste kuude jooksul.<\/p>\n<p>M\u00f5\u00f5duga 26,5*25*1,5CM kohandub see sujuvalt erinevate stseenidega. Kodus asetage see v\u00f5revoodi sisse, muutes uinumise aja hubaseks, unen\u00e4gudega t\u00e4idetud rituaaliks. V\u00e4ljas olles - kas pargis jalutusk\u00e4igul v\u00f5i pere k\u00fclask\u00e4igul - sobib see ideaalselt lapsevankritesse, hoides teie v\u00e4ikese lapse mugavana kogu reisi v\u00e4ltel.<\/p>\n<p>Vanemad jumaldavad seda padja. \"Minu laps s\u00fcttib selle leopardi kassi kujuva padja n\u00e4gemisel! See on luksuslikult pehme ja armas kujundus v\u00f5lub alati. Olen n\u00e4inud imelist paranemist nende pea kuju osas,\" jagas \u00fcks r\u00f5\u00f5mus ema. \u00dcks isa lisas: \"See on must - have meie beebivarustuses. Lihtne kanda ja v\u00e4rvivalikud sobivad igasse lastetuppa. Meie pisike n\u00e4eb sellega alati m\u00f5nusalt ja rahulolev v\u00e4lja.\"<\/p>\n<p>V\u00f5luvas roosas v\u00f5i sinises v\u00e4rvitoonis saadaval olev leopardikassist kujunduspadi on rohkem kui vaid beebi aksessuaar. See on armastav kaaslane, mis m\u00e4hib teie beebi mugavuse, armsuse ja usaldusv\u00e4\u00e4rse toe sisse igas v\u00e4\u00e4rtuslikus hetkes tema esimestel p\u00e4evadel.<\/p>\n<\/div>\n<\/div>","protected":false},"excerpt":{"rendered":"<p>Leopardi kassiga kujundav padi on veetlev sulam armsast ja praktilisest, mis on m\u00f5eldud 0-6 kuu vanustele imikutele. Selle kujundus, mis on inspireeritud leopardikassist, millel on s\u00e4rtsakad k\u00f5rvad ja \u00f5rnad vuntsidetailid, \u00f5hkab v\u00f5lu. Ergonoomiline keskne v\u00e4ljal\u00f5ige toetab \u00f5rnalt lapse pead, aidates s\u00e4ilitada tervislikku peakuju kriitilises varajases kasvufaasis. M\u00f5\u00f5duga 26,5*25*1,5CM sobib sujuvalt v\u00f5revoodisse, et tagada rahulikud uinumisajad kodus v\u00f5i jalutusk\u00e4rud \u00f5ues seikluste ajal. Saadaval pehmes roosas v\u00f5i sinises v\u00e4rvitoonis, ei lisa see mitte ainult lasteaia sisustusele dekoratiivset puudutust, vaid pakub ka usaldusv\u00e4\u00e4rset tuge, muutes selle oluliseks kaaslaseks teie lapse iga m\u00f5nusa hetke jaoks.<\/p>","protected":false},"featured_media":3304,"comment_status":"open","ping_status":"closed","template":"","meta":{"_uag_custom_page_level_css":"","site-sidebar-layout":"default","site-content-layout":"","ast-site-content-layout":"default","site-content-style":"default","site-sidebar-style":"default","ast-global-header-display":"","ast-banner-title-visibility":"","ast-main-header-display":"","ast-hfb-above-header-display":"","ast-hfb-below-header-display":"","ast-hfb-mobile-header-display":"","site-post-title":"","ast-breadcrumbs-content":"","ast-featured-img":"","footer-sml-layout":"","ast-disable-related-posts":"","theme-transparent-header-meta":"default","adv-header-id-meta":"","stick-header-meta":"","header-above-stick-meta":"","header-main-stick-meta":"","header-below-stick-meta":"","astra-migrate-meta-layouts":"set","ast-page-background-enabled":"default","ast-page-background-meta":{"desktop":{"background-color":"","background-image":"","background-repeat":"repeat","background-position":"center center","background-size":"auto","background-attachment":"scroll","background-type":"","background-media":"","overlay-type":"","overlay-color":"","overlay-opacity":"","overlay-gradient":""},"tablet":{"background-color":"","background-image":"","background-repeat":"repeat","background-position":"center center","background-size":"auto","background-attachment":"scroll","background-type":"","background-media":"","overlay-type":"","overlay-color":"","overlay-opacity":"","overlay-gradient":""},"mobile":{"background-color":"","background-image":"","background-repeat":"repeat","background-position":"center center","background-size":"auto","background-attachment":"scroll","background-type":"","background-media":"","overlay-type":"","overlay-color":"","overlay-opacity":"","overlay-gradient":""}},"ast-content-background-meta":{"desktop":{"background-color":"var(--ast-global-color-5)","background-image":"","background-repeat":"repeat","background-position":"center center","background-size":"auto","background-attachment":"scroll","background-type":"","background-media":"","overlay-type":"","overlay-color":"","overlay-opacity":"","overlay-gradient":""},"tablet":{"background-color":"var(--ast-global-color-5)","background-image":"","background-repeat":"repeat","background-position":"center center","background-size":"auto","background-attachment":"scroll","background-type":"","background-media":"","overlay-type":"","overlay-color":"","overlay-opacity":"","overlay-gradient":""},"mobile":{"background-color":"var(--ast-global-color-5)","background-image":"","background-repeat":"repeat","background-position":"center center","background-size":"auto","background-attachment":"scroll","background-type":"","background-media":"","overlay-type":"","overlay-color":"","overlay-opacity":"","overlay-gradient":""}}},"product_brand":[],"product_cat":[54,42],"product_tag":[70,68,71,69],"class_list":{"0":"post-3303","1":"product","2":"type-product","3":"status-publish","4":"has-post-thumbnail","6":"product_cat-0-to-6months","7":"product_cat-merchandise","8":"product_tag-babypillow","9":"product_tag-cuteanimalpillow","10":"product_tag-headshapesupport","11":"product_tag-kouniushapingpillow","12":"desktop-align-left","13":"tablet-align-left","14":"mobile-align-left","16":"first","17":"instock","18":"shipping-taxable","19":"product-type-simple"},"aioseo_notices":[],"uagb_featured_image_src":{"full":["https:\/\/babypillowwholesale.com\/wp-content\/uploads\/2025\/03\/1512.jpg",1000,1000,false],"thumbnail":["https:\/\/babypillowwholesale.com\/wp-content\/uploads\/2025\/03\/1512-150x150.jpg",150,150,true],"medium":["https:\/\/babypillowwholesale.com\/wp-content\/uploads\/2025\/03\/1512-300x300.jpg",300,300,true],"medium_large":["https:\/\/babypillowwholesale.com\/wp-content\/uploads\/2025\/03\/1512-768x768.jpg",768,768,true],"large":["https:\/\/babypillowwholesale.com\/wp-content\/uploads\/2025\/03\/1512.jpg",1000,1000,false],"1536x1536":["https:\/\/babypillowwholesale.com\/wp-content\/uploads\/2025\/03\/1512.jpg",1000,1000,false],"2048x2048":["https:\/\/babypillowwholesale.com\/wp-content\/uploads\/2025\/03\/1512.jpg",1000,1000,false],"trp-custom-language-flag":["https:\/\/babypillowwholesale.com\/wp-content\/uploads\/2025\/03\/1512.jpg",12,12,false],"woocommerce_thumbnail":["https:\/\/babypillowwholesale.com\/wp-content\/uploads\/2025\/03\/1512-300x300.jpg",300,300,true],"woocommerce_single":["https:\/\/babypillowwholesale.com\/wp-content\/uploads\/2025\/03\/1512-600x600.jpg",600,600,true],"woocommerce_gallery_thumbnail":["https:\/\/babypillowwholesale.com\/wp-content\/uploads\/2025\/03\/1512-100x100.jpg",100,100,true]},"uagb_author_info":{"display_name":"Etnen zhong","author_link":"https:\/\/babypillowwholesale.com\/et\/author\/"},"uagb_comment_info":0,"uagb_excerpt":"The leopard cat Shaping Pillow is a delightful fusion of cuteness and practicality, tailored for infants aged 0 to 6 months. Its design, inspired by a leopard cat with perky ears and delicate whisker details, exudes charm. The ergonomic central cut - out gently supports the baby\u2019s head, helping maintain a healthy head shape during&hellip;","jetpack_sharing_enabled":true,"_links":{"self":[{"href":"https:\/\/babypillowwholesale.com\/et\/wp-json\/wp\/v2\/product\/3303","targetHints":{"allow":["GET"]}}],"collection":[{"href":"https:\/\/babypillowwholesale.com\/et\/wp-json\/wp\/v2\/product"}],"about":[{"href":"https:\/\/babypillowwholesale.com\/et\/wp-json\/wp\/v2\/types\/product"}],"replies":[{"embeddable":true,"href":"https:\/\/babypillowwholesale.com\/et\/wp-json\/wp\/v2\/comments?post=3303"}],"wp:featuredmedia":[{"embeddable":true,"href":"https:\/\/babypillowwholesale.com\/et\/wp-json\/wp\/v2\/media\/3304"}],"wp:attachment":[{"href":"https:\/\/babypillowwholesale.com\/et\/wp-json\/wp\/v2\/media?parent=3303"}],"wp:term":[{"taxonomy":"product_brand","embeddable":true,"href":"https:\/\/babypillowwholesale.com\/et\/wp-json\/wp\/v2\/product_brand?post=3303"},{"taxonomy":"product_cat","embeddable":true,"href":"https:\/\/babypillowwholesale.com\/et\/wp-json\/wp\/v2\/product_cat?post=3303"},{"taxonomy":"product_tag","embeddable":true,"href":"https:\/\/babypillowwholesale.com\/et\/wp-json\/wp\/v2\/product_tag?post=3303"}],"curies":[{"name":"wp","href":"https:\/\/api.w.org\/{rel}","templated":true}]}}