{"id":3300,"date":"2025-03-22T02:53:38","date_gmt":"2025-03-22T02:53:38","guid":{"rendered":"https:\/\/babypillowwholesale.com\/?post_type=product&#038;p=3300"},"modified":"2025-06-08T15:41:34","modified_gmt":"2025-06-08T15:41:34","slug":"penguin-shaping-pillow","status":"publish","type":"product","link":"https:\/\/babypillowwholesale.com\/et\/product\/penguin-shaping-pillow\/","title":{"rendered":"Pingviini kujundav padi"},"content":{"rendered":"<div class=\"auto-hide-last-sibling-br paragraph-qzbcQC paragraph-element br-paragraph-space\" data-immersive-translate-walked=\"8e61f2e7-6af2-46e5-9672-3b9e4f4033d9\" data-immersive-translate-paragraph=\"1\">\n<div class=\"auto-hide-last-sibling-br paragraph-qzbcQC paragraph-element br-paragraph-space\">Meie pingviinide kujunduspadja, mis on armastusega valmistatud ja m\u00f5eldud k\u00f5ige v\u00e4iksematele seiklejatele vanuses 0 kuni 6 kuud, on t\u00e4iesti v\u00f5luv. P\u00f5neva keha, \u00f5rnade ripsmete ja armsa v\u00e4ikese noka poolest meenutab see padi armsat pingviini, mis toob teie lapse maailma koheselt armsaks. Selle padja puhul kohtuvad funktsionaalsus ja stiil. L\u00e4bim\u00f5eldud keskne v\u00e4ljal\u00f5ige pakub \u00f5rna, h\u00e4llistavat tuge teie beebi \u00f5rnale peale, suunates seda sujuvalt t\u00e4iusliku kuju suunas, kui ta l\u00e4bib oma v\u00e4\u00e4rtuslikke esimesi p\u00e4evi. M\u00f5\u00f5duga 26,5*25*1,5CM on see uskumatult kohandatav. Koduste vaiksete \u00f5htute ajal asetage see beebi v\u00f5revoodisse ja vaadake, kuidas see loob hubase, pingviini-teemalise pelgupaiga, tuimestades teie pisikest rahulikku uinumisse. Kui olete talvisel jalutusk\u00e4igul v\u00f5i loomaaia k\u00fclastusel, sobib padi sujuvalt lapsevankrisse, tagades, et teie laps on mugavalt \u00fcmbritsetud imelise pingviinikujundusega. Vanemad on sellest padjast t\u00e4iesti armunud! \u00dcks ema raevus: \"Minu laps ei saa sellest pingviinipadjast k\u00fcllalt. See on nii pehme ja selle disain on lihtsalt liiga armas. Pealegi on see t\u00f5esti abiks, et pea oleks heas asendis.\" \u00dcks isa lisas: \"Sellest on saanud meie igaks v\u00e4ljas\u00f5iduks vajalik. V\u00e4rvivalikud on suurep\u00e4rased ja meie laps n\u00e4eb pingviini n\u00e4hes alati nii \u00f5nnelik v\u00e4lja. V\u00e4ga soovitatav!\" Pingviini vormiv padi, mis on saadaval v\u00f5luvates roosa ja sinistes toonides, on rohkem kui lihtsalt beebi aksessuaar; see on armastatud kaaslane, mis lubab mugavust, tuge ja palju pingviinist inspireeritud r\u00f5\u00f5mu teie beebi esimestel kuudel.<\/div>\n<\/div>","protected":false},"excerpt":{"rendered":"<p>Pingviini vormiv padi on vastupandamatult armas ja praktiline toode, mis on m\u00f5eldud 0-6 kuu vanustele imikutele. Selle kujundus, mis on modelleeritud armsa pingviini j\u00e4rgi, millel on paksu keha, uimed ja armas nokk, v\u00f5idab kindlasti s\u00fcdameid juba esimesel pilgul. Padja keskne v\u00e4ljal\u00f5ige on hoolikalt konstrueeritud nii, et see pakub beebi peale \u00f5rna ja ergonoomilist tuge, aidates s\u00e4ilitada \u00f5ige pea kuju nende \u00fcliolulises varajases arengufaasis. M\u00f5\u00f5tmed 26,5*<em>25*<\/em>1,5 cm, see sobib mugavalt v\u00f5revoodi, lapsevankrile v\u00f5i lapsevankrile, pakkudes mugavat ja tuttavat puhkekohta teie pisikesele, kus iganes ta ka ei viibiks. Saadaval roosas ja sinises v\u00e4rvitoonis, v\u00f5imaldab see vanematel valida oma eelistustele v\u00f5i lastetoa sisustusele sobiva v\u00e4rvi, \u00fchendades nii v\u00f5lu kui ka funktsionaalsuse, et parandada beebi hooldust.<\/p>","protected":false},"featured_media":3301,"comment_status":"open","ping_status":"closed","template":"","meta":{"_uag_custom_page_level_css":"","site-sidebar-layout":"default","site-content-layout":"","ast-site-content-layout":"default","site-content-style":"default","site-sidebar-style":"default","ast-global-header-display":"","ast-banner-title-visibility":"","ast-main-header-display":"","ast-hfb-above-header-display":"","ast-hfb-below-header-display":"","ast-hfb-mobile-header-display":"","site-post-title":"","ast-breadcrumbs-content":"","ast-featured-img":"","footer-sml-layout":"","ast-disable-related-posts":"","theme-transparent-header-meta":"default","adv-header-id-meta":"","stick-header-meta":"","header-above-stick-meta":"","header-main-stick-meta":"","header-below-stick-meta":"","astra-migrate-meta-layouts":"set","ast-page-background-enabled":"default","ast-page-background-meta":{"desktop":{"background-color":"","background-image":"","background-repeat":"repeat","background-position":"center center","background-size":"auto","background-attachment":"scroll","background-type":"","background-media":"","overlay-type":"","overlay-color":"","overlay-opacity":"","overlay-gradient":""},"tablet":{"background-color":"","background-image":"","background-repeat":"repeat","background-position":"center center","background-size":"auto","background-attachment":"scroll","background-type":"","background-media":"","overlay-type":"","overlay-color":"","overlay-opacity":"","overlay-gradient":""},"mobile":{"background-color":"","background-image":"","background-repeat":"repeat","background-position":"center center","background-size":"auto","background-attachment":"scroll","background-type":"","background-media":"","overlay-type":"","overlay-color":"","overlay-opacity":"","overlay-gradient":""}},"ast-content-background-meta":{"desktop":{"background-color":"var(--ast-global-color-5)","background-image":"","background-repeat":"repeat","background-position":"center center","background-size":"auto","background-attachment":"scroll","background-type":"","background-media":"","overlay-type":"","overlay-color":"","overlay-opacity":"","overlay-gradient":""},"tablet":{"background-color":"var(--ast-global-color-5)","background-image":"","background-repeat":"repeat","background-position":"center center","background-size":"auto","background-attachment":"scroll","background-type":"","background-media":"","overlay-type":"","overlay-color":"","overlay-opacity":"","overlay-gradient":""},"mobile":{"background-color":"var(--ast-global-color-5)","background-image":"","background-repeat":"repeat","background-position":"center center","background-size":"auto","background-attachment":"scroll","background-type":"","background-media":"","overlay-type":"","overlay-color":"","overlay-opacity":"","overlay-gradient":""}}},"product_brand":[],"product_cat":[54,42],"product_tag":[70,68,71,69],"class_list":{"0":"post-3300","1":"product","2":"type-product","3":"status-publish","4":"has-post-thumbnail","6":"product_cat-0-to-6months","7":"product_cat-merchandise","8":"product_tag-babypillow","9":"product_tag-cuteanimalpillow","10":"product_tag-headshapesupport","11":"product_tag-kouniushapingpillow","12":"desktop-align-left","13":"tablet-align-left","14":"mobile-align-left","16":"first","17":"instock","18":"shipping-taxable","19":"product-type-simple"},"aioseo_notices":[],"uagb_featured_image_src":{"full":["https:\/\/babypillowwholesale.com\/wp-content\/uploads\/2025\/03\/1511.jpg",1000,1000,false],"thumbnail":["https:\/\/babypillowwholesale.com\/wp-content\/uploads\/2025\/03\/1511-150x150.jpg",150,150,true],"medium":["https:\/\/babypillowwholesale.com\/wp-content\/uploads\/2025\/03\/1511-300x300.jpg",300,300,true],"medium_large":["https:\/\/babypillowwholesale.com\/wp-content\/uploads\/2025\/03\/1511-768x768.jpg",768,768,true],"large":["https:\/\/babypillowwholesale.com\/wp-content\/uploads\/2025\/03\/1511.jpg",1000,1000,false],"1536x1536":["https:\/\/babypillowwholesale.com\/wp-content\/uploads\/2025\/03\/1511.jpg",1000,1000,false],"2048x2048":["https:\/\/babypillowwholesale.com\/wp-content\/uploads\/2025\/03\/1511.jpg",1000,1000,false],"trp-custom-language-flag":["https:\/\/babypillowwholesale.com\/wp-content\/uploads\/2025\/03\/1511.jpg",12,12,false],"woocommerce_thumbnail":["https:\/\/babypillowwholesale.com\/wp-content\/uploads\/2025\/03\/1511-300x300.jpg",300,300,true],"woocommerce_single":["https:\/\/babypillowwholesale.com\/wp-content\/uploads\/2025\/03\/1511-600x600.jpg",600,600,true],"woocommerce_gallery_thumbnail":["https:\/\/babypillowwholesale.com\/wp-content\/uploads\/2025\/03\/1511-100x100.jpg",100,100,true]},"uagb_author_info":{"display_name":"Etnen zhong","author_link":"https:\/\/babypillowwholesale.com\/et\/author\/"},"uagb_comment_info":0,"uagb_excerpt":"The Penguin Shaping Pillow is an irresistibly cute and practical product tailored for infants aged 0 to 6 months. Its design, modeled after an adorable penguin with a chubby body, flippers, and a sweet beak, is sure to win hearts at first sight. The central cut - out of the pillow is carefully engineered to&hellip;","jetpack_sharing_enabled":true,"_links":{"self":[{"href":"https:\/\/babypillowwholesale.com\/et\/wp-json\/wp\/v2\/product\/3300","targetHints":{"allow":["GET"]}}],"collection":[{"href":"https:\/\/babypillowwholesale.com\/et\/wp-json\/wp\/v2\/product"}],"about":[{"href":"https:\/\/babypillowwholesale.com\/et\/wp-json\/wp\/v2\/types\/product"}],"replies":[{"embeddable":true,"href":"https:\/\/babypillowwholesale.com\/et\/wp-json\/wp\/v2\/comments?post=3300"}],"wp:featuredmedia":[{"embeddable":true,"href":"https:\/\/babypillowwholesale.com\/et\/wp-json\/wp\/v2\/media\/3301"}],"wp:attachment":[{"href":"https:\/\/babypillowwholesale.com\/et\/wp-json\/wp\/v2\/media?parent=3300"}],"wp:term":[{"taxonomy":"product_brand","embeddable":true,"href":"https:\/\/babypillowwholesale.com\/et\/wp-json\/wp\/v2\/product_brand?post=3300"},{"taxonomy":"product_cat","embeddable":true,"href":"https:\/\/babypillowwholesale.com\/et\/wp-json\/wp\/v2\/product_cat?post=3300"},{"taxonomy":"product_tag","embeddable":true,"href":"https:\/\/babypillowwholesale.com\/et\/wp-json\/wp\/v2\/product_tag?post=3300"}],"curies":[{"name":"wp","href":"https:\/\/api.w.org\/{rel}","templated":true}]}}