{"id":3297,"date":"2025-03-22T02:36:47","date_gmt":"2025-03-22T02:36:47","guid":{"rendered":"https:\/\/babypillowwholesale.com\/?post_type=product&#038;p=3297"},"modified":"2025-06-08T16:05:37","modified_gmt":"2025-06-08T16:05:37","slug":"snotty-elephant-shaping-pillow","status":"publish","type":"product","link":"https:\/\/babypillowwholesale.com\/et\/product\/snotty-elephant-shaping-pillow\/","title":{"rendered":"Nohiklik elevant kujundav padi"},"content":{"rendered":"<div class=\"auto-hide-last-sibling-br paragraph-qzbcQC paragraph-element br-paragraph-space\" data-immersive-translate-walked=\"8e61f2e7-6af2-46e5-9672-3b9e4f4033d9\" data-immersive-translate-paragraph=\"1\">\n<div class=\"auto-hide-last-sibling-br paragraph-qzbcQC paragraph-element br-paragraph-space\">Sukeldu mugavuse ja armsuse maailma meie Snotty Elephant Shaping Pillow'ga, mis on unen\u00e4oline, spetsiaalselt 0-6 kuu vanustele pisikestele aaretele loodud. Selle lummav disain, mis on inspireeritud \u00f5rnast Snotty elevandist, omab suuri, lonksuvaid k\u00f5rvu ja magusat, minimalistlikku n\u00e4gu, mis lisab teie beebi lastetuppa koheselt ookeanilist v\u00f5lu. See padi ei ole ainult oma v\u00f5luva v\u00e4limuse poolest; see on v\u00f5imas tugi. T\u00e4pse kontuuriga keskne v\u00e4ljal\u00f5ige pakub \u00f5rna ja rahustavat embust teie beebi \u00f5rnale peale, suunates seda graatsiliselt t\u00e4iusliku kuju suunas, kui ta avastab oma esimesi imesid. M\u00f5\u00f5tmetega 26,5*25*1,5CM on see uskumatult mitmek\u00fclgne. Koduste rahulike p\u00e4rastl\u00f5unate ajal asetage see lapse v\u00f5revoodisse ja vaadake, kuidas see muudab uinumise aja rahulikuks ookeaniseikluseks. Kui olete perega v\u00e4ljas\u00f5idul, olgu see siis reis rannas v\u00f5i akvaariumik\u00fclastus, mahub padi mugavalt lapsevankrisse, tagades, et teie v\u00e4ike laps naudib mugavat teekonda, mida \u00fcmbritseb tuttavlik Snotty elevandi v\u00f5lu. Vanemad on sellest padjast vaimustunud! \"Minu laps armastab selle Snotty elevandi padja k\u00fclge kallistada. See on nii pehme ja disain on ainulaadne. Olen ka m\u00e4rganud, et see on hea pea kuju s\u00e4ilitamiseks,\" \u00fctles \u00fcks r\u00f5\u00f5msameelne ema. \u00dcks isa jagas: \"See on muutunud meie jaoks h\u00e4davajalikuks. Lihtne kaasas kanda ja v\u00e4rvivalikud on t\u00f5esti toredad. Meie laps tundub alati nii rahul olevat, kui ta seda kasutab.\" Ookeani elevantide kujunduspadi, mis on saadaval v\u00f5luvates roosa ja sinistes toonides, on rohkem kui lihtsalt beebi aksessuaar; see on armastatud kaaslane, mis lubab mugavust, tuge ja palju ookeanilist v\u00f5lu teie beebi v\u00e4\u00e4rtuslikel esimestel kuudel.<\/div>\n<\/div>","protected":false},"excerpt":{"rendered":"<p>Snotty Elephant Shaping Pillow on atraktiivne ja praktiline valik 0-6 kuu vanustele imikutele. Selle disain, mis on modelleeritud ookeaniteemalise elevandi j\u00e4rgi, millel on suured k\u00f5rvad ja lihtne, armas n\u00e4gu, on silmatorkav. Padja keskne v\u00e4ljal\u00f5ige on hoolikalt kujundatud nii, et see toetab \u00f5rnalt lapse pead, aidates s\u00e4ilitada \u00f5ige pea kuju varajase arengu ajal. M\u00f5\u00f5tmed 26,5*<em>25*<\/em>1.5CM, see sobib h\u00e4sti v\u00f5revoodisse, lapsevankritesse v\u00f5i kui laps puhkab m\u00e4nguvaibal. Saadaval roosas ja sinises v\u00e4rvitoonis, annab see vanematele v\u00f5imaluse valida oma maitsele v\u00f5i lastetoa sisustusele sobiv v\u00e4rv, \u00fchendades nii v\u00f5lu kui ka funktsionaalsuse beebi hooldamiseks.<\/p>","protected":false},"featured_media":3298,"comment_status":"open","ping_status":"closed","template":"","meta":{"_uag_custom_page_level_css":"","site-sidebar-layout":"default","site-content-layout":"","ast-site-content-layout":"default","site-content-style":"default","site-sidebar-style":"default","ast-global-header-display":"","ast-banner-title-visibility":"","ast-main-header-display":"","ast-hfb-above-header-display":"","ast-hfb-below-header-display":"","ast-hfb-mobile-header-display":"","site-post-title":"","ast-breadcrumbs-content":"","ast-featured-img":"","footer-sml-layout":"","ast-disable-related-posts":"","theme-transparent-header-meta":"default","adv-header-id-meta":"","stick-header-meta":"","header-above-stick-meta":"","header-main-stick-meta":"","header-below-stick-meta":"","astra-migrate-meta-layouts":"set","ast-page-background-enabled":"default","ast-page-background-meta":{"desktop":{"background-color":"","background-image":"","background-repeat":"repeat","background-position":"center center","background-size":"auto","background-attachment":"scroll","background-type":"","background-media":"","overlay-type":"","overlay-color":"","overlay-opacity":"","overlay-gradient":""},"tablet":{"background-color":"","background-image":"","background-repeat":"repeat","background-position":"center center","background-size":"auto","background-attachment":"scroll","background-type":"","background-media":"","overlay-type":"","overlay-color":"","overlay-opacity":"","overlay-gradient":""},"mobile":{"background-color":"","background-image":"","background-repeat":"repeat","background-position":"center center","background-size":"auto","background-attachment":"scroll","background-type":"","background-media":"","overlay-type":"","overlay-color":"","overlay-opacity":"","overlay-gradient":""}},"ast-content-background-meta":{"desktop":{"background-color":"var(--ast-global-color-5)","background-image":"","background-repeat":"repeat","background-position":"center center","background-size":"auto","background-attachment":"scroll","background-type":"","background-media":"","overlay-type":"","overlay-color":"","overlay-opacity":"","overlay-gradient":""},"tablet":{"background-color":"var(--ast-global-color-5)","background-image":"","background-repeat":"repeat","background-position":"center center","background-size":"auto","background-attachment":"scroll","background-type":"","background-media":"","overlay-type":"","overlay-color":"","overlay-opacity":"","overlay-gradient":""},"mobile":{"background-color":"var(--ast-global-color-5)","background-image":"","background-repeat":"repeat","background-position":"center center","background-size":"auto","background-attachment":"scroll","background-type":"","background-media":"","overlay-type":"","overlay-color":"","overlay-opacity":"","overlay-gradient":""}}},"product_brand":[],"product_cat":[54,42],"product_tag":[70,68,71,69],"class_list":{"0":"post-3297","1":"product","2":"type-product","3":"status-publish","4":"has-post-thumbnail","6":"product_cat-0-to-6months","7":"product_cat-merchandise","8":"product_tag-babypillow","9":"product_tag-cuteanimalpillow","10":"product_tag-headshapesupport","11":"product_tag-kouniushapingpillow","12":"desktop-align-left","13":"tablet-align-left","14":"mobile-align-left","16":"first","17":"instock","18":"shipping-taxable","19":"product-type-simple"},"aioseo_notices":[],"uagb_featured_image_src":{"full":["https:\/\/babypillowwholesale.com\/wp-content\/uploads\/2025\/03\/1510.jpg",1000,1000,false],"thumbnail":["https:\/\/babypillowwholesale.com\/wp-content\/uploads\/2025\/03\/1510-150x150.jpg",150,150,true],"medium":["https:\/\/babypillowwholesale.com\/wp-content\/uploads\/2025\/03\/1510-300x300.jpg",300,300,true],"medium_large":["https:\/\/babypillowwholesale.com\/wp-content\/uploads\/2025\/03\/1510-768x768.jpg",768,768,true],"large":["https:\/\/babypillowwholesale.com\/wp-content\/uploads\/2025\/03\/1510.jpg",1000,1000,false],"1536x1536":["https:\/\/babypillowwholesale.com\/wp-content\/uploads\/2025\/03\/1510.jpg",1000,1000,false],"2048x2048":["https:\/\/babypillowwholesale.com\/wp-content\/uploads\/2025\/03\/1510.jpg",1000,1000,false],"trp-custom-language-flag":["https:\/\/babypillowwholesale.com\/wp-content\/uploads\/2025\/03\/1510.jpg",12,12,false],"woocommerce_thumbnail":["https:\/\/babypillowwholesale.com\/wp-content\/uploads\/2025\/03\/1510-300x300.jpg",300,300,true],"woocommerce_single":["https:\/\/babypillowwholesale.com\/wp-content\/uploads\/2025\/03\/1510-600x600.jpg",600,600,true],"woocommerce_gallery_thumbnail":["https:\/\/babypillowwholesale.com\/wp-content\/uploads\/2025\/03\/1510-100x100.jpg",100,100,true]},"uagb_author_info":{"display_name":"Etnen zhong","author_link":"https:\/\/babypillowwholesale.com\/et\/author\/"},"uagb_comment_info":1,"uagb_excerpt":"The Snotty Elephant Shaping Pillow is an appealing and practical choice for infants aged 0 to 6 months. Its design, modeled after an ocean - themed elephant with large ears and a simple, cute face, is eye - catching. The central cut - out of the pillow is carefully shaped to provide gentle support for&hellip;","jetpack_sharing_enabled":true,"_links":{"self":[{"href":"https:\/\/babypillowwholesale.com\/et\/wp-json\/wp\/v2\/product\/3297","targetHints":{"allow":["GET"]}}],"collection":[{"href":"https:\/\/babypillowwholesale.com\/et\/wp-json\/wp\/v2\/product"}],"about":[{"href":"https:\/\/babypillowwholesale.com\/et\/wp-json\/wp\/v2\/types\/product"}],"replies":[{"embeddable":true,"href":"https:\/\/babypillowwholesale.com\/et\/wp-json\/wp\/v2\/comments?post=3297"}],"wp:featuredmedia":[{"embeddable":true,"href":"https:\/\/babypillowwholesale.com\/et\/wp-json\/wp\/v2\/media\/3298"}],"wp:attachment":[{"href":"https:\/\/babypillowwholesale.com\/et\/wp-json\/wp\/v2\/media?parent=3297"}],"wp:term":[{"taxonomy":"product_brand","embeddable":true,"href":"https:\/\/babypillowwholesale.com\/et\/wp-json\/wp\/v2\/product_brand?post=3297"},{"taxonomy":"product_cat","embeddable":true,"href":"https:\/\/babypillowwholesale.com\/et\/wp-json\/wp\/v2\/product_cat?post=3297"},{"taxonomy":"product_tag","embeddable":true,"href":"https:\/\/babypillowwholesale.com\/et\/wp-json\/wp\/v2\/product_tag?post=3297"}],"curies":[{"name":"wp","href":"https:\/\/api.w.org\/{rel}","templated":true}]}}