{"id":3291,"date":"2025-03-22T01:54:48","date_gmt":"2025-03-22T01:54:48","guid":{"rendered":"https:\/\/babypillowwholesale.com\/?post_type=product&#038;p=3291"},"modified":"2025-06-08T16:08:25","modified_gmt":"2025-06-08T16:08:25","slug":"kitten-shaping-pillow","status":"publish","type":"product","link":"https:\/\/babypillowwholesale.com\/et\/product\/kitten-shaping-pillow\/","title":{"rendered":"Kassipoegade kujundav padi"},"content":{"rendered":"<div class=\"auto-hide-last-sibling-br paragraph-qzbcQC paragraph-element br-paragraph-space\" data-immersive-translate-walked=\"8e61f2e7-6af2-46e5-9672-3b9e4f4033d9\" data-immersive-translate-paragraph=\"1\">\n<div class=\"auto-hide-last-sibling-br paragraph-qzbcQC paragraph-element br-paragraph-space\">Tere tulemast t\u00e4iesti lummav kassipoegade kujunduspadi, mis on mugavuse r\u00e4tsepatarei - valmistatud k\u00f5ige v\u00e4iksematele r\u00f5\u00f5mupakenditele vanuses 0-6 kuud. Selle kujundus, mis on inspireeritud armsast kassipoegadest, kellel on s\u00e4rtsakad k\u00f5rvad ja armas, armastusv\u00e4\u00e4rne ilme, on visuaalne nauding, mis lisab teie beebi maailma kassilikku v\u00f5lu. See padi ei ole mitte ainult silmailu, vaid ka funktsionaalsuse meistriteos. Strateegiliselt paigutatud keskne v\u00e4ljal\u00f5ige pakub \u00f5rna, ergonoomilist embust teie beebi \u00f5rnale peale, suunates seda graatsiliselt t\u00e4iusliku kuju suunas, kui ta kogeb oma esimeste p\u00e4evade maagiat. M\u00f5\u00f5tmetega 26,5*25*1,5CM on see mitmek\u00fclgne kaaslane erinevatesse seadistustesse. Koduste laiskade hommikute ajal asetage see lapse v\u00f5revoodisse ja vaadake, kuidas see muudab ruumi hubaseks kassipoegade - teemaliseks pelgupaigaks, tuimestades teie pisikese rahulikku uinumisse. Kui olete perega seiklema minemas, olgu selleks siis reis akvaariumisse v\u00f5i k\u00fclask\u00e4ik vanavanemate juurde, mahub padi mugavalt lapsevankrisse, tagades, et teie laps on kogu reisi v\u00e4ltel mugavalt paigas. Vanemad on selle padja \u00fclevoolavusest vaimustuses! \u00dcks ema jagas: \"Minu laps s\u00fcttib alati, kui ta seda kassipatja n\u00e4eb. See on superpehme ja disain on lihtsalt liiga armas. Lisaks on see suurep\u00e4raselt aidanud hoida nende pead heas asendis.\" \u00dcks isa lisas: \"Mulle meeldib, et seda on lihtne kaasas kanda. Erinevad v\u00e4rvivalikud on suur pluss. Sellest on saanud meie lapse igap\u00e4evase rutiini oluline osa.\" Kitty Shaping Pillow on saadaval v\u00f5luvates roosa, sinistes ja tumerohelistes toonides ja see on rohkem kui lihtsalt beebi aksessuaar; see on armastatud kaaslane, mis lubab mugavust, tuge ja palju armsat teie beebi v\u00e4\u00e4rtuslikel esimestel kuudel.<\/div>\n<\/div>","protected":false},"excerpt":{"rendered":"<p>Kassipoegade kujunduspadi on v\u00f5luv ja funktsionaalne toode, mis on m\u00f5eldud 0-6 kuu vanustele imikutele. Selle armas kassipoegadest inspireeritud kujundus, millel on s\u00e4rtsakad k\u00f5rvad ja armas n\u00e4gu, on visuaalselt atraktiivne ja vallutab kindlasti nii vanemate kui ka beebide s\u00fcdamed. Padja keskne v\u00e4ljal\u00f5ige pakub \u00f5rna ja ergonoomilist tuge beebi pea jaoks, aidates s\u00e4ilitada \u00f5ige pea kuju otsustava varajase arengufaasi ajal. M\u00f5\u00f5tmed 26,5*<em>25*<\/em>1,5 cm, see sobib mugavalt v\u00f5revoodi, lapsevankrile v\u00f5i autoistmele, pakkudes teie pisikesele mugavat puhkekohta, kus iganes ta ka ei viibiks. Saadaval roosas, sinises ja tumerohelises v\u00e4rvitoonis, annab see vanematele v\u00f5imaluse valida oma eelistustele v\u00f5i lastetoa sisustusele vastav v\u00e4rv, \u00fchendades armsuse ja praktilisuse, et parandada beebi hooldust.<\/p>","protected":false},"featured_media":3292,"comment_status":"open","ping_status":"closed","template":"","meta":{"_uag_custom_page_level_css":"","site-sidebar-layout":"default","site-content-layout":"","ast-site-content-layout":"default","site-content-style":"default","site-sidebar-style":"default","ast-global-header-display":"","ast-banner-title-visibility":"","ast-main-header-display":"","ast-hfb-above-header-display":"","ast-hfb-below-header-display":"","ast-hfb-mobile-header-display":"","site-post-title":"","ast-breadcrumbs-content":"","ast-featured-img":"","footer-sml-layout":"","ast-disable-related-posts":"","theme-transparent-header-meta":"default","adv-header-id-meta":"","stick-header-meta":"","header-above-stick-meta":"","header-main-stick-meta":"","header-below-stick-meta":"","astra-migrate-meta-layouts":"set","ast-page-background-enabled":"default","ast-page-background-meta":{"desktop":{"background-color":"","background-image":"","background-repeat":"repeat","background-position":"center center","background-size":"auto","background-attachment":"scroll","background-type":"","background-media":"","overlay-type":"","overlay-color":"","overlay-opacity":"","overlay-gradient":""},"tablet":{"background-color":"","background-image":"","background-repeat":"repeat","background-position":"center center","background-size":"auto","background-attachment":"scroll","background-type":"","background-media":"","overlay-type":"","overlay-color":"","overlay-opacity":"","overlay-gradient":""},"mobile":{"background-color":"","background-image":"","background-repeat":"repeat","background-position":"center center","background-size":"auto","background-attachment":"scroll","background-type":"","background-media":"","overlay-type":"","overlay-color":"","overlay-opacity":"","overlay-gradient":""}},"ast-content-background-meta":{"desktop":{"background-color":"var(--ast-global-color-5)","background-image":"","background-repeat":"repeat","background-position":"center center","background-size":"auto","background-attachment":"scroll","background-type":"","background-media":"","overlay-type":"","overlay-color":"","overlay-opacity":"","overlay-gradient":""},"tablet":{"background-color":"var(--ast-global-color-5)","background-image":"","background-repeat":"repeat","background-position":"center center","background-size":"auto","background-attachment":"scroll","background-type":"","background-media":"","overlay-type":"","overlay-color":"","overlay-opacity":"","overlay-gradient":""},"mobile":{"background-color":"var(--ast-global-color-5)","background-image":"","background-repeat":"repeat","background-position":"center center","background-size":"auto","background-attachment":"scroll","background-type":"","background-media":"","overlay-type":"","overlay-color":"","overlay-opacity":"","overlay-gradient":""}}},"product_brand":[],"product_cat":[54,42],"product_tag":[70,68,71,69],"class_list":{"0":"post-3291","1":"product","2":"type-product","3":"status-publish","4":"has-post-thumbnail","6":"product_cat-0-to-6months","7":"product_cat-merchandise","8":"product_tag-babypillow","9":"product_tag-cuteanimalpillow","10":"product_tag-headshapesupport","11":"product_tag-kouniushapingpillow","12":"desktop-align-left","13":"tablet-align-left","14":"mobile-align-left","16":"first","17":"instock","18":"shipping-taxable","19":"product-type-simple"},"aioseo_notices":[],"uagb_featured_image_src":{"full":["https:\/\/babypillowwholesale.com\/wp-content\/uploads\/2025\/03\/1509.jpg",1000,1000,false],"thumbnail":["https:\/\/babypillowwholesale.com\/wp-content\/uploads\/2025\/03\/1509-150x150.jpg",150,150,true],"medium":["https:\/\/babypillowwholesale.com\/wp-content\/uploads\/2025\/03\/1509-300x300.jpg",300,300,true],"medium_large":["https:\/\/babypillowwholesale.com\/wp-content\/uploads\/2025\/03\/1509-768x768.jpg",768,768,true],"large":["https:\/\/babypillowwholesale.com\/wp-content\/uploads\/2025\/03\/1509.jpg",1000,1000,false],"1536x1536":["https:\/\/babypillowwholesale.com\/wp-content\/uploads\/2025\/03\/1509.jpg",1000,1000,false],"2048x2048":["https:\/\/babypillowwholesale.com\/wp-content\/uploads\/2025\/03\/1509.jpg",1000,1000,false],"trp-custom-language-flag":["https:\/\/babypillowwholesale.com\/wp-content\/uploads\/2025\/03\/1509.jpg",12,12,false],"woocommerce_thumbnail":["https:\/\/babypillowwholesale.com\/wp-content\/uploads\/2025\/03\/1509-300x300.jpg",300,300,true],"woocommerce_single":["https:\/\/babypillowwholesale.com\/wp-content\/uploads\/2025\/03\/1509-600x600.jpg",600,600,true],"woocommerce_gallery_thumbnail":["https:\/\/babypillowwholesale.com\/wp-content\/uploads\/2025\/03\/1509-100x100.jpg",100,100,true]},"uagb_author_info":{"display_name":"Etnen zhong","author_link":"https:\/\/babypillowwholesale.com\/et\/author\/"},"uagb_comment_info":0,"uagb_excerpt":"The Kitten Shaping Pillow is a charming and functional product designed for infants aged 0 to 6 months. Its cute kitten - inspired design, with perky ears and a sweet - faced expression, is visually appealing and sure to capture the hearts of both parents and babies. The central cut - out of the pillow&hellip;","jetpack_sharing_enabled":true,"_links":{"self":[{"href":"https:\/\/babypillowwholesale.com\/et\/wp-json\/wp\/v2\/product\/3291","targetHints":{"allow":["GET"]}}],"collection":[{"href":"https:\/\/babypillowwholesale.com\/et\/wp-json\/wp\/v2\/product"}],"about":[{"href":"https:\/\/babypillowwholesale.com\/et\/wp-json\/wp\/v2\/types\/product"}],"replies":[{"embeddable":true,"href":"https:\/\/babypillowwholesale.com\/et\/wp-json\/wp\/v2\/comments?post=3291"}],"wp:featuredmedia":[{"embeddable":true,"href":"https:\/\/babypillowwholesale.com\/et\/wp-json\/wp\/v2\/media\/3292"}],"wp:attachment":[{"href":"https:\/\/babypillowwholesale.com\/et\/wp-json\/wp\/v2\/media?parent=3291"}],"wp:term":[{"taxonomy":"product_brand","embeddable":true,"href":"https:\/\/babypillowwholesale.com\/et\/wp-json\/wp\/v2\/product_brand?post=3291"},{"taxonomy":"product_cat","embeddable":true,"href":"https:\/\/babypillowwholesale.com\/et\/wp-json\/wp\/v2\/product_cat?post=3291"},{"taxonomy":"product_tag","embeddable":true,"href":"https:\/\/babypillowwholesale.com\/et\/wp-json\/wp\/v2\/product_tag?post=3291"}],"curies":[{"name":"wp","href":"https:\/\/api.w.org\/{rel}","templated":true}]}}