{"id":3289,"date":"2025-03-20T08:23:07","date_gmt":"2025-03-20T08:23:07","guid":{"rendered":"https:\/\/babypillowwholesale.com\/?post_type=product&#038;p=3289"},"modified":"2025-06-08T16:10:06","modified_gmt":"2025-06-08T16:10:06","slug":"crown-shaping-pillow","status":"publish","type":"product","link":"https:\/\/babypillowwholesale.com\/et\/product\/crown-shaping-pillow\/","title":{"rendered":"Crown Shaping Pillow"},"content":{"rendered":"<div class=\"auto-hide-last-sibling-br paragraph-qzbcQC paragraph-element br-paragraph-space\" data-immersive-translate-walked=\"8e61f2e7-6af2-46e5-9672-3b9e4f4033d9\" data-immersive-translate-paragraph=\"1\">\n<div class=\"auto-hide-last-sibling-br paragraph-qzbcQC paragraph-element br-paragraph-space\">Tutvustame Crown Shaping Pillow'd, mis on t\u00e4iuslik segu elegantsusest ja funktsionaalsusest, mis on hoolikalt valmistatud 0-6 kuu vanustele pisikestele kuninglikele lastele. Selle eriline disain, mida kaunistab peene krooniga pealael, annab kuningliku v\u00f5lu, muutes selle mitte ainult padjaks, vaid ka esemeks igas lastetoas. See padi on mugavuse ja toetuse p\u00fchamu. T\u00e4pse kontuuriga keskne v\u00e4ljal\u00f5ige toetub \u00f5rnalt teie lapse \u00f5rnale peale, suunates seda graatsiliselt t\u00e4iuslikule kujule, kui ta l\u00e4bi oma v\u00e4\u00e4rtusliku varajase lapsep\u00f5lve triivib. M\u00f5\u00f5tmetega 26,5*25*1,5CM sobib see ideaalselt erinevatesse seadistustesse. Olgu see siis teie beebi v\u00f5revoodi luksuslikus pehmuses, luues hubase trooni tema rahulikuks uinumiseks, v\u00f5i saatmas teda lapsevankris p\u00e4ikselise jalutusk\u00e4igu ajal naabruses, see padi tagab vankumatu mugavuse. Samuti sobib see mugavalt beebikandjatele, muutes v\u00e4ljas\u00f5idud h\u00f5lpsaks, hoides teie v\u00e4ikest mugavalt toetatud. Vanemad on sellest padjast vaimustunud! \u00dcks r\u00f5\u00f5mus ema jagas: \"Minu laps n\u00e4eb v\u00e4lja nagu v\u00e4ike prints\/printsess, kes puhkab sellel kroonipadjal. See on uskumatult pehme ja ma olen m\u00e4rganud, et nende pea kuju on oluliselt paranenud. Sinine v\u00e4rv, mille me valisime, on lastetoas lihtsalt vapustav.\" \u00dcks isa lisas: \"Seda on nii mugav igale poole kaasa v\u00f5tta. Disain on ainulaadne ja mu lapsele tundub see meeldivat. See on suurep\u00e4rane t\u00e4iendus meie beebi esmatarbekaupadele.\" V\u00f5luvates roosa ja sinistes toonides saadaval olev Crown Shaping Pillow on rohkem kui lihtsalt beebi aksessuaar; see on hinnatud kaaslane, mis lubab mugavust, tuge ja pisut kuninglikku v\u00f5lu teie beebi v\u00e4\u00e4rtuslikel esimestel kuudel.<\/div>\n<\/div>","protected":false},"excerpt":{"rendered":"<p>Crown Shaping Pillow on v\u00f5luv ja praktiline toode, mis on m\u00f5eldud 0-6 kuu vanustele imikutele. Selle ainulaadne disain, mille peal on armas kroon, annab sellele kuningliku ja v\u00f5luva v\u00e4limuse. Padja keskne v\u00e4ljal\u00f5ige on hoolikalt kujundatud, et toetada \u00f5rnalt lapse pead, aidates s\u00e4ilitada \u00f5ige pea kuju otsustava varajase arengufaasi ajal. M\u00f5\u00f5tmed 26,5<em>25<\/em>1.5CM, see sobib mugavalt v\u00f5revoodisse, lapsevankritesse v\u00f5i kui laps puhkab tekil. Saadaval roosas ja sinises v\u00e4rvitoonis, v\u00f5imaldab see vanematel valida oma maitsele v\u00f5i lastetoa sisustusele sobiva v\u00e4rvi, \u00fchendades nii stiili kui ka funktsionaalsuse optimaalse beebihoolduse jaoks.<\/p>","protected":false},"featured_media":3290,"comment_status":"open","ping_status":"closed","template":"","meta":{"_uag_custom_page_level_css":"","site-sidebar-layout":"default","site-content-layout":"","ast-site-content-layout":"default","site-content-style":"default","site-sidebar-style":"default","ast-global-header-display":"","ast-banner-title-visibility":"","ast-main-header-display":"","ast-hfb-above-header-display":"","ast-hfb-below-header-display":"","ast-hfb-mobile-header-display":"","site-post-title":"","ast-breadcrumbs-content":"","ast-featured-img":"","footer-sml-layout":"","ast-disable-related-posts":"","theme-transparent-header-meta":"default","adv-header-id-meta":"","stick-header-meta":"","header-above-stick-meta":"","header-main-stick-meta":"","header-below-stick-meta":"","astra-migrate-meta-layouts":"set","ast-page-background-enabled":"default","ast-page-background-meta":{"desktop":{"background-color":"","background-image":"","background-repeat":"repeat","background-position":"center center","background-size":"auto","background-attachment":"scroll","background-type":"","background-media":"","overlay-type":"","overlay-color":"","overlay-opacity":"","overlay-gradient":""},"tablet":{"background-color":"","background-image":"","background-repeat":"repeat","background-position":"center center","background-size":"auto","background-attachment":"scroll","background-type":"","background-media":"","overlay-type":"","overlay-color":"","overlay-opacity":"","overlay-gradient":""},"mobile":{"background-color":"","background-image":"","background-repeat":"repeat","background-position":"center center","background-size":"auto","background-attachment":"scroll","background-type":"","background-media":"","overlay-type":"","overlay-color":"","overlay-opacity":"","overlay-gradient":""}},"ast-content-background-meta":{"desktop":{"background-color":"var(--ast-global-color-5)","background-image":"","background-repeat":"repeat","background-position":"center center","background-size":"auto","background-attachment":"scroll","background-type":"","background-media":"","overlay-type":"","overlay-color":"","overlay-opacity":"","overlay-gradient":""},"tablet":{"background-color":"var(--ast-global-color-5)","background-image":"","background-repeat":"repeat","background-position":"center center","background-size":"auto","background-attachment":"scroll","background-type":"","background-media":"","overlay-type":"","overlay-color":"","overlay-opacity":"","overlay-gradient":""},"mobile":{"background-color":"var(--ast-global-color-5)","background-image":"","background-repeat":"repeat","background-position":"center center","background-size":"auto","background-attachment":"scroll","background-type":"","background-media":"","overlay-type":"","overlay-color":"","overlay-opacity":"","overlay-gradient":""}}},"product_brand":[],"product_cat":[54,42],"product_tag":[70,68,71,69],"class_list":{"0":"post-3289","1":"product","2":"type-product","3":"status-publish","4":"has-post-thumbnail","6":"product_cat-0-to-6months","7":"product_cat-merchandise","8":"product_tag-babypillow","9":"product_tag-cuteanimalpillow","10":"product_tag-headshapesupport","11":"product_tag-kouniushapingpillow","12":"desktop-align-left","13":"tablet-align-left","14":"mobile-align-left","16":"first","17":"instock","18":"shipping-taxable","19":"product-type-simple"},"aioseo_notices":[],"uagb_featured_image_src":{"full":["https:\/\/babypillowwholesale.com\/wp-content\/uploads\/2025\/03\/1508.jpg",1000,1000,false],"thumbnail":["https:\/\/babypillowwholesale.com\/wp-content\/uploads\/2025\/03\/1508-150x150.jpg",150,150,true],"medium":["https:\/\/babypillowwholesale.com\/wp-content\/uploads\/2025\/03\/1508-300x300.jpg",300,300,true],"medium_large":["https:\/\/babypillowwholesale.com\/wp-content\/uploads\/2025\/03\/1508-768x768.jpg",768,768,true],"large":["https:\/\/babypillowwholesale.com\/wp-content\/uploads\/2025\/03\/1508.jpg",1000,1000,false],"1536x1536":["https:\/\/babypillowwholesale.com\/wp-content\/uploads\/2025\/03\/1508.jpg",1000,1000,false],"2048x2048":["https:\/\/babypillowwholesale.com\/wp-content\/uploads\/2025\/03\/1508.jpg",1000,1000,false],"trp-custom-language-flag":["https:\/\/babypillowwholesale.com\/wp-content\/uploads\/2025\/03\/1508.jpg",12,12,false],"woocommerce_thumbnail":["https:\/\/babypillowwholesale.com\/wp-content\/uploads\/2025\/03\/1508-300x300.jpg",300,300,true],"woocommerce_single":["https:\/\/babypillowwholesale.com\/wp-content\/uploads\/2025\/03\/1508-600x600.jpg",600,600,true],"woocommerce_gallery_thumbnail":["https:\/\/babypillowwholesale.com\/wp-content\/uploads\/2025\/03\/1508-100x100.jpg",100,100,true]},"uagb_author_info":{"display_name":"yangli","author_link":"https:\/\/babypillowwholesale.com\/et\/author\/"},"uagb_comment_info":0,"uagb_excerpt":"The Crown Shaping Pillow is a charming and practical product designed for infants aged 0 to 6 months. Its unique design, featuring a cute crown on top, gives it a regal and adorable look. The central cut - out of the pillow is carefully crafted to provide gentle support for a baby's head, helping to&hellip;","jetpack_sharing_enabled":true,"_links":{"self":[{"href":"https:\/\/babypillowwholesale.com\/et\/wp-json\/wp\/v2\/product\/3289","targetHints":{"allow":["GET"]}}],"collection":[{"href":"https:\/\/babypillowwholesale.com\/et\/wp-json\/wp\/v2\/product"}],"about":[{"href":"https:\/\/babypillowwholesale.com\/et\/wp-json\/wp\/v2\/types\/product"}],"replies":[{"embeddable":true,"href":"https:\/\/babypillowwholesale.com\/et\/wp-json\/wp\/v2\/comments?post=3289"}],"wp:featuredmedia":[{"embeddable":true,"href":"https:\/\/babypillowwholesale.com\/et\/wp-json\/wp\/v2\/media\/3290"}],"wp:attachment":[{"href":"https:\/\/babypillowwholesale.com\/et\/wp-json\/wp\/v2\/media?parent=3289"}],"wp:term":[{"taxonomy":"product_brand","embeddable":true,"href":"https:\/\/babypillowwholesale.com\/et\/wp-json\/wp\/v2\/product_brand?post=3289"},{"taxonomy":"product_cat","embeddable":true,"href":"https:\/\/babypillowwholesale.com\/et\/wp-json\/wp\/v2\/product_cat?post=3289"},{"taxonomy":"product_tag","embeddable":true,"href":"https:\/\/babypillowwholesale.com\/et\/wp-json\/wp\/v2\/product_tag?post=3289"}],"curies":[{"name":"wp","href":"https:\/\/api.w.org\/{rel}","templated":true}]}}