{"id":3286,"date":"2025-03-18T15:34:57","date_gmt":"2025-03-18T15:34:57","guid":{"rendered":"https:\/\/babypillowwholesale.com\/?post_type=product&#038;p=3286"},"modified":"2025-06-08T16:11:21","modified_gmt":"2025-06-08T16:11:21","slug":"monster-shaping-pillow","status":"publish","type":"product","link":"https:\/\/babypillowwholesale.com\/et\/product\/monster-shaping-pillow\/","title":{"rendered":"Monster Shaping Pillow"},"content":{"rendered":"<div class=\"auto-hide-last-sibling-br paragraph-qzbcQC paragraph-element br-paragraph-space\" data-immersive-translate-walked=\"8e61f2e7-6af2-46e5-9672-3b9e4f4033d9\" data-immersive-translate-paragraph=\"1\">\n<div class=\"auto-hide-last-sibling-br paragraph-qzbcQC paragraph-element br-paragraph-space\">Astu maailma, mis on t\u00e4is veidrusi ja mugavust meie Monster Shaping Pillow'ga, mis on h\u00e4davajalik k\u00f5ige v\u00e4iksematele seiklejatele vanuses 0-6 kuud. Selle armastusv\u00e4\u00e4rne, koletisevastane disain, millel on suured, uudishimulikud \u00fcmmargused silmad, armas v\u00e4ike nina ja r\u00f5\u00f5msameelsed k\u00f5rvad, on m\u00e4nguline lisa, mis muudab iga lastetoa kohe elavamaks. See padi ei ole ainult oma v\u00f5luva v\u00e4limuse poolest; see on toetav pelgupaik. Hoolikalt kujundatud keskne v\u00e4ljal\u00f5ige pakub \u00f5rna, rahustavat embust teie lapse \u00f5rnale peale, juhatades seda graatsiliselt t\u00e4iusliku kuju suunas, kui ta oma elu esimesi p\u00e4evi avastab. M\u00f5\u00f5tmetega 26,5*25*1,5CM on see uskumatult mitmek\u00fclgne. Koduste laiskade p\u00fchap\u00e4evaste p\u00e4rastl\u00f5unate ajal asetage see lapse v\u00f5revoodisse ja vaadake, kuidas see muudab uinumise aja hubaseks, unen\u00e4gudega t\u00e4idetud kogemuseks. Kui olete perega v\u00e4ljas\u00f5idul, olgu see siis v\u00e4ljas\u00f5it loomaaeda v\u00f5i piknik pargis, mahub padi mugavalt lapsevankrisse, tagades, et teie v\u00e4ike laps naudib mugavat teekonda. Lapsevanemad on selle veetleva padja kohta vaimustuses! \u00dcks ema \u00f5hkab: \"Minu laps on selle koletisliku padja kinnisidee. See on nii pehme ja disain paneb nad alati naerma. Lisaks on see olnud suurep\u00e4rane, et hoida nende pea heas asendis.\" \u00dcks isa jagas: \"Mulle meeldib, kui lihtne on seda kaasas kanda. Sellest on saanud meie reiside p\u00f5hitarvik ja v\u00e4rvivalikud on t\u00f5esti toredad. Soovitan seda v\u00e4ga teistele vanematele.\" V\u00f5luvates roosa ja sinistes toonides saadaval olev Monster Shaping Pillow on midagi enamat kui lihtsalt beebi aksessuaar; see on armastatud kaaslane, mis lubab mugavust, tuge ja palju r\u00f5\u00f5mu teie lapse v\u00e4\u00e4rtuslikel esimestel p\u00e4evadel.<\/div>\n<\/div>","protected":false},"excerpt":{"rendered":"<p>Monster Shaping Pillow on atraktiivne ja praktiline toode, mis on m\u00f5eldud 0-6 kuu vanustele imikutele. Selle armas koletiseteemaline v\u00e4limus koos \u00fcmmarguste silmade, v\u00e4ikese nina ja v\u00e4ikeste k\u00f5rvadega muudab selle visuaalselt huvitavaks. Padja ainulaadne keskne v\u00e4ljal\u00f5ige toetab \u00f5rnalt beebi pead, aidates s\u00e4ilitada \u00f5ige pea kuju varajase kasvu ajal. M\u00f5\u00f5tmed 26,5<em>25<\/em>1.5CM, see sobib kasutamiseks v\u00f5revoodites, lapsevankrites v\u00f5i kui laps lamab m\u00e4nguvaibal. Saadaval roosas ja sinises v\u00e4rvitoonis, annab see vanematele v\u00f5imaluse valida oma eelistustele v\u00f5i lastetoa sisustusele sobiv v\u00e4rv, \u00fchendades nii l\u00f5bususe kui ka funktsionaalsuse beebi hooldamiseks.<\/p>","protected":false},"featured_media":3287,"comment_status":"open","ping_status":"closed","template":"","meta":{"_uag_custom_page_level_css":"","site-sidebar-layout":"default","site-content-layout":"","ast-site-content-layout":"default","site-content-style":"default","site-sidebar-style":"default","ast-global-header-display":"","ast-banner-title-visibility":"","ast-main-header-display":"","ast-hfb-above-header-display":"","ast-hfb-below-header-display":"","ast-hfb-mobile-header-display":"","site-post-title":"","ast-breadcrumbs-content":"","ast-featured-img":"","footer-sml-layout":"","ast-disable-related-posts":"","theme-transparent-header-meta":"default","adv-header-id-meta":"","stick-header-meta":"","header-above-stick-meta":"","header-main-stick-meta":"","header-below-stick-meta":"","astra-migrate-meta-layouts":"set","ast-page-background-enabled":"default","ast-page-background-meta":{"desktop":{"background-color":"","background-image":"","background-repeat":"repeat","background-position":"center center","background-size":"auto","background-attachment":"scroll","background-type":"","background-media":"","overlay-type":"","overlay-color":"","overlay-opacity":"","overlay-gradient":""},"tablet":{"background-color":"","background-image":"","background-repeat":"repeat","background-position":"center center","background-size":"auto","background-attachment":"scroll","background-type":"","background-media":"","overlay-type":"","overlay-color":"","overlay-opacity":"","overlay-gradient":""},"mobile":{"background-color":"","background-image":"","background-repeat":"repeat","background-position":"center center","background-size":"auto","background-attachment":"scroll","background-type":"","background-media":"","overlay-type":"","overlay-color":"","overlay-opacity":"","overlay-gradient":""}},"ast-content-background-meta":{"desktop":{"background-color":"var(--ast-global-color-5)","background-image":"","background-repeat":"repeat","background-position":"center center","background-size":"auto","background-attachment":"scroll","background-type":"","background-media":"","overlay-type":"","overlay-color":"","overlay-opacity":"","overlay-gradient":""},"tablet":{"background-color":"var(--ast-global-color-5)","background-image":"","background-repeat":"repeat","background-position":"center center","background-size":"auto","background-attachment":"scroll","background-type":"","background-media":"","overlay-type":"","overlay-color":"","overlay-opacity":"","overlay-gradient":""},"mobile":{"background-color":"var(--ast-global-color-5)","background-image":"","background-repeat":"repeat","background-position":"center center","background-size":"auto","background-attachment":"scroll","background-type":"","background-media":"","overlay-type":"","overlay-color":"","overlay-opacity":"","overlay-gradient":""}}},"product_brand":[],"product_cat":[54,42],"product_tag":[70,68,71,69],"class_list":{"0":"post-3286","1":"product","2":"type-product","3":"status-publish","4":"has-post-thumbnail","6":"product_cat-0-to-6months","7":"product_cat-merchandise","8":"product_tag-babypillow","9":"product_tag-cuteanimalpillow","10":"product_tag-headshapesupport","11":"product_tag-kouniushapingpillow","12":"desktop-align-left","13":"tablet-align-left","14":"mobile-align-left","16":"first","17":"instock","18":"shipping-taxable","19":"product-type-simple"},"aioseo_notices":[],"uagb_featured_image_src":{"full":["https:\/\/babypillowwholesale.com\/wp-content\/uploads\/2025\/03\/1507.jpg",1000,1000,false],"thumbnail":["https:\/\/babypillowwholesale.com\/wp-content\/uploads\/2025\/03\/1507-150x150.jpg",150,150,true],"medium":["https:\/\/babypillowwholesale.com\/wp-content\/uploads\/2025\/03\/1507-300x300.jpg",300,300,true],"medium_large":["https:\/\/babypillowwholesale.com\/wp-content\/uploads\/2025\/03\/1507-768x768.jpg",768,768,true],"large":["https:\/\/babypillowwholesale.com\/wp-content\/uploads\/2025\/03\/1507.jpg",1000,1000,false],"1536x1536":["https:\/\/babypillowwholesale.com\/wp-content\/uploads\/2025\/03\/1507.jpg",1000,1000,false],"2048x2048":["https:\/\/babypillowwholesale.com\/wp-content\/uploads\/2025\/03\/1507.jpg",1000,1000,false],"trp-custom-language-flag":["https:\/\/babypillowwholesale.com\/wp-content\/uploads\/2025\/03\/1507.jpg",12,12,false],"woocommerce_thumbnail":["https:\/\/babypillowwholesale.com\/wp-content\/uploads\/2025\/03\/1507-300x300.jpg",300,300,true],"woocommerce_single":["https:\/\/babypillowwholesale.com\/wp-content\/uploads\/2025\/03\/1507-600x600.jpg",600,600,true],"woocommerce_gallery_thumbnail":["https:\/\/babypillowwholesale.com\/wp-content\/uploads\/2025\/03\/1507-100x100.jpg",100,100,true]},"uagb_author_info":{"display_name":"Etnen zhong","author_link":"https:\/\/babypillowwholesale.com\/et\/author\/"},"uagb_comment_info":0,"uagb_excerpt":"The Monster Shaping Pillow is an engaging and practical product designed for infants aged 0 to 6 months. Its cute monster - themed appearance, with round eyes, a small nose, and little ears, makes it visually interesting. The unique central cut - out of the pillow provides gentle support for a baby's head, helping to&hellip;","jetpack_sharing_enabled":true,"_links":{"self":[{"href":"https:\/\/babypillowwholesale.com\/et\/wp-json\/wp\/v2\/product\/3286","targetHints":{"allow":["GET"]}}],"collection":[{"href":"https:\/\/babypillowwholesale.com\/et\/wp-json\/wp\/v2\/product"}],"about":[{"href":"https:\/\/babypillowwholesale.com\/et\/wp-json\/wp\/v2\/types\/product"}],"replies":[{"embeddable":true,"href":"https:\/\/babypillowwholesale.com\/et\/wp-json\/wp\/v2\/comments?post=3286"}],"wp:featuredmedia":[{"embeddable":true,"href":"https:\/\/babypillowwholesale.com\/et\/wp-json\/wp\/v2\/media\/3287"}],"wp:attachment":[{"href":"https:\/\/babypillowwholesale.com\/et\/wp-json\/wp\/v2\/media?parent=3286"}],"wp:term":[{"taxonomy":"product_brand","embeddable":true,"href":"https:\/\/babypillowwholesale.com\/et\/wp-json\/wp\/v2\/product_brand?post=3286"},{"taxonomy":"product_cat","embeddable":true,"href":"https:\/\/babypillowwholesale.com\/et\/wp-json\/wp\/v2\/product_cat?post=3286"},{"taxonomy":"product_tag","embeddable":true,"href":"https:\/\/babypillowwholesale.com\/et\/wp-json\/wp\/v2\/product_tag?post=3286"}],"curies":[{"name":"wp","href":"https:\/\/api.w.org\/{rel}","templated":true}]}}