{"id":3273,"date":"2025-03-18T07:02:19","date_gmt":"2025-03-18T07:02:19","guid":{"rendered":"https:\/\/babypillowwholesale.com\/?post_type=product&#038;p=3273"},"modified":"2025-06-08T16:12:27","modified_gmt":"2025-06-08T16:12:27","slug":"adorable-bunny-shaping-pillow","status":"publish","type":"product","link":"https:\/\/babypillowwholesale.com\/et\/product\/adorable-bunny-shaping-pillow\/","title":{"rendered":"Imearmas j\u00e4nese kujundav padi"},"content":{"rendered":"<div class=\"auto-hide-last-sibling-br paragraph-qzbcQC paragraph-element br-paragraph-space\" data-immersive-translate-walked=\"8e61f2e7-6af2-46e5-9672-3b9e4f4033d9\" data-immersive-translate-paragraph=\"1\">\n<div class=\"auto-hide-last-sibling-br paragraph-qzbcQC paragraph-element br-paragraph-space\">Hellitage oma v\u00e4ikest last mugavalt meie imearmsate j\u00e4nkupooltega, mis on h\u00e4davajalik 0-6 kuu vanustele imikutele. See on loodud imiteerima v\u00e4\u00e4rtuslikku j\u00e4nest, millel on lonksuvad k\u00f5rvad ja rahulik, pooleldi suletud silmadega ilme, ning see on visuaalne meistriteos, mis lisab igale lastetoale veidi muinasjutulist v\u00f5lu. See padi on funktsionaalsuse mustern\u00e4idis. Strateegiliselt paigutatud keskne v\u00e4ljal\u00f5ige toetab \u00f5rnalt teie lapse \u00f5rna pead, juhatades seda graatsiliselt t\u00e4iusliku kuju suunas, kui ta kogeb oma esimeste kuude imesid. M\u00f5\u00f5duga 26,5*25*1,5CM on see uskumatult mitmek\u00fclgne. See padi tagab, et teie v\u00e4ike r\u00f5\u00f5mupall on alati mugav, olenemata sellest, kas see on paigutatud teie lapse v\u00f5revoodi pehmesse embusse, muutes uinumise aja unen\u00e4oliseks p\u00f5genemiseks v\u00f5i asetatud lapsevankrisse tuuliseks jalutusk\u00e4iguks m\u00f6\u00f6da randa, see padi tagab, et teie v\u00e4ike r\u00f5\u00f5mupall on alati mugav. Samuti sobib see mugavalt beebi autoistmele, muutes pikad autos\u00f5idud teie lapsele rahulikuks asjaks. Vanemad on sellesse padja armunud! \"Kohe, kui ma selle Adorable Bunny Shaping Pillow'i oma lapse v\u00f5revoodisse asetasin, teadsin, et see on v\u00f5itja. See ei ole mitte ainult superpehme, vaid on ka minu lapse pea kuju m\u00e4rgatavalt muutnud,\" h\u00fc\u00fcatas \u00fcks \u00f5nnelik ema. \u00dcks isa jagas: \"Ma v\u00f5tan seda igale poole kaasa. Erinevad v\u00e4rvivalikud on suurep\u00e4rased ja j\u00e4nkukujundus paneb mu lapse alati naeratama. See on kindel must - osta uutele vanematele.\" Adorable Bunny Shaping Pillow on saadaval v\u00f5luvates roosa, sinistes ja tumerohelistes toonides ja see on rohkem kui lihtsalt beebi aksessuaar; see on armastatud kaaslane, mis lubab mugavust, tuge ja palju armsust teie beebi esimestel p\u00e4evadel.<\/div>\n<\/div>","protected":false},"excerpt":{"rendered":"<p>Adorable Bunny Shaping Pillow on imearmas toode, mis on m\u00f5eldud 0-6 kuu vanustele imikutele. Selle kujundus, mis on modelleeritud armsa j\u00e4nese j\u00e4rgi, kellel on pikad k\u00f5rvad ja magus, unine pilk, on visuaalselt atraktiivne ja v\u00f5lub kindlasti nii vanemaid kui ka beebisid. Padja keskne v\u00e4ljal\u00f5ige on ergonoomiliselt kujundatud nii, et see toetab \u00f5rnalt lapse pead, aidates s\u00e4ilitada \u00f5ige pea kuju kriitilise varajase arenguperioodi jooksul. M\u00f5\u00f5tmed 26,5*<em>25*<\/em>1,5 cm, sobib mugavalt v\u00f5revoodisse, lapsevankritesse v\u00f5i autoistmetesse, pakkudes mugavat puhkekohta, kus iganes teie laps ka ei viibiks. Roosa, sinise ja tumerohelise v\u00e4rvivalikuga v\u00f5imaldab vanematel valida oma eelistustele v\u00f5i lastetoa sisustusele sobiva tooni, \u00fchendades armsuse ja praktilisuse optimaalse beebihoolduse jaoks.<\/p>","protected":false},"featured_media":3285,"comment_status":"open","ping_status":"closed","template":"","meta":{"_uag_custom_page_level_css":"","site-sidebar-layout":"default","site-content-layout":"","ast-site-content-layout":"default","site-content-style":"default","site-sidebar-style":"default","ast-global-header-display":"","ast-banner-title-visibility":"","ast-main-header-display":"","ast-hfb-above-header-display":"","ast-hfb-below-header-display":"","ast-hfb-mobile-header-display":"","site-post-title":"","ast-breadcrumbs-content":"","ast-featured-img":"","footer-sml-layout":"","ast-disable-related-posts":"","theme-transparent-header-meta":"default","adv-header-id-meta":"","stick-header-meta":"","header-above-stick-meta":"","header-main-stick-meta":"","header-below-stick-meta":"","astra-migrate-meta-layouts":"set","ast-page-background-enabled":"default","ast-page-background-meta":{"desktop":{"background-color":"","background-image":"","background-repeat":"repeat","background-position":"center center","background-size":"auto","background-attachment":"scroll","background-type":"","background-media":"","overlay-type":"","overlay-color":"","overlay-opacity":"","overlay-gradient":""},"tablet":{"background-color":"","background-image":"","background-repeat":"repeat","background-position":"center center","background-size":"auto","background-attachment":"scroll","background-type":"","background-media":"","overlay-type":"","overlay-color":"","overlay-opacity":"","overlay-gradient":""},"mobile":{"background-color":"","background-image":"","background-repeat":"repeat","background-position":"center center","background-size":"auto","background-attachment":"scroll","background-type":"","background-media":"","overlay-type":"","overlay-color":"","overlay-opacity":"","overlay-gradient":""}},"ast-content-background-meta":{"desktop":{"background-color":"var(--ast-global-color-5)","background-image":"","background-repeat":"repeat","background-position":"center center","background-size":"auto","background-attachment":"scroll","background-type":"","background-media":"","overlay-type":"","overlay-color":"","overlay-opacity":"","overlay-gradient":""},"tablet":{"background-color":"var(--ast-global-color-5)","background-image":"","background-repeat":"repeat","background-position":"center center","background-size":"auto","background-attachment":"scroll","background-type":"","background-media":"","overlay-type":"","overlay-color":"","overlay-opacity":"","overlay-gradient":""},"mobile":{"background-color":"var(--ast-global-color-5)","background-image":"","background-repeat":"repeat","background-position":"center center","background-size":"auto","background-attachment":"scroll","background-type":"","background-media":"","overlay-type":"","overlay-color":"","overlay-opacity":"","overlay-gradient":""}}},"product_brand":[],"product_cat":[54,42],"product_tag":[70,68,71,69],"class_list":{"0":"post-3273","1":"product","2":"type-product","3":"status-publish","4":"has-post-thumbnail","6":"product_cat-0-to-6months","7":"product_cat-merchandise","8":"product_tag-babypillow","9":"product_tag-cuteanimalpillow","10":"product_tag-headshapesupport","11":"product_tag-kouniushapingpillow","12":"desktop-align-left","13":"tablet-align-left","14":"mobile-align-left","16":"first","17":"instock","18":"shipping-taxable","19":"product-type-simple"},"aioseo_notices":[],"uagb_featured_image_src":{"full":["https:\/\/babypillowwholesale.com\/wp-content\/uploads\/2025\/03\/1506-1.jpg",1000,1000,false],"thumbnail":["https:\/\/babypillowwholesale.com\/wp-content\/uploads\/2025\/03\/1506-1-150x150.jpg",150,150,true],"medium":["https:\/\/babypillowwholesale.com\/wp-content\/uploads\/2025\/03\/1506-1-300x300.jpg",300,300,true],"medium_large":["https:\/\/babypillowwholesale.com\/wp-content\/uploads\/2025\/03\/1506-1-768x768.jpg",768,768,true],"large":["https:\/\/babypillowwholesale.com\/wp-content\/uploads\/2025\/03\/1506-1.jpg",1000,1000,false],"1536x1536":["https:\/\/babypillowwholesale.com\/wp-content\/uploads\/2025\/03\/1506-1.jpg",1000,1000,false],"2048x2048":["https:\/\/babypillowwholesale.com\/wp-content\/uploads\/2025\/03\/1506-1.jpg",1000,1000,false],"trp-custom-language-flag":["https:\/\/babypillowwholesale.com\/wp-content\/uploads\/2025\/03\/1506-1.jpg",12,12,false],"woocommerce_thumbnail":["https:\/\/babypillowwholesale.com\/wp-content\/uploads\/2025\/03\/1506-1-300x300.jpg",300,300,true],"woocommerce_single":["https:\/\/babypillowwholesale.com\/wp-content\/uploads\/2025\/03\/1506-1-600x600.jpg",600,600,true],"woocommerce_gallery_thumbnail":["https:\/\/babypillowwholesale.com\/wp-content\/uploads\/2025\/03\/1506-1-100x100.jpg",100,100,true]},"uagb_author_info":{"display_name":"Etnen zhong","author_link":"https:\/\/babypillowwholesale.com\/et\/author\/"},"uagb_comment_info":1,"uagb_excerpt":"The Adorable Bunny Shaping Pillow is a delightful product tailored for infants aged 0 to 6 months. Its design, modeled after an adorable bunny with long ears and a sweet, sleepy - eyed expression, is visually appealing and sure to charm both parents and babies. The central cut - out of the pillow is ergonomically&hellip;","jetpack_sharing_enabled":true,"_links":{"self":[{"href":"https:\/\/babypillowwholesale.com\/et\/wp-json\/wp\/v2\/product\/3273","targetHints":{"allow":["GET"]}}],"collection":[{"href":"https:\/\/babypillowwholesale.com\/et\/wp-json\/wp\/v2\/product"}],"about":[{"href":"https:\/\/babypillowwholesale.com\/et\/wp-json\/wp\/v2\/types\/product"}],"replies":[{"embeddable":true,"href":"https:\/\/babypillowwholesale.com\/et\/wp-json\/wp\/v2\/comments?post=3273"}],"wp:featuredmedia":[{"embeddable":true,"href":"https:\/\/babypillowwholesale.com\/et\/wp-json\/wp\/v2\/media\/3285"}],"wp:attachment":[{"href":"https:\/\/babypillowwholesale.com\/et\/wp-json\/wp\/v2\/media?parent=3273"}],"wp:term":[{"taxonomy":"product_brand","embeddable":true,"href":"https:\/\/babypillowwholesale.com\/et\/wp-json\/wp\/v2\/product_brand?post=3273"},{"taxonomy":"product_cat","embeddable":true,"href":"https:\/\/babypillowwholesale.com\/et\/wp-json\/wp\/v2\/product_cat?post=3273"},{"taxonomy":"product_tag","embeddable":true,"href":"https:\/\/babypillowwholesale.com\/et\/wp-json\/wp\/v2\/product_tag?post=3273"}],"curies":[{"name":"wp","href":"https:\/\/api.w.org\/{rel}","templated":true}]}}