{"id":3271,"date":"2025-03-18T06:30:20","date_gmt":"2025-03-18T06:30:20","guid":{"rendered":"https:\/\/babypillowwholesale.com\/?post_type=product&#038;p=3271"},"modified":"2025-06-08T16:13:28","modified_gmt":"2025-06-08T16:13:28","slug":"cute-one-shaping-pillow","status":"publish","type":"product","link":"https:\/\/babypillowwholesale.com\/et\/product\/cute-one-shaping-pillow\/","title":{"rendered":"Armas \u00fcks kujundav padi"},"content":{"rendered":"<div class=\"auto-hide-last-sibling-br paragraph-qzbcQC paragraph-element br-paragraph-space\" data-immersive-translate-walked=\"8e61f2e7-6af2-46e5-9672-3b9e4f4033d9\" data-immersive-translate-paragraph=\"1\">\n<div class=\"auto-hide-last-sibling-br paragraph-qzbcQC paragraph-element br-paragraph-space\">\u00dclimalt v\u00f5luv Cute One Shaping Pillow, unen\u00e4oline ja h\u00e4davajalik padi, mis on hoolikalt valmistatud 0-6 kuu vanustele pisikestele lemmikutele. Selle lummava n\u00e4oga, mida kaunistavad imearmsad loomadest inspireeritud k\u00f5rvad ja armas, armastusv\u00e4\u00e4rne n\u00e4gu, on v\u00f5imatu mitte armuda sellesse padjasse esmapilgul.<\/div>\n<div class=\"auto-hide-last-sibling-br paragraph-qzbcQC paragraph-element br-paragraph-space\">Lisaks oma lummavale v\u00e4limusele on see padi ka funktsionaalsuse mustern\u00e4idis. Nutikalt kujundatud keskne v\u00e4ljal\u00f5ige pakub teie lapse \u00f5rnale peale \u00f5rna ja toetavat embust, suunates seda \u00f5rnalt t\u00e4iuslikule kujule, kui ta l\u00e4bib oma v\u00e4\u00e4rtuslikke esimesi p\u00e4evi. M\u00f5\u00f5tmed 26,5*<em>25*<\/em>1,5CM, see on ideaalse suurusega, et sobida sujuvalt erinevatesse seadistustesse.<\/div>\n<div class=\"auto-hide-last-sibling-br paragraph-qzbcQC paragraph-element br-paragraph-space\">See padi tagab vankumatu mugavuse, olenemata sellest, kas see asub teie lapse v\u00f5revoodi pl\u00fc\u0161\u0161is, loob rahulikku pelgupaika pikkadeks, taastavateks uinakuteks v\u00f5i on teie v\u00e4ikese lapse kaasas jalutusk\u00e4rus jalutusk\u00e4igul pargis, kui ta teeb jalutusk\u00e4igu pargis, ja see padi tagab vankumatu mugavuse. Samuti on see ideaalne kaaslane nendel hubastel p\u00e4rastl\u00f5unatel kodus, kui teie laps puhkab pehme teki peal, pakkudes tuttavat ja rahustavat kohta.<\/div>\n<div class=\"auto-hide-last-sibling-br paragraph-qzbcQC paragraph-element br-paragraph-space\">Vanemad on t\u00e4iesti vaimustunud Cute One Shaping Pillow'st! \u00dcks r\u00f5\u00f5mus ema jagas: \"See padi ei ole mitte ainult uskumatult armas, vaid teeb ka imet minu lapse peakuju jaoks. See on nii pehme ja mu pisip\u00f5nni tundub, et ta armastab sellel puhata. Lisaks on v\u00e4rvivalikud suurep\u00e4rased - me valisime sinise ja see n\u00e4eb lastetoas h\u00e4mmastavalt v\u00e4lja.\" \u00dcks teine isa lisas: \"Sellest on saanud meie igap\u00e4evase rutiini p\u00f5hitarvik. Seda on lihtne kaasas kanda ja see toob alati naeratuse mu lapse n\u00e4ole. V\u00e4ga soovitatav!\"<\/div>\n<div class=\"auto-hide-last-sibling-br paragraph-qzbcQC paragraph-element br-paragraph-space\">Cute One Shaping Pillow on saadaval v\u00f5luvates roosa, sinistes ja tumerohelistes toonides ja see on rohkem kui lihtsalt beebi aksessuaar; see on armastatud kaaslane, milles on sujuvalt \u00fchendatud armsus, mugavus ja praktilisus teie lapse v\u00e4\u00e4rtuslike esimeste kuude jooksul.<\/div>\n<\/div>","protected":false},"excerpt":{"rendered":"<p>Cute One Shaping Pillow on meeldiv ja funktsionaalne toode, mis on m\u00f5eldud 0-6 kuu vanustele imikutele. Selle v\u00f5luv v\u00e4limus, millel on armsad loomakesksed k\u00f5rvad ja magusate n\u00e4gudega kujundus, vallutab kindlasti s\u00fcdamed. Padja ainulaadne v\u00e4ljal\u00f5igatud disain keskel toetab \u00f5rnalt lapse pead, aidates s\u00e4ilitada pea tervislikku kuju otsustava varajase arengufaasi ajal. Suurusega 26,5*<em>25*<\/em>1.5CM, see sobib mugavalt v\u00f5revoodi, lapsevankrile v\u00f5i kui laps puhkab tekil. Saadaval roosas, sinises ja tumerohelises v\u00e4rvitoonis, pakub see vanematele valikuid, mis sobivad nende eelistustega v\u00f5i lastetoa sisustusega, \u00fchendades endas nii armsuse kui ka praktilisuse beebi hooldamiseks.<\/p>","protected":false},"featured_media":3284,"comment_status":"open","ping_status":"closed","template":"","meta":{"_uag_custom_page_level_css":"","site-sidebar-layout":"default","site-content-layout":"","ast-site-content-layout":"default","site-content-style":"default","site-sidebar-style":"default","ast-global-header-display":"","ast-banner-title-visibility":"","ast-main-header-display":"","ast-hfb-above-header-display":"","ast-hfb-below-header-display":"","ast-hfb-mobile-header-display":"","site-post-title":"","ast-breadcrumbs-content":"","ast-featured-img":"","footer-sml-layout":"","ast-disable-related-posts":"","theme-transparent-header-meta":"default","adv-header-id-meta":"","stick-header-meta":"","header-above-stick-meta":"","header-main-stick-meta":"","header-below-stick-meta":"","astra-migrate-meta-layouts":"set","ast-page-background-enabled":"default","ast-page-background-meta":{"desktop":{"background-color":"","background-image":"","background-repeat":"repeat","background-position":"center center","background-size":"auto","background-attachment":"scroll","background-type":"","background-media":"","overlay-type":"","overlay-color":"","overlay-opacity":"","overlay-gradient":""},"tablet":{"background-color":"","background-image":"","background-repeat":"repeat","background-position":"center center","background-size":"auto","background-attachment":"scroll","background-type":"","background-media":"","overlay-type":"","overlay-color":"","overlay-opacity":"","overlay-gradient":""},"mobile":{"background-color":"","background-image":"","background-repeat":"repeat","background-position":"center center","background-size":"auto","background-attachment":"scroll","background-type":"","background-media":"","overlay-type":"","overlay-color":"","overlay-opacity":"","overlay-gradient":""}},"ast-content-background-meta":{"desktop":{"background-color":"var(--ast-global-color-5)","background-image":"","background-repeat":"repeat","background-position":"center center","background-size":"auto","background-attachment":"scroll","background-type":"","background-media":"","overlay-type":"","overlay-color":"","overlay-opacity":"","overlay-gradient":""},"tablet":{"background-color":"var(--ast-global-color-5)","background-image":"","background-repeat":"repeat","background-position":"center center","background-size":"auto","background-attachment":"scroll","background-type":"","background-media":"","overlay-type":"","overlay-color":"","overlay-opacity":"","overlay-gradient":""},"mobile":{"background-color":"var(--ast-global-color-5)","background-image":"","background-repeat":"repeat","background-position":"center center","background-size":"auto","background-attachment":"scroll","background-type":"","background-media":"","overlay-type":"","overlay-color":"","overlay-opacity":"","overlay-gradient":""}}},"product_brand":[],"product_cat":[54,42],"product_tag":[70,68,71,69],"class_list":{"0":"post-3271","1":"product","2":"type-product","3":"status-publish","4":"has-post-thumbnail","6":"product_cat-0-to-6months","7":"product_cat-merchandise","8":"product_tag-babypillow","9":"product_tag-cuteanimalpillow","10":"product_tag-headshapesupport","11":"product_tag-kouniushapingpillow","12":"desktop-align-left","13":"tablet-align-left","14":"mobile-align-left","16":"first","17":"instock","18":"shipping-taxable","19":"product-type-simple"},"aioseo_notices":[],"uagb_featured_image_src":{"full":["https:\/\/babypillowwholesale.com\/wp-content\/uploads\/2025\/03\/1167-1.jpg",1000,1000,false],"thumbnail":["https:\/\/babypillowwholesale.com\/wp-content\/uploads\/2025\/03\/1167-1-150x150.jpg",150,150,true],"medium":["https:\/\/babypillowwholesale.com\/wp-content\/uploads\/2025\/03\/1167-1-300x300.jpg",300,300,true],"medium_large":["https:\/\/babypillowwholesale.com\/wp-content\/uploads\/2025\/03\/1167-1-768x768.jpg",768,768,true],"large":["https:\/\/babypillowwholesale.com\/wp-content\/uploads\/2025\/03\/1167-1.jpg",1000,1000,false],"1536x1536":["https:\/\/babypillowwholesale.com\/wp-content\/uploads\/2025\/03\/1167-1.jpg",1000,1000,false],"2048x2048":["https:\/\/babypillowwholesale.com\/wp-content\/uploads\/2025\/03\/1167-1.jpg",1000,1000,false],"trp-custom-language-flag":["https:\/\/babypillowwholesale.com\/wp-content\/uploads\/2025\/03\/1167-1.jpg",12,12,false],"woocommerce_thumbnail":["https:\/\/babypillowwholesale.com\/wp-content\/uploads\/2025\/03\/1167-1-300x300.jpg",300,300,true],"woocommerce_single":["https:\/\/babypillowwholesale.com\/wp-content\/uploads\/2025\/03\/1167-1-600x600.jpg",600,600,true],"woocommerce_gallery_thumbnail":["https:\/\/babypillowwholesale.com\/wp-content\/uploads\/2025\/03\/1167-1-100x100.jpg",100,100,true]},"uagb_author_info":{"display_name":"Etnen zhong","author_link":"https:\/\/babypillowwholesale.com\/et\/author\/"},"uagb_comment_info":0,"uagb_excerpt":"The Cute One Shaping Pillow is a delightful and functional product designed for infants aged 0 to 6 months. Its charming appearance, featuring cute animal - like ears and a sweet - faced design, is sure to capture hearts. The pillow's unique cut - out design in the middle provides gentle support for a baby's&hellip;","jetpack_sharing_enabled":true,"_links":{"self":[{"href":"https:\/\/babypillowwholesale.com\/et\/wp-json\/wp\/v2\/product\/3271","targetHints":{"allow":["GET"]}}],"collection":[{"href":"https:\/\/babypillowwholesale.com\/et\/wp-json\/wp\/v2\/product"}],"about":[{"href":"https:\/\/babypillowwholesale.com\/et\/wp-json\/wp\/v2\/types\/product"}],"replies":[{"embeddable":true,"href":"https:\/\/babypillowwholesale.com\/et\/wp-json\/wp\/v2\/comments?post=3271"}],"wp:featuredmedia":[{"embeddable":true,"href":"https:\/\/babypillowwholesale.com\/et\/wp-json\/wp\/v2\/media\/3284"}],"wp:attachment":[{"href":"https:\/\/babypillowwholesale.com\/et\/wp-json\/wp\/v2\/media?parent=3271"}],"wp:term":[{"taxonomy":"product_brand","embeddable":true,"href":"https:\/\/babypillowwholesale.com\/et\/wp-json\/wp\/v2\/product_brand?post=3271"},{"taxonomy":"product_cat","embeddable":true,"href":"https:\/\/babypillowwholesale.com\/et\/wp-json\/wp\/v2\/product_cat?post=3271"},{"taxonomy":"product_tag","embeddable":true,"href":"https:\/\/babypillowwholesale.com\/et\/wp-json\/wp\/v2\/product_tag?post=3271"}],"curies":[{"name":"wp","href":"https:\/\/api.w.org\/{rel}","templated":true}]}}