{"id":3267,"date":"2025-03-17T15:38:34","date_gmt":"2025-03-17T15:38:34","guid":{"rendered":"https:\/\/babypillowwholesale.com\/?post_type=product&#038;p=3267"},"modified":"2025-06-08T16:15:31","modified_gmt":"2025-06-08T16:15:31","slug":"little-tiger-shaping-pillow","status":"publish","type":"product","link":"https:\/\/babypillowwholesale.com\/et\/product\/little-tiger-shaping-pillow\/","title":{"rendered":"V\u00e4ike tiiger kujundav padi"},"content":{"rendered":"<div class=\"auto-hide-last-sibling-br paragraph-qzbcQC paragraph-element br-paragraph-space\" data-immersive-translate-walked=\"8e61f2e7-6af2-46e5-9672-3b9e4f4033d9\" data-immersive-translate-paragraph=\"1\">Little Tiger Shaping Pillow, v\u00f5luv segu v\u00f5lu ja funktsionaalsus, mis on hoolikalt valmistatud 0-6 kuu vanustele pisimatele aardetele. Selle imetlusv\u00e4\u00e4rne tiigri inspireeritud disain, mida kaunistavad suured, s\u00fc\u00fctud \u00fcmmargused silmad ja iseloomulikud triibud, on absoluutne nauding, lisades teie lapse maailma koheselt metsiku veidruse h\u00f5ngu. See padi ei ole mitte ainult oma armsama v\u00e4limuse poolest; see on mugavuse ja toe pelgupaik. Oskuslikult kujundatud, \u00f5rnalt kallistab see teie beebi \u00f5rna pead, suunates seda hoolikalt, et tagada t\u00e4iuslik kuju, kui ta alustab oma varajast kasvuteed. M\u00f5\u00f5tmetega 26*23*0\/3CM on see ideaalne kaaslane erinevatesse seadistustesse. Nende rahulike lastetoas magamise ajal, pehmesse v\u00f5revoodi sisse m\u00e4ssituna, loob Little Tiger Shaping Pillow teie v\u00e4ikesele lapsele hubase ja turvalise koha. Perekonnaga v\u00e4ljas\u00f5itudel, olgu see siis piknik pargis v\u00f5i p\u00e4ev rannas, mahub see mugavalt lapsevankrisse, pakkudes tuttavat mugavust teel olles. Lapsevanemad on selle tootega \u00fclir\u00f5\u00f5msad! \u00dcks ema jagas: \"Minu laps armastab selle v\u00e4ikese tiigripadja k\u00fclge kallistada. See on nii pehme ja ma olen m\u00e4rganud, et nende pea kuju on oluliselt paranenud. Lisaks on sinine v\u00e4rv lihtsalt uhke.\" Teine isa mainis: \"Sellest on saanud meie reisidel h\u00e4davajalik. Seda on lihtne kaasas kanda ja see toob alati naeratuse mu lapse n\u00e4ole, kui ta n\u00e4eb seda armsat tiigrimustrit.\" Little Tiger Shaping Pillow on saadaval v\u00f5luvates roosa ja sinistes toonides ja see on rohkem kui lihtsalt beebi aksessuaar; see on usaldusv\u00e4\u00e4rne s\u00f5ber, mis \u00fchendab armsuse, mugavuse ja funktsionaalsuse teie beebi v\u00e4\u00e4rtuslikes esimestes p\u00e4evades.<\/div>","protected":false},"excerpt":{"rendered":"<p>Little Tiger Shaping Pillow on v\u00f5luv ja funktsionaalne toode, mis on m\u00f5eldud 0-6 kuu vanustele imikutele. Oma armas tiigriteemalise v\u00e4limuse, suurte \u00fcmmarguste silmade ja iseloomulike triipudega t\u00f5mbab see kohe pilku. Padja disain on hoolikalt kujundatud nii, et see toetab \u00f5rnalt lapse \u00f5rna pead, aidates kaasa \u00f5ige pea kuju kujunemisele lapse kriitilise varajase arengu ajal. M\u00f5\u00f5tmed 26*<em data-immersive-translate-walked=\"af7bf617-a59f-4215-833d-5c6d97166ab5\">23*<\/em>0\/3CM, see sobib h\u00e4sti v\u00f5revoodisse, lapsevankritesse v\u00f5i kui teie laps puhkab tekil. Saadaval nii roosas kui ka sinises v\u00e4rvitoonis, annab see vanematele v\u00f5imaluse valida oma eelistustele v\u00f5i lastetoa sisustusele sobiv v\u00e4rv, \u00fchendades armsuse ja praktilisuse beebi hooldamiseks.<\/p>","protected":false},"featured_media":3282,"comment_status":"open","ping_status":"closed","template":"","meta":{"_uag_custom_page_level_css":"","site-sidebar-layout":"default","site-content-layout":"","ast-site-content-layout":"default","site-content-style":"default","site-sidebar-style":"default","ast-global-header-display":"","ast-banner-title-visibility":"","ast-main-header-display":"","ast-hfb-above-header-display":"","ast-hfb-below-header-display":"","ast-hfb-mobile-header-display":"","site-post-title":"","ast-breadcrumbs-content":"","ast-featured-img":"","footer-sml-layout":"","ast-disable-related-posts":"","theme-transparent-header-meta":"default","adv-header-id-meta":"","stick-header-meta":"","header-above-stick-meta":"","header-main-stick-meta":"","header-below-stick-meta":"","astra-migrate-meta-layouts":"set","ast-page-background-enabled":"default","ast-page-background-meta":{"desktop":{"background-color":"","background-image":"","background-repeat":"repeat","background-position":"center center","background-size":"auto","background-attachment":"scroll","background-type":"","background-media":"","overlay-type":"","overlay-color":"","overlay-opacity":"","overlay-gradient":""},"tablet":{"background-color":"","background-image":"","background-repeat":"repeat","background-position":"center center","background-size":"auto","background-attachment":"scroll","background-type":"","background-media":"","overlay-type":"","overlay-color":"","overlay-opacity":"","overlay-gradient":""},"mobile":{"background-color":"","background-image":"","background-repeat":"repeat","background-position":"center center","background-size":"auto","background-attachment":"scroll","background-type":"","background-media":"","overlay-type":"","overlay-color":"","overlay-opacity":"","overlay-gradient":""}},"ast-content-background-meta":{"desktop":{"background-color":"var(--ast-global-color-5)","background-image":"","background-repeat":"repeat","background-position":"center center","background-size":"auto","background-attachment":"scroll","background-type":"","background-media":"","overlay-type":"","overlay-color":"","overlay-opacity":"","overlay-gradient":""},"tablet":{"background-color":"var(--ast-global-color-5)","background-image":"","background-repeat":"repeat","background-position":"center center","background-size":"auto","background-attachment":"scroll","background-type":"","background-media":"","overlay-type":"","overlay-color":"","overlay-opacity":"","overlay-gradient":""},"mobile":{"background-color":"var(--ast-global-color-5)","background-image":"","background-repeat":"repeat","background-position":"center center","background-size":"auto","background-attachment":"scroll","background-type":"","background-media":"","overlay-type":"","overlay-color":"","overlay-opacity":"","overlay-gradient":""}}},"product_brand":[],"product_cat":[54,42],"product_tag":[70,68,71,69],"class_list":{"0":"post-3267","1":"product","2":"type-product","3":"status-publish","4":"has-post-thumbnail","6":"product_cat-0-to-6months","7":"product_cat-merchandise","8":"product_tag-babypillow","9":"product_tag-cuteanimalpillow","10":"product_tag-headshapesupport","11":"product_tag-kouniushapingpillow","12":"desktop-align-left","13":"tablet-align-left","14":"mobile-align-left","16":"first","17":"instock","18":"shipping-taxable","19":"product-type-simple"},"aioseo_notices":[],"uagb_featured_image_src":{"full":["https:\/\/babypillowwholesale.com\/wp-content\/uploads\/2025\/03\/1131-1.jpg",1000,1000,false],"thumbnail":["https:\/\/babypillowwholesale.com\/wp-content\/uploads\/2025\/03\/1131-1-150x150.jpg",150,150,true],"medium":["https:\/\/babypillowwholesale.com\/wp-content\/uploads\/2025\/03\/1131-1-300x300.jpg",300,300,true],"medium_large":["https:\/\/babypillowwholesale.com\/wp-content\/uploads\/2025\/03\/1131-1-768x768.jpg",768,768,true],"large":["https:\/\/babypillowwholesale.com\/wp-content\/uploads\/2025\/03\/1131-1.jpg",1000,1000,false],"1536x1536":["https:\/\/babypillowwholesale.com\/wp-content\/uploads\/2025\/03\/1131-1.jpg",1000,1000,false],"2048x2048":["https:\/\/babypillowwholesale.com\/wp-content\/uploads\/2025\/03\/1131-1.jpg",1000,1000,false],"trp-custom-language-flag":["https:\/\/babypillowwholesale.com\/wp-content\/uploads\/2025\/03\/1131-1.jpg",12,12,false],"woocommerce_thumbnail":["https:\/\/babypillowwholesale.com\/wp-content\/uploads\/2025\/03\/1131-1-300x300.jpg",300,300,true],"woocommerce_single":["https:\/\/babypillowwholesale.com\/wp-content\/uploads\/2025\/03\/1131-1-600x600.jpg",600,600,true],"woocommerce_gallery_thumbnail":["https:\/\/babypillowwholesale.com\/wp-content\/uploads\/2025\/03\/1131-1-100x100.jpg",100,100,true]},"uagb_author_info":{"display_name":"Etnen zhong","author_link":"https:\/\/babypillowwholesale.com\/et\/author\/"},"uagb_comment_info":0,"uagb_excerpt":"The Little Tiger Shaping Pillow is a charming and functional product designed for infants aged 0 to 6 months. With its cute tiger - themed appearance, featuring big round eyes and distinctive stripes, it instantly catches the eye. The pillow's design is carefully contoured to provide gentle support for a baby's delicate head, helping to&hellip;","jetpack_sharing_enabled":true,"_links":{"self":[{"href":"https:\/\/babypillowwholesale.com\/et\/wp-json\/wp\/v2\/product\/3267","targetHints":{"allow":["GET"]}}],"collection":[{"href":"https:\/\/babypillowwholesale.com\/et\/wp-json\/wp\/v2\/product"}],"about":[{"href":"https:\/\/babypillowwholesale.com\/et\/wp-json\/wp\/v2\/types\/product"}],"replies":[{"embeddable":true,"href":"https:\/\/babypillowwholesale.com\/et\/wp-json\/wp\/v2\/comments?post=3267"}],"wp:featuredmedia":[{"embeddable":true,"href":"https:\/\/babypillowwholesale.com\/et\/wp-json\/wp\/v2\/media\/3282"}],"wp:attachment":[{"href":"https:\/\/babypillowwholesale.com\/et\/wp-json\/wp\/v2\/media?parent=3267"}],"wp:term":[{"taxonomy":"product_brand","embeddable":true,"href":"https:\/\/babypillowwholesale.com\/et\/wp-json\/wp\/v2\/product_brand?post=3267"},{"taxonomy":"product_cat","embeddable":true,"href":"https:\/\/babypillowwholesale.com\/et\/wp-json\/wp\/v2\/product_cat?post=3267"},{"taxonomy":"product_tag","embeddable":true,"href":"https:\/\/babypillowwholesale.com\/et\/wp-json\/wp\/v2\/product_tag?post=3267"}],"curies":[{"name":"wp","href":"https:\/\/api.w.org\/{rel}","templated":true}]}}