{"id":3265,"date":"2025-03-17T15:04:04","date_gmt":"2025-03-17T15:04:04","guid":{"rendered":"https:\/\/babypillowwholesale.com\/?post_type=product&#038;p=3265"},"modified":"2025-06-08T16:16:25","modified_gmt":"2025-06-08T16:16:25","slug":"naughty-bunny-shaping-pillow","status":"publish","type":"product","link":"https:\/\/babypillowwholesale.com\/et\/product\/naughty-bunny-shaping-pillow\/","title":{"rendered":"Naughty Bunny kujundav padi"},"content":{"rendered":"<div class=\"auto-hide-last-sibling-br paragraph-qzbcQC paragraph-element br-paragraph-space\" data-immersive-translate-walked=\"8e61f2e7-6af2-46e5-9672-3b9e4f4033d9\" data-immersive-translate-paragraph=\"1\">Tere tulemast Naughty Bunny Shaping Pillow'ile, mis on meeldiv mugavuse r\u00e4tsepa - valmistatud k\u00f5ige v\u00e4iksematele seiklejatele vanuses 0-6 kuud. Selle lummav j\u00e4nkukujundus, millel on hingestatud suured silmad, s\u00fcdamesulav naeratus ja r\u00f5\u00f5msameelsed pikad k\u00f5rvad, on kohene meeleolu t\u00f5stja, mis lisab teie beebi maailma pisut maagiat. See padi ei ole mitte ainult visuaalne nauding, vaid ka funktsionaalsuse j\u00f5ujaam. Hoolikalt konstrueeritud ainulaadne kuju pakub \u00f5rna, h\u00e4llistavat tuge teie beebi \u00f5rnale peale, suunates seda t\u00e4iusliku kuju suunas, kui ta l\u00e4bib oma v\u00e4\u00e4rtuslikke esimesi kuud. M\u00f5\u00f5tmetega 26*23*0\/3CM on see ideaalne suurus, mis v\u00f5imaldab sujuvalt integreeruda erinevatesse seadistustesse. Koduste laiskade p\u00e4rastl\u00f5unate ajal asetage see lapse v\u00f5revoodisse ja vaadake, kuidas ta selle pehmesse embusse m\u00e4ssituna rahulikku uinumisse vajub. Kui olete maailma avastamas, olgu selleks siis v\u00e4ljas\u00f5it kohalikku parki v\u00f5i k\u00fclask\u00e4ik vanavanemate juurde, pange see lapsevankrisse. See tagab, et teie v\u00e4ike laps naudib mugavat s\u00f5itu, olles \u00fcmbritsetud tuttava j\u00e4nese v\u00f5lu poolt. Vanemad kiidavad seda! \u00dcks r\u00f5\u00f5mus lapsevanem jagas: \"Minu lapse n\u00e4gu s\u00fcttib alati, kui ta n\u00e4eb seda armsat j\u00e4nkupatja. See ei ole mitte ainult superpehme, vaid on olnud ka suurep\u00e4rane pea kuju s\u00e4ilitamiseks. Mulle meeldib, et see on saadaval kahes armsas v\u00e4rvitoonis.\" Teine ema lisas: \"Seda on nii mugav kaasas kanda. Olenemata sellest, kas me oleme kodus v\u00f5i teel, on see muutunud minu lapse mugavuse jaoks h\u00e4davajalikuks.\" Naughty Bunny Shaping Pillow on saadaval v\u00f5luvates roosa ja sinistes toonides ja see on rohkem kui lihtsalt beebi aksessuaar, see on teie v\u00e4ikese lapse esimesi p\u00e4evi v\u00e4\u00e4rtuslik kaaslane.<\/div>","protected":false},"excerpt":{"rendered":"<p>Naughty Bunny Shaping Pillow on imearmas ja praktiline toode, mis on m\u00f5eldud 0-6 kuu vanustele imikutele. Selle armas j\u00e4nesep\u00e4rane v\u00e4limus, suured silmad, magus naeratus ja pikad k\u00f5rvad on \u00e4\u00e4rmiselt ahvatlev. Padja eriline disain toetab \u00f5rnalt beebi pead, aidates edendada tervislikku peakuju t\u00e4htsas varajases kasvufaasis. Suurusega 26<em>23<\/em>0\/3CM, sobib kasutamiseks v\u00f5revoodites, lapsevankrites v\u00f5i kui laps puhkab m\u00e4nguvaibal. Saadaval roosas ja sinises v\u00e4rvitoonis, pakub see vanematele v\u00f5imalusi, mis sobivad nende eelistustega v\u00f5i lapse toa sisustusega, \u00fchendades nii funktsionaalsuse kui ka v\u00f5lu beebihoolduse jaoks.<\/p>","protected":false},"featured_media":3281,"comment_status":"open","ping_status":"closed","template":"","meta":{"_uag_custom_page_level_css":"","site-sidebar-layout":"default","site-content-layout":"","ast-site-content-layout":"default","site-content-style":"default","site-sidebar-style":"default","ast-global-header-display":"","ast-banner-title-visibility":"","ast-main-header-display":"","ast-hfb-above-header-display":"","ast-hfb-below-header-display":"","ast-hfb-mobile-header-display":"","site-post-title":"","ast-breadcrumbs-content":"","ast-featured-img":"","footer-sml-layout":"","ast-disable-related-posts":"","theme-transparent-header-meta":"default","adv-header-id-meta":"","stick-header-meta":"","header-above-stick-meta":"","header-main-stick-meta":"","header-below-stick-meta":"","astra-migrate-meta-layouts":"set","ast-page-background-enabled":"default","ast-page-background-meta":{"desktop":{"background-color":"","background-image":"","background-repeat":"repeat","background-position":"center center","background-size":"auto","background-attachment":"scroll","background-type":"","background-media":"","overlay-type":"","overlay-color":"","overlay-opacity":"","overlay-gradient":""},"tablet":{"background-color":"","background-image":"","background-repeat":"repeat","background-position":"center center","background-size":"auto","background-attachment":"scroll","background-type":"","background-media":"","overlay-type":"","overlay-color":"","overlay-opacity":"","overlay-gradient":""},"mobile":{"background-color":"","background-image":"","background-repeat":"repeat","background-position":"center center","background-size":"auto","background-attachment":"scroll","background-type":"","background-media":"","overlay-type":"","overlay-color":"","overlay-opacity":"","overlay-gradient":""}},"ast-content-background-meta":{"desktop":{"background-color":"var(--ast-global-color-5)","background-image":"","background-repeat":"repeat","background-position":"center center","background-size":"auto","background-attachment":"scroll","background-type":"","background-media":"","overlay-type":"","overlay-color":"","overlay-opacity":"","overlay-gradient":""},"tablet":{"background-color":"var(--ast-global-color-5)","background-image":"","background-repeat":"repeat","background-position":"center center","background-size":"auto","background-attachment":"scroll","background-type":"","background-media":"","overlay-type":"","overlay-color":"","overlay-opacity":"","overlay-gradient":""},"mobile":{"background-color":"var(--ast-global-color-5)","background-image":"","background-repeat":"repeat","background-position":"center center","background-size":"auto","background-attachment":"scroll","background-type":"","background-media":"","overlay-type":"","overlay-color":"","overlay-opacity":"","overlay-gradient":""}}},"product_brand":[],"product_cat":[54,42],"product_tag":[70,68,71,69],"class_list":{"0":"post-3265","1":"product","2":"type-product","3":"status-publish","4":"has-post-thumbnail","6":"product_cat-0-to-6months","7":"product_cat-merchandise","8":"product_tag-babypillow","9":"product_tag-cuteanimalpillow","10":"product_tag-headshapesupport","11":"product_tag-kouniushapingpillow","12":"desktop-align-left","13":"tablet-align-left","14":"mobile-align-left","16":"first","17":"instock","18":"shipping-taxable","19":"product-type-simple"},"aioseo_notices":[],"uagb_featured_image_src":{"full":["https:\/\/babypillowwholesale.com\/wp-content\/uploads\/2025\/03\/1130-1.jpg",1000,1000,false],"thumbnail":["https:\/\/babypillowwholesale.com\/wp-content\/uploads\/2025\/03\/1130-1-150x150.jpg",150,150,true],"medium":["https:\/\/babypillowwholesale.com\/wp-content\/uploads\/2025\/03\/1130-1-300x300.jpg",300,300,true],"medium_large":["https:\/\/babypillowwholesale.com\/wp-content\/uploads\/2025\/03\/1130-1-768x768.jpg",768,768,true],"large":["https:\/\/babypillowwholesale.com\/wp-content\/uploads\/2025\/03\/1130-1.jpg",1000,1000,false],"1536x1536":["https:\/\/babypillowwholesale.com\/wp-content\/uploads\/2025\/03\/1130-1.jpg",1000,1000,false],"2048x2048":["https:\/\/babypillowwholesale.com\/wp-content\/uploads\/2025\/03\/1130-1.jpg",1000,1000,false],"trp-custom-language-flag":["https:\/\/babypillowwholesale.com\/wp-content\/uploads\/2025\/03\/1130-1.jpg",12,12,false],"woocommerce_thumbnail":["https:\/\/babypillowwholesale.com\/wp-content\/uploads\/2025\/03\/1130-1-300x300.jpg",300,300,true],"woocommerce_single":["https:\/\/babypillowwholesale.com\/wp-content\/uploads\/2025\/03\/1130-1-600x600.jpg",600,600,true],"woocommerce_gallery_thumbnail":["https:\/\/babypillowwholesale.com\/wp-content\/uploads\/2025\/03\/1130-1-100x100.jpg",100,100,true]},"uagb_author_info":{"display_name":"Etnen zhong","author_link":"https:\/\/babypillowwholesale.com\/et\/author\/"},"uagb_comment_info":0,"uagb_excerpt":"The Naughty Bunny Shaping Pillow is an adorable and practical product designed for infants aged 0 to 6 months. Its cute bunny - like appearance, with big eyes, a sweet smile, and long ears, is extremely appealing. The special design of the pillow provides gentle support for the baby's head, helping to promote a healthy&hellip;","jetpack_sharing_enabled":true,"_links":{"self":[{"href":"https:\/\/babypillowwholesale.com\/et\/wp-json\/wp\/v2\/product\/3265","targetHints":{"allow":["GET"]}}],"collection":[{"href":"https:\/\/babypillowwholesale.com\/et\/wp-json\/wp\/v2\/product"}],"about":[{"href":"https:\/\/babypillowwholesale.com\/et\/wp-json\/wp\/v2\/types\/product"}],"replies":[{"embeddable":true,"href":"https:\/\/babypillowwholesale.com\/et\/wp-json\/wp\/v2\/comments?post=3265"}],"wp:featuredmedia":[{"embeddable":true,"href":"https:\/\/babypillowwholesale.com\/et\/wp-json\/wp\/v2\/media\/3281"}],"wp:attachment":[{"href":"https:\/\/babypillowwholesale.com\/et\/wp-json\/wp\/v2\/media?parent=3265"}],"wp:term":[{"taxonomy":"product_brand","embeddable":true,"href":"https:\/\/babypillowwholesale.com\/et\/wp-json\/wp\/v2\/product_brand?post=3265"},{"taxonomy":"product_cat","embeddable":true,"href":"https:\/\/babypillowwholesale.com\/et\/wp-json\/wp\/v2\/product_cat?post=3265"},{"taxonomy":"product_tag","embeddable":true,"href":"https:\/\/babypillowwholesale.com\/et\/wp-json\/wp\/v2\/product_tag?post=3265"}],"curies":[{"name":"wp","href":"https:\/\/api.w.org\/{rel}","templated":true}]}}