{"id":3263,"date":"2025-03-17T03:51:27","date_gmt":"2025-03-17T03:51:27","guid":{"rendered":"https:\/\/babypillowwholesale.com\/?post_type=product&#038;p=3263"},"modified":"2025-06-08T16:17:17","modified_gmt":"2025-06-08T16:17:17","slug":"cloud-washable-shaping-pillow","status":"publish","type":"product","link":"https:\/\/babypillowwholesale.com\/et\/product\/cloud-washable-shaping-pillow\/","title":{"rendered":"Pilve pestav kujundav padi"},"content":{"rendered":"<div class=\"auto-hide-last-sibling-br paragraph-qzbcQC paragraph-element br-paragraph-space\" data-immersive-translate-walked=\"8e61f2e7-6af2-46e5-9672-3b9e4f4033d9\" data-immersive-translate-paragraph=\"1\">Sukelduge mugavuse ja armsuse maailma meie pestava pilvepadja abil, mis on unen\u00e4oline lisa, mis on loodud spetsiaalselt k\u00f5ige v\u00e4iksematele unistajatele vanuses 0 kuni 6 kuud. See padi, mis meenutab kohevat pilve otse muinasjutust, on kaunistatud veetlevate, juhuslikult tr\u00fckitud kalamotiividega, mis lisavad teie beebi magamisruumi veidruse. Padja ergonoomiline disain on \u00f5rn embus teie beebi \u00f5rnale peale, mis hoiab seda hoolega, et soodustada t\u00e4iuslikku peakuju, kui ta oma v\u00e4\u00e4rtuslikel esimestel p\u00e4evadel uinub. M\u00f5\u00f5tmetega 35*22*3\/1,5CM pakub suurep\u00e4rast tuge, sobitudes samas sujuvalt erinevatesse seadistustesse. See padi sobib teie beebi v\u00f5revoodisse, kus see loob taevaliku pelgupaiga pikkade uinakute jaoks, v\u00f5i pannakse lapsevankrile jalutusk\u00e4ru, et jalutada rahulikult pargis - see padi tagab, et teie laps on alati mugavalt paigas. See on ka suurep\u00e4rane reisikaaslane pere autoreisidel, pakkudes teie lapsele tuttavat ja rahustavat kohta, kus ta saab reisi ajal puhata. Vanemad on selle padja \u00fclevoolavusest vaimustuses! \u00dcks rahulolev ema jagas: \"Minu laps armastab seda pilve kujuga padja. Juhuslikud prindid on nii l\u00f5bus \u00fcllatus ja seda on nii lihtne pesta, kui see veidi m\u00e4\u00e4rdub. Sellest on saanud meie beebi uneaja p\u00f5hitarvik.\" \u00dcks teine isa mainis: \"Ma olin mures oma lapse pea kuju p\u00e4rast, kuid see padi on olnud m\u00e4ngu - muutja. See on pehme, toetav ja n\u00e4eb lastetoas imearmas v\u00e4lja.\" Saadaval v\u00f5luvates roosa ja sinistes toonides, millel on oma unikaalne juhuslik muster, ei ole Cloud Washable Shaping Pillow mitte lihtsalt une aksessuaar, vaid teie beebi jaoks r\u00f5\u00f5mu ja mugavuse allikas.<\/div>","protected":false},"excerpt":{"rendered":"<p>Cloud Washable Shaping Pillow on suurep\u00e4rane toode, mis on m\u00f5eldud 0-6 kuu vanustele imikutele. Pehme pilve kujulise kujuga on see atraktiivse v\u00e4limusega ja juhuslikud kalateemalised tr\u00fckised lisavad sellele l\u00f5busust. Selle ainulaadne disain toetab \u00f5rnalt lapse pead, aidates s\u00e4ilitada head peakuju. M\u00f5\u00f5tmed 35*<em data-immersive-translate-walked=\"f7f4678a-e6ea-41bf-8db0-071fdda90f71\">22*<\/em>3\/1.5CM, see on piisavalt suur, et pakkuda piisavat tuge, kuid siiski sobib erinevateks beebiga seotud seadistusteks. Veelgi enam, kuna see on pestav, on seda lihtne hoida puhtana ja h\u00fcgieeniliselt. Saadaval roosas ja sinises v\u00e4rvitoonis erinevate juhuslike mustritega, pakub see vanematele veidi \u00fcllatust, tagades samal ajal funktsionaalsuse oma pisikestele.<\/p>","protected":false},"featured_media":3280,"comment_status":"open","ping_status":"closed","template":"","meta":{"_uag_custom_page_level_css":"","site-sidebar-layout":"default","site-content-layout":"","ast-site-content-layout":"default","site-content-style":"default","site-sidebar-style":"default","ast-global-header-display":"","ast-banner-title-visibility":"","ast-main-header-display":"","ast-hfb-above-header-display":"","ast-hfb-below-header-display":"","ast-hfb-mobile-header-display":"","site-post-title":"","ast-breadcrumbs-content":"","ast-featured-img":"","footer-sml-layout":"","ast-disable-related-posts":"","theme-transparent-header-meta":"default","adv-header-id-meta":"","stick-header-meta":"","header-above-stick-meta":"","header-main-stick-meta":"","header-below-stick-meta":"","astra-migrate-meta-layouts":"set","ast-page-background-enabled":"default","ast-page-background-meta":{"desktop":{"background-color":"","background-image":"","background-repeat":"repeat","background-position":"center center","background-size":"auto","background-attachment":"scroll","background-type":"","background-media":"","overlay-type":"","overlay-color":"","overlay-opacity":"","overlay-gradient":""},"tablet":{"background-color":"","background-image":"","background-repeat":"repeat","background-position":"center center","background-size":"auto","background-attachment":"scroll","background-type":"","background-media":"","overlay-type":"","overlay-color":"","overlay-opacity":"","overlay-gradient":""},"mobile":{"background-color":"","background-image":"","background-repeat":"repeat","background-position":"center center","background-size":"auto","background-attachment":"scroll","background-type":"","background-media":"","overlay-type":"","overlay-color":"","overlay-opacity":"","overlay-gradient":""}},"ast-content-background-meta":{"desktop":{"background-color":"var(--ast-global-color-5)","background-image":"","background-repeat":"repeat","background-position":"center center","background-size":"auto","background-attachment":"scroll","background-type":"","background-media":"","overlay-type":"","overlay-color":"","overlay-opacity":"","overlay-gradient":""},"tablet":{"background-color":"var(--ast-global-color-5)","background-image":"","background-repeat":"repeat","background-position":"center center","background-size":"auto","background-attachment":"scroll","background-type":"","background-media":"","overlay-type":"","overlay-color":"","overlay-opacity":"","overlay-gradient":""},"mobile":{"background-color":"var(--ast-global-color-5)","background-image":"","background-repeat":"repeat","background-position":"center center","background-size":"auto","background-attachment":"scroll","background-type":"","background-media":"","overlay-type":"","overlay-color":"","overlay-opacity":"","overlay-gradient":""}}},"product_brand":[],"product_cat":[54,42],"product_tag":[70,68,71,69],"class_list":{"0":"post-3263","1":"product","2":"type-product","3":"status-publish","4":"has-post-thumbnail","6":"product_cat-0-to-6months","7":"product_cat-merchandise","8":"product_tag-babypillow","9":"product_tag-cuteanimalpillow","10":"product_tag-headshapesupport","11":"product_tag-kouniushapingpillow","12":"desktop-align-left","13":"tablet-align-left","14":"mobile-align-left","16":"first","17":"instock","18":"shipping-taxable","19":"product-type-simple"},"aioseo_notices":[],"uagb_featured_image_src":{"full":["https:\/\/babypillowwholesale.com\/wp-content\/uploads\/2025\/03\/1129-1.jpg",1000,1000,false],"thumbnail":["https:\/\/babypillowwholesale.com\/wp-content\/uploads\/2025\/03\/1129-1-150x150.jpg",150,150,true],"medium":["https:\/\/babypillowwholesale.com\/wp-content\/uploads\/2025\/03\/1129-1-300x300.jpg",300,300,true],"medium_large":["https:\/\/babypillowwholesale.com\/wp-content\/uploads\/2025\/03\/1129-1-768x768.jpg",768,768,true],"large":["https:\/\/babypillowwholesale.com\/wp-content\/uploads\/2025\/03\/1129-1.jpg",1000,1000,false],"1536x1536":["https:\/\/babypillowwholesale.com\/wp-content\/uploads\/2025\/03\/1129-1.jpg",1000,1000,false],"2048x2048":["https:\/\/babypillowwholesale.com\/wp-content\/uploads\/2025\/03\/1129-1.jpg",1000,1000,false],"trp-custom-language-flag":["https:\/\/babypillowwholesale.com\/wp-content\/uploads\/2025\/03\/1129-1.jpg",12,12,false],"woocommerce_thumbnail":["https:\/\/babypillowwholesale.com\/wp-content\/uploads\/2025\/03\/1129-1-300x300.jpg",300,300,true],"woocommerce_single":["https:\/\/babypillowwholesale.com\/wp-content\/uploads\/2025\/03\/1129-1-600x600.jpg",600,600,true],"woocommerce_gallery_thumbnail":["https:\/\/babypillowwholesale.com\/wp-content\/uploads\/2025\/03\/1129-1-100x100.jpg",100,100,true]},"uagb_author_info":{"display_name":"Etnen zhong","author_link":"https:\/\/babypillowwholesale.com\/et\/author\/"},"uagb_comment_info":0,"uagb_excerpt":"The Cloud Washable Shaping Pillow is a wonderful product designed for infants aged 0 to 6 months. Shaped like a soft cloud, it has an appealing look, and the random fish - themed prints add a touch of fun. Its unique design provides gentle support to the baby's head, helping to maintain a good head&hellip;","jetpack_sharing_enabled":true,"_links":{"self":[{"href":"https:\/\/babypillowwholesale.com\/et\/wp-json\/wp\/v2\/product\/3263","targetHints":{"allow":["GET"]}}],"collection":[{"href":"https:\/\/babypillowwholesale.com\/et\/wp-json\/wp\/v2\/product"}],"about":[{"href":"https:\/\/babypillowwholesale.com\/et\/wp-json\/wp\/v2\/types\/product"}],"replies":[{"embeddable":true,"href":"https:\/\/babypillowwholesale.com\/et\/wp-json\/wp\/v2\/comments?post=3263"}],"wp:featuredmedia":[{"embeddable":true,"href":"https:\/\/babypillowwholesale.com\/et\/wp-json\/wp\/v2\/media\/3280"}],"wp:attachment":[{"href":"https:\/\/babypillowwholesale.com\/et\/wp-json\/wp\/v2\/media?parent=3263"}],"wp:term":[{"taxonomy":"product_brand","embeddable":true,"href":"https:\/\/babypillowwholesale.com\/et\/wp-json\/wp\/v2\/product_brand?post=3263"},{"taxonomy":"product_cat","embeddable":true,"href":"https:\/\/babypillowwholesale.com\/et\/wp-json\/wp\/v2\/product_cat?post=3263"},{"taxonomy":"product_tag","embeddable":true,"href":"https:\/\/babypillowwholesale.com\/et\/wp-json\/wp\/v2\/product_tag?post=3263"}],"curies":[{"name":"wp","href":"https:\/\/api.w.org\/{rel}","templated":true}]}}