{"id":3259,"date":"2025-03-17T03:01:05","date_gmt":"2025-03-17T03:01:05","guid":{"rendered":"https:\/\/babypillowwholesale.com\/?post_type=product&#038;p=3259"},"modified":"2025-06-08T16:19:14","modified_gmt":"2025-06-08T16:19:14","slug":"hydrophilic-cotton-shaping-pillow","status":"publish","type":"product","link":"https:\/\/babypillowwholesale.com\/et\/product\/hydrophilic-cotton-shaping-pillow\/","title":{"rendered":"H\u00fcdrofiilne puuvillane kujundav padi"},"content":{"rendered":"<div class=\"auto-hide-last-sibling-br paragraph-qzbcQC paragraph-element br-paragraph-space\" data-immersive-translate-walked=\"8e61f2e7-6af2-46e5-9672-3b9e4f4033d9\" data-immersive-translate-paragraph=\"1\">Tutvustame h\u00fcdrofiilset puuvillast vormipatja, mis on veetlev segu v\u00f5lusest ja funktsionaalsusest, mis on kohandatud spetsiaalselt k\u00f5ige v\u00e4iksematele magajatele vanuses 0-6 kuud. See imearmsate k\u00f5rvade ja \u00f5dusa vibuga kaunistatud padi on visuaalne meistriteos, mis muudab iga lastetoa kohe r\u00f5\u00f5msamaks.<br \/>\nSelle ainulaadne kontuur, mis on valmistatud piinliku t\u00e4psusega, pakub teie lapse \u00f5rna pea \u00f5rna embust, juhatades seda \u00f5rnalt t\u00e4iusliku kuju suunas, kui ta alustab oma varajast kasvuteed. M\u00f5\u00f5tmetega 26230\/3CM on see ideaalne suurus, mis v\u00f5imaldab sujuvalt integreeruda erinevatesse seadistustesse.<br \/>\nSee padi tagab j\u00e4rjepideva mugavuse, olenemata sellest, kas see asub teie lapse v\u00f5revoodi pehmetes piirides, pakub m\u00f5nusat oaasi tema p\u00e4evase uinumise ajal v\u00f5i on tal kaasas lapsevankris, kui ta perega loomaaias v\u00e4ljas\u00f5itu teeb. Samuti on see suurep\u00e4rane kaaslane kauglendudel, pakkudes teie lapsele tuttavat ja rahustavat kohta, kus ta saab puhata keset sagimist ja sebimist.<br \/>\nSaadaval on lummavates roosa ja rikkaliku tumerohelise toonides, nii et saate valida tooni, mis sobib k\u00f5ige paremini teie esteetilise tunnetuse v\u00f5i lasteaia teemaga. Parandage oma beebi unekogemust h\u00fcdrofiilse puuvillase kujundava padjaga, kus iga uinak on samm kaunilt vormitud pea ja magusate unen\u00e4gude suunas.<\/div>","protected":false},"excerpt":{"rendered":"<p>H\u00fcdrofiilne puuvillane vormipadi on atraktiivne ja praktiline toode, mis on m\u00f5eldud 0-6 kuu vanustele imikutele. V\u00f5luva v\u00e4limusega, millel on armsad k\u00f5rvad ja armas vibu, on see visuaalselt atraktiivne. Padja disain on hoolikalt kujundatud, et pakkuda \u00f5rna tuge beebi peale, aidates s\u00e4ilitada \u00f5ige kuju varase arengu ajal. M\u00f5\u00f5duga 26230\/3CM sobib see h\u00e4sti v\u00f5revoodi v\u00f5i beebikandjale. See on saadaval nii magusas roosas kui ka elegantses tumerohelises v\u00e4rvitoonis, mis annab vanematele v\u00f5imaluse sobitada seda oma eelistuste v\u00f5i lastetoa sisustusega, \u00fchendades funktsionaalsuse ja n\u00fcansi armsusega beebihoolduse jaoks.<\/p>","protected":false},"featured_media":3278,"comment_status":"open","ping_status":"closed","template":"","meta":{"_uag_custom_page_level_css":"","site-sidebar-layout":"default","site-content-layout":"","ast-site-content-layout":"default","site-content-style":"default","site-sidebar-style":"default","ast-global-header-display":"","ast-banner-title-visibility":"","ast-main-header-display":"","ast-hfb-above-header-display":"","ast-hfb-below-header-display":"","ast-hfb-mobile-header-display":"","site-post-title":"","ast-breadcrumbs-content":"","ast-featured-img":"","footer-sml-layout":"","ast-disable-related-posts":"","theme-transparent-header-meta":"default","adv-header-id-meta":"","stick-header-meta":"","header-above-stick-meta":"","header-main-stick-meta":"","header-below-stick-meta":"","astra-migrate-meta-layouts":"set","ast-page-background-enabled":"default","ast-page-background-meta":{"desktop":{"background-color":"","background-image":"","background-repeat":"repeat","background-position":"center center","background-size":"auto","background-attachment":"scroll","background-type":"","background-media":"","overlay-type":"","overlay-color":"","overlay-opacity":"","overlay-gradient":""},"tablet":{"background-color":"","background-image":"","background-repeat":"repeat","background-position":"center center","background-size":"auto","background-attachment":"scroll","background-type":"","background-media":"","overlay-type":"","overlay-color":"","overlay-opacity":"","overlay-gradient":""},"mobile":{"background-color":"","background-image":"","background-repeat":"repeat","background-position":"center center","background-size":"auto","background-attachment":"scroll","background-type":"","background-media":"","overlay-type":"","overlay-color":"","overlay-opacity":"","overlay-gradient":""}},"ast-content-background-meta":{"desktop":{"background-color":"var(--ast-global-color-5)","background-image":"","background-repeat":"repeat","background-position":"center center","background-size":"auto","background-attachment":"scroll","background-type":"","background-media":"","overlay-type":"","overlay-color":"","overlay-opacity":"","overlay-gradient":""},"tablet":{"background-color":"var(--ast-global-color-5)","background-image":"","background-repeat":"repeat","background-position":"center center","background-size":"auto","background-attachment":"scroll","background-type":"","background-media":"","overlay-type":"","overlay-color":"","overlay-opacity":"","overlay-gradient":""},"mobile":{"background-color":"var(--ast-global-color-5)","background-image":"","background-repeat":"repeat","background-position":"center center","background-size":"auto","background-attachment":"scroll","background-type":"","background-media":"","overlay-type":"","overlay-color":"","overlay-opacity":"","overlay-gradient":""}}},"product_brand":[],"product_cat":[54,42],"product_tag":[70,68,71,69],"class_list":{"0":"post-3259","1":"product","2":"type-product","3":"status-publish","4":"has-post-thumbnail","6":"product_cat-0-to-6months","7":"product_cat-merchandise","8":"product_tag-babypillow","9":"product_tag-cuteanimalpillow","10":"product_tag-headshapesupport","11":"product_tag-kouniushapingpillow","12":"desktop-align-left","13":"tablet-align-left","14":"mobile-align-left","16":"first","17":"instock","18":"shipping-taxable","19":"product-type-simple"},"aioseo_notices":[],"uagb_featured_image_src":{"full":["https:\/\/babypillowwholesale.com\/wp-content\/uploads\/2025\/03\/1125-1.jpg",1000,1000,false],"thumbnail":["https:\/\/babypillowwholesale.com\/wp-content\/uploads\/2025\/03\/1125-1-150x150.jpg",150,150,true],"medium":["https:\/\/babypillowwholesale.com\/wp-content\/uploads\/2025\/03\/1125-1-300x300.jpg",300,300,true],"medium_large":["https:\/\/babypillowwholesale.com\/wp-content\/uploads\/2025\/03\/1125-1-768x768.jpg",768,768,true],"large":["https:\/\/babypillowwholesale.com\/wp-content\/uploads\/2025\/03\/1125-1.jpg",1000,1000,false],"1536x1536":["https:\/\/babypillowwholesale.com\/wp-content\/uploads\/2025\/03\/1125-1.jpg",1000,1000,false],"2048x2048":["https:\/\/babypillowwholesale.com\/wp-content\/uploads\/2025\/03\/1125-1.jpg",1000,1000,false],"trp-custom-language-flag":["https:\/\/babypillowwholesale.com\/wp-content\/uploads\/2025\/03\/1125-1.jpg",12,12,false],"woocommerce_thumbnail":["https:\/\/babypillowwholesale.com\/wp-content\/uploads\/2025\/03\/1125-1-300x300.jpg",300,300,true],"woocommerce_single":["https:\/\/babypillowwholesale.com\/wp-content\/uploads\/2025\/03\/1125-1-600x600.jpg",600,600,true],"woocommerce_gallery_thumbnail":["https:\/\/babypillowwholesale.com\/wp-content\/uploads\/2025\/03\/1125-1-100x100.jpg",100,100,true]},"uagb_author_info":{"display_name":"Etnen zhong","author_link":"https:\/\/babypillowwholesale.com\/et\/author\/"},"uagb_comment_info":0,"uagb_excerpt":"The Hydrophilic cotton Shaping Pillow is an appealing and practical product designed for infants between 0 and 6 months old. With a charming appearance featuring cute ears and a lovely bow, it's visually attractive. The pillow's design is carefully crafted to provide gentle support for a baby's head, helping to maintain a proper shape during&hellip;","jetpack_sharing_enabled":true,"_links":{"self":[{"href":"https:\/\/babypillowwholesale.com\/et\/wp-json\/wp\/v2\/product\/3259","targetHints":{"allow":["GET"]}}],"collection":[{"href":"https:\/\/babypillowwholesale.com\/et\/wp-json\/wp\/v2\/product"}],"about":[{"href":"https:\/\/babypillowwholesale.com\/et\/wp-json\/wp\/v2\/types\/product"}],"replies":[{"embeddable":true,"href":"https:\/\/babypillowwholesale.com\/et\/wp-json\/wp\/v2\/comments?post=3259"}],"wp:featuredmedia":[{"embeddable":true,"href":"https:\/\/babypillowwholesale.com\/et\/wp-json\/wp\/v2\/media\/3278"}],"wp:attachment":[{"href":"https:\/\/babypillowwholesale.com\/et\/wp-json\/wp\/v2\/media?parent=3259"}],"wp:term":[{"taxonomy":"product_brand","embeddable":true,"href":"https:\/\/babypillowwholesale.com\/et\/wp-json\/wp\/v2\/product_brand?post=3259"},{"taxonomy":"product_cat","embeddable":true,"href":"https:\/\/babypillowwholesale.com\/et\/wp-json\/wp\/v2\/product_cat?post=3259"},{"taxonomy":"product_tag","embeddable":true,"href":"https:\/\/babypillowwholesale.com\/et\/wp-json\/wp\/v2\/product_tag?post=3259"}],"curies":[{"name":"wp","href":"https:\/\/api.w.org\/{rel}","templated":true}]}}