{"id":3256,"date":"2025-03-15T07:30:39","date_gmt":"2025-03-15T07:30:39","guid":{"rendered":"https:\/\/babypillowwholesale.com\/?post_type=product&#038;p=3256"},"modified":"2025-06-08T16:20:33","modified_gmt":"2025-06-08T16:20:33","slug":"cute-bunny-shaping-pillow","status":"publish","type":"product","link":"https:\/\/babypillowwholesale.com\/et\/product\/cute-bunny-shaping-pillow\/","title":{"rendered":"Armas j\u00e4nese kujundav padi"},"content":{"rendered":"<div class=\"auto-hide-last-sibling-br paragraph-qzbcQC paragraph-element br-paragraph-space\" data-immersive-translate-walked=\"8e61f2e7-6af2-46e5-9672-3b9e4f4033d9\" data-immersive-translate-paragraph=\"1\">Hellitage oma v\u00e4ikest last mugavuse maailmas meie v\u00f5luva Cute Bunny Shaping Pillow'ga, mis on h\u00e4davajalik 0-6 kuu vanustele imikutele. See padi, mida kaunistab paar r\u00f5\u00f5msameelset j\u00e4nesek\u00f5rva ja magusat n\u00e4gu, ei ole lihtsalt uneaksessuaar, vaid v\u00f5luv ese, mis lisab teie lapse ruumi pisut omap\u00e4ra.<\/div>\n<div class=\"auto-hide-last-sibling-br paragraph-qzbcQC paragraph-element br-paragraph-space\" data-immersive-translate-walked=\"8e61f2e7-6af2-46e5-9672-3b9e4f4033d9\" data-immersive-translate-paragraph=\"1\">T\u00e4pse t\u00e4psusega konstrueeritud ainulaadne kuju pakub \u00f5rna, kuid kindlat tuge teie lapse \u00f5rnale peale, soodustades t\u00e4iuslikku peakuju, kui ta magab oma v\u00e4\u00e4rtuslikel esimestel kuudel. Suurus on mugav 26<em data-immersive-translate-walked=\"8e61f2e7-6af2-46e5-9672-3b9e4f4033d9\">23<\/em>0\/3CM, see on mitmek\u00fclgne kaaslane, mis sobib h\u00e4sti erinevatesse seadistustesse.<\/div>\n<div class=\"auto-hide-last-sibling-br paragraph-qzbcQC paragraph-element br-paragraph-space\" data-immersive-translate-walked=\"8e61f2e7-6af2-46e5-9672-3b9e4f4033d9\" data-immersive-translate-paragraph=\"1\">Kas see paigutatakse lastevoodi s\u00fcdamesse, luues unen\u00e4olise pelgupaiga kauaoodatud uinakute jaoks v\u00f5i pannakse lapsevankrile p\u00e4ikselise p\u00e4rastl\u00f5unase jalutusk\u00e4igu ajal pargis, see padi tagab teie lapse mugavuse liikvel olles. Isegi nende \u00f6\u00f6bimiste ajal vanaema juures saab seda h\u00f5lpsasti kokku pakkida, et taastada tuttav ja hubane magamiskeskkond.<\/div>\n<div class=\"auto-hide-last-sibling-br paragraph-qzbcQC paragraph-element br-paragraph-space\" data-immersive-translate-walked=\"8e61f2e7-6af2-46e5-9672-3b9e4f4033d9\" data-immersive-translate-paragraph=\"1\">Saadaval on v\u00f5luvates pehmete roosade ja rahulikes siniste toonides, nii et saate valida v\u00e4rvi, mis sobib k\u00f5ige paremini teie lapse toa sisustusega v\u00f5i lihtsalt teie isikliku eelistusega. Parandage oma lapse uneelamust selle Cute Bunny Shaping Pillow'ga, kus funktsionaalsus ja armsus kohtuvad k\u00f5ige veetlevamal viisil.<\/div>","protected":false},"excerpt":{"rendered":"<p>Cute Bunny Shaping Pillow on imearmas ja funktsionaalne aksessuaar 0-6 kuu vanustele imikutele. Sarmika j\u00e4nese kujuga, millel on armsad k\u00f5rvad ja armas n\u00e4gu, t\u00f5mbab see kohe pilku. Selle spetsiaalne disain on loodud nii, et see toetab \u00f5rnalt beebi pead, aidates s\u00e4ilitada pea tervislikku kuju esimeste kuude jooksul. M\u00f5\u00f5tmed 26<em data-immersive-translate-walked=\"8e61f2e7-6af2-46e5-9672-3b9e4f4033d9\">23<\/em>0\/3CM, see on ideaalne suurus, et sobida mugavalt lapsevoodisse v\u00f5i lapsevankrisse. Saadaval nii pehmes roosas kui ka rahustavas sinises v\u00e4rvitoonis, mis vastab erinevatele esteetilistele eelistustele, pakkudes samas pehmet ja hubast puhkepaika teie v\u00e4ikesele lapsele.<\/p>","protected":false},"featured_media":3277,"comment_status":"open","ping_status":"closed","template":"","meta":{"_uag_custom_page_level_css":"","site-sidebar-layout":"default","site-content-layout":"","ast-site-content-layout":"default","site-content-style":"default","site-sidebar-style":"default","ast-global-header-display":"","ast-banner-title-visibility":"","ast-main-header-display":"","ast-hfb-above-header-display":"","ast-hfb-below-header-display":"","ast-hfb-mobile-header-display":"","site-post-title":"","ast-breadcrumbs-content":"","ast-featured-img":"","footer-sml-layout":"","ast-disable-related-posts":"","theme-transparent-header-meta":"default","adv-header-id-meta":"","stick-header-meta":"","header-above-stick-meta":"","header-main-stick-meta":"","header-below-stick-meta":"","astra-migrate-meta-layouts":"set","ast-page-background-enabled":"default","ast-page-background-meta":{"desktop":{"background-color":"","background-image":"","background-repeat":"repeat","background-position":"center center","background-size":"auto","background-attachment":"scroll","background-type":"","background-media":"","overlay-type":"","overlay-color":"","overlay-opacity":"","overlay-gradient":""},"tablet":{"background-color":"","background-image":"","background-repeat":"repeat","background-position":"center center","background-size":"auto","background-attachment":"scroll","background-type":"","background-media":"","overlay-type":"","overlay-color":"","overlay-opacity":"","overlay-gradient":""},"mobile":{"background-color":"","background-image":"","background-repeat":"repeat","background-position":"center center","background-size":"auto","background-attachment":"scroll","background-type":"","background-media":"","overlay-type":"","overlay-color":"","overlay-opacity":"","overlay-gradient":""}},"ast-content-background-meta":{"desktop":{"background-color":"var(--ast-global-color-5)","background-image":"","background-repeat":"repeat","background-position":"center center","background-size":"auto","background-attachment":"scroll","background-type":"","background-media":"","overlay-type":"","overlay-color":"","overlay-opacity":"","overlay-gradient":""},"tablet":{"background-color":"var(--ast-global-color-5)","background-image":"","background-repeat":"repeat","background-position":"center center","background-size":"auto","background-attachment":"scroll","background-type":"","background-media":"","overlay-type":"","overlay-color":"","overlay-opacity":"","overlay-gradient":""},"mobile":{"background-color":"var(--ast-global-color-5)","background-image":"","background-repeat":"repeat","background-position":"center center","background-size":"auto","background-attachment":"scroll","background-type":"","background-media":"","overlay-type":"","overlay-color":"","overlay-opacity":"","overlay-gradient":""}}},"product_brand":[],"product_cat":[54,42],"product_tag":[70,68,71,69],"class_list":{"0":"post-3256","1":"product","2":"type-product","3":"status-publish","4":"has-post-thumbnail","6":"product_cat-0-to-6months","7":"product_cat-merchandise","8":"product_tag-babypillow","9":"product_tag-cuteanimalpillow","10":"product_tag-headshapesupport","11":"product_tag-kouniushapingpillow","12":"desktop-align-left","13":"tablet-align-left","14":"mobile-align-left","16":"first","17":"instock","18":"featured","19":"shipping-taxable","20":"product-type-simple"},"aioseo_notices":[],"uagb_featured_image_src":{"full":["https:\/\/babypillowwholesale.com\/wp-content\/uploads\/2025\/03\/1123.jpg",1000,1000,false],"thumbnail":["https:\/\/babypillowwholesale.com\/wp-content\/uploads\/2025\/03\/1123-150x150.jpg",150,150,true],"medium":["https:\/\/babypillowwholesale.com\/wp-content\/uploads\/2025\/03\/1123-300x300.jpg",300,300,true],"medium_large":["https:\/\/babypillowwholesale.com\/wp-content\/uploads\/2025\/03\/1123-768x768.jpg",768,768,true],"large":["https:\/\/babypillowwholesale.com\/wp-content\/uploads\/2025\/03\/1123.jpg",1000,1000,false],"1536x1536":["https:\/\/babypillowwholesale.com\/wp-content\/uploads\/2025\/03\/1123.jpg",1000,1000,false],"2048x2048":["https:\/\/babypillowwholesale.com\/wp-content\/uploads\/2025\/03\/1123.jpg",1000,1000,false],"trp-custom-language-flag":["https:\/\/babypillowwholesale.com\/wp-content\/uploads\/2025\/03\/1123.jpg",12,12,false],"woocommerce_thumbnail":["https:\/\/babypillowwholesale.com\/wp-content\/uploads\/2025\/03\/1123-300x300.jpg",300,300,true],"woocommerce_single":["https:\/\/babypillowwholesale.com\/wp-content\/uploads\/2025\/03\/1123-600x600.jpg",600,600,true],"woocommerce_gallery_thumbnail":["https:\/\/babypillowwholesale.com\/wp-content\/uploads\/2025\/03\/1123-100x100.jpg",100,100,true]},"uagb_author_info":{"display_name":"Etnen zhong","author_link":"https:\/\/babypillowwholesale.com\/et\/author\/"},"uagb_comment_info":0,"uagb_excerpt":"The Cute Bunny Shaping Pillow is an adorable and functional accessory for infants aged 0 to 6 months. Shaped like a charming bunny with cute ears and a sweet face, it immediately catches the eye. Its specialized design is crafted to gently support a baby's head, helping to maintain a healthy head shape during the&hellip;","jetpack_sharing_enabled":true,"_links":{"self":[{"href":"https:\/\/babypillowwholesale.com\/et\/wp-json\/wp\/v2\/product\/3256","targetHints":{"allow":["GET"]}}],"collection":[{"href":"https:\/\/babypillowwholesale.com\/et\/wp-json\/wp\/v2\/product"}],"about":[{"href":"https:\/\/babypillowwholesale.com\/et\/wp-json\/wp\/v2\/types\/product"}],"replies":[{"embeddable":true,"href":"https:\/\/babypillowwholesale.com\/et\/wp-json\/wp\/v2\/comments?post=3256"}],"wp:featuredmedia":[{"embeddable":true,"href":"https:\/\/babypillowwholesale.com\/et\/wp-json\/wp\/v2\/media\/3277"}],"wp:attachment":[{"href":"https:\/\/babypillowwholesale.com\/et\/wp-json\/wp\/v2\/media?parent=3256"}],"wp:term":[{"taxonomy":"product_brand","embeddable":true,"href":"https:\/\/babypillowwholesale.com\/et\/wp-json\/wp\/v2\/product_brand?post=3256"},{"taxonomy":"product_cat","embeddable":true,"href":"https:\/\/babypillowwholesale.com\/et\/wp-json\/wp\/v2\/product_cat?post=3256"},{"taxonomy":"product_tag","embeddable":true,"href":"https:\/\/babypillowwholesale.com\/et\/wp-json\/wp\/v2\/product_tag?post=3256"}],"curies":[{"name":"wp","href":"https:\/\/api.w.org\/{rel}","templated":true}]}}