{"id":3152,"date":"2025-02-24T03:46:58","date_gmt":"2025-02-24T03:46:58","guid":{"rendered":"https:\/\/babypillowwholesale.com\/?post_type=product&#038;p=3152"},"modified":"2025-06-08T16:21:25","modified_gmt":"2025-06-08T16:21:25","slug":"koala-shaping-pillow","status":"publish","type":"product","link":"https:\/\/babypillowwholesale.com\/et\/product\/koala-shaping-pillow\/","title":{"rendered":"Koala kujundav padi"},"content":{"rendered":"<p>Avastage Koala Shaping Pillow, mugavuse ja funktsionaalsuse meistriteos, mis on hoolikalt loodud k\u00f5ige v\u00e4iksematele magajatele vanuses 0-6 kuud. Selle armastusv\u00e4\u00e4rne, loomadest inspireeritud siluett ei ole mitte ainult visuaalne nauding, vaid ka v\u00e4rav magusate unen\u00e4gude jaoks teie v\u00e4ikesele r\u00f5\u00f5msameelsele lapsukesele. Selle padja ergonoomiline vorm on \u00f5rnalt teie lapse \u00f5rna pea \u00fcmber, suunates seda hoolikalt ja t\u00e4pselt, et edendada t\u00e4iuslikku kuju lapse kasvades. M\u00f5\u00f5duga 26*23*3CM on see mitmek\u00fclgne kaaslane, mis sobib sujuvalt erinevatesse seadistustesse. Kujutage seda pehmelt teie lapse v\u00f5revoodi sisse asetatuna, luues hubase pelgupaiga nendeks pikkadeks, rahulikeks uinakuteks p\u00e4eva jooksul. Kui olete liikvel, olgu see siis rahulik jalutusk\u00e4ik lapsevankriga v\u00f5i pereseiklus autos, pakub Koala vormiv padi j\u00e4rjepidevat tuge ja mugavust, muutes iga reisi rahulikuks. See on saadaval v\u00f5luvates roosa ja sinistes toonides, mis v\u00f5imaldab teil valida tooni, mis sobib k\u00f5ige paremini teie lastetoa sisustusega v\u00f5i isikliku maitsega. Koala Shaping Pillow on rohkem kui lihtsalt padi, see on segu praktilisusest ja v\u00f5lususest, mis on teie beebi maailma kohustuslik lisa, mis \u00fchendab magamise kunsti ja teaduse vormimise.<\/p>","protected":false},"excerpt":{"rendered":"<p>Koala kujundav padi on m\u00f5eldud 0-6 kuu vanustele imikutele. Selle v\u00f5luv disain meenutab armsat looma, mis meeldib kindlasti nii beebidele kui ka vanematele. Padja ergonoomiline kuju on kujundatud nii, et see suunab ja toetab \u00f5rnalt lapse pead, edendades \u00f5ige pea kuju arengut. Mugava suurusega 26<em data-immersive-translate-walked=\"000db34a-f9f0-4794-a784-0d6465363590\">23<\/em>0\/3CM, seda on lihtne paigutada erinevatesse beebiga seotud seadistustesse, nagu v\u00f5revoodi v\u00f5i lapsevanker. Saadaval kahes imearmsas v\u00e4rvitoonis, roosas ja sinises, pakub see v\u00f5imalusi erinevatele stiilieelistustele, \u00fchendades funktsionaalsuse teie pisikese jaoks armsaga.<\/p>","protected":false},"featured_media":3276,"comment_status":"open","ping_status":"closed","template":"","meta":{"_uag_custom_page_level_css":"","site-sidebar-layout":"default","site-content-layout":"","ast-site-content-layout":"default","site-content-style":"default","site-sidebar-style":"default","ast-global-header-display":"","ast-banner-title-visibility":"","ast-main-header-display":"","ast-hfb-above-header-display":"","ast-hfb-below-header-display":"","ast-hfb-mobile-header-display":"","site-post-title":"","ast-breadcrumbs-content":"","ast-featured-img":"","footer-sml-layout":"","ast-disable-related-posts":"","theme-transparent-header-meta":"default","adv-header-id-meta":"","stick-header-meta":"","header-above-stick-meta":"","header-main-stick-meta":"","header-below-stick-meta":"","astra-migrate-meta-layouts":"set","ast-page-background-enabled":"default","ast-page-background-meta":{"desktop":{"background-color":"","background-image":"","background-repeat":"repeat","background-position":"center center","background-size":"auto","background-attachment":"scroll","background-type":"","background-media":"","overlay-type":"","overlay-color":"","overlay-opacity":"","overlay-gradient":""},"tablet":{"background-color":"","background-image":"","background-repeat":"repeat","background-position":"center center","background-size":"auto","background-attachment":"scroll","background-type":"","background-media":"","overlay-type":"","overlay-color":"","overlay-opacity":"","overlay-gradient":""},"mobile":{"background-color":"","background-image":"","background-repeat":"repeat","background-position":"center center","background-size":"auto","background-attachment":"scroll","background-type":"","background-media":"","overlay-type":"","overlay-color":"","overlay-opacity":"","overlay-gradient":""}},"ast-content-background-meta":{"desktop":{"background-color":"var(--ast-global-color-5)","background-image":"","background-repeat":"repeat","background-position":"center center","background-size":"auto","background-attachment":"scroll","background-type":"","background-media":"","overlay-type":"","overlay-color":"","overlay-opacity":"","overlay-gradient":""},"tablet":{"background-color":"var(--ast-global-color-5)","background-image":"","background-repeat":"repeat","background-position":"center center","background-size":"auto","background-attachment":"scroll","background-type":"","background-media":"","overlay-type":"","overlay-color":"","overlay-opacity":"","overlay-gradient":""},"mobile":{"background-color":"var(--ast-global-color-5)","background-image":"","background-repeat":"repeat","background-position":"center center","background-size":"auto","background-attachment":"scroll","background-type":"","background-media":"","overlay-type":"","overlay-color":"","overlay-opacity":"","overlay-gradient":""}}},"product_brand":[],"product_cat":[54,42],"product_tag":[70,68,71,69],"class_list":{"0":"post-3152","1":"product","2":"type-product","3":"status-publish","4":"has-post-thumbnail","6":"product_cat-0-to-6months","7":"product_cat-merchandise","8":"product_tag-babypillow","9":"product_tag-cuteanimalpillow","10":"product_tag-headshapesupport","11":"product_tag-kouniushapingpillow","12":"desktop-align-left","13":"tablet-align-left","14":"mobile-align-left","16":"first","17":"instock","18":"featured","19":"shipping-taxable","20":"product-type-simple"},"aioseo_notices":[],"uagb_featured_image_src":{"full":["https:\/\/babypillowwholesale.com\/wp-content\/uploads\/2025\/02\/1122.jpg",1000,1000,false],"thumbnail":["https:\/\/babypillowwholesale.com\/wp-content\/uploads\/2025\/02\/1122-150x150.jpg",150,150,true],"medium":["https:\/\/babypillowwholesale.com\/wp-content\/uploads\/2025\/02\/1122-300x300.jpg",300,300,true],"medium_large":["https:\/\/babypillowwholesale.com\/wp-content\/uploads\/2025\/02\/1122-768x768.jpg",768,768,true],"large":["https:\/\/babypillowwholesale.com\/wp-content\/uploads\/2025\/02\/1122.jpg",1000,1000,false],"1536x1536":["https:\/\/babypillowwholesale.com\/wp-content\/uploads\/2025\/02\/1122.jpg",1000,1000,false],"2048x2048":["https:\/\/babypillowwholesale.com\/wp-content\/uploads\/2025\/02\/1122.jpg",1000,1000,false],"trp-custom-language-flag":["https:\/\/babypillowwholesale.com\/wp-content\/uploads\/2025\/02\/1122.jpg",12,12,false],"woocommerce_thumbnail":["https:\/\/babypillowwholesale.com\/wp-content\/uploads\/2025\/02\/1122-300x300.jpg",300,300,true],"woocommerce_single":["https:\/\/babypillowwholesale.com\/wp-content\/uploads\/2025\/02\/1122-600x600.jpg",600,600,true],"woocommerce_gallery_thumbnail":["https:\/\/babypillowwholesale.com\/wp-content\/uploads\/2025\/02\/1122-100x100.jpg",100,100,true]},"uagb_author_info":{"display_name":"Etnen zhong","author_link":"https:\/\/babypillowwholesale.com\/et\/author\/"},"uagb_comment_info":0,"uagb_excerpt":"The Koala Shaping Pillow is tailored for infants aged 0 to 6 months. Its charming design resembles an adorable animal, which is sure to appeal to both babies and parents. The pillow's ergonomic shape is crafted to gently guide and support a baby's head, promoting proper head shape development. With a convenient size of 26230\/3CM,&hellip;","jetpack_sharing_enabled":true,"_links":{"self":[{"href":"https:\/\/babypillowwholesale.com\/et\/wp-json\/wp\/v2\/product\/3152","targetHints":{"allow":["GET"]}}],"collection":[{"href":"https:\/\/babypillowwholesale.com\/et\/wp-json\/wp\/v2\/product"}],"about":[{"href":"https:\/\/babypillowwholesale.com\/et\/wp-json\/wp\/v2\/types\/product"}],"replies":[{"embeddable":true,"href":"https:\/\/babypillowwholesale.com\/et\/wp-json\/wp\/v2\/comments?post=3152"}],"wp:featuredmedia":[{"embeddable":true,"href":"https:\/\/babypillowwholesale.com\/et\/wp-json\/wp\/v2\/media\/3276"}],"wp:attachment":[{"href":"https:\/\/babypillowwholesale.com\/et\/wp-json\/wp\/v2\/media?parent=3152"}],"wp:term":[{"taxonomy":"product_brand","embeddable":true,"href":"https:\/\/babypillowwholesale.com\/et\/wp-json\/wp\/v2\/product_brand?post=3152"},{"taxonomy":"product_cat","embeddable":true,"href":"https:\/\/babypillowwholesale.com\/et\/wp-json\/wp\/v2\/product_cat?post=3152"},{"taxonomy":"product_tag","embeddable":true,"href":"https:\/\/babypillowwholesale.com\/et\/wp-json\/wp\/v2\/product_tag?post=3152"}],"curies":[{"name":"wp","href":"https:\/\/api.w.org\/{rel}","templated":true}]}}