{"id":1199,"date":"2025-02-17T16:07:49","date_gmt":"2025-02-17T16:07:49","guid":{"rendered":"http:\/\/babypillowwholesale.com\/product\/boho-bangle-bracelet-2\/"},"modified":"2025-06-08T16:23:33","modified_gmt":"2025-06-08T16:23:33","slug":"boho-bangle-bracelet-2","status":"publish","type":"product","link":"https:\/\/babypillowwholesale.com\/et\/product\/boho-bangle-bracelet-2\/","title":{"rendered":"Mickey Karu kujundav padi"},"content":{"rendered":"<p>Tutvustame lummavat Mickey karu kujunduspatja, mis on ideaalne kaaslane, mis on suurep\u00e4raselt loodud 0-6 kuu vanustele imikutele. Selle vastupandamatult armas karu v\u00e4limus ei ole mitte ainult visuaalne nauding, vaid t\u00e4idab ka olulist eesm\u00e4rki teie lapse \u00f5rna pea \u00f5rnalt vormimisel. M\u00f5\u00f5duga 26*23*0\/3CM sobib see mugavalt teie lapse kehak\u00f5veratele, tagades maksimaalse mugavuse. See on saadaval v\u00f5luvas roosas ja rahustavas sinises v\u00e4rvitoonis, mis vastab erinevatele esteetilistele eelistustele. See vormiv padi on mitmek\u00fclgselt kasutatav. P\u00e4evaste uinakute ajal lastetoas aitavad selle pehme tekstuur ja toetav disain teie lapsel l\u00f5\u00f5gastuda ja rahulikult magada. Perereisi ajal saab seda panna lapse autoistmele, pakkudes teie pisikesele tuttavat ja hubast puhkepaika. Isegi l\u00fchikese k\u00fclask\u00e4igu ajal vanavanemate juurde, v\u00f5tke see kompaktne padi lihtsalt kaasa, et luua teie lapsele rahustav unekeskkond. Mickey Bear Shaping Pillow on rohkem kui lihtsalt magamistarvik, see on segu funktsionaalsusest, v\u00f5lususest ja mugavusest, mis on teie beebihooldusvahendite kohustuslik lisa, mis \u00fchendab endas praktilisuse ja pisut maagiat.<\/p>","protected":false},"excerpt":{"rendered":"<p>See Mickey karu kujundav padi on spetsiaalselt m\u00f5eldud 0-6 kuu vanustele beebidele. Oma armas karu kujuga on see v\u00e4ga atraktiivne. Ainulaadne disain aitab beebi pead vormida. Sobiv suurus 26\/<em>3<\/em>0\/3CM sobib lapse kehak\u00f5verale. Saadaval kahes v\u00e4rvitoonis, roosa ja sinine, v\u00f5ib see vastata erinevatele eelistustele. See on praktiline ja armas toode beebi hooldamiseks.<\/p>","protected":false},"featured_media":3275,"comment_status":"open","ping_status":"closed","template":"","meta":{"_uag_custom_page_level_css":"","site-sidebar-layout":"default","site-content-layout":"","ast-site-content-layout":"default","site-content-style":"default","site-sidebar-style":"default","ast-global-header-display":"","ast-banner-title-visibility":"","ast-main-header-display":"","ast-hfb-above-header-display":"","ast-hfb-below-header-display":"","ast-hfb-mobile-header-display":"","site-post-title":"","ast-breadcrumbs-content":"","ast-featured-img":"","footer-sml-layout":"","ast-disable-related-posts":"","theme-transparent-header-meta":"default","adv-header-id-meta":"","stick-header-meta":"","header-above-stick-meta":"","header-main-stick-meta":"","header-below-stick-meta":"","astra-migrate-meta-layouts":"set","ast-page-background-enabled":"default","ast-page-background-meta":{"desktop":{"background-color":"","background-image":"","background-repeat":"repeat","background-position":"center center","background-size":"auto","background-attachment":"scroll","background-type":"","background-media":"","overlay-type":"","overlay-color":"","overlay-opacity":"","overlay-gradient":""},"tablet":{"background-color":"","background-image":"","background-repeat":"repeat","background-position":"center center","background-size":"auto","background-attachment":"scroll","background-type":"","background-media":"","overlay-type":"","overlay-color":"","overlay-opacity":"","overlay-gradient":""},"mobile":{"background-color":"","background-image":"","background-repeat":"repeat","background-position":"center center","background-size":"auto","background-attachment":"scroll","background-type":"","background-media":"","overlay-type":"","overlay-color":"","overlay-opacity":"","overlay-gradient":""}},"ast-content-background-meta":{"desktop":{"background-color":"var(--ast-global-color-5)","background-image":"","background-repeat":"repeat","background-position":"center center","background-size":"auto","background-attachment":"scroll","background-type":"","background-media":"","overlay-type":"","overlay-color":"","overlay-opacity":"","overlay-gradient":""},"tablet":{"background-color":"var(--ast-global-color-5)","background-image":"","background-repeat":"repeat","background-position":"center center","background-size":"auto","background-attachment":"scroll","background-type":"","background-media":"","overlay-type":"","overlay-color":"","overlay-opacity":"","overlay-gradient":""},"mobile":{"background-color":"var(--ast-global-color-5)","background-image":"","background-repeat":"repeat","background-position":"center center","background-size":"auto","background-attachment":"scroll","background-type":"","background-media":"","overlay-type":"","overlay-color":"","overlay-opacity":"","overlay-gradient":""}}},"product_brand":[],"product_cat":[54,42],"product_tag":[70,68,71,69],"class_list":{"0":"post-1199","1":"product","2":"type-product","3":"status-publish","4":"has-post-thumbnail","6":"product_cat-0-to-6months","7":"product_cat-merchandise","8":"product_tag-babypillow","9":"product_tag-cuteanimalpillow","10":"product_tag-headshapesupport","11":"product_tag-kouniushapingpillow","12":"desktop-align-left","13":"tablet-align-left","14":"mobile-align-left","16":"first","17":"instock","18":"shipping-taxable","19":"product-type-simple"},"aioseo_notices":[],"uagb_featured_image_src":{"full":["https:\/\/babypillowwholesale.com\/wp-content\/uploads\/2025\/02\/1119.jpg",1000,1000,false],"thumbnail":["https:\/\/babypillowwholesale.com\/wp-content\/uploads\/2025\/02\/1119-150x150.jpg",150,150,true],"medium":["https:\/\/babypillowwholesale.com\/wp-content\/uploads\/2025\/02\/1119-300x300.jpg",300,300,true],"medium_large":["https:\/\/babypillowwholesale.com\/wp-content\/uploads\/2025\/02\/1119-768x768.jpg",768,768,true],"large":["https:\/\/babypillowwholesale.com\/wp-content\/uploads\/2025\/02\/1119.jpg",1000,1000,false],"1536x1536":["https:\/\/babypillowwholesale.com\/wp-content\/uploads\/2025\/02\/1119.jpg",1000,1000,false],"2048x2048":["https:\/\/babypillowwholesale.com\/wp-content\/uploads\/2025\/02\/1119.jpg",1000,1000,false],"trp-custom-language-flag":["https:\/\/babypillowwholesale.com\/wp-content\/uploads\/2025\/02\/1119.jpg",12,12,false],"woocommerce_thumbnail":["https:\/\/babypillowwholesale.com\/wp-content\/uploads\/2025\/02\/1119-300x300.jpg",300,300,true],"woocommerce_single":["https:\/\/babypillowwholesale.com\/wp-content\/uploads\/2025\/02\/1119-600x600.jpg",600,600,true],"woocommerce_gallery_thumbnail":["https:\/\/babypillowwholesale.com\/wp-content\/uploads\/2025\/02\/1119-100x100.jpg",100,100,true]},"uagb_author_info":{"display_name":"Etnen zhong","author_link":"https:\/\/babypillowwholesale.com\/et\/author\/"},"uagb_comment_info":0,"uagb_excerpt":"This Mickey Bear Shaping Pillow is specially designed for babies aged 0 to 6 months. With its cute bear - shaped appearance, it's very attractive. The unique design helps to shape the baby's head. The appropriate size of 26\/30\/3CM fits the baby's body curve. Available in two colors, pink and blue, it can meet different&hellip;","jetpack_sharing_enabled":true,"_links":{"self":[{"href":"https:\/\/babypillowwholesale.com\/et\/wp-json\/wp\/v2\/product\/1199","targetHints":{"allow":["GET"]}}],"collection":[{"href":"https:\/\/babypillowwholesale.com\/et\/wp-json\/wp\/v2\/product"}],"about":[{"href":"https:\/\/babypillowwholesale.com\/et\/wp-json\/wp\/v2\/types\/product"}],"replies":[{"embeddable":true,"href":"https:\/\/babypillowwholesale.com\/et\/wp-json\/wp\/v2\/comments?post=1199"}],"wp:featuredmedia":[{"embeddable":true,"href":"https:\/\/babypillowwholesale.com\/et\/wp-json\/wp\/v2\/media\/3275"}],"wp:attachment":[{"href":"https:\/\/babypillowwholesale.com\/et\/wp-json\/wp\/v2\/media?parent=1199"}],"wp:term":[{"taxonomy":"product_brand","embeddable":true,"href":"https:\/\/babypillowwholesale.com\/et\/wp-json\/wp\/v2\/product_brand?post=1199"},{"taxonomy":"product_cat","embeddable":true,"href":"https:\/\/babypillowwholesale.com\/et\/wp-json\/wp\/v2\/product_cat?post=1199"},{"taxonomy":"product_tag","embeddable":true,"href":"https:\/\/babypillowwholesale.com\/et\/wp-json\/wp\/v2\/product_tag?post=1199"}],"curies":[{"name":"wp","href":"https:\/\/api.w.org\/{rel}","templated":true}]}}