{"id":60,"date":"2025-02-17T16:07:49","date_gmt":"2025-02-17T16:07:49","guid":{"rendered":"http:\/\/babypillowwholesale.com\/contact-us\/"},"modified":"2025-06-17T15:13:05","modified_gmt":"2025-06-17T15:13:05","slug":"contact-us","status":"publish","type":"page","link":"https:\/\/babypillowwholesale.com\/et\/contact-us\/","title":{"rendered":"V\u00f5tke meiega \u00fchendust"},"content":{"rendered":"<div class=\"wp-block-uagb-container uagb-block-4ea82442 alignfull uagb-is-root-container\"><div class=\"uagb-container-inner-blocks-wrap\">\n<div class=\"wp-block-uagb-advanced-heading uagb-block-5cb667a4\"><h1 class=\"uagb-heading-text\">V\u00f5tke meiega \u00fchendust<\/h1><\/div>\n<\/div><\/div>\n\n\n\n<div class=\"wp-block-uagb-container uagb-block-cb631c61 alignfull uagb-is-root-container\"><div class=\"uagb-container-inner-blocks-wrap\">\n<div class=\"wp-block-uagb-info-box uagb-block-e36be1b3 uagb-infobox__content-wrap  uagb-infobox-icon-above-title uagb-infobox-image-valign-top\"><div class=\"uagb-ifb-content\"><div class=\"uagb-ifb-title-wrap\"><h5 class=\"uagb-ifb-title-prefix\">Kas teil on k\u00fcsimusi?<\/h5><h2 class=\"uagb-ifb-title\">Me oleme siin, et aidata.<\/h2><\/div><div class=\"uagb-ifb-separator\"><\/div><\/div><\/div>\n\n\n\n<div class=\"wp-block-uagb-container uagb-block-8d478d84\">\n<div class=\"wp-block-uagb-container uagb-block-ad318174\">\n<div class=\"wp-block-uagb-advanced-heading uagb-block-803a4c96\"><h3 class=\"uagb-heading-text\">M\u00fc\u00fck<\/h3><p class=\"uagb-desc-text\">Saate eksklusiivseid hulgim\u00fc\u00fcgi hinnapakkumisi ja tootekonsultatsioone. Meie p\u00fchendunud meeskond pakub 1-on-1 tuge hulgitellimuste puhul.<\/p><\/div>\n<\/div>\n\n\n\n<div class=\"wp-block-uagb-container uagb-block-eedc770c\">\n<div class=\"wp-block-uagb-advanced-heading uagb-block-0152d9d2\"><h3 class=\"uagb-heading-text\">Kaebused<\/h3><p class=\"uagb-desc-text\">Teie rahulolu on meie prioriteet! Me reageerime ja lahendame toote- v\u00f5i teenusek\u00fcsimused 24 tunni jooksul.<\/p><\/div>\n<\/div>\n\n\n\n<div class=\"wp-block-uagb-container uagb-block-bbac4cb6\">\n<div class=\"wp-block-uagb-advanced-heading uagb-block-425262b5\"><h3 class=\"uagb-heading-text\">Tagastab<\/h3><p class=\"uagb-desc-text\">Probleemivaba tagastus\u00f5igus: 30-p\u00e4evane tagastamine ilma k\u00fcsimusteta. Esitage taotlused internetis ja tagasimaksed t\u00f6\u00f6deldakse koheselt.<\/p><\/div>\n<\/div>\n\n\n\n<div class=\"wp-block-uagb-container uagb-block-78f5ccad\">\n<div class=\"wp-block-uagb-advanced-heading uagb-block-1e9a5949\"><h3 class=\"uagb-heading-text\">Turundus<\/h3><p class=\"uagb-desc-text\">Uurige kaubam\u00e4rkide koost\u00f6\u00f6d ja reklaamiv\u00f5imalusi. Kohandatud \u00fchised turundusplaanid ja juurdep\u00e4\u00e4s \u00fclemaailmsetele emade ja v\u00e4ikelaste kanalitele.<\/p><\/div>\n<\/div>\n<\/div>\n<\/div><\/div>\n\n\n\n<div class=\"wp-block-uagb-container uagb-block-18f504cd alignfull uagb-is-root-container\"><div class=\"uagb-container-inner-blocks-wrap\">\n<div class=\"wp-block-uagb-container uagb-block-4ca7ddd7\">\n<div class=\"wp-block-uagb-info-box uagb-block-5df65d14 uagb-infobox__content-wrap  uagb-infobox-icon-above-title uagb-infobox-image-valign-top wp-block-uagb-info-box--has-margin\"><div class=\"uagb-infobox-margin-wrapper\"><div class=\"uagb-ifb-content\"><div class=\"uagb-ifb-title-wrap\"><h6 class=\"uagb-ifb-title-prefix\">\u00c4ra ole v\u00f5\u00f5ras!<\/h6><h2 class=\"uagb-ifb-title\">Te \u00fctlete meile. Me kuulame.<\/h2><\/div><p class=\"uagb-ifb-desc\">Olgu tegemist siis tooteettepanekute, teenuse tagasiside v\u00f5i loomingulise koost\u00f6\u00f6ga, me hindame iga h\u00e4\u00e4lt. Esitage vorm v\u00f5i v\u00f5tke meiega otse \u00fchendust ja meie meeskond annab \u00fcksikasjaliku vastuse 12 tunni jooksul.<\/p><\/div><\/div><\/div>\n\n\n\n<div class=\"wp-block-uagb-info-box uagb-block-c6d7e24b uagb-infobox__content-wrap  uagb-infobox-icon-above-title uagb-infobox-image-valign-top\"><div class=\"uagb-ifb-content\"><div class=\"uagb-ifb-title-wrap\"><h3 class=\"uagb-ifb-title\">Ettev\u00f5tte teave<\/h3><\/div><p class=\"uagb-ifb-desc\"><strong>Nimi<\/strong>: Hangzhou Ethen Children's Products Co., Ltd.<br><strong>E-post<\/strong>:info@babypillowwholesale.com<br><strong>telefoninumber<\/strong>:+8618479804836<br><strong>aadress<\/strong>:Gaoqiao Industrial Park, Cangqian Street, Yuhang District, Hangzhou City<\/p><\/div><\/div>\n<\/div>\n\n\n\n<div class=\"wp-block-uagb-container uagb-block-7092669b\">\n<div class=\"wp-block-uagb-forms uagb-forms__outer-wrap uagb-block-c6fb3c47 uagb-forms__medium-btn\"><form class=\"uagb-forms-main-form\" method=\"post\" autocomplete=\"on\" name=\"uagb-form-c6fb3c47\" action=\"\">\n<div class=\"wp-block-uagb-forms-name uagb-forms-name-wrap uagb-forms-field-set uagb-block-d5b9304d\"><div class=\"uagb-forms-name-label required uagb-forms-input-label\" id=\"d5b9304d\">Eesnimi<\/div><input type=\"text\" placeholder=\"John\" required class=\"uagb-forms-name-input uagb-forms-input\" name=\"d5b9304d\" autocomplete=\"given-name\"\/><\/div>\n\n\n\n<div class=\"wp-block-uagb-forms-name uagb-forms-name-wrap uagb-forms-field-set uagb-block-0bbc98a6\"><div class=\"uagb-forms-name-label required uagb-forms-input-label\" id=\"0bbc98a6\">Perekonnanimi<\/div><input type=\"text\" placeholder=\"Doe\" required class=\"uagb-forms-name-input uagb-forms-input\" name=\"0bbc98a6\" autocomplete=\"family-name\"\/><\/div>\n\n\n\n<div class=\"wp-block-uagb-forms-email uagb-forms-email-wrap uagb-forms-field-set uagb-block-067e5284\"><div class=\"uagb-forms-email-label  uagb-forms-input-label\" id=\"067e5284\">E-post<\/div><input type=\"email\" class=\"uagb-forms-email-input uagb-forms-input\" placeholder=\"example@mail.com\" name=\"067e5284\" autocomplete=\"email\"\/><\/div>\n\n\n\n<div class=\"wp-block-uagb-forms-textarea uagb-forms-textarea-wrap uagb-forms-field-set uagb-block-a32de756\"><div class=\"uagb-forms-textarea-label required uagb-forms-input-label\" id=\"a32de756\">S\u00f5num<\/div><textarea required class=\"uagb-forms-textarea-input uagb-forms-input\" rows=\"4\" placeholder=\"Sisestage oma s\u00f5num\" name=\"a32de756\" autocomplete=\"off\"><\/textarea><\/div>\n<div class=\"uagb-forms-form-hidden-data\"><input type=\"hidden\" class=\"uagb_forms_form_label\" value=\"Spectra Form\"\/><input type=\"hidden\" class=\"uagb_forms_form_id\" value=\"uagb-form-c6fb3c47\"\/><\/div><div class=\"uagb-form-reacaptcha-error-c6fb3c47\"><\/div><div class=\"uagb-forms-main-submit-button-wrap wp-block-button\"><button class=\"uagb-forms-main-submit-button wp-block-button__link\"><div class=\"uagb-forms-main-submit-button-text\">Esita<\/div><\/button><\/div><input type=\"hidden\" name=\"trp-form-language\" value=\"et\"\/><\/form><div class=\"uagb-forms-success-message-c6fb3c47 uagb-forms-submit-message-hide\"><span>Vorm on edukalt esitatud!<\/span><\/div><div class=\"uagb-forms-failed-message-c6fb3c47 uagb-forms-submit-message-hide\"><span>Vormi esitamisel on tekkinud mingi viga. Palun kontrollige uuesti k\u00f5iki vormiv\u00e4lju.<\/span><\/div><\/div>\n<\/div>\n<\/div><\/div>","protected":false},"excerpt":{"rendered":"<p>Contact Us Sales Get exclusive wholesale quotes and product consultations. Our dedicated team provides 1-on-1 support for bulk orders. Complaints Your satisfaction is our priority! We respond to and resolve product or service issues within 24 hours. Returns Hassle-free return policy: 30-day no-questions-asked returns. Submit requests online, and refunds are processed instantly. Marketing Explore brand [&hellip;]<\/p>","protected":false},"author":1,"featured_media":0,"parent":0,"menu_order":0,"comment_status":"closed","ping_status":"closed","template":"","meta":{"_uag_custom_page_level_css":"","site-sidebar-layout":"no-sidebar","site-content-layout":"plain-container","ast-site-content-layout":"full-width-container","site-content-style":"default","site-sidebar-style":"default","ast-global-header-display":"","ast-banner-title-visibility":"","ast-main-header-display":"","ast-hfb-above-header-display":"","ast-hfb-below-header-display":"","ast-hfb-mobile-header-display":"","site-post-title":"disabled","ast-breadcrumbs-content":"","ast-featured-img":"","footer-sml-layout":"","ast-disable-related-posts":"","theme-transparent-header-meta":"enabled","adv-header-id-meta":"","stick-header-meta":"","header-above-stick-meta":"","header-main-stick-meta":"","header-below-stick-meta":"","astra-migrate-meta-layouts":"set","ast-page-background-enabled":"default","ast-page-background-meta":{"desktop":{"background-color":"","background-image":"","background-repeat":"repeat","background-position":"center center","background-size":"auto","background-attachment":"scroll","background-type":"","background-media":"","overlay-type":"","overlay-color":"","overlay-opacity":"","overlay-gradient":""},"tablet":{"background-color":"","background-image":"","background-repeat":"repeat","background-position":"center center","background-size":"auto","background-attachment":"scroll","background-type":"","background-media":"","overlay-type":"","overlay-color":"","overlay-opacity":"","overlay-gradient":""},"mobile":{"background-color":"","background-image":"","background-repeat":"repeat","background-position":"center center","background-size":"auto","background-attachment":"scroll","background-type":"","background-media":"","overlay-type":"","overlay-color":"","overlay-opacity":"","overlay-gradient":""}},"ast-content-background-meta":{"desktop":{"background-color":"var(--ast-global-color-5)","background-image":"","background-repeat":"repeat","background-position":"center center","background-size":"auto","background-attachment":"scroll","background-type":"","background-media":"","overlay-type":"","overlay-color":"","overlay-opacity":"","overlay-gradient":""},"tablet":{"background-color":"var(--ast-global-color-5)","background-image":"","background-repeat":"repeat","background-position":"center center","background-size":"auto","background-attachment":"scroll","background-type":"","background-media":"","overlay-type":"","overlay-color":"","overlay-opacity":"","overlay-gradient":""},"mobile":{"background-color":"var(--ast-global-color-5)","background-image":"","background-repeat":"repeat","background-position":"center center","background-size":"auto","background-attachment":"scroll","background-type":"","background-media":"","overlay-type":"","overlay-color":"","overlay-opacity":"","overlay-gradient":""}},"footnotes":""},"class_list":["post-60","page","type-page","status-publish","hentry"],"aioseo_notices":[],"uagb_featured_image_src":{"full":false,"thumbnail":false,"medium":false,"medium_large":false,"large":false,"1536x1536":false,"2048x2048":false,"trp-custom-language-flag":false,"woocommerce_thumbnail":false,"woocommerce_single":false,"woocommerce_gallery_thumbnail":false},"uagb_author_info":{"display_name":"Etnen zhong","author_link":"https:\/\/babypillowwholesale.com\/et\/author\/qq399438967gmail-com\/"},"uagb_comment_info":0,"uagb_excerpt":"Contact Us Sales Get exclusive wholesale quotes and product consultations. Our dedicated team provides 1-on-1 support for bulk orders. Complaints Your satisfaction is our priority! We respond to and resolve product or service issues within 24 hours. Returns Hassle-free return policy: 30-day no-questions-asked returns. Submit requests online, and refunds are processed instantly. Marketing Explore brand&hellip;","jetpack_sharing_enabled":true,"_links":{"self":[{"href":"https:\/\/babypillowwholesale.com\/et\/wp-json\/wp\/v2\/pages\/60","targetHints":{"allow":["GET"]}}],"collection":[{"href":"https:\/\/babypillowwholesale.com\/et\/wp-json\/wp\/v2\/pages"}],"about":[{"href":"https:\/\/babypillowwholesale.com\/et\/wp-json\/wp\/v2\/types\/page"}],"author":[{"embeddable":true,"href":"https:\/\/babypillowwholesale.com\/et\/wp-json\/wp\/v2\/users\/1"}],"replies":[{"embeddable":true,"href":"https:\/\/babypillowwholesale.com\/et\/wp-json\/wp\/v2\/comments?post=60"}],"version-history":[{"count":18,"href":"https:\/\/babypillowwholesale.com\/et\/wp-json\/wp\/v2\/pages\/60\/revisions"}],"predecessor-version":[{"id":3815,"href":"https:\/\/babypillowwholesale.com\/et\/wp-json\/wp\/v2\/pages\/60\/revisions\/3815"}],"wp:attachment":[{"href":"https:\/\/babypillowwholesale.com\/et\/wp-json\/wp\/v2\/media?parent=60"}],"curies":[{"name":"wp","href":"https:\/\/api.w.org\/{rel}","templated":true}]}}