{"id":3495,"date":"2025-04-19T12:29:32","date_gmt":"2025-04-19T12:29:32","guid":{"rendered":"https:\/\/babypillowwholesale.com\/?post_type=product&#038;p=3495"},"modified":"2025-06-05T14:31:06","modified_gmt":"2025-06-05T14:31:06","slug":"memory-foam-pillow-ingot-shaped-pillow-core","status":"publish","type":"product","link":"https:\/\/babypillowwholesale.com\/es\/product\/memory-foam-pillow-ingot-shaped-pillow-core\/","title":{"rendered":"Almohada de espuma viscoel\u00e1stica - Lingote - n\u00facleo en forma de almohada"},"content":{"rendered":"<div class=\"auto-hide-last-sibling-br paragraph-qzbcQC paragraph-element br-paragraph-space\">\n<div class=\"auto-hide-last-sibling-br paragraph-qzbcQC paragraph-element br-paragraph-space\">\n<div class=\"auto-hide-last-sibling-br paragraph-qzbcQC paragraph-element br-paragraph-space\">\n<div class=\"auto-hide-last-sibling-br paragraph-qzbcQC paragraph-element br-paragraph-space\">\n<div class=\"inter-wlTS5w\" data-immersive-translate-walked=\"d12d8f94-b8ff-4d99-b7de-4fecb356978f\">\n<div class=\"container-QE4ayg\">\n<div class=\"item-jU10IN\">\n<div class=\"container-jODEnh chrome70-container\">\n<div class=\"inner-eE95c9 inner-item-aL3Ui_\" data-target-id=\"message-box-target-id\" data-testid=\"union_message\">\n<div class=\"message-block-container-liuetz\" data-testid=\"message-block-container\">\n<div class=\"message-box-ZWbBdF\" data-testid=\"receive_message\" data-message-id=\"3380063449561346\">\n<div class=\"message-box-content-wrapper-srHdUj\">\n<div class=\"message-content message-box-content-otxGGw receive-message-box-content-_lREFj samantha-message-box-content-Qjmpja\" data-testid=\"message_content\">\n<div class=\"container-hfX5E8 flow-markdown-body theme-samantha-yJEgBp\" dir=\"ltr\" data-testid=\"message_text_content\" data-show-indicator=\"false\">\n<div class=\"auto-hide-last-sibling-br paragraph-qzbcQC paragraph-element br-paragraph-space\">Esta almohada de espuma con memoria de forma de lingote, meticulosamente dise\u00f1ada para beb\u00e9s de 0 a 6 meses, ofrece una oportunidad de personalizaci\u00f3n sin igual. Estamos especializados en la creaci\u00f3n de dise\u00f1os exclusivos y llamativos adaptados a sus necesidades concretas. Por ejemplo, si desea un tema de \"hadas de jard\u00edn\", podemos crear delicadas figuras de hadas revoloteando entre rosas y margaritas en flor, con peque\u00f1as mariquitas y abejorros que a\u00f1aden un toque alegre. O para un motivo de \"aventuras espaciales\", imagina simp\u00e1ticos cohetes que vuelan entre estrellas centelleantes y lunas sonrientes, despertando la imaginaci\u00f3n del beb\u00e9. Estos motivos personalizados y exquisitamente elaborados no s\u00f3lo realzan el atractivo visual, sino que transforman el n\u00facleo de la almohada en una obra maestra \u00fanica. Estos dise\u00f1os tan distintivos har\u00e1n que su producto destaque en el mercado, cautivando a los clientes y aumentando significativamente las ventas. Con nuestro servicio, no s\u00f3lo ofrecer\u00e1 un producto, sino un tesoro \u00fanico en su especie, que atraer\u00e1 a los padres que buscan tanto la m\u00e1xima calidad como el encanto est\u00e9tico.<\/div>\n<\/div>\n<\/div>\n<\/div>\n<\/div>\n<\/div>\n<\/div>\n<\/div>\n<\/div>\n<\/div>\n<\/div>\n<\/div>\n<\/div>\n<\/div>\n<\/div>","protected":false},"excerpt":{"rendered":"<div class=\"auto-hide-last-sibling-br paragraph-qzbcQC paragraph-element br-paragraph-space\">Esta almohada de espuma con memoria de forma de lingote, dise\u00f1ada para beb\u00e9s de 0 a 6 meses, ofrece una fant\u00e1stica oportunidad de personalizaci\u00f3n. Podemos crear dise\u00f1os exquisitos y llamativos adaptados a sus necesidades espec\u00edficas. Ya sean adorables motivos animales, elegantes dise\u00f1os florales o cualquier otro concepto creativo que usted imagine, estos dise\u00f1os personalizados elevar\u00e1n el atractivo visual del n\u00facleo de almohada. Estos dise\u00f1os \u00fanicos ayudar\u00e1n a que su producto destaque en el mercado, atrayendo a m\u00e1s clientes y dando un impulso significativo a sus ventas. Con nuestro servicio de personalizaci\u00f3n, podr\u00e1 ofrecer un producto distintivo y encantador que atraiga a los padres que buscan tanto calidad como atractivo est\u00e9tico.<\/div>","protected":false},"featured_media":3502,"comment_status":"open","ping_status":"closed","template":"","meta":{"_uag_custom_page_level_css":"","site-sidebar-layout":"default","site-content-layout":"","ast-site-content-layout":"default","site-content-style":"default","site-sidebar-style":"default","ast-global-header-display":"","ast-banner-title-visibility":"","ast-main-header-display":"","ast-hfb-above-header-display":"","ast-hfb-below-header-display":"","ast-hfb-mobile-header-display":"","site-post-title":"","ast-breadcrumbs-content":"","ast-featured-img":"","footer-sml-layout":"","ast-disable-related-posts":"","theme-transparent-header-meta":"default","adv-header-id-meta":"","stick-header-meta":"","header-above-stick-meta":"","header-main-stick-meta":"","header-below-stick-meta":"","astra-migrate-meta-layouts":"set","ast-page-background-enabled":"default","ast-page-background-meta":{"desktop":{"background-color":"","background-image":"","background-repeat":"repeat","background-position":"center center","background-size":"auto","background-attachment":"scroll","background-type":"","background-media":"","overlay-type":"","overlay-color":"","overlay-opacity":"","overlay-gradient":""},"tablet":{"background-color":"","background-image":"","background-repeat":"repeat","background-position":"center center","background-size":"auto","background-attachment":"scroll","background-type":"","background-media":"","overlay-type":"","overlay-color":"","overlay-opacity":"","overlay-gradient":""},"mobile":{"background-color":"","background-image":"","background-repeat":"repeat","background-position":"center center","background-size":"auto","background-attachment":"scroll","background-type":"","background-media":"","overlay-type":"","overlay-color":"","overlay-opacity":"","overlay-gradient":""}},"ast-content-background-meta":{"desktop":{"background-color":"var(--ast-global-color-5)","background-image":"","background-repeat":"repeat","background-position":"center center","background-size":"auto","background-attachment":"scroll","background-type":"","background-media":"","overlay-type":"","overlay-color":"","overlay-opacity":"","overlay-gradient":""},"tablet":{"background-color":"var(--ast-global-color-5)","background-image":"","background-repeat":"repeat","background-position":"center center","background-size":"auto","background-attachment":"scroll","background-type":"","background-media":"","overlay-type":"","overlay-color":"","overlay-opacity":"","overlay-gradient":""},"mobile":{"background-color":"var(--ast-global-color-5)","background-image":"","background-repeat":"repeat","background-position":"center center","background-size":"auto","background-attachment":"scroll","background-type":"","background-media":"","overlay-type":"","overlay-color":"","overlay-opacity":"","overlay-gradient":""}}},"product_brand":[],"product_cat":[65,32],"product_tag":[70,68,71,69],"class_list":{"0":"post-3495","1":"product","2":"type-product","3":"status-publish","4":"has-post-thumbnail","6":"product_cat-0-to-6months-oem","7":"product_cat-customize","8":"product_tag-babypillow","9":"product_tag-cuteanimalpillow","10":"product_tag-headshapesupport","11":"product_tag-kouniushapingpillow","12":"desktop-align-left","13":"tablet-align-left","14":"mobile-align-left","16":"first","17":"instock","18":"shipping-taxable","19":"product-type-simple"},"aioseo_notices":[],"uagb_featured_image_src":{"full":["https:\/\/babypillowwholesale.com\/wp-content\/uploads\/2025\/04\/0007.jpg",1000,1000,false],"thumbnail":["https:\/\/babypillowwholesale.com\/wp-content\/uploads\/2025\/04\/0007-150x150.jpg",150,150,true],"medium":["https:\/\/babypillowwholesale.com\/wp-content\/uploads\/2025\/04\/0007-300x300.jpg",300,300,true],"medium_large":["https:\/\/babypillowwholesale.com\/wp-content\/uploads\/2025\/04\/0007-768x768.jpg",768,768,true],"large":["https:\/\/babypillowwholesale.com\/wp-content\/uploads\/2025\/04\/0007.jpg",1000,1000,false],"1536x1536":["https:\/\/babypillowwholesale.com\/wp-content\/uploads\/2025\/04\/0007.jpg",1000,1000,false],"2048x2048":["https:\/\/babypillowwholesale.com\/wp-content\/uploads\/2025\/04\/0007.jpg",1000,1000,false],"trp-custom-language-flag":["https:\/\/babypillowwholesale.com\/wp-content\/uploads\/2025\/04\/0007.jpg",12,12,false],"woocommerce_thumbnail":["https:\/\/babypillowwholesale.com\/wp-content\/uploads\/2025\/04\/0007-300x300.jpg",300,300,true],"woocommerce_single":["https:\/\/babypillowwholesale.com\/wp-content\/uploads\/2025\/04\/0007-600x600.jpg",600,600,true],"woocommerce_gallery_thumbnail":["https:\/\/babypillowwholesale.com\/wp-content\/uploads\/2025\/04\/0007-100x100.jpg",100,100,true]},"uagb_author_info":{"display_name":"Etnen zhong","author_link":"https:\/\/babypillowwholesale.com\/es\/author\/"},"uagb_comment_info":0,"uagb_excerpt":"This Memory Foam Pillow - Ingot - shaped Pillow Core, designed for babies aged 0 - 6 months, offers a fantastic opportunity for customization. We can craft exquisite, eye - catching patterns tailored to your specific needs. Whether it\u2019s adorable animal motifs, elegant floral designs, or any other creative concepts you envision, these personalized patterns&hellip;","jetpack_sharing_enabled":true,"_links":{"self":[{"href":"https:\/\/babypillowwholesale.com\/es\/wp-json\/wp\/v2\/product\/3495","targetHints":{"allow":["GET"]}}],"collection":[{"href":"https:\/\/babypillowwholesale.com\/es\/wp-json\/wp\/v2\/product"}],"about":[{"href":"https:\/\/babypillowwholesale.com\/es\/wp-json\/wp\/v2\/types\/product"}],"replies":[{"embeddable":true,"href":"https:\/\/babypillowwholesale.com\/es\/wp-json\/wp\/v2\/comments?post=3495"}],"wp:featuredmedia":[{"embeddable":true,"href":"https:\/\/babypillowwholesale.com\/es\/wp-json\/wp\/v2\/media\/3502"}],"wp:attachment":[{"href":"https:\/\/babypillowwholesale.com\/es\/wp-json\/wp\/v2\/media?parent=3495"}],"wp:term":[{"taxonomy":"product_brand","embeddable":true,"href":"https:\/\/babypillowwholesale.com\/es\/wp-json\/wp\/v2\/product_brand?post=3495"},{"taxonomy":"product_cat","embeddable":true,"href":"https:\/\/babypillowwholesale.com\/es\/wp-json\/wp\/v2\/product_cat?post=3495"},{"taxonomy":"product_tag","embeddable":true,"href":"https:\/\/babypillowwholesale.com\/es\/wp-json\/wp\/v2\/product_tag?post=3495"}],"curies":[{"name":"wp","href":"https:\/\/api.w.org\/{rel}","templated":true}]}}