{"id":3485,"date":"2025-04-19T02:35:27","date_gmt":"2025-04-19T02:35:27","guid":{"rendered":"https:\/\/babypillowwholesale.com\/?post_type=product&#038;p=3485"},"modified":"2025-06-05T14:53:09","modified_gmt":"2025-06-05T14:53:09","slug":"memory-foam-pillow-thick-bear-shaped-pillow-core","status":"publish","type":"product","link":"https:\/\/babypillowwholesale.com\/es\/product\/memory-foam-pillow-thick-bear-shaped-pillow-core\/","title":{"rendered":"Almohada de espuma con memoria - Oso grueso - n\u00facleo en forma de almohada"},"content":{"rendered":"<div class=\"auto-hide-last-sibling-br paragraph-qzbcQC paragraph-element br-paragraph-space\">\n<div class=\"auto-hide-last-sibling-br paragraph-qzbcQC paragraph-element br-paragraph-space\">Esta almohada de espuma viscoel\u00e1stica con n\u00facleo grueso en forma de oso, dise\u00f1ada especialmente para beb\u00e9s de 0 a 6 meses, es un modelo \u00fanico y personalizable. Su encantadora silueta en forma de oso no es s\u00f3lo una bonita elecci\u00f3n de dise\u00f1o; es un punto de partida para crear un accesorio para beb\u00e9 \u00fanico en su especie.<\/div>\n<p>&nbsp;<\/p>\n<div class=\"auto-hide-last-sibling-br paragraph-qzbcQC paragraph-element br-paragraph-space\">Los orificios de ventilaci\u00f3n, una caracter\u00edstica funcional clave, no est\u00e1n grabados en piedra. Podemos ajustar meticulosamente su n\u00famero y dimensiones, afinando la transpirabilidad del n\u00facleo de la almohada para satisfacer las necesidades espec\u00edficas de confort de su beb\u00e9. Es un nivel de personalizaci\u00f3n que va m\u00e1s all\u00e1 de lo ordinario, garantizando una circulaci\u00f3n de aire \u00f3ptima para el pl\u00e1cido sue\u00f1o de su peque\u00f1o.<\/div>\n<p>&nbsp;<\/p>\n<div class=\"auto-hide-last-sibling-br paragraph-qzbcQC paragraph-element br-paragraph-space\">En cuanto a la apariencia, las posibilidades son tan ilimitadas como su imaginaci\u00f3n. Utilizando s\u00f3lo los pigmentos m\u00e1s seguros y no t\u00f3xicos, podemos transformar el \"pelaje\" del oso en una explosi\u00f3n de colores. Imag\u00ednese un oso con un pelaje de los tonos pastel m\u00e1s suaves, que evoca una sensaci\u00f3n de tranquilidad, o uno adornado con tonos brillantes y alegres para despertar la curiosidad de su beb\u00e9. No se trata s\u00f3lo de est\u00e9tica, sino de crear una experiencia visual que tranquilice y estimule a partes iguales.<\/div>\n<p>&nbsp;<\/p>\n<div class=\"auto-hide-last-sibling-br paragraph-qzbcQC paragraph-element br-paragraph-space\">Pero la personalizaci\u00f3n no acaba ah\u00ed. Podemos a\u00f1adir adornos encantadores, como ojos bordados a mano que parecen brillar con calidez, o una nariz cosida que da al oso un toque de encanto real. Estos peque\u00f1os detalles no son s\u00f3lo decorativos, sino que transforman el n\u00facleo de la almohada de un simple accesorio en un entra\u00f1able compa\u00f1ero para su beb\u00e9.<\/div>\n<p>&nbsp;<\/p>\n<div class=\"auto-hide-last-sibling-br paragraph-qzbcQC paragraph-element br-paragraph-space\">Con esta almohada de espuma viscoel\u00e1stica con forma de oso grueso, no s\u00f3lo adquiere un producto, sino que crea un refugio personalizado de comodidad y ternura, un recuerdo que ocupar\u00e1 un lugar especial en los primeros recuerdos de su beb\u00e9.<\/div>\n<\/div>","protected":false},"excerpt":{"rendered":"<p>Esta almohada de espuma viscoel\u00e1stica con n\u00facleo grueso en forma de oso, dise\u00f1ada para beb\u00e9s de 0 a 6 meses, ofrece un amplio potencial de personalizaci\u00f3n y dise\u00f1o. Su adorable forma de oso sirve de encantadora base para una mayor personalizaci\u00f3n. El n\u00famero y el tama\u00f1o de los orificios de ventilaci\u00f3n pueden ajustarse seg\u00fan las necesidades espec\u00edficas, optimizando la transpirabilidad. En cuanto a la apariencia, se pueden utilizar colores no t\u00f3xicos y seguros para los beb\u00e9s para pintar el \"pelaje\" del oso, creando una gran variedad de simp\u00e1ticas combinaciones de colores, como un oso de colores pastel suaves para un aspecto tierno o uno m\u00e1s vibrante para un toque juguet\u00f3n. Adem\u00e1s, se pueden a\u00f1adir peque\u00f1os adornos, como ojos bordados o una nariz cosida, para que la forma del oso sea m\u00e1s viva y entra\u00f1able. Esta personalizaci\u00f3n permite a los padres crear un n\u00facleo de almohada \u00fanico y especial que no s\u00f3lo cumple los requisitos funcionales, sino que tambi\u00e9n se convierte en un entra\u00f1able recuerdo para sus peque\u00f1os.<\/p>","protected":false},"featured_media":3486,"comment_status":"open","ping_status":"closed","template":"","meta":{"_uag_custom_page_level_css":"","site-sidebar-layout":"default","site-content-layout":"","ast-site-content-layout":"default","site-content-style":"default","site-sidebar-style":"default","ast-global-header-display":"","ast-banner-title-visibility":"","ast-main-header-display":"","ast-hfb-above-header-display":"","ast-hfb-below-header-display":"","ast-hfb-mobile-header-display":"","site-post-title":"","ast-breadcrumbs-content":"","ast-featured-img":"","footer-sml-layout":"","ast-disable-related-posts":"","theme-transparent-header-meta":"default","adv-header-id-meta":"","stick-header-meta":"","header-above-stick-meta":"","header-main-stick-meta":"","header-below-stick-meta":"","astra-migrate-meta-layouts":"set","ast-page-background-enabled":"default","ast-page-background-meta":{"desktop":{"background-color":"","background-image":"","background-repeat":"repeat","background-position":"center center","background-size":"auto","background-attachment":"scroll","background-type":"","background-media":"","overlay-type":"","overlay-color":"","overlay-opacity":"","overlay-gradient":""},"tablet":{"background-color":"","background-image":"","background-repeat":"repeat","background-position":"center center","background-size":"auto","background-attachment":"scroll","background-type":"","background-media":"","overlay-type":"","overlay-color":"","overlay-opacity":"","overlay-gradient":""},"mobile":{"background-color":"","background-image":"","background-repeat":"repeat","background-position":"center center","background-size":"auto","background-attachment":"scroll","background-type":"","background-media":"","overlay-type":"","overlay-color":"","overlay-opacity":"","overlay-gradient":""}},"ast-content-background-meta":{"desktop":{"background-color":"var(--ast-global-color-5)","background-image":"","background-repeat":"repeat","background-position":"center center","background-size":"auto","background-attachment":"scroll","background-type":"","background-media":"","overlay-type":"","overlay-color":"","overlay-opacity":"","overlay-gradient":""},"tablet":{"background-color":"var(--ast-global-color-5)","background-image":"","background-repeat":"repeat","background-position":"center center","background-size":"auto","background-attachment":"scroll","background-type":"","background-media":"","overlay-type":"","overlay-color":"","overlay-opacity":"","overlay-gradient":""},"mobile":{"background-color":"var(--ast-global-color-5)","background-image":"","background-repeat":"repeat","background-position":"center center","background-size":"auto","background-attachment":"scroll","background-type":"","background-media":"","overlay-type":"","overlay-color":"","overlay-opacity":"","overlay-gradient":""}}},"product_brand":[],"product_cat":[65,32],"product_tag":[70,68,71,69],"class_list":{"0":"post-3485","1":"product","2":"type-product","3":"status-publish","4":"has-post-thumbnail","6":"product_cat-0-to-6months-oem","7":"product_cat-customize","8":"product_tag-babypillow","9":"product_tag-cuteanimalpillow","10":"product_tag-headshapesupport","11":"product_tag-kouniushapingpillow","12":"desktop-align-left","13":"tablet-align-left","14":"mobile-align-left","16":"first","17":"instock","18":"shipping-taxable","19":"product-type-simple"},"aioseo_notices":[],"uagb_featured_image_src":{"full":["https:\/\/babypillowwholesale.com\/wp-content\/uploads\/2025\/04\/0002.jpg",1000,1000,false],"thumbnail":["https:\/\/babypillowwholesale.com\/wp-content\/uploads\/2025\/04\/0002-150x150.jpg",150,150,true],"medium":["https:\/\/babypillowwholesale.com\/wp-content\/uploads\/2025\/04\/0002-300x300.jpg",300,300,true],"medium_large":["https:\/\/babypillowwholesale.com\/wp-content\/uploads\/2025\/04\/0002-768x768.jpg",768,768,true],"large":["https:\/\/babypillowwholesale.com\/wp-content\/uploads\/2025\/04\/0002.jpg",1000,1000,false],"1536x1536":["https:\/\/babypillowwholesale.com\/wp-content\/uploads\/2025\/04\/0002.jpg",1000,1000,false],"2048x2048":["https:\/\/babypillowwholesale.com\/wp-content\/uploads\/2025\/04\/0002.jpg",1000,1000,false],"trp-custom-language-flag":["https:\/\/babypillowwholesale.com\/wp-content\/uploads\/2025\/04\/0002.jpg",12,12,false],"woocommerce_thumbnail":["https:\/\/babypillowwholesale.com\/wp-content\/uploads\/2025\/04\/0002-300x300.jpg",300,300,true],"woocommerce_single":["https:\/\/babypillowwholesale.com\/wp-content\/uploads\/2025\/04\/0002-600x600.jpg",600,600,true],"woocommerce_gallery_thumbnail":["https:\/\/babypillowwholesale.com\/wp-content\/uploads\/2025\/04\/0002-100x100.jpg",100,100,true]},"uagb_author_info":{"display_name":"Etnen zhong","author_link":"https:\/\/babypillowwholesale.com\/es\/author\/"},"uagb_comment_info":0,"uagb_excerpt":"This Memory Foam Pillow - Thick Bear - shaped Pillow Core, designed for babies aged 0 - 6 months, offers extensive customization and design potential. Its adorable bear - like form serves as a charming base for further personalization. The number and size of the ventilation holes can be adjusted according to specific needs, optimizing&hellip;","jetpack_sharing_enabled":true,"_links":{"self":[{"href":"https:\/\/babypillowwholesale.com\/es\/wp-json\/wp\/v2\/product\/3485","targetHints":{"allow":["GET"]}}],"collection":[{"href":"https:\/\/babypillowwholesale.com\/es\/wp-json\/wp\/v2\/product"}],"about":[{"href":"https:\/\/babypillowwholesale.com\/es\/wp-json\/wp\/v2\/types\/product"}],"replies":[{"embeddable":true,"href":"https:\/\/babypillowwholesale.com\/es\/wp-json\/wp\/v2\/comments?post=3485"}],"wp:featuredmedia":[{"embeddable":true,"href":"https:\/\/babypillowwholesale.com\/es\/wp-json\/wp\/v2\/media\/3486"}],"wp:attachment":[{"href":"https:\/\/babypillowwholesale.com\/es\/wp-json\/wp\/v2\/media?parent=3485"}],"wp:term":[{"taxonomy":"product_brand","embeddable":true,"href":"https:\/\/babypillowwholesale.com\/es\/wp-json\/wp\/v2\/product_brand?post=3485"},{"taxonomy":"product_cat","embeddable":true,"href":"https:\/\/babypillowwholesale.com\/es\/wp-json\/wp\/v2\/product_cat?post=3485"},{"taxonomy":"product_tag","embeddable":true,"href":"https:\/\/babypillowwholesale.com\/es\/wp-json\/wp\/v2\/product_tag?post=3485"}],"curies":[{"name":"wp","href":"https:\/\/api.w.org\/{rel}","templated":true}]}}